{"id":912,"date":"2014-07-21T13:03:58","date_gmt":"2014-07-21T11:03:58","guid":{"rendered":"http:\/\/ripess.eu\/networking-2\/mapping\/"},"modified":"2017-12-04T15:14:32","modified_gmt":"2017-12-04T13:14:32","slug":"mapping","status":"publish","type":"page","link":"https:\/\/ripess.eu\/fr\/networking-2\/mapping\/","title":{"rendered":"Cartographie"},"content":{"rendered":"<p><strong>ESSGLOBAL &#8211; <\/strong><em>Interconnecter l&rsquo;\u00e9conomie sociale solidaire (ESS)<\/em><\/p>\n<p>ESSglobal est une initiative ce membres du r\u00e9seau RIPESS<\/p>\n<p><a href=\"http:\/\/ripess.eu\/wp-content\/uploads\/2014\/07\/ESSglobal_logo.png\"><img loading=\"lazy\" decoding=\"async\" class=\"alignleft wp-image-923\" src=\"http:\/\/ripess.eu\/wp-content\/uploads\/2014\/07\/ESSglobal_logo.png\" alt=\"ESSglobal_logo\" width=\"334\" height=\"239\" \/><\/a>Les interactions entre initiatives singuli\u00e8res qui utilisent les TICs (Information and Communication Technologies) pour cartographier les initiatives d&rsquo;Economie Solidaire\u00a0 ont eu lieu depuis le III Forum Social Mondial \u00e0 Porto Alegre (2005).<br \/>\nAu cours de la 4\u00e8me Assembl\u00e9e du RIPESS \u00e0 Luxembourg (LUX 09), s&rsquo;est tenu un atelier (Atelier n\u00b010)\u00a0 sur les Syst\u00e8mes de Communication et d&rsquo;Information. Le r\u00e9sultat en a \u00e9t\u00e9 la cr\u00e9ation d&rsquo;un groupe de travail sur la \u00ab\u00a0cartographie\u00a0\u00bb dans le cadre du RIPESS pour:<br \/>\n&#8211; Am\u00e9liorer la visibilit\u00e9 internationale des activit\u00e9s et des produits de l&rsquo;\u00e9conomie solidaire;<br \/>\n&#8211; mettre ensemble des m\u00e9thodes et des outils pour des cartographies existantes ou futures (sous la forme d&rsquo;un centre de ressources pour des sites web partenaires existants et de nouveaux r\u00e9seaux qui souhaitent participer);<br \/>\n&#8211; D\u00e9velopper des projets de coop\u00e9ration humaine et \u00e9conomique entre les collaborateurs du groupe de travail;<br \/>\n&#8211; Coop\u00e9rer avec d&rsquo;autres initiatives pour rep\u00e9rer les acteurs de l&rsquo;Economie Solidaire et des r\u00e9seaux existants ou \u00e0 venir.<\/p>\n<p>Le Groupe de Travail a d\u00e9marr\u00e9 un projet de cartographie international qui a impliqu\u00e9 plusieurs membres du RIPESS qui avaient d\u00e9j\u00e0 d\u00e9velopp\u00e9 ou \u00e9taient sur le point de d\u00e9velopper des TICs: Allemagne, Autriche, Espagne, France, Italie, Luxembourg, Br\u00e9sil et Canada (Qu\u00e9bec).<\/p>\n<p>Au m\u00eame moment, une analyse de l&rsquo;\u00e9tat de l&rsquo;art des TICs existants et de la collaboration en ligne\u00a0 (plateformes internet ) en Europe a r\u00e9uni des acteurs de l&rsquo;ESS. Dans le cadre du RIPESS Europe, s&rsquo;est cr\u00e9\u00e9 un groupe de Travail qui a pour objectif de mener une \u00e9tude m\u00e9thodologique des projets de cartographie en ESS au niveau europ\u00e9en. Il vise aussi \u00e0 contribuer a l&rsquo;initiative de cartographie internationale en soumettant un projet \u00e0 la Commission europ\u00e9enne et \u00e0 la Fondation priv\u00e9e <a href=\"http:\/\/www.fph.ch\">FPH<\/a>. Le projet a \u00e9t\u00e9 approuv\u00e9 par la\u00a0 FPH et est en d\u00e9veloppement depuis mars 2011.<\/p>\n<p>T\u00e9l\u00e9charcher les <a href=\"http:\/\/ripess.eu\/wp-content\/uploads\/2014\/07\/ESSglobal_interop_guidelines.pdf\">ESSglobal interoperability guidelines (pdf)<\/a>.<\/p>\n<p>Vous pourrez trouver les avanc\u00e9es sur le d\u00e9veloppement d&rsquo;open linked data et la premi\u00e8re version du vocabulaire RDF ESS Global (en anglais) <a href=\"http:\/\/purl.org\/essglobal\/wiki\">ici.<\/a><\/p>\n<p>&nbsp;<\/p>\n","protected":false},"excerpt":{"rendered":"<p>ESSGLOBAL &#8211; Interconnecter l&rsquo;\u00e9conomie sociale solidaire (ESS) ESSglobal est une initiative ce membres du r\u00e9seau RIPESS Les interactions entre initiatives singuli\u00e8res qui utilisent les TICs (Information and Communication Technologies) pour [&hellip;]<\/p>\n","protected":false},"author":2,"featured_media":0,"parent":597,"menu_order":0,"comment_status":"open","ping_status":"closed","template":"","meta":{"_et_pb_use_builder":"","_et_pb_old_content":"","_et_gb_content_width":"","footnotes":""},"class_list":["post-912","page","type-page","status-publish","hentry"],"_links":{"self":[{"href":"https:\/\/ripess.eu\/fr\/wp-json\/wp\/v2\/pages\/912","targetHints":{"allow":["GET"]}}],"collection":[{"href":"https:\/\/ripess.eu\/fr\/wp-json\/wp\/v2\/pages"}],"about":[{"href":"https:\/\/ripess.eu\/fr\/wp-json\/wp\/v2\/types\/page"}],"author":[{"embeddable":true,"href":"https:\/\/ripess.eu\/fr\/wp-json\/wp\/v2\/users\/2"}],"replies":[{"embeddable":true,"href":"https:\/\/ripess.eu\/fr\/wp-json\/wp\/v2\/comments?post=912"}],"version-history":[{"count":0,"href":"https:\/\/ripess.eu\/fr\/wp-json\/wp\/v2\/pages\/912\/revisions"}],"up":[{"embeddable":true,"href":"https:\/\/ripess.eu\/fr\/wp-json\/wp\/v2\/pages\/597"}],"wp:attachment":[{"href":"https:\/\/ripess.eu\/fr\/wp-json\/wp\/v2\/media?parent=912"}],"curies":[{"name":"wp","href":"https:\/\/api.w.org\/{rel}","templated":true}]}}