{"id":7262,"date":"2020-09-01T11:50:36","date_gmt":"2020-09-01T09:50:36","guid":{"rendered":"https:\/\/www.ripess.eu\/assemblees-generales\/9eme-assemblee-generale-2020\/"},"modified":"2023-11-13T11:50:19","modified_gmt":"2023-11-13T10:50:19","slug":"9eme-assemblee-generale-2020","status":"publish","type":"page","link":"https:\/\/ripess.eu\/fr\/9eme-assemblee-generale-2020\/","title":{"rendered":"9\u00e8me Assembl\u00e9e g\u00e9n\u00e9rale 2020"},"content":{"rendered":"\r\n<p><img loading=\"lazy\" decoding=\"async\" class=\"aligncenter size-medium wp-image-334806\" src=\"https:\/\/ripess.eu\/wp-content\/uploads\/sites\/4\/2023\/11\/2020-ONLINE-GENERAL-ASSEMBLY-724x1024-1-212x300.jpg\" alt=\"\" width=\"212\" height=\"300\" srcset=\"https:\/\/ripess.eu\/wp-content\/uploads\/sites\/4\/2023\/11\/2020-ONLINE-GENERAL-ASSEMBLY-724x1024-1-212x300.jpg 212w, https:\/\/ripess.eu\/wp-content\/uploads\/sites\/4\/2023\/11\/2020-ONLINE-GENERAL-ASSEMBLY-724x1024-1.jpg 724w\" sizes=\"(max-width: 212px) 100vw, 212px\" \/><\/p>\r\n\r\n\r\n\r\n<p id=\"block-df9c8d47-3f6a-46e2-83cf-b4e9b1a8316b\">L&rsquo;Assembl\u00e9e g\u00e9n\u00e9rale devait initialement se tenir \u00e0 Wroklaw, en Pologne.\u00a0 Apr\u00e8s discussion avec notre membre polonais sur la possibilit\u00e9 de maintenir l\u2019\u00e9v\u00e9nement, nous avons convenu qu&rsquo;il serait pr\u00e9f\u00e9rable d&rsquo;organiser notre\u00a0<b>Assembl\u00e9e g\u00e9n\u00e9rale statutaire en ligne<\/b>, en raison de la crise sanitaire actuelle et des difficult\u00e9s \u00e0 voyager en toute s\u00e9curit\u00e9.<\/p>\r\n\r\n\r\n\r\n<p id=\"block-df9c8d47-3f6a-46e2-83cf-b4e9b1a8316b\">La r\u00e9union sera concentr\u00e9e sur une journ\u00e9e enti\u00e8re, structur\u00e9e en\u00a0<b>plusieurs sessions de 9h00 du matin \u00e0 17h30<\/b>. Toute la documentation vous sera bient\u00f4t envoy\u00e9e, nous sommes en train de la finaliser et de la traduire.<\/p>\r\n\r\n\r\n\r\n<p id=\"block-67369cbf-8b30-4284-8d6f-ea0daf12bc10\">Confirmez votre participation en vous inscrivant <strong>ici<\/strong> (bient\u00f4t disponible).<\/p>\r\n\r\n\r\n\r\n<p id=\"block-4aa62dd1-1385-40c3-94f6-f967aaa41989\">Si vous ne pouvez pas \u00eatre pr\u00e9sent en personne, vous pouvez d\u00e9l\u00e9guer \u00e0 un autre membre le soin de vous repr\u00e9senter en remplissant et en nous envoyant le formulaire de vote par procuration.<\/p>\r\n\r\n\r\n\r\n<p id=\"block-4aa62dd1-1385-40c3-94f6-f967aaa41989\">Veuillez consulter l&rsquo;agenda et la documentation (bient\u00f4t disponible).<\/p>\r\n\r\n\r\n\r\n<p><strong>PREPARATION<\/strong><\/p>\r\n\r\n\r\n\r\n<p>En raison de la nature concentr\u00e9e de cette Assembl\u00e9e G\u00e9n\u00e9rale et pour permettre aux membres de participer et de contribuer efficacement, il y aura une r\u00e9union pr\u00e9paratoire le <strong>mardi 8 septembre, pour discuter ensemble du document d&rsquo;orientations strat\u00e9giques du RIPESS Europe<\/strong>, pour lequel vous recevrez \u00e0 la fois le dernier projet et quelques questions pour lancer la discussion. Enfin, nous aimerions profiter de cette invitation pour lancer <strong>L&rsquo;ENQU\u00caTE<\/strong> qui vous a \u00e9t\u00e9 pr\u00e9sent\u00e9e lors de notre derni\u00e8re assembl\u00e9e en ligne en mai.\u00a0Ce questionnaire vise \u00e0 compl\u00e9ter la cartographie des membres du r\u00e9seau mais aussi \u00e0 approfondir notre apprentissage en partageant nos connaissances au sein du r\u00e9seau. Le questionnaire comporte une vingtaine de questions, r\u00e9parties en 2 sous-cat\u00e9gories.\u00a0 Les premi\u00e8res questions vous ont d\u00e9j\u00e0 \u00e9t\u00e9 envoy\u00e9es il y a deux ans pour cr\u00e9er la cartographie de <strong><a href=\"http:\/\/www.socioeco.org\/index_fr.html\">Socioeco.org<\/a><\/strong> : nous vous invitons \u00e0 la consulter<a href=\"http:\/\/europe.ripess.rio20.net\/?lang=en\/fr\/gouvernance\/membres\/\"><strong> ici<\/strong><\/a>.\u00a0Ainsi, si vous n&rsquo;avez aucune modification \u00e0 apporter, vous pouvez passer directement \u00e0 la <a href=\"https:\/\/cloud.ripess.eu\/index.php\/s\/mpczbmAJ8xrS5PR\">deuxi\u00e8me partie du questionnaire<\/a> \u00e0 remplir et \u00e0 nous renvoyer d&rsquo;ici le VENDREDI 14 AO\u00dbT.<\/p>\r\n\r\n\r\n\r\n<p id=\"block-f8b885d1-2fdd-453c-9686-71813187db12\">Si vous avez des questions ou des doutes, n&rsquo;h\u00e9sitez pas \u00e0 nous contacter \u00e0 l&rsquo;adresse suivante :<strong> info@ripess.eu<\/strong><\/p>\r\n","protected":false},"excerpt":{"rendered":"<p>L&rsquo;Assembl\u00e9e g\u00e9n\u00e9rale devait initialement se tenir \u00e0 Wroklaw, en Pologne.\u00a0 Apr\u00e8s discussion avec notre membre polonais sur la possibilit\u00e9 de maintenir l\u2019\u00e9v\u00e9nement, nous avons convenu qu&rsquo;il serait pr\u00e9f\u00e9rable d&rsquo;organiser notre\u00a0Assembl\u00e9e [&hellip;]<\/p>\n","protected":false},"author":1,"featured_media":7224,"parent":0,"menu_order":0,"comment_status":"closed","ping_status":"closed","template":"","meta":{"_et_pb_use_builder":"on","_et_pb_old_content":"","_et_gb_content_width":"","footnotes":""},"class_list":["post-7262","page","type-page","status-publish","has-post-thumbnail","hentry"],"_links":{"self":[{"href":"https:\/\/ripess.eu\/fr\/wp-json\/wp\/v2\/pages\/7262","targetHints":{"allow":["GET"]}}],"collection":[{"href":"https:\/\/ripess.eu\/fr\/wp-json\/wp\/v2\/pages"}],"about":[{"href":"https:\/\/ripess.eu\/fr\/wp-json\/wp\/v2\/types\/page"}],"author":[{"embeddable":true,"href":"https:\/\/ripess.eu\/fr\/wp-json\/wp\/v2\/users\/1"}],"replies":[{"embeddable":true,"href":"https:\/\/ripess.eu\/fr\/wp-json\/wp\/v2\/comments?post=7262"}],"version-history":[{"count":0,"href":"https:\/\/ripess.eu\/fr\/wp-json\/wp\/v2\/pages\/7262\/revisions"}],"wp:featuredmedia":[{"embeddable":true,"href":"https:\/\/ripess.eu\/fr\/wp-json\/wp\/v2\/media\/7224"}],"wp:attachment":[{"href":"https:\/\/ripess.eu\/fr\/wp-json\/wp\/v2\/media?parent=7262"}],"curies":[{"name":"wp","href":"https:\/\/api.w.org\/{rel}","templated":true}]}}