{"id":7261,"date":"2020-09-03T12:11:58","date_gmt":"2020-09-03T10:11:58","guid":{"rendered":"https:\/\/www.ripess.eu\/ordre-du-jour-de-lag-2020\/"},"modified":"2020-09-17T13:10:34","modified_gmt":"2020-09-17T11:10:34","slug":"ordre-du-jour-de-lag-2020","status":"publish","type":"page","link":"https:\/\/ripess.eu\/fr\/9eme-assemblee-generale-2020\/ordre-du-jour-de-lag-2020\/","title":{"rendered":"Ordre du jour de l&rsquo;AG 2020"},"content":{"rendered":"\n<h2 class=\"wp-block-heading\"><span style=\"color: #ff6600;\"><strong>Ordre du jour de l&rsquo;AG 2020<\/strong><\/span><\/h2>\n\n\n\n<p>Cette ann\u00e9e, l&rsquo;Assembl\u00e9e g\u00e9n\u00e9rale aura lieu en ligne le<strong> 18 septembre 2020.<\/strong> L&rsquo;interpr\u00e9tation est assur\u00e9e en <strong>anglais &lt;&gt; fran\u00e7ais.<\/strong> Une fois inscrit, vous recevrez par e-mail les instructions et le lien pour acc\u00e9der \u00e0 la r\u00e9union.<\/p>\n\n\n\n<p>Voici le programme :<\/p>\n\n\n\n<p><span style=\"color: #ff6600;\"><strong>8h30 &#8211; BIENVENUE<\/strong><\/span> et br\u00e8ve pr\u00e9sentation des participants<\/p>\n\n\n\n<p><span style=\"color: #000000;\"><strong>S\u00c9ANCE DU MATIN<\/strong><\/span><\/p>\n\n\n\n<p><span style=\"color: #ff6600;\"><strong>9h00 &#8211; Activit\u00e9s<\/strong><\/span><\/p>\n\n\n\n<p>&#8211; Introduction du coordinateur g\u00e9n\u00e9ral [10 MIN].<\/p>\n\n\n\n<p>&#8211; Rapport d&rsquo;activit\u00e9 2019 (pr\u00e9sentation et vote) [20 MIN]<\/p>\n\n\n\n<p>&#8211; Rapport financier (vote) [15 MIN]<\/p>\n\n\n\n<p>&#8211; Campagne 10 ans de RIPESS Europe et nouveau logo (vote) [15 MIN]<\/p>\n\n\n\n<p>Pause [10 min]<\/p>\n\n\n\n<p><span style=\"color: #ff6600;\"><strong>10h10 &#8211; Strat\u00e9gies et politiques<\/strong><\/span><\/p>\n\n\n\n<p>&#8211; L&rsquo;agenda politique europ\u00e9en &#8211; pendant le Covid19 [10min]<\/p>\n\n\n\n<p>&#8211; Orientations strat\u00e9giques 2021-2023 (d\u00e9bat et vote) [40min]<\/p>\n\n\n\n<p>Pause [10 min]<\/p>\n\n\n\n<p><span style=\"color: #ff6600;\"><strong>11h20 &#8211; Membres et r\u00e9seau<\/strong><\/span><\/p>\n\n\n\n<p>&#8211; Nouveaux membres (br\u00e8ve pr\u00e9sentation et vote) &#8211; [30 min]<\/p>\n\n\n\n<p>&#8211; \u00c9lection du nouveau comit\u00e9 de coordination (vote) [20 min]<\/p>\n\n\n\n<p>&#8211; \u00c9lection des 2 membres du Conseil d&rsquo;administration du RIPESS Int. issus du RIPESS UE (vote) [10min]<\/p>\n\n\n\n<p>PAUSE D\u00c9JEUNER [1h30 min]<\/p>\n\n\n\n<p><span style=\"color: #000000;\"><strong>S\u00c9ANCE DE L&rsquo;APR\u00c8S-MIDI<\/strong><\/span><\/p>\n\n\n\n<p><span style=\"color: #ff6600;\"><strong>14h00 &#8211; GROUPES TH\u00c9MATIQUES<\/strong><\/span><\/p>\n\n\n\n<ul class=\"wp-block-list\"><li><strong>Comit\u00e9 scientifique et Manifeste pour l&rsquo;\u00e9conomie solidaire<\/strong>   <\/li><\/ul>\n\n\n\n<ul class=\"wp-block-list\"><li><strong>Impact social, audit social, utilit\u00e9 sociale<\/strong>    <\/li><\/ul>\n\n\n\n<ul class=\"wp-block-list\"><li><strong>Les jeunes et l&rsquo;ESS<\/strong><\/li><li>&#8212;&#8212;&#8212;&#8212;&#8212;&#8212;&#8212;&#8212;&#8212;&#8212;&#8212;&#8212;&#8212;&#8212;&#8212;&#8212;&#8212;&#8212;&#8212;&#8212;&#8212;&#8212;&#8212;<\/li><\/ul>\n\n\n\n<ul class=\"wp-block-list\"><li><strong>L&rsquo;agenda des \u00e9conomies transformatrices<\/strong><\/li><\/ul>\n\n\n\n<ul class=\"wp-block-list\"><li><strong>Coop\u00e9ration territoriale <\/strong><\/li><\/ul>\n\n\n\n<ul class=\"wp-block-list\"><li><strong>Plateformes \u00e9conomiques coop\u00e9ratives en ligne et Smarket Place<\/strong> <\/li><\/ul>\n\n\n\n<div class=\"wp-block-buttons is-layout-flex wp-block-buttons-is-layout-flex\">\n<div class=\"wp-block-button is-style-outline is-style-outline--1\"><a class=\"wp-block-button__link\" href=\"http:\/\/europe.ripess.rio20.net\/?lang=en\/fr\/assemblees-generales\/9eme-assemblee-generale-2020\/groupes-thematiques-de-lag-2020\/\" target=\"_blank\" rel=\"noreferrer noopener\">Descriptif des groupes<\/a><\/div>\n<\/div>\n\n\n\n<p><\/p>\n\n\n\n<p>PAUSE [15 MIN]<\/p>\n\n\n\n<p><strong><span style=\"color: #ff6600;\">16h00 &#8211; D\u00c9BAT AVEC LES R\u00c9SEAUX ALLI\u00c9S<\/span><\/strong><\/p>\n\n\n\n<p>Nous discuterons avec les repr\u00e9sentants de certains r\u00e9seaux alli\u00e9s des collaborations en cours et potentielles (FTAO\/WFTO, Remix the Commons + Femprocomuns, Ecolise, Social Economy Europe, ATTAC)<\/p>\n\n\n\n<p><span style=\"color: #ff6600;\"><strong>S\u00c9ANCE DE CL\u00d4TURE<\/strong><\/span><\/p>\n\n\n\n<p><strong>17h30<\/strong> &#8211; Remarques finales et conclusion de l&rsquo;AG<\/p>\n","protected":false},"excerpt":{"rendered":"<p>Ordre du jour de l&rsquo;AG 2020 Cette ann\u00e9e, l&rsquo;Assembl\u00e9e g\u00e9n\u00e9rale aura lieu en ligne le 18 septembre 2020. L&rsquo;interpr\u00e9tation est assur\u00e9e en anglais &lt;&gt; fran\u00e7ais. Une fois inscrit, vous recevrez [&hellip;]<\/p>\n","protected":false},"author":1,"featured_media":0,"parent":7262,"menu_order":0,"comment_status":"closed","ping_status":"closed","template":"","meta":{"_et_pb_use_builder":"","_et_pb_old_content":"","_et_gb_content_width":"","footnotes":""},"class_list":["post-7261","page","type-page","status-publish","hentry"],"_links":{"self":[{"href":"https:\/\/ripess.eu\/fr\/wp-json\/wp\/v2\/pages\/7261","targetHints":{"allow":["GET"]}}],"collection":[{"href":"https:\/\/ripess.eu\/fr\/wp-json\/wp\/v2\/pages"}],"about":[{"href":"https:\/\/ripess.eu\/fr\/wp-json\/wp\/v2\/types\/page"}],"author":[{"embeddable":true,"href":"https:\/\/ripess.eu\/fr\/wp-json\/wp\/v2\/users\/1"}],"replies":[{"embeddable":true,"href":"https:\/\/ripess.eu\/fr\/wp-json\/wp\/v2\/comments?post=7261"}],"version-history":[{"count":0,"href":"https:\/\/ripess.eu\/fr\/wp-json\/wp\/v2\/pages\/7261\/revisions"}],"up":[{"embeddable":true,"href":"https:\/\/ripess.eu\/fr\/wp-json\/wp\/v2\/pages\/7262"}],"wp:attachment":[{"href":"https:\/\/ripess.eu\/fr\/wp-json\/wp\/v2\/media?parent=7261"}],"curies":[{"name":"wp","href":"https:\/\/api.w.org\/{rel}","templated":true}]}}