{"id":6766,"date":"2020-04-01T16:56:03","date_gmt":"2020-04-01T14:56:03","guid":{"rendered":"https:\/\/www.ripess.eu\/?page_id=6766"},"modified":"2020-04-30T15:35:21","modified_gmt":"2020-04-30T13:35:21","slug":"solidarite-et-crise-pandemique-2","status":"publish","type":"page","link":"https:\/\/ripess.eu\/fr\/solidarite-et-crise-pandemique-2\/","title":{"rendered":"Solidarit\u00e9 et crise pand\u00e9mique"},"content":{"rendered":"\n<p style=\"background-color:#fcfe9a\" class=\"has-background\"> Nous rassemblons ici des&nbsp;<strong>messages, articles, histoires et r\u00e9f\u00e9rences d\u2019initiatives d\u2019Economie Solidaire en r\u00e9ponse \u00e0 la crise pand\u00e9mique Covid19<\/strong>&nbsp;et \u00e0 ses cons\u00e9quences,&nbsp;<strong>afin de partager et d\u2019\u00e9changer les exp\u00e9riences et les efforts des r\u00e9seaux membres et d\u2019autres organisations<\/strong>. Si vous souhaitez contribuer,&nbsp;<strong>veuillez \u00e9crire \u00e0 : info@ripess.eu<\/strong> <\/p>\n\n\n\n<p class=\"has-text-color has-background has-very-light-gray-color has-vivid-red-background-color\"><strong>Liste des initiatives par pays dans le menu d\u00e9roulant de la page \u00ab\u00a0Solidarit\u00e9 et crise pand\u00e9mique\u00a0\u00bb (comme ci-dessous, en haut \u00e0 droite de cette page) :<\/strong><\/p>\n\n\n\n<div class=\"wp-block-image\"><figure class=\"aligncenter size-large\"><img loading=\"lazy\" decoding=\"async\" width=\"1024\" height=\"417\" src=\"https:\/\/europe.ripess.rio20.net\/wp-content\/uploads\/sites\/4\/2020\/04\/page-menu-deroulant-pandemie-crise-soli-1024x417.png\" alt=\"\" class=\"wp-image-6876\" srcset=\"https:\/\/ripess.eu\/wp-content\/uploads\/sites\/4\/2020\/04\/page-menu-deroulant-pandemie-crise-soli-1024x417.png 1024w, https:\/\/ripess.eu\/wp-content\/uploads\/sites\/4\/2020\/04\/page-menu-deroulant-pandemie-crise-soli-300x122.png 300w, https:\/\/ripess.eu\/wp-content\/uploads\/sites\/4\/2020\/04\/page-menu-deroulant-pandemie-crise-soli-768x313.png 768w, https:\/\/ripess.eu\/wp-content\/uploads\/sites\/4\/2020\/04\/page-menu-deroulant-pandemie-crise-soli.png 1183w\" sizes=\"(max-width: 1024px) 100vw, 1024px\" \/><\/figure><\/div>\n\n\n\n<p><\/p>\n\n\n\n<p class=\"has-background has-very-light-gray-background-color\"> <strong>Message de Jason Nardi, D\u00e9l\u00e9gu\u00e9 g\u00e9n\u00e9ral de RIPESS Europe<\/strong>: <\/p>\n\n\n\n<p><em>\u201cJamais comme aujourd\u2019hui nous ne pourrons dire que nous sommes tous dans le m\u00eame bateau sur une mer d\u00e9cha\u00een\u00e9e. La crise de la pand\u00e9mie du Coronavirus se propage largement dans le monde entier, avec un impact qui est \u00e0 bien des \u00e9gards impr\u00e9visible et sans discrimination, m\u00eame si malheureusement ce sont toujours les personnes les plus vuln\u00e9rables qui souffrent le plus. La crise climatique et environnementale est \u00e9galement mondiale, mais elle nous affecte de diff\u00e9rentes mani\u00e8res. La somme des deux et les cons\u00e9quences \u00e9conomiques et sociales qui se produisent d\u00e9j\u00e0 et qui se profilent \u00e0 l\u2019horizon sont potentiellement \u00e9normes.<\/em><\/p>\n\n\n\n<p><em><strong>Face \u00e0 l\u2019\u00e9chec du syst\u00e8me \u00e9conomique dominant actuel \u2013 et \u00e0 la menace qui p\u00e8se sur notre bien-\u00eatre, nous d\u00e9montrons que l\u2019ESS et les diff\u00e9rentes formes d\u2019\u00e9conomies transformatrices constituent une v\u00e9ritable alternative pour sortir de ces crises.<\/strong>&nbsp;L\u2019\u00e9conomie sociale et solidaire, dans ses multiples manifestations et pratiques, est \u00e0 la fois&nbsp;<strong>au premier plan des actions de soutien, de soins et de mutualit\u00e9 \u2013 mais aussi fortement menac\u00e9e ou entrav\u00e9e par les restrictions de ses pratiques quotidiennes et avec des cons\u00e9quences n\u00e9gatives pour le travail et les revenus de millions de personnes, les entreprises coop\u00e9ratives et les initiatives de l\u2019ESS.<\/strong>&nbsp;&nbsp;Dans certains pays, les march\u00e9s agricoles et les cha\u00eenes d\u2019approvisionnement alimentaire locales, ainsi que d\u2019autres produits et services, sont interdits pour des raisons de sant\u00e9 et de s\u00e9curit\u00e9, tandis que les supermarch\u00e9s et la grande distribution en ligne deviennent la principale ou la seule source d\u2019approvisionnement pour les personnes.&nbsp;<strong>&nbsp;Nous devons demander aux gouvernements, au contraire, d\u2019encourager fortement une production et une consommation locales s\u00fbres et saines, surtout dans des moments critiques comme celui-ci.&nbsp;<\/strong>Nous continuerons \u00e0 plaider pour que davantage de pays, davantage d\u2019institutions internationales et les Nations unies elles-m\u00eames adoptent l\u2019ESS afin d\u2019atteindre le monde que nous souhaitons.<\/em><\/p>\n\n\n\n<p><em><strong>Le RIPESS \u2013 en tant que r\u00e9seau qui interconnecte les r\u00e9alit\u00e9s de l\u2019ESS dans le monde entier \u2013 nous permet d\u2019exprimer notre solidarit\u00e9 les uns avec les autres, notre conscience des difficult\u00e9s de la situation que nous vivons et des d\u00e9fis auxquels nous sommes confront\u00e9s.&nbsp;<\/strong>Prenons soin de nous-m\u00eames, de nos familles et de nos proches, de nos communaut\u00e9s. Nous voulons \u00eatre particuli\u00e8rement proches de tous ceux qui ont souffert directement et nous souhaitons \u00e0 tous une bonne sant\u00e9, une s\u00e9curit\u00e9 et un bien-\u00eatre. Partageons ce que nous faisons, notre capacit\u00e9 \u00e0 agir avec r\u00e9silience et \u00e0 trouver des solutions humaines et solidaires. Veuillez nous envoyer des informations sur les initiatives importantes en mati\u00e8re d\u2019ESS sur lesquelles vous travaillez ou que vous connaissez, ainsi que sur les politiques publiques qui contribuent \u00e0 les encourager \u00e0 r\u00e9pondre aux cons\u00e9quences sanitaires, sociales et \u00e9conomiques de la pand\u00e9mie COVID-19, afin qu\u2019elles puissent \u00eatre partag\u00e9es avec d\u2019autres et que nous puissions apprendre les uns des autres.<\/em><\/p>\n\n\n\n<p><em>M\u00eame si beaucoup d\u2019entre nous doivent annuler ou reporter des activit\u00e9s pr\u00e9vues, rester chez eux ou \u00eatre confin\u00e9s dans des espaces restreints, le virus ne nous emp\u00eachera pas de collaborer et d\u2019agir en solidarit\u00e9 et de nous sentir partie int\u00e9grante d\u2019une communaut\u00e9 mondiale interconnect\u00e9e.&nbsp;<strong>L\u2019heure est \u00e0 l\u2019espoir, pas \u00e0 la peur. Pour la coop\u00e9ration et la solidarit\u00e9. Pour l\u2019ESS\u201d.<\/strong><\/em><\/p>\n\n\n\n<div class=\"wp-block-image\"><figure class=\"aligncenter size-large\"><img loading=\"lazy\" decoding=\"async\" width=\"547\" height=\"284\" src=\"https:\/\/europe.ripess.rio20.net\/wp-content\/uploads\/sites\/4\/2020\/03\/hands-up-covid-page.png\" alt=\"\" class=\"wp-image-6683\" srcset=\"https:\/\/ripess.eu\/wp-content\/uploads\/sites\/4\/2020\/03\/hands-up-covid-page.png 547w, https:\/\/ripess.eu\/wp-content\/uploads\/sites\/4\/2020\/03\/hands-up-covid-page-300x156.png 300w\" sizes=\"(max-width: 547px) 100vw, 547px\" \/><\/figure><\/div>\n","protected":false},"excerpt":{"rendered":"<p>Nous rassemblons ici des&nbsp;messages, articles, histoires et r\u00e9f\u00e9rences d\u2019initiatives d\u2019Economie Solidaire en r\u00e9ponse \u00e0 la crise pand\u00e9mique Covid19&nbsp;et \u00e0 ses cons\u00e9quences,&nbsp;afin de partager et d\u2019\u00e9changer les exp\u00e9riences et les efforts [&hellip;]<\/p>\n","protected":false},"author":7618,"featured_media":0,"parent":0,"menu_order":0,"comment_status":"closed","ping_status":"closed","template":"","meta":{"_et_pb_use_builder":"","_et_pb_old_content":"","_et_gb_content_width":"","footnotes":""},"class_list":["post-6766","page","type-page","status-publish","hentry"],"_links":{"self":[{"href":"https:\/\/ripess.eu\/fr\/wp-json\/wp\/v2\/pages\/6766","targetHints":{"allow":["GET"]}}],"collection":[{"href":"https:\/\/ripess.eu\/fr\/wp-json\/wp\/v2\/pages"}],"about":[{"href":"https:\/\/ripess.eu\/fr\/wp-json\/wp\/v2\/types\/page"}],"author":[{"embeddable":true,"href":"https:\/\/ripess.eu\/fr\/wp-json\/wp\/v2\/users\/7618"}],"replies":[{"embeddable":true,"href":"https:\/\/ripess.eu\/fr\/wp-json\/wp\/v2\/comments?post=6766"}],"version-history":[{"count":0,"href":"https:\/\/ripess.eu\/fr\/wp-json\/wp\/v2\/pages\/6766\/revisions"}],"wp:attachment":[{"href":"https:\/\/ripess.eu\/fr\/wp-json\/wp\/v2\/media?parent=6766"}],"curies":[{"name":"wp","href":"https:\/\/api.w.org\/{rel}","templated":true}]}}