{"id":6756,"date":"2020-04-01T16:20:28","date_gmt":"2020-04-01T14:20:28","guid":{"rendered":"https:\/\/www.ripess.eu\/?page_id=6756"},"modified":"2020-04-17T11:39:36","modified_gmt":"2020-04-17T09:39:36","slug":"international","status":"publish","type":"page","link":"https:\/\/ripess.eu\/fr\/international\/","title":{"rendered":"International"},"content":{"rendered":"\n<h2 class=\"wp-block-heading\"><strong>International<\/strong><\/h2>\n\n\n\n<p style=\"background-color:#fbef7f\" class=\"has-background\"> Nous rassemblons ici des <strong>messages, articles, histoires et r\u00e9f\u00e9rences d&rsquo;initiatives d&rsquo;Economie Solidaire en r\u00e9ponse \u00e0 la crise pand\u00e9mique Covid19<\/strong> et \u00e0 ses cons\u00e9quences, <strong>afin de partager et d&rsquo;\u00e9changer les exp\u00e9riences et les efforts des r\u00e9seaux membres et d&rsquo;autres organisations<\/strong>. Si vous souhaitez contribuer, <strong>veuillez \u00e9crire \u00e0 : info@ripess.eu<\/strong> <\/p>\n\n\n\n<p class=\"has-background has-very-light-gray-background-color\"> <strong>Message de Jason Nardi, D\u00e9l\u00e9gu\u00e9 g\u00e9n\u00e9ral de RIPESS Europe<\/strong>: <\/p>\n\n\n\n<div class=\"wp-block-image is-style-default\"><figure class=\"aligncenter size-large is-resized\"><img loading=\"lazy\" decoding=\"async\" src=\"https:\/\/europe.ripess.rio20.net\/wp-content\/uploads\/sites\/4\/2017\/10\/RIPESSEU_logo_700x456.png\" alt=\"\" class=\"wp-image-5151\" width=\"181\" height=\"118\" srcset=\"https:\/\/ripess.eu\/wp-content\/uploads\/sites\/4\/2017\/10\/RIPESSEU_logo_700x456.png 500w, https:\/\/ripess.eu\/wp-content\/uploads\/sites\/4\/2017\/10\/RIPESSEU_logo_700x456-300x196.png 300w\" sizes=\"(max-width: 181px) 100vw, 181px\" \/><\/figure><\/div>\n\n\n\n<p><em>\u00ab\u00a0Jamais comme aujourd&rsquo;hui nous ne pourrons dire que nous sommes tous dans le m\u00eame bateau sur une mer d\u00e9cha\u00een\u00e9e. La crise de la pand\u00e9mie du Coronavirus se propage largement dans le monde entier, avec un impact qui est \u00e0 bien des \u00e9gards impr\u00e9visible et sans discrimination, m\u00eame si malheureusement ce sont toujours les personnes les plus vuln\u00e9rables qui souffrent le plus. La crise climatique et environnementale est \u00e9galement mondiale, mais elle nous affecte de diff\u00e9rentes mani\u00e8res. La somme des deux et les cons\u00e9quences \u00e9conomiques et sociales qui se produisent d\u00e9j\u00e0 et qui se profilent \u00e0 l&rsquo;horizon sont potentiellement \u00e9normes.<\/em><\/p>\n\n\n\n<p><em><strong>Face \u00e0 l&rsquo;\u00e9chec du syst\u00e8me \u00e9conomique dominant actuel &#8211; et \u00e0 la menace qui p\u00e8se sur notre bien-\u00eatre, nous d\u00e9montrons que l&rsquo;ESS et les diff\u00e9rentes formes d&rsquo;\u00e9conomies transformatrices constituent une v\u00e9ritable alternative pour sortir de ces crises.<\/strong>&nbsp;L&rsquo;\u00e9conomie sociale et solidaire, dans ses multiples manifestations et pratiques, est \u00e0 la fois <strong>au premier plan des actions de soutien, de soins et de mutualit\u00e9 &#8211; mais aussi fortement menac\u00e9e ou entrav\u00e9e par les restrictions de ses pratiques quotidiennes et avec des cons\u00e9quences n\u00e9gatives pour le travail et les revenus de millions de personnes, les entreprises coop\u00e9ratives et les initiatives de l&rsquo;ESS.<\/strong> &nbsp;Dans certains pays, les march\u00e9s agricoles et les cha\u00eenes d&rsquo;approvisionnement alimentaire locales, ainsi que d&rsquo;autres produits et services, sont interdits pour des raisons de sant\u00e9 et de s\u00e9curit\u00e9, tandis que les supermarch\u00e9s et la grande distribution en ligne deviennent la principale ou la seule source d&rsquo;approvisionnement pour les personnes. <strong>&nbsp;Nous devons demander aux gouvernements, au contraire, d&rsquo;encourager fortement une production et une consommation locales s\u00fbres et saines, surtout dans des moments critiques comme celui-ci. <\/strong>Nous continuerons \u00e0 plaider pour que davantage de pays, davantage d&rsquo;institutions internationales et les Nations unies elles-m\u00eames adoptent l&rsquo;ESS afin d&rsquo;atteindre le monde que nous souhaitons.<\/em><\/p>\n\n\n\n<p><em><strong>Le RIPESS &#8211; en tant que r\u00e9seau qui interconnecte les r\u00e9alit\u00e9s de l&rsquo;ESS dans le monde entier &#8211; nous permet d&rsquo;exprimer notre solidarit\u00e9 les uns avec les autres, notre conscience des difficult\u00e9s de la situation que nous vivons et des d\u00e9fis auxquels nous sommes confront\u00e9s.&nbsp;<\/strong>Prenons soin de nous-m\u00eames, de nos familles et de nos proches, de nos communaut\u00e9s. Nous voulons \u00eatre particuli\u00e8rement proches de tous ceux qui ont souffert directement et nous souhaitons \u00e0 tous une bonne sant\u00e9, une s\u00e9curit\u00e9 et un bien-\u00eatre. Partageons ce que nous faisons, notre capacit\u00e9 \u00e0 agir avec r\u00e9silience et \u00e0 trouver des solutions humaines et solidaires. Veuillez nous envoyer des informations sur les initiatives importantes en mati\u00e8re d&rsquo;ESS sur lesquelles vous travaillez ou que vous connaissez, ainsi que sur les politiques publiques qui contribuent \u00e0 les encourager \u00e0 r\u00e9pondre aux cons\u00e9quences sanitaires, sociales et \u00e9conomiques de la pand\u00e9mie COVID-19, afin qu&rsquo;elles puissent \u00eatre partag\u00e9es avec d&rsquo;autres et que nous puissions apprendre les uns des autres.<\/em><\/p>\n\n\n\n<p><em>M\u00eame si beaucoup d&rsquo;entre nous doivent annuler ou reporter des activit\u00e9s pr\u00e9vues, rester chez eux ou \u00eatre confin\u00e9s dans des espaces restreints, le virus ne nous emp\u00eachera pas de collaborer et d&rsquo;agir en solidarit\u00e9 et de nous sentir partie int\u00e9grante d&rsquo;une communaut\u00e9 mondiale interconnect\u00e9e. <strong>L&rsquo;heure est \u00e0 l&rsquo;espoir, pas \u00e0 la peur. Pour la coop\u00e9ration et la solidarit\u00e9. Pour l&rsquo;ESS\u00a0\u00bb.<\/strong><\/em><\/p>\n\n\n\n<p class=\"has-background has-very-light-gray-background-color\"> <strong>Message de Laurence KWARK, Secr\u00e9taire g\u00e9n\u00e9ral de GSEF (Forum Mondial de l&rsquo;Economie Sociale)<\/strong> <\/p>\n\n\n\n<div class=\"wp-block-image\"><figure class=\"aligncenter size-large\"><img loading=\"lazy\" decoding=\"async\" width=\"287\" height=\"160\" src=\"https:\/\/europe.ripess.rio20.net\/wp-content\/uploads\/sites\/4\/2020\/03\/GSEF.MEXICO.png\" alt=\"\" class=\"wp-image-6591\"\/><\/figure><\/div>\n\n\n\n<p> <em>\u00ab\u00a0C&rsquo;est une \u00e9poque qui nous rappelle \u00e0 quel point nous vivons dans une communaut\u00e9 interconnect\u00e9e partageant un destin commun, mais c&rsquo;est aussi une \u00e9poque o\u00f9 le sentiment de connexion est \u00e0 nouveau menac\u00e9 par de nouveaux types de d\u00e9fis. Nous sommes t\u00e9moins d&rsquo;une grande volont\u00e9 politique et d&rsquo;une ferme volont\u00e9 des communaut\u00e9s de lutter activement contre elle et pourtant, nous, en tant que communaut\u00e9 d&rsquo;ESS, savons que nous ne pouvons pas surmonter cette crise si nous c\u00e9dons notre espoir \u00e0 la peur, et la solidarit\u00e9 \u00e0 l&rsquo;\u00e9gocentrisme\u00a0\u00bb.<\/em> <\/p>\n\n\n\n<div class=\"wp-block-button\"><a class=\"wp-block-button__link has-background has-luminous-vivid-amber-background-color\" href=\"https:\/\/www.gsef-net.org\/fr\/node\/27125\">Lire l&rsquo;article (en anglais)<\/a><\/div>\n\n\n\n<p><\/p>\n\n\n\n<p class=\"has-background has-very-light-gray-background-color\"><strong>Message de RIPESS Intercontinental &#8211;  COVID-19 : La mondialisation de la solidarit\u00e9 est la r\u00e9ponse dont nous avons besoin maintenant !<\/strong><\/p>\n\n\n\n<div class=\"wp-block-image\"><figure class=\"aligncenter size-large is-resized\"><img loading=\"lazy\" decoding=\"async\" src=\"https:\/\/europe.ripess.rio20.net\/wp-content\/uploads\/sites\/4\/2020\/04\/ripess.org_.jpg\" alt=\"\" class=\"wp-image-6762\" width=\"169\" height=\"169\" srcset=\"https:\/\/ripess.eu\/wp-content\/uploads\/sites\/4\/2020\/04\/ripess.org_.jpg 400w, https:\/\/ripess.eu\/wp-content\/uploads\/sites\/4\/2020\/04\/ripess.org_-300x300.jpg 300w, https:\/\/ripess.eu\/wp-content\/uploads\/sites\/4\/2020\/04\/ripess.org_-90x90.jpg 90w\" sizes=\"(max-width: 169px) 100vw, 169px\" \/><\/figure><\/div>\n\n\n\n<p>\u00ab\u00a0<strong><em>Devant la crise du COVID-19, l\u2019humanit\u00e9 est confront\u00e9e \u00e0 l\u2019une des crises les plus graves et les plus incertaines de l\u2019histoire r\u00e9cente. RIPESS partage son positionnement et le besoin de mondialiser la solidarit\u00e9.<\/em><\/strong>\u00ab\u00a0<\/p>\n\n\n\n<p>\u00ab\u00a0<em>L\u2019humanit\u00e9 est confront\u00e9e \u00e0 l\u2019une des crises les plus graves et les plus incertaines de l\u2019histoire r\u00e9cente. La mondialisation actuelle de la pand\u00e9mie COVID-19 lui a permis de s\u2019\u00e9tendre \u00e0 tous les pays. M\u00eame les populations \u00e9loign\u00e9es sont menac\u00e9es, tout comme les populations des zones de guerre et celles qui vivent dans des conditions d\u2019exigu\u00eft\u00e9 et de mauvaise hygi\u00e8ne, comme les camps de r\u00e9fugi\u00e9s, mettant ainsi en danger la vie des \u00eatres humains dans un monde de plus en plus globalis\u00e9. De nombreux bidonvilles surpeupl\u00e9s dans les m\u00e9gapoles du monde entier, ainsi que de nombreuses autres personnes en situation de subsistance quotidienne n\u2019ont pas acc\u00e8s \u00e0 l\u2019eau courante, ni \u00e0 un magasin d\u2019alimentation, l\u2019\u00e9loignement social est impossible et l\u2019interruption de leurs activit\u00e9s est un luxe qu\u2019ils ne peuvent pas se permettre.\u00a0\u00bb<\/em><\/p>\n\n\n\n<div class=\"wp-block-button\"><a class=\"wp-block-button__link has-background has-luminous-vivid-amber-background-color\" href=\"http:\/\/www.ripess.org\/covid-19-mondialisation-de-solidarite-reponse-dont-avons-besoin\/\">Lire l&rsquo;article <\/a><\/div>\n\n\n\n<p><\/p>\n\n\n\n<p class=\"has-background has-very-light-gray-background-color\"><strong>Lettre ouverte \u00e0 la Commission europ\u00e9enne, au Parlement europ\u00e9en et aux ministres de l&rsquo;agriculture des \u00c9tats membres de l\u2019UE<\/strong><\/p>\n\n\n\n<figure class=\"wp-block-image size-large\"><img loading=\"lazy\" decoding=\"async\" width=\"1024\" height=\"469\" src=\"https:\/\/europe.ripess.rio20.net\/wp-content\/uploads\/sites\/4\/2020\/04\/stayhomebutnotsilentURGENCI-1024x469.png\" alt=\"\" class=\"wp-image-6930\" srcset=\"https:\/\/ripess.eu\/wp-content\/uploads\/sites\/4\/2020\/04\/stayhomebutnotsilentURGENCI-1024x469.png 1024w, https:\/\/ripess.eu\/wp-content\/uploads\/sites\/4\/2020\/04\/stayhomebutnotsilentURGENCI-300x137.png 300w, https:\/\/ripess.eu\/wp-content\/uploads\/sites\/4\/2020\/04\/stayhomebutnotsilentURGENCI-768x352.png 768w, https:\/\/ripess.eu\/wp-content\/uploads\/sites\/4\/2020\/04\/stayhomebutnotsilentURGENCI.png 1115w\" sizes=\"(max-width: 1024px) 100vw, 1024px\" \/><figcaption><strong><em>Stay home but not silent<\/em><\/strong>  : <a rel=\"noreferrer noopener\" href=\"https:\/\/twitter.com\/hashtag\/StayHomeButNotSilent?src=hashtag_click\" target=\"_blank\">https:\/\/twitter.com\/hashtag\/StayHomeButNotSilent?src=hashtag_click<\/a><\/figcaption><\/figure>\n\n\n\n<p><em>\u00ab\u00a0<strong>Le 17 avril 2020, nous comm\u00e9morerons la Journ\u00e9e internationale des luttes paysannes. <\/strong>Dans le cadre du COVID-19, la vuln\u00e9rabilit\u00e9 de l&rsquo;actuel syst\u00e8me alimentaire mondialis\u00e9 domin\u00e9 par l&rsquo;agriculture industrielle, et les dangers qu&rsquo;elle repr\u00e9sente pour toutes les formes de vie, ont \u00e9t\u00e9 une fois de plus expos\u00e9s. Nous devons tirer les le\u00e7ons de cette crise et investir dans la mise en place de syst\u00e8mes alimentaires diversifi\u00e9s, locaux et territoriaux, r\u00e9sistants. Dans ce contexte, la Coordination europ\u00e9enne Via Campesina (ECVC) et ses organisations membres, ainsi que URGENCI, le R\u00e9seau europ\u00e9en des bergers (ESN), FIAN et Amis de la Terre Europe (FoEE), dans le cadre du Mouvement pour la Souverainet\u00e9 Alimentaire de Ny\u00e9l\u00e9ni en Europe et en Asie Centrale (Ny\u00e9l\u00e9ni ECA) veulent envoyer un message clair : garantir la souverainet\u00e9 alimentaire et continuer \u00e0 produire de la nourriture et \u00e0 nourrir les gens, en garantissant l&rsquo;approvisionnement alimentaire national et r\u00e9gional, et ce plus que jamais en ces temps de crise. Les paysans de toute l&rsquo;Europe font partie d&rsquo;un vaste r\u00e9seau. Ces communaut\u00e9s nourrissent la plan\u00e8te depuis des g\u00e9n\u00e9rations en utilisant leurs connaissances, leur exp\u00e9rience et leur expertise. Pourtant, \u00e0 l&rsquo;heure actuelle, elles sont ignor\u00e9es et maltrait\u00e9es.<br>Aujourd&rsquo;hui, beaucoup d&rsquo;entre eux prennent des mesures pour essayer de se faire entendre, et nous vous demandons instamment de pr\u00eater attention \u00e0 la mani\u00e8re et aux raisons pour lesquelles vous, en tant que d\u00e9cideurs, avez la responsabilit\u00e9 d\u2019\u00e9couter leur voix.\u00a0\u00bb<\/em><\/p>\n\n\n\n<div class=\"wp-block-buttons aligncenter is-layout-flex wp-block-buttons-is-layout-flex\">\n<div class=\"wp-block-button\"><a class=\"wp-block-button__link has-background has-luminous-vivid-amber-background-color\" href=\"https:\/\/urgenci.net\/\" target=\"_blank\" rel=\"noreferrer noopener\">Plus d&rsquo;info sur Urgenci.net<\/a><\/div>\n<\/div>\n\n\n\n<p><\/p>\n\n\n\n<p><\/p>\n","protected":false},"excerpt":{"rendered":"<p>International Nous rassemblons ici des messages, articles, histoires et r\u00e9f\u00e9rences d&rsquo;initiatives d&rsquo;Economie Solidaire en r\u00e9ponse \u00e0 la crise pand\u00e9mique Covid19 et \u00e0 ses cons\u00e9quences, afin de partager et d&rsquo;\u00e9changer les [&hellip;]<\/p>\n","protected":false},"author":7618,"featured_media":0,"parent":0,"menu_order":0,"comment_status":"closed","ping_status":"closed","template":"","meta":{"_et_pb_use_builder":"","_et_pb_old_content":"","_et_gb_content_width":"","footnotes":""},"class_list":["post-6756","page","type-page","status-publish","hentry"],"_links":{"self":[{"href":"https:\/\/ripess.eu\/fr\/wp-json\/wp\/v2\/pages\/6756","targetHints":{"allow":["GET"]}}],"collection":[{"href":"https:\/\/ripess.eu\/fr\/wp-json\/wp\/v2\/pages"}],"about":[{"href":"https:\/\/ripess.eu\/fr\/wp-json\/wp\/v2\/types\/page"}],"author":[{"embeddable":true,"href":"https:\/\/ripess.eu\/fr\/wp-json\/wp\/v2\/users\/7618"}],"replies":[{"embeddable":true,"href":"https:\/\/ripess.eu\/fr\/wp-json\/wp\/v2\/comments?post=6756"}],"version-history":[{"count":0,"href":"https:\/\/ripess.eu\/fr\/wp-json\/wp\/v2\/pages\/6756\/revisions"}],"wp:attachment":[{"href":"https:\/\/ripess.eu\/fr\/wp-json\/wp\/v2\/media?parent=6756"}],"curies":[{"name":"wp","href":"https:\/\/api.w.org\/{rel}","templated":true}]}}