{"id":6753,"date":"2020-04-01T16:19:29","date_gmt":"2020-04-01T14:19:29","guid":{"rendered":"https:\/\/www.ripess.eu\/?page_id=6753"},"modified":"2020-04-03T14:34:33","modified_gmt":"2020-04-03T12:34:33","slug":"grece","status":"publish","type":"page","link":"https:\/\/ripess.eu\/fr\/grece\/","title":{"rendered":"Gr\u00e8ce"},"content":{"rendered":"\n<h2 class=\"wp-block-heading\">Gr\u00e8ce<\/h2>\n\n\n\n<p style=\"background-color:#fff59f\" class=\"has-background\"> Nous rassemblons ici des <strong>messages, articles, histoires et r\u00e9f\u00e9rences d&rsquo;initiatives d&rsquo;Economie Solidaire en r\u00e9ponse \u00e0 la crise pand\u00e9mique Covid19<\/strong> et \u00e0 ses cons\u00e9quences dans toute l&rsquo;Europe, <strong>afin de partager et d&rsquo;\u00e9changer les exp\u00e9riences et les efforts des r\u00e9seaux membres et d&rsquo;autres organisations<\/strong>. Si vous souhaitez contribuer, <strong>veuillez \u00e9crire \u00e0 : info@ripess.eu<\/strong> <\/p>\n\n\n\n<p class=\"has-background has-very-light-gray-background-color\"><strong>Communiqu\u00e9 de presse de l\u2019initiative grecque, soutenue par notre membre, <a href=\"https:\/\/dock.zone\/en\/\" target=\"_blank\" rel=\"noreferrer noopener\" aria-label=\"DOCK (s\u2019ouvre dans un nouvel onglet)\">DOCK<\/a>: \u201cRestons Ensemble\u201d<\/strong><\/p>\n\n\n\n<div class=\"wp-block-image\"><figure class=\"aligncenter size-large is-resized\"><img loading=\"lazy\" decoding=\"async\" src=\"https:\/\/europe.ripess.rio20.net\/wp-content\/uploads\/sites\/4\/2020\/04\/menoumemazi-banner.png\" alt=\"\" class=\"wp-image-6768\" width=\"578\" height=\"302\" srcset=\"https:\/\/ripess.eu\/wp-content\/uploads\/sites\/4\/2020\/04\/menoumemazi-banner.png 960w, https:\/\/ripess.eu\/wp-content\/uploads\/sites\/4\/2020\/04\/menoumemazi-banner-300x157.png 300w, https:\/\/ripess.eu\/wp-content\/uploads\/sites\/4\/2020\/04\/menoumemazi-banner-768x402.png 768w\" sizes=\"(max-width: 578px) 100vw, 578px\" \/><\/figure><\/div>\n\n\n\n<p>La plateforme num\u00e9rique \u2018Restons Ensemble\u2019 (<a href=\"https:\/\/menoumemazi.org\/\">menoumemazi.org<\/a>) est destin\u00e9e \u00e0 devenir un p\u00f4le de collection et partage, des informations ainsi que des ressources (num\u00e9riques et autres) qui soutiennent les id\u00e9es et les pratiques de solidarit\u00e9 et d\u2019organisation de base, pendant la pand\u00e9mie.&nbsp;&nbsp; <\/p>\n\n\n\n<p>La plateforme est une initiative auto-organis\u00e9e et autofinanc\u00e9e, des\npersonnes impliqu\u00e9es dans les nouvelles technologies, la recherche et\nl\u2019\u00e9conomie du partage. Des personnes qui ont ressenti le besoin d\u2019agir\ncollectivement.&nbsp;&nbsp; <\/p>\n\n\n\n<p>Le point de d\u00e9part principal de la plateforme est de mettre en \u00e9vidence que\nm\u00eame si nous \u2018restons chez nous\u2019 nous avons les moyens de \u2018ne pas rester seuls\nou les bras crois\u00e9s\u2019.&nbsp; <\/p>\n\n\n\n<p>Le slogan \u2018Agit\u2019 r\u00e9unit deux axes&nbsp;:<\/p>\n\n\n\n<ul class=\"wp-block-list\"><li>Le premier, \u0384<a href=\"https:\/\/menoumemazi.org\/stirizoume-ebrakta\/\">soutiens ton voisin\u2019<\/a>, concerne la solidarit\u00e9 concr\u00e8te qu\u2019on peut\npratiquer dans nos b\u00e2timents et nos quartiers. Cet axe pr\u00e9sente des id\u00e9es et du\nmat\u00e9riel vis \u00e0 vis les fa\u00e7ons d\u2019agir afin de rep\u00e9rer et aider les personnes qui\nsont (ou se sentent) seules et d\u00e9pourvues des biens ou du soutien\npsychologique. Cette th\u00e9matique est accompagn\u00e9e d\u2019un index des groupes\nd\u2019entraide qui sont d\u00e9j\u00e0 actifs dans diff\u00e9rents quartiers.<\/li><\/ul>\n\n\n\n<ul class=\"wp-block-list\"><li>Le deuxi\u00e8me,\u2018<a href=\"https:\/\/menoumemazi.org\/stirizoume-tin-ergasia\/\">soutiens ton travail\u2019<\/a>, qui est en parall\u00e8le avec le premier axe,\nconcerne les revendications vis \u00e0 vis les droits fondamentaux du travail qui\nsont massivement viol\u00e9s pendant cette p\u00e9riode de pand\u00e9mie. A cet \u00e9gard cet axe\npresente les moyens pour porter plainte de fa\u00e7on anonyme (ou non-anonyme). Ces\nplaintes sont partag\u00e9es avec des associations et collectifs de base, lesquelles\npar la suit agissent en cons\u00e9quence. Cette th\u00e9matique pr\u00e9sente \u00e9galement un\nindex des associations et collectifs ainsi que des questions et r\u00e9ponses faites\npar des juristes sp\u00e9cialistes sur les droits du travail.&nbsp;&nbsp; <\/li><\/ul>\n\n\n\n<p>Dans le but de contribuer de fa\u00e7on plus g\u00e9n\u00e9rale, la plateforme contient\ntrois th\u00e9matiques suppl\u00e9mentaires&nbsp;:<\/p>\n\n\n\n<ul class=\"wp-block-list\"><li>La premi\u00e8re\nth\u00e9matique concerne des ressources num\u00e9riques qui servent \u00e0 la t\u00e9l\u00e9conf\u00e9rence\nou la communication \u00e9crite. A cet \u00e9gard, la plateforme h\u00e9berge et soutient des <a href=\"https:\/\/menoumemazi.org\/ergaleia-epikinonias\">outils<\/a> qui sont fournis \u00e0 des collectifs pour leur\nmeilleure organisation en ligne. En m\u00eame temps, la plateforme informe ceux et\ncelles qui sont int\u00e9ress\u00e9s sur des ressources num\u00e9riques divers; ainsi que sur\nune nouvelle initiative qui vise \u00e0 la cr\u00e9ation d\u2019un r\u00e9seau ouvert d\u2019interaction\net collaboration ayant comme objectif <a href=\"https:\/\/newcastle-my.sharepoint.com\/personal\/nzk10_newcastle_ac_uk\/Documents\/Document.docx?web=1\">l\u2019impression 3D d\u2019\u00e9quipements hospitaliers<\/a>.<\/li><\/ul>\n\n\n\n<ul class=\"wp-block-list\"><li>La deuxi\u00e8me\nth\u00e9matique a comme objectif de faire conna\u00eetre <a href=\"https:\/\/menoumemazi.org\/campaigns\/\">des campagnes et actions de solidarit\u00e9 qui ont lieu en Gr\u00e8ce et ailleurs<\/a>. Nous avons comme but de ne pas rester les bras\ncrois\u00e9s mais de revendiquer le plus possible pour tous et toutes: vis \u00e0 vis le\nsyst\u00e8me national de sant\u00e9, les foyer des \u00e9tudiants, le travail; vis \u00e0 vis ceux\net celles qui sont les plus touch\u00e9s mais qui restent invisibles comme par\nexemple les sans abris, les migrants qui se trouvent coinc\u00e9s dans des camps\netc.&nbsp;&nbsp; Dans la rubrique \u2018<a href=\"https:\/\/menoumemazi.org\/blog\/\">Nouvelles<\/a><a href=\"https:\/\/menoumemazi.org\/blog\/\">\u2019<\/a> on trouve des mises\n\u00e0 jour qui concernent les diff\u00e9rents aspects des campagnes et actions\nconcern\u00e9es. &nbsp;<\/li><\/ul>\n\n\n\n<ul class=\"wp-block-list\"><li>Dans la\ntroisi\u00e8me th\u00e9matique la plateforme recueille d\u2019 informations utiles et\nv\u00e9rifi\u00e9es concernant un certain nombre de questions, toute en soulignant leur\nimportance: <a href=\"https:\/\/menoumemazi.org\/psychologiki-stirixi\/\">\u2018<\/a><a href=\"https:\/\/menoumemazi.org\/psychologiki-stirixi\/\">aide psychologique<\/a><a href=\"https:\/\/menoumemazi.org\/psychologiki-stirixi\/\">\u2019<\/a>, \u2018<a href=\"https:\/\/newcastle-my.sharepoint.com\/personal\/nzk10_newcastle_ac_uk\/Documents\/Document.docx?web=1\">prise de sang provenant de donneurs\nb\u00e9n\u00e9voles<\/a><a href=\"https:\/\/newcastle-my.sharepoint.com\/personal\/nzk10_newcastle_ac_uk\/Documents\/Document.docx?web=1\">\u2019<\/a> et \u2018<a href=\"https:\/\/menoumemazi.org\/ypostirixi-anapiron\/\">assistance aux personnes handicap\u00e9es<\/a>\u2019. En m\u00eame temps, la rubrique \u2018<a href=\"https:\/\/menoumemazi.org\/psychagogia-kai-drastiriotites\/\">loisirs<\/a><a href=\"https:\/\/menoumemazi.org\/psychagogia-kai-drastiriotites\/\">\u2019<\/a> collecte d\u2019 informations qui concernent des initiatives telles que le\npartage des livres, des films et des pi\u00e8ces du th\u00e9\u00e2tre &#8211; entre autres. Cette\nderni\u00e8re rubrique s\u2019\u00e9largit au fur et \u00e0 mesure des besoins.<\/li><\/ul>\n\n\n\n<p> La plateforme num\u00e9rique \u2018Restons Ensemble\u2019 participe \u00e0 la discussion sur la mise en place des r\u00e9seaux d\u2019entraide dans nos voisinages; sur les fa\u00e7ons de se se mettre en relation avec&nbsp; ceux et celles qui nous entourent et r\u00e9sister contre ceux et celles qui s\u2019en servent de cette crise pour nous discipliner, nous exclure socialement et en faire du profit. Il ne faut pas se replier sur soi m\u00eame, il faut se prot\u00e9ger les unes et les autres et continuer \u00e0 d\u00e9fendre vigoureusement nos cause afin de s\u2019en sortir de cette situation difficile, ensemble et se retrouver dans un monde digne pour nous.&nbsp;&nbsp;  <\/p>\n\n\n\n<div class=\"wp-block-button\"><a class=\"wp-block-button__link has-background has-luminous-vivid-amber-background-color\" href=\"https:\/\/www.facebook.com\/menoumemazisolidarity\/\">A retrouver sur Facebook<\/a><\/div>\n\n\n\n<p><\/p>\n\n\n\n<div class=\"wp-block-button\"><a class=\"wp-block-button__link has-background has-luminous-vivid-amber-background-color\" href=\"https:\/\/twitter.com\/menoumemazi\">Et Twitter <\/a><\/div>\n","protected":false},"excerpt":{"rendered":"<p>Gr\u00e8ce Nous rassemblons ici des messages, articles, histoires et r\u00e9f\u00e9rences d&rsquo;initiatives d&rsquo;Economie Solidaire en r\u00e9ponse \u00e0 la crise pand\u00e9mique Covid19 et \u00e0 ses cons\u00e9quences dans toute l&rsquo;Europe, afin de partager [&hellip;]<\/p>\n","protected":false},"author":7618,"featured_media":0,"parent":0,"menu_order":0,"comment_status":"closed","ping_status":"closed","template":"","meta":{"_et_pb_use_builder":"","_et_pb_old_content":"","_et_gb_content_width":"","footnotes":""},"class_list":["post-6753","page","type-page","status-publish","hentry"],"_links":{"self":[{"href":"https:\/\/ripess.eu\/fr\/wp-json\/wp\/v2\/pages\/6753","targetHints":{"allow":["GET"]}}],"collection":[{"href":"https:\/\/ripess.eu\/fr\/wp-json\/wp\/v2\/pages"}],"about":[{"href":"https:\/\/ripess.eu\/fr\/wp-json\/wp\/v2\/types\/page"}],"author":[{"embeddable":true,"href":"https:\/\/ripess.eu\/fr\/wp-json\/wp\/v2\/users\/7618"}],"replies":[{"embeddable":true,"href":"https:\/\/ripess.eu\/fr\/wp-json\/wp\/v2\/comments?post=6753"}],"version-history":[{"count":0,"href":"https:\/\/ripess.eu\/fr\/wp-json\/wp\/v2\/pages\/6753\/revisions"}],"wp:attachment":[{"href":"https:\/\/ripess.eu\/fr\/wp-json\/wp\/v2\/media?parent=6753"}],"curies":[{"name":"wp","href":"https:\/\/api.w.org\/{rel}","templated":true}]}}