{"id":6752,"date":"2020-04-01T16:19:05","date_gmt":"2020-04-01T14:19:05","guid":{"rendered":"https:\/\/www.ripess.eu\/?page_id=6752"},"modified":"2020-04-03T16:41:18","modified_gmt":"2020-04-03T14:41:18","slug":"portugal","status":"publish","type":"page","link":"https:\/\/ripess.eu\/fr\/portugal\/","title":{"rendered":"Portugal"},"content":{"rendered":"\n<h2 class=\"wp-block-heading\">Portugal<\/h2>\n\n\n\n<p style=\"background-color:#f9f59a\" class=\"has-background\"> Nous rassemblons ici des&nbsp;<strong>messages, articles, histoires et r\u00e9f\u00e9rences d\u2019initiatives d\u2019Economie Solidaire en r\u00e9ponse \u00e0 la crise pand\u00e9mique Covid19<\/strong>&nbsp;et \u00e0 ses cons\u00e9quences dans toute l\u2019Europe,&nbsp;<strong>afin de partager et d\u2019\u00e9changer les exp\u00e9riences et les efforts des r\u00e9seaux membres et d\u2019autres organisations<\/strong>. Si vous souhaitez contribuer,&nbsp;<strong>veuillez \u00e9crire \u00e0 : info@ripess.eu<\/strong> <\/p>\n\n\n\n<p class=\"has-background has-very-light-gray-background-color\"><strong>Solidarit\u00e9 et coop\u00e9ration au Portugal<\/strong>, <strong>relever les d\u00e9fis de la crise pand\u00e9mique &#8211; message d&rsquo;ANIMAR (Association Portugaise pour le D\u00e9veloppement Local)<\/strong><\/p>\n\n\n\n<div class=\"wp-block-image\"><figure class=\"aligncenter size-large is-resized\"><img loading=\"lazy\" decoding=\"async\" src=\"https:\/\/europe.ripess.rio20.net\/wp-content\/uploads\/sites\/4\/2020\/04\/logo-animar-1024x527.png\" alt=\"\" class=\"wp-image-6783\" width=\"410\" height=\"210\" srcset=\"https:\/\/ripess.eu\/wp-content\/uploads\/sites\/4\/2020\/04\/logo-animar-1024x527.png 1024w, https:\/\/ripess.eu\/wp-content\/uploads\/sites\/4\/2020\/04\/logo-animar-300x154.png 300w, https:\/\/ripess.eu\/wp-content\/uploads\/sites\/4\/2020\/04\/logo-animar-768x395.png 768w, https:\/\/ripess.eu\/wp-content\/uploads\/sites\/4\/2020\/04\/logo-animar.png 1120w\" sizes=\"(max-width: 410px) 100vw, 410px\" \/><\/figure><\/div>\n\n\n\n<p>\u00ab\u00a0<em>En raison du contexte de pand\u00e9mie que tous les pays connaissent actuellement, la 3\u00e8me Rencontre internationale \u00ab\u00a0Sinergias ED\u00a0\u00bb et l&rsquo;Acad\u00e9mie d&rsquo;activisme \u00ab\u00a0Du d\u00e9veloppement local \u00e0 la citoyennet\u00e9 europ\u00e9enne\u00a0\u00bb ont \u00e9t\u00e9 report\u00e9es. <br>Dans des moments comme ceux que nous vivons tous, la solidarit\u00e9 et la coop\u00e9ration peuvent \u00eatre le moyen le plus efficace de faire face au sc\u00e9nario actuel mais aussi aux cons\u00e9quences n\u00e9gatives des prochaines crises \u00e9conomiques. <br>Au Portugal, afin de mobiliser les citoyens pour aider ceux qui sont dans le besoin, de nombreuses initiatives ont \u00e9t\u00e9 cr\u00e9\u00e9es \u00e0 cette fin<\/em>.\u00a0\u00bb<\/p>\n\n\n\n<p><strong>SOS Vizinho<\/strong> (en anglais \u00ab\u00a0SOS Neighbor\u00a0\u00bb) vise \u00e0 identifier les groupes \u00e0 risque dans chaque r\u00e9gion du pays et \u00e0 cr\u00e9er un r\u00e9seau de distribution de b\u00e9n\u00e9voles pour aider les personnes appartenant \u00e0 ces groupes \u00e0 risque \u00e0 faire leurs courses et \u00e0 se procurer des produits pharmaceutiques afin d&rsquo;\u00e9viter l&rsquo;exposition des citoyens les plus vuln\u00e9rables au virus. Pour en savoir plus sur cette initiative :<\/p>\n\n\n\n<div class=\"wp-block-button\"><a class=\"wp-block-button__link has-background has-luminous-vivid-amber-background-color\" href=\"https:\/\/sosvizinho.pt\/ \">Consulter le site (en portugais)<\/a><\/div>\n\n\n\n<p><\/p>\n\n\n\n<p><strong>Movimento #Tech4Covid19<\/strong> est un mouvement d&rsquo;ing\u00e9nieurs, de designers, de sp\u00e9cialistes du marketing, de professionnels de la sant\u00e9 et d&rsquo;autres activit\u00e9s travaillant dans plusieurs projets en cours pour unir les talents portugais dans le d\u00e9veloppement de solutions technologiques qui aident la population \u00e0 surmonter le d\u00e9fi de COVID-19. Pour en savoir plus : <\/p>\n\n\n\n<div class=\"wp-block-button\"><a class=\"wp-block-button__link has-background has-luminous-vivid-amber-background-color\" href=\"https:\/\/tech4covid19.org\/en\/\">Consulter le site (en anglais)<\/a><\/div>\n\n\n\n<p><\/p>\n\n\n\n<p><strong>Rede Solid\u00e1ria<\/strong> est une initiative organis\u00e9e par la municipalit\u00e9 de Lisbonne visant \u00e0 rassembler des volontaires pour aider les citoyens les plus vuln\u00e9rables dans des t\u00e2ches et des besoins comme aller au supermarch\u00e9, \u00e0 la pharmacie ou mettre les ordures dans les poubelles de la rue. Pour en savoir plus :<\/p>\n\n\n\n<div class=\"wp-block-button\"><a class=\"wp-block-button__link has-background has-luminous-vivid-amber-background-color\" href=\"http:\/\/redesolidaria.pt\/ \">Consulter le site (en Portugais)<\/a><\/div>\n\n\n\n<p><\/p>\n\n\n\n<p>Ce sont juste quelques exemples de la fa\u00e7on dont la soci\u00e9t\u00e9 civile et les gouvernements locaux sont impliqu\u00e9s dans la lutte contre cette situation de pand\u00e9mie par la solidarit\u00e9 et la collaboration.<br>Pour plus d&rsquo;informations sur d&rsquo;autres initiatives nationales et locales :<\/p>\n\n\n\n<div class=\"wp-block-button\"><a class=\"wp-block-button__link has-background has-luminous-vivid-orange-background-color\" href=\"https:\/\/www.cases.pt\/voluntariado\/covid-19\/ \">C&rsquo;est par ici<\/a><\/div>\n","protected":false},"excerpt":{"rendered":"<p>Portugal Nous rassemblons ici des&nbsp;messages, articles, histoires et r\u00e9f\u00e9rences d\u2019initiatives d\u2019Economie Solidaire en r\u00e9ponse \u00e0 la crise pand\u00e9mique Covid19&nbsp;et \u00e0 ses cons\u00e9quences dans toute l\u2019Europe,&nbsp;afin de partager et d\u2019\u00e9changer les [&hellip;]<\/p>\n","protected":false},"author":7618,"featured_media":0,"parent":0,"menu_order":0,"comment_status":"closed","ping_status":"closed","template":"","meta":{"_et_pb_use_builder":"","_et_pb_old_content":"","_et_gb_content_width":"","footnotes":""},"class_list":["post-6752","page","type-page","status-publish","hentry"],"_links":{"self":[{"href":"https:\/\/ripess.eu\/fr\/wp-json\/wp\/v2\/pages\/6752","targetHints":{"allow":["GET"]}}],"collection":[{"href":"https:\/\/ripess.eu\/fr\/wp-json\/wp\/v2\/pages"}],"about":[{"href":"https:\/\/ripess.eu\/fr\/wp-json\/wp\/v2\/types\/page"}],"author":[{"embeddable":true,"href":"https:\/\/ripess.eu\/fr\/wp-json\/wp\/v2\/users\/7618"}],"replies":[{"embeddable":true,"href":"https:\/\/ripess.eu\/fr\/wp-json\/wp\/v2\/comments?post=6752"}],"version-history":[{"count":0,"href":"https:\/\/ripess.eu\/fr\/wp-json\/wp\/v2\/pages\/6752\/revisions"}],"wp:attachment":[{"href":"https:\/\/ripess.eu\/fr\/wp-json\/wp\/v2\/media?parent=6752"}],"curies":[{"name":"wp","href":"https:\/\/api.w.org\/{rel}","templated":true}]}}