{"id":6441,"date":"2020-02-19T18:06:12","date_gmt":"2020-02-19T17:06:12","guid":{"rendered":"http:\/\/www.ripess.eu\/busse-construire-less\/"},"modified":"2021-02-22T15:44:06","modified_gmt":"2021-02-22T14:44:06","slug":"busse-construire-less","status":"publish","type":"page","link":"https:\/\/ripess.eu\/fr\/busse-construire-less\/","title":{"rendered":"BUSSE &#8211; Construire l&rsquo;ESS"},"content":{"rendered":"\r\n<p>BUSSE est un projet Erasmus+ visant \u00e0 diffuser le savoir-faire et les pratiques de l&rsquo;ESS en Europe centrale et orientale. L&rsquo;impact global que nous voulons obtenir gr\u00e2ce \u00e0 ce projet est une contribution \u00e0 l&rsquo;am\u00e9lioration des comp\u00e9tences et des connaissances en mati\u00e8re d&rsquo;ESS et de son potentiel de transformation.<\/p>\r\n\r\n\r\n\r\n<p><strong>OBJECTIFS<\/strong><\/p>\r\n\r\n\r\n\r\n<p>Ce programme d&rsquo;\u00e9ducation non formelle s&rsquo;adresse aux personnes et aux organisations int\u00e9ress\u00e9es par l&rsquo;ESS en Europe centrale et orientale. Il se concentre sur les aspects importants de l&rsquo;\u00e9conomie sociale et solidaire au niveau r\u00e9gional, en d\u00e9veloppant et en testant du mat\u00e9riel \u00e9ducatif et des outils de formation. Le programme pr\u00e9voit des activit\u00e9s visant \u00e0 d\u00e9velopper les capacit\u00e9s des participants, et autres groupes cibles, par le biais de formations ; de la diffusion des connaissances et des comp\u00e9tences acquises ; et des outils cr\u00e9\u00e9s au cours du programme.<\/p>\r\n\r\n\r\n\r\n<p><strong>PARTENAIRES<\/strong><\/p>\r\n\r\n\r\n\r\n<ul class=\"wp-block-list\">\r\n<li>Ekumenicka\u0301 akademie (Prague, R\u00e9publique Tch\u00e8que)<\/li>\r\n<li>Stowarzyszenie Kooperatywa Spoz\u0307ywcza \u00ab\u00a0Dobrze\u00a0\u00bb (Varsovie, Pologne)<\/li>\r\n<li>Utopia (Bratislava, Slovaquie)<\/li>\r\n<li>Katholische Sozialakademie O\u0308sterreichs (Vienne, Autriche)<\/li>\r\n<li>RIPESS EUROPE (R\u00e9seau europ\u00e9en de l\u2019ESS)<\/li>\r\n<\/ul>\r\n\r\n\r\n\r\n<p><b>PARTICIPANTS AUX MODULES DE FORMATION ET AUX \u00c9V\u00c9NEMENTS MULTIPLICATEURS <\/b><\/p>\r\n\r\n\r\n\r\n<p>Pour les professionnels qui souhaitent s&rsquo;impliquer dans l&rsquo;ESS &#8211; en cr\u00e9ant leur propre entreprise d&rsquo;ESS, une start-up ou une initiative \u00e0 but non lucratif &#8211; les connaissances sur l&rsquo;ESS seront am\u00e9lior\u00e9es, ainsi que les comp\u00e9tences pratiques en mati\u00e8re d&rsquo;ESS. Autres participants : Multiplicateurs et alli\u00e9s, personnes issues de modules de formation et d&rsquo;\u00e9v\u00e9nements multiplicateurs &#8211; institutions locales, ONG, universitaires et autres groupes informels<\/p>\r\n\r\n\r\n\r\n<p><strong>MODULES DE FORMATION<\/strong><\/p>\r\n\r\n\r\n\r\n<ol>\r\n<li>Mise en place et transformation en initiative d&rsquo;ESS<\/li>\r\n<li>Renforcement de la communaut\u00e9 au sein de l&rsquo;ESS<\/li>\r\n<li>Principes de l&rsquo;ESS dans les coop\u00e9ratives<\/li>\r\n<li>L&rsquo;ESS en pratique sur la base des valeurs de la souverainet\u00e9 alimentaire<\/li>\r\n<\/ol>\r\n\r\n\r\n\r\n<p style=\"text-align: left\"><strong>OUTILS<\/strong><\/p>\r\n<p>\r\n\r\n<\/p>\r\n<p>Les outils suivants seront produits \u00e0 titre de soutien et dans le cadre des formations :<\/p>\r\n<p>\r\n\r\n<\/p>\r\n<ul class=\"wp-block-list\">\r\n<li>Livret de soutien pour les participants en 5 langues (CZ, SK, DE, PL et EN)<\/li>\r\n<\/ul>\r\n<p>\r\n\r\n<\/p>\r\n<ul class=\"wp-block-list\">\r\n<li>Info-pack pour les formateurs et les promoteurs de l&rsquo;ESS dans les 5 langues<\/li>\r\n<\/ul>\r\n<p>\r\n\r\n<\/p>\r\n<ul class=\"wp-block-list\">\r\n<li>Outils de communication (pr\u00e9sentations, posters et infographies dans les 5 langues)<\/li>\r\n<\/ul>\r\n<p>\r\n\r\n<\/p>\r\n<p>Pour plus d&rsquo;information merci de contacter: info@ripess.eu<\/p>\r\n<p><\/p>","protected":false},"excerpt":{"rendered":"<p>BUSSE est un projet Erasmus+ visant \u00e0 diffuser le savoir-faire et les pratiques de l&rsquo;ESS en Europe centrale et orientale. L&rsquo;impact global que nous voulons obtenir gr\u00e2ce \u00e0 ce projet [&hellip;]<\/p>\n","protected":false},"author":1,"featured_media":6436,"parent":0,"menu_order":0,"comment_status":"closed","ping_status":"closed","template":"","meta":{"_et_pb_use_builder":"","_et_pb_old_content":"","_et_gb_content_width":"","footnotes":""},"class_list":["post-6441","page","type-page","status-publish","has-post-thumbnail","hentry"],"_links":{"self":[{"href":"https:\/\/ripess.eu\/fr\/wp-json\/wp\/v2\/pages\/6441","targetHints":{"allow":["GET"]}}],"collection":[{"href":"https:\/\/ripess.eu\/fr\/wp-json\/wp\/v2\/pages"}],"about":[{"href":"https:\/\/ripess.eu\/fr\/wp-json\/wp\/v2\/types\/page"}],"author":[{"embeddable":true,"href":"https:\/\/ripess.eu\/fr\/wp-json\/wp\/v2\/users\/1"}],"replies":[{"embeddable":true,"href":"https:\/\/ripess.eu\/fr\/wp-json\/wp\/v2\/comments?post=6441"}],"version-history":[{"count":0,"href":"https:\/\/ripess.eu\/fr\/wp-json\/wp\/v2\/pages\/6441\/revisions"}],"wp:featuredmedia":[{"embeddable":true,"href":"https:\/\/ripess.eu\/fr\/wp-json\/wp\/v2\/media\/6436"}],"wp:attachment":[{"href":"https:\/\/ripess.eu\/fr\/wp-json\/wp\/v2\/media?parent=6441"}],"curies":[{"name":"wp","href":"https:\/\/api.w.org\/{rel}","templated":true}]}}