{"id":619,"date":"2014-05-29T12:03:10","date_gmt":"2014-05-29T10:03:10","guid":{"rendered":"http:\/\/ripess.eu\/?page_id=619"},"modified":"2017-11-28T15:26:02","modified_gmt":"2017-11-28T13:26:02","slug":"espaces-thematiques","status":"publish","type":"page","link":"https:\/\/ripess.eu\/fr\/espaces-thematiques\/","title":{"rendered":"Espaces Th\u00e9matiques"},"content":{"rendered":"<div id=\"gt-res-content\" class=\"almost_half_cell\">\n<div dir=\"ltr\" style=\"zoom: 1;\">\n<p><span id=\"result_box\" lang=\"fr\"><span class=\"hps\">Dans les premi\u00e8res phases<\/span> <span class=\"hps\">de son activit\u00e9<\/span>, le RIPESS <span class=\"hps\">Europe s&rsquo;est<\/span> <span class=\"hps\">organis\u00e9<\/span> <span class=\"hps\">en domaines th\u00e9matiques<\/span>, <span class=\"hps\">chacun d\u00e9velopp\u00e9<\/span><span class=\"hps\"> par<\/span> <span class=\"hps\">un groupe de travail<\/span>. <span class=\"hps\">Le <a href=\"http:\/\/ripess.eu\/fr\/assemblees-generales\/lille-2013\/\" target=\"_blank\" rel=\"noopener\">Congr\u00e8s<\/a><\/span><a href=\"http:\/\/ripess.eu\/fr\/assemblees-generales\/lille-2013\/\" target=\"_blank\" rel=\"noopener\"> <span class=\"hps\">de Lille<\/span><\/a> <span class=\"hps\">de 2013<\/span> <span class=\"hps\">a \u00e9t\u00e9 l&rsquo;occasion <\/span>dans lequel les <span class=\"hps\">groupes de travail<\/span> <span class=\"hps\">ont \u00e9t\u00e9 form\u00e9s<\/span>.<\/span><\/p>\n<p><span class=\"hps\">Toutefois<\/span>, <span class=\"hps\">afin de maximiser<\/span> <span class=\"hps\">ses r\u00e9sultats<\/span> <span class=\"hps\">et<\/span> <span class=\"hps\">optimiser l&rsquo;organisation<\/span>, <span class=\"hps\">RIPESS Europe<\/span> <span class=\"hps\">r\u00e9organise<\/span> actuellement <span class=\"hps\">ses groupes de travail<\/span> <span class=\"hps\">dans le<\/span> <span class=\"hps\">principal<\/span> <span class=\"hps\">domaine th\u00e9matique<\/span>\u00a0 <strong><span class=\"hps\">\u00abPanorama des <\/span> <span class=\"hps\">Initiatives d&rsquo;\u00e9<\/span><span class=\"hps\">conomique solidaire en Europe<\/span>\u00ab\u00a0<\/strong> <span class=\"hps atn\">(<\/span>voir <span class=\"hps\">sch\u00e9ma ci-dessous<\/span>).<\/p>\n<p><span class=\"hps\">Gr\u00e2ce \u00e0<\/span> <span class=\"hps\">cet axe<\/span> <span class=\"hps\">th\u00e9matique<\/span>, l&rsquo;objectif est <span class=\"hps\">de donner<\/span> <span class=\"hps\">une repr\u00e9sentation<\/span> <span class=\"hps\">de la fa\u00e7on de\u00a0<span id=\"result_box\" lang=\"fr\"><span class=\"hps\">concevoir et<\/span> <span class=\"hps\">interpr\u00e9ter<\/span> <span class=\"hps\">l&rsquo;Economie Solidaire<\/span><\/span> par<\/span> <span class=\"hps\">les diff\u00e9rents<\/span> <span class=\"hps\">membres<\/span> <span class=\"hps\">du RIPESS<\/span>. <span class=\"hps\">En outre<\/span>, <span class=\"hps\">c&rsquo;est une occasion<\/span> <span class=\"hps\">d&rsquo;orienter<\/span> <span class=\"hps\">les<\/span> <span class=\"hps\">membres<\/span> <span class=\"hps\">du r\u00e9seau<\/span> <span class=\"hps\">vers un but commun<\/span> <span class=\"hps\">et<\/span> <span class=\"hps\">d&rsquo;\u00e9tendre<\/span> <span class=\"hps\">le r\u00e9seau<\/span>.<\/p>\n<p>&nbsp;<\/p>\n<\/div>\n<div dir=\"ltr\" style=\"zoom: 1;\"><\/div>\n<div dir=\"ltr\" style=\"zoom: 1;\"><a href=\"http:\/\/ripess.eu\/wp-content\/uploads\/2014\/05\/Schema-wgfr.jpg\"><img loading=\"lazy\" decoding=\"async\" class=\"alignleft wp-image-910\" src=\"http:\/\/ripess.eu\/wp-content\/uploads\/2014\/05\/Schema-wgfr.jpg\" alt=\"Schema wgfr\" width=\"696\" height=\"430\" \/><\/a><\/div>\n<\/div>\n","protected":false},"excerpt":{"rendered":"<p>Dans les premi\u00e8res phases de son activit\u00e9, le RIPESS Europe s&rsquo;est organis\u00e9 en domaines th\u00e9matiques, chacun d\u00e9velopp\u00e9 par un groupe de travail. Le Congr\u00e8s de Lille de 2013 a \u00e9t\u00e9 [&hellip;]<\/p>\n","protected":false},"author":2,"featured_media":0,"parent":0,"menu_order":0,"comment_status":"closed","ping_status":"closed","template":"","meta":{"_et_pb_use_builder":"","_et_pb_old_content":"","_et_gb_content_width":"","footnotes":""},"class_list":["post-619","page","type-page","status-publish","hentry"],"_links":{"self":[{"href":"https:\/\/ripess.eu\/fr\/wp-json\/wp\/v2\/pages\/619","targetHints":{"allow":["GET"]}}],"collection":[{"href":"https:\/\/ripess.eu\/fr\/wp-json\/wp\/v2\/pages"}],"about":[{"href":"https:\/\/ripess.eu\/fr\/wp-json\/wp\/v2\/types\/page"}],"author":[{"embeddable":true,"href":"https:\/\/ripess.eu\/fr\/wp-json\/wp\/v2\/users\/2"}],"replies":[{"embeddable":true,"href":"https:\/\/ripess.eu\/fr\/wp-json\/wp\/v2\/comments?post=619"}],"version-history":[{"count":0,"href":"https:\/\/ripess.eu\/fr\/wp-json\/wp\/v2\/pages\/619\/revisions"}],"wp:attachment":[{"href":"https:\/\/ripess.eu\/fr\/wp-json\/wp\/v2\/media?parent=619"}],"curies":[{"name":"wp","href":"https:\/\/api.w.org\/{rel}","templated":true}]}}