{"id":592,"date":"2014-06-12T13:49:35","date_gmt":"2014-06-12T12:49:35","guid":{"rendered":"http:\/\/ripess.eu\/?page_id=592"},"modified":"2014-07-01T15:17:28","modified_gmt":"2014-07-01T15:17:28","slug":"medias-et-documents-2","status":"publish","type":"page","link":"https:\/\/ripess.eu\/fr\/lille-2013\/medias-et-documents-2\/","title":{"rendered":"M\u00e9dias et documents"},"content":{"rendered":"<p><span id=\"result_box\" lang=\"fr\"><span class=\"hps\">Le Congr\u00e8s<\/span> <span class=\"hps\">de Lille<\/span> <span class=\"hps\">a \u00e9t\u00e9<\/span> <span class=\"hps\">principalement<\/span> <span class=\"hps\">articul\u00e9<\/span> <span class=\"hps\">dans<\/span> <span class=\"hps\">une<\/span> <span class=\"hps\">session pl\u00e9ni\u00e8re<\/span>, <span class=\"hps\">une table ronde<\/span> <span class=\"hps\">et<\/span> <span class=\"hps\">6<\/span> <span class=\"hps\">ateliers<\/span> <span class=\"hps\">th\u00e9matiques<\/span>. <span class=\"hps\">Le th\u00e8me de la<\/span> <span class=\"hps\">pl\u00e9ni\u00e8re d&rsquo;introduction<\/span> a <span class=\"hps\">concern\u00e9<\/span> <span class=\"hps atn\">\u00ab\u00a0<\/span>Les <span class=\"hps\">politiques publiques<\/span> <span class=\"hps\">pour l&rsquo;\u00e9conomie<\/span> <span class=\"hps\">sociale et solidaire<\/span>\u00ab\u00a0. <span class=\"hps\">La table ronde<\/span> <span class=\"hps\">finale<\/span> <span class=\"hps\">\u00e9tait \u00e0 propos de<\/span> <span class=\"hps\">\u00abL&rsquo;avenir<\/span> <span class=\"hps\">de l&rsquo;ESS<\/span> <span class=\"hps\">en Europe<\/span>\u00ab\u00a0.<br \/>\n<span class=\"hps\">Le<\/span> <span class=\"hps\">6<\/span> <span class=\"hps\">atelier th\u00e9matique<\/span> <span class=\"hps\">a \u00e9t\u00e9<\/span> <span class=\"hps\">intitul\u00e9<\/span>: <span class=\"hps\">1<\/span>. <span class=\"hps\">Consommation responsable<\/span>; <span id=\"result_box\" lang=\"fr\"><span class=\"hps\">2<\/span>.<\/span> <span class=\"hps\">\u00c9ducation populaire<\/span> ; <span class=\"hps\">3.<\/span> <span class=\"hps\">L&rsquo;apprentissage<\/span> <span class=\"hps\">\u00e0 partir de<\/span> <span class=\"hps\">l&rsquo;autre<\/span>; <span class=\"hps\">4<\/span>. <span class=\"hps\">\u00c9tat<\/span> <span class=\"hps\">de l&rsquo;art de<\/span> <span class=\"hps\">l&rsquo;\u00e9conomie solidaire<\/span>.; <span class=\"hps\">5.<\/span> <span class=\"hps\">L&#8217;emploi<\/span>; <span class=\"hps\">6<\/span>. <span class=\"hps\">Le\u00a0<span id=\"result_box\" class=\"short_text\" lang=\"fr\"><span class=\"hps\">p\u00e9rim\u00e8tre<\/span> <span class=\"hps\">identitaire<\/span><\/span> <\/span><span class=\"hps\">de l&rsquo;ESS<\/span><span>.<\/span><\/span><\/p>\n<p><span id=\"result_box\" lang=\"fr\"><span class=\"hps\">Vous pouvez acc\u00e9der<\/span> <span class=\"hps\">\u00e0 la documentation<\/span> <span class=\"hps\">\u00e0 travers les<\/span> <span class=\"hps\">liens suivants<\/span><span>:<\/span><\/span><\/p>\n<p><strong>Session Pl\u00e9ni\u00e8re<br \/>\n<\/strong><a href=\"http:\/\/ripess.eu\/wp-content\/uploads\/2014\/06\/Les-politiques-publiques-de-soutien-\u00e0-l\u2019ESS-.pdf\">Les politiques publiques de soutien \u00e0 l\u2019ESS<\/a><\/p>\n<p><strong><span id=\"result_box\" lang=\"fr\"><span class=\"hps\"> Table Ronde<\/span><\/span><br \/>\n<\/strong><a href=\"http:\/\/ripess.eu\/wp-content\/uploads\/2014\/06\/Lavenir-de-lESS-en-Europe.pdf\">L&rsquo;avenir de l&rsquo;ESS en Europe<\/a><\/p>\n<p><strong>ATELIERS TH\u00c9MATIQUES:<br \/>\nPresentation des Ateliers<br \/>\n<\/strong><a href=\"http:\/\/ripess.eu\/wp-content\/uploads\/2014\/06\/Atelier-Consommation-Responsable.pdf\">Atelier Consommation Responsable<\/a><a href=\"http:\/\/ripess.eu\/wp-content\/uploads\/2014\/06\/Workshop-Responsible-Consumption.pdf\"><br \/>\n<\/a><a href=\"http:\/\/ripess.eu\/wp-content\/uploads\/2014\/06\/Atelier-\u00c9ducation-Populaire.pdf\">Atelier \u00c9ducation Populaire<\/a><br \/>\n<a href=\"http:\/\/ripess.eu\/wp-content\/uploads\/2014\/06\/Atelier-Apprendre-les-uns-des-autres.pdf\">Atelier Apprendre les uns des autres<\/a><br \/>\n<a href=\"http:\/\/ripess.eu\/wp-content\/uploads\/2014\/06\/Atelier-\u00c9tat-de-l\u2019art-de-l\u2019Economie-Solidaire.pdf\">Atelier \u00c9tat de l\u2019art de l\u2019Economie Solidaire<\/a><br \/>\n<a href=\"http:\/\/ripess.eu\/wp-content\/uploads\/2014\/06\/Atelier-Emploi.pdf\">Atelier Emploi<\/a><br \/>\n<a href=\"http:\/\/ripess.eu\/wp-content\/uploads\/2014\/06\/Atelier-P\u00e9rim\u00e8tre-identitaire.pdf\">Atelier P\u00e9rim\u00e8tre identitaire<\/a><\/p>\n<p><strong>R\u00e9sultats des ateliers<br \/>\n<\/strong><a href=\"http:\/\/ripess.eu\/wp-content\/uploads\/2014\/06\/Atelier-sur-la-consommation-responsable.pdf\">Atelier sur la consommation responsable-Outcomes<\/a><br \/>\n<a href=\"http:\/\/ripess.eu\/wp-content\/uploads\/2014\/06\/Atelier-Education-Populaire.pdf\">Atelier Education Populaire<\/a><br \/>\n<a href=\"http:\/\/ripess.eu\/wp-content\/uploads\/2014\/06\/Apprendre-les-uns-des-autres.pdf\">Apprendre les uns des autres<\/a><br \/>\n<a href=\"http:\/\/ripess.eu\/wp-content\/uploads\/2014\/06\/\u00c9tat-de-l\u2018art-de-l\u2019economie-solidaire-en-Europe-.pdf\">\u00c9tat de l\u2018art de l\u2019economie solidaire en Europe<\/a><br \/>\n<a href=\"http:\/\/ripess.eu\/wp-content\/uploads\/2014\/06\/Perimetre-Identitaire.pdf\">Perimetre Identitaire<\/a><\/p>\n<p>&nbsp;<\/p>\n<p>&nbsp;<\/p>\n","protected":false},"excerpt":{"rendered":"<p>Le Congr\u00e8s de Lille a \u00e9t\u00e9 principalement articul\u00e9 dans une session pl\u00e9ni\u00e8re, une table ronde et 6 ateliers th\u00e9matiques. Le th\u00e8me de la pl\u00e9ni\u00e8re d&rsquo;introduction a concern\u00e9 \u00ab\u00a0Les politiques publiques [&hellip;]<\/p>\n","protected":false},"author":2,"featured_media":0,"parent":554,"menu_order":0,"comment_status":"closed","ping_status":"closed","template":"","meta":{"_et_pb_use_builder":"","_et_pb_old_content":"","_et_gb_content_width":"","footnotes":""},"class_list":["post-592","page","type-page","status-publish","hentry"],"_links":{"self":[{"href":"https:\/\/ripess.eu\/fr\/wp-json\/wp\/v2\/pages\/592","targetHints":{"allow":["GET"]}}],"collection":[{"href":"https:\/\/ripess.eu\/fr\/wp-json\/wp\/v2\/pages"}],"about":[{"href":"https:\/\/ripess.eu\/fr\/wp-json\/wp\/v2\/types\/page"}],"author":[{"embeddable":true,"href":"https:\/\/ripess.eu\/fr\/wp-json\/wp\/v2\/users\/2"}],"replies":[{"embeddable":true,"href":"https:\/\/ripess.eu\/fr\/wp-json\/wp\/v2\/comments?post=592"}],"version-history":[{"count":0,"href":"https:\/\/ripess.eu\/fr\/wp-json\/wp\/v2\/pages\/592\/revisions"}],"up":[{"embeddable":true,"href":"https:\/\/ripess.eu\/fr\/wp-json\/wp\/v2\/pages\/554"}],"wp:attachment":[{"href":"https:\/\/ripess.eu\/fr\/wp-json\/wp\/v2\/media?parent=592"}],"curies":[{"name":"wp","href":"https:\/\/api.w.org\/{rel}","templated":true}]}}