{"id":584,"date":"2014-06-19T10:15:11","date_gmt":"2014-06-19T08:15:11","guid":{"rendered":"http:\/\/ripess.eu\/?page_id=584"},"modified":"2023-11-13T10:27:19","modified_gmt":"2023-11-13T09:27:19","slug":"conseil-du-ripess-international","status":"publish","type":"page","link":"https:\/\/ripess.eu\/fr\/gouvernance\/conseil-du-ripess-international\/","title":{"rendered":"Le Conseil d&rsquo;Administraion du RIPESS Intercontinental"},"content":{"rendered":"<p><span id=\"result_box\" lang=\"fr\"><span class=\"hps\">En tant que<\/span> <span class=\"hps\">plate-forme europ\u00e9enne<\/span> <span class=\"hps\">d&rsquo;un<\/span>\u00a0 <span class=\"hps\">r\u00e9seau plus large d&rsquo;<\/span><span class=\"hps\">\u00e9conomie solidaire<\/span>, le RIPESS <span class=\"hps\">Europe partage<\/span> <span class=\"hps\">les valeurs et les<\/span> <span class=\"hps\">principes<\/span> <span class=\"hps\">de<\/span> <span class=\"hps\">RIPESS<\/span> <span class=\"hps\">intercontinental.<\/span><br \/>\nLe RIPESS est un r\u00e9seau de r\u00e9seaux continentaux engag\u00e9s dans la promotion de l\u2019\u00e9conomie sociale solidaire. Les r\u00e9seaux continentaux du RIPESS rassemblent des r\u00e9seaux nationaux et des r\u00e9seaux sectoriels.<\/span><\/p>\n<p>Les 6 membres continentaux du RIPESS nomment deux repr\u00e9sentants en tenant compte de l\u2019\u00e9quit\u00e9 de genre au Conseil d\u2019Administration du RIPESS (\u00e0 l\u2019exception de l\u2019Oc\u00e9anie) selon leurs statuts. La Coordination et la vice-coordination sont assum\u00e9es suivant une rotation continentale par des membres du C.A. du RIPESS. Avec le secr\u00e9tariat, ils s\u2019assurent de la bonne mise en \u0153uvre du plan d\u2019action. Par ailleurs il y a deux si\u00e8ges au C.A pour des organisations internationales (pr\u00e9sentes sur 3 continents), dont un est occup\u00e9 depuis 2016 par Urgenci.<\/p>\n<p>Pour plus de d\u00e9tails, voir: https:\/\/www.ripess.org\/gouvernance\/<\/p>\n","protected":false},"excerpt":{"rendered":"<p>En tant que plate-forme europ\u00e9enne d&rsquo;un\u00a0 r\u00e9seau plus large d&rsquo;\u00e9conomie solidaire, le RIPESS Europe partage les valeurs et les principes de RIPESS intercontinental. Le RIPESS est un r\u00e9seau de r\u00e9seaux [&hellip;]<\/p>\n","protected":false},"author":27,"featured_media":0,"parent":570,"menu_order":0,"comment_status":"closed","ping_status":"closed","template":"","meta":{"_et_pb_use_builder":"","_et_pb_old_content":"","_et_gb_content_width":"","footnotes":""},"class_list":["post-584","page","type-page","status-publish","hentry"],"_links":{"self":[{"href":"https:\/\/ripess.eu\/fr\/wp-json\/wp\/v2\/pages\/584","targetHints":{"allow":["GET"]}}],"collection":[{"href":"https:\/\/ripess.eu\/fr\/wp-json\/wp\/v2\/pages"}],"about":[{"href":"https:\/\/ripess.eu\/fr\/wp-json\/wp\/v2\/types\/page"}],"author":[{"embeddable":true,"href":"https:\/\/ripess.eu\/fr\/wp-json\/wp\/v2\/users\/27"}],"replies":[{"embeddable":true,"href":"https:\/\/ripess.eu\/fr\/wp-json\/wp\/v2\/comments?post=584"}],"version-history":[{"count":0,"href":"https:\/\/ripess.eu\/fr\/wp-json\/wp\/v2\/pages\/584\/revisions"}],"up":[{"embeddable":true,"href":"https:\/\/ripess.eu\/fr\/wp-json\/wp\/v2\/pages\/570"}],"wp:attachment":[{"href":"https:\/\/ripess.eu\/fr\/wp-json\/wp\/v2\/media?parent=584"}],"curies":[{"name":"wp","href":"https:\/\/api.w.org\/{rel}","templated":true}]}}