{"id":580,"date":"2014-05-29T08:11:42","date_gmt":"2014-05-29T06:11:42","guid":{"rendered":"http:\/\/ripess.eu\/?page_id=580"},"modified":"2015-06-08T12:36:01","modified_gmt":"2015-06-08T10:36:01","slug":"manifeste","status":"publish","type":"page","link":"https:\/\/ripess.eu\/fr\/gouvernance\/manifeste\/","title":{"rendered":"Manifeste"},"content":{"rendered":"<p class=\"bodytext\" lang=\"fr-FR\" style=\"margin-bottom: 0in;\"><b>\u00a0\u00a0\u00a0\u00a0\u00a0\u00a0\u00a0\u00a0\u00a0\u00a0\u00a0\u00a0\u00a0\u00a0\u00a0\u00a0\u00a0\u00a0\u00a0\u00a0\u00a0\u00a0\u00a0\u00a0\u00a0\u00a0\u00a0\u00a0\u00a0\u00a0\u00a0\u00a0\u00a0\u00a0\u00a0\u00a0\u00a0\u00a0\u00a0\u00a0\u00a0\u00a0\u00a0\u00a0 MANIFESTE DU R\u00c9SEAU EUROP\u00c9EN D\u2019\u00c9CONOMIE SOCIALE ET SOLIDAIRE <\/b><\/p>\n<p class=\"bodytext\" lang=\"fr-FR\" style=\"margin-bottom: 0in;\"><b>\u00a0\u00a0\u00a0\u00a0\u00a0\u00a0\u00a0\u00a0\u00a0\u00a0\u00a0\u00a0\u00a0\u00a0\u00a0\u00a0\u00a0\u00a0\u00a0\u00a0\u00a0\u00a0\u00a0\u00a0\u00a0\u00a0\u00a0\u00a0\u00a0\u00a0\u00a0\u00a0\u00a0\u00a0\u00a0\u00a0\u00a0\u00a0\u00a0\u00a0\u00a0\u00a0\u00a0\u00a0\u00a0\u00a0\u00a0\u00a0\u00a0\u00a0\u00a0\u00a0\u00a0\u00a0\u00a0\u00a0\u00a0\u00a0\u00a0\u00a0\u00a0\u00a0\u00a0\u00a0\u00a0\u00a0\u00a0\u00a0\u00a0\u00a0 \u00a0 \u00a0\u00a0\u00a0\u00a0\u00a0\u00a0\u00a0\u00a0\u00a0\u00a0 \u00a0 \u00a0BARCELONE 2011<\/b><\/p>\n<p class=\"bodytext\" lang=\"fr-FR\" style=\"margin-bottom: 0in;\"><b>\u00a0\u00a0\u00a0\u00a0\u00a0\u00a0\u00a0\u00a0\u00a0\u00a0\u00a0\u00a0\u00a0\u00a0\u00a0\u00a0\u00a0\u00a0\u00a0 \u00a0 \u00a0 \u00a0\u00a0\u00a0\u00a0\u00a0\u00a0\u00a0\u00a0\u00a0\u00a0\u00a0\u00a0\u00a0\u00a0\u00a0\u00a0\u00a0\u00a0\u00a0\u00a0\u00a0\u00a0\u00a0\u00a0\u00a0\u00a0\u00a0\u00a0\u00a0\u00a0\u00a0\u00a0\u00a0\u00a0\u00a0\u00a0\u00a0\u00a0\u00a0\u00a0\u00a0\u00a0\u00a0 LA GLOBALISATION DE LA SOLIDARIT\u00c9<\/b><\/p>\n<p class=\"bodytext\" lang=\"fr-FR\" style=\"margin-bottom: 0in;\">\n<p class=\"bodytext\" style=\"margin-bottom: 0in;\"><strong><span lang=\"fr-FR\">LIMA <\/span><span lang=\"fr-FR\">1997, <\/span><span lang=\"fr-FR\">QU\u00c9BEC <\/span><span lang=\"fr-FR\">2001, <\/span><span lang=\"fr-FR\">DAKAR <\/span><span lang=\"fr-FR\">2005, <\/span><span lang=\"fr-FR\">LUXEMBOURG <\/span><span lang=\"fr-FR\">2009,<\/span><span lang=\"fr-FR\">sont <\/span><span lang=\"fr-FR\">les <\/span><span lang=\"fr-FR\">rencontres <\/span><span lang=\"fr-FR\">qui <\/span><span lang=\"fr-FR\">jalonnent <\/span><span lang=\"fr-FR\">la <\/span><span lang=\"fr-FR\">mise <\/span><span lang=\"fr-FR\">en <\/span><span lang=\"fr-FR\">r\u00e9seau <\/span><span lang=\"fr-FR\">international <\/span><span lang=\"fr-FR\">de <\/span><span lang=\"fr-FR\">l<\/span><span lang=\"fr-FR\">\u2019<\/span><span lang=\"fr-FR\">\u00e9conomie<\/span><span lang=\"fr-FR\"> sociale.<\/span><\/strong><\/p>\n<p class=\"bodytext\" style=\"margin-bottom: 0in;\">\n<p class=\"bodytext\" style=\"margin-bottom: 0in;\"><span lang=\"fr-FR\">Ce <\/span><span lang=\"fr-FR\">processus <\/span><span lang=\"fr-FR\">fait <\/span><span lang=\"fr-FR\">maintenant <\/span><span lang=\"fr-FR\">une <\/span><span lang=\"fr-FR\">halte <\/span><span lang=\"fr-FR\">de <\/span><span lang=\"fr-FR\">quelques <\/span><span lang=\"fr-FR\">jours <\/span><span lang=\"fr-FR\">\u00e0 <\/span><span lang=\"fr-FR\">Barcelone,<\/span><span lang=\"fr-FR\">la <\/span><span lang=\"fr-FR\">Rose <\/span><span lang=\"fr-FR\">de <\/span><span lang=\"fr-FR\">Feu,<\/span><span lang=\"fr-FR\">comme <\/span><span lang=\"fr-FR\">on <\/span><span lang=\"fr-FR\">l<\/span><span lang=\"fr-FR\">\u2019<\/span><span lang=\"fr-FR\">appelait <\/span><span lang=\"fr-FR\">dans <\/span><span lang=\"fr-FR\">le <\/span><span lang=\"fr-FR\">mouvement <\/span><span lang=\"fr-FR\">ouvrier <\/span><span lang=\"fr-FR\">de <\/span><span lang=\"fr-FR\">l<\/span><span lang=\"fr-FR\">\u2019<\/span><span lang=\"fr-FR\">aube <\/span><span lang=\"fr-FR\">du <\/span><span lang=\"fr-FR\">XXe <\/span><span lang=\"fr-FR\">si\u00e8cle, <\/span><span lang=\"fr-FR\">pour <\/span><span lang=\"fr-FR\">donner <\/span><span lang=\"fr-FR\">naissance <\/span><span lang=\"fr-FR\">au <\/span><span lang=\"fr-FR\">R\u00e9seau <\/span><span lang=\"fr-FR\">Europ\u00e9en <\/span><span lang=\"fr-FR\">de <\/span><span lang=\"fr-FR\">Promotion <\/span><span lang=\"fr-FR\">de <\/span><span lang=\"fr-FR\">l<\/span><span lang=\"fr-FR\">\u2019<\/span><span lang=\"fr-FR\">\u00c9conomie <\/span><span lang=\"fr-FR\">Sociale <\/span><span lang=\"fr-FR\">et <\/span><span lang=\"fr-FR\">Solidaire <\/span><span lang=\"fr-FR\">(le <\/span><span lang=\"fr-FR\">RIPESS<\/span><span lang=\"fr-FR\"> EUROPE<\/span><span lang=\"fr-FR\">&#8211;<\/span><span lang=\"fr-FR\">R\u00e9seau<\/span><span lang=\"fr-FR\"> Intercontinental <\/span><span lang=\"fr-FR\">de <\/span><span lang=\"fr-FR\">Promotion<\/span><span lang=\"fr-FR\"> de <\/span><span lang=\"fr-FR\">l<\/span><span lang=\"fr-FR\">\u2019<\/span><span lang=\"fr-FR\">\u00c9conomie <\/span><span lang=\"fr-FR\">Sociale <\/span><span lang=\"fr-FR\">et <\/span><span lang=\"fr-FR\">Solidaire <\/span><span lang=\"fr-FR\">Europe).<\/span><\/p>\n<p class=\"bodytext\" lang=\"fr-FR\" style=\"margin-bottom: 0in;\">C\u2019est ainsi, que r\u00e9unis dans cette ville, nous tous, repr\u00e9sentants des r\u00e9seaux de ,Belgique, Catalogne France, Espagne, Hongrie, Italie, Luxembourg, Portugal, Roumanie, et des personnes venant de Allemagne, nous d\u00e9clarons qu\u2019\u00e0 l\u2019issue de trois jours de travail et d\u2019\u00e9changes fructueux, le 8, 9 et 10 septembre 2011, nous avons cr\u00e9\u00e9 le R\u00e9seau RIPESS EUROPE, nous l\u2019avons dot\u00e9 de statuts et nous avons \u00e9lu les personnes qui nous repr\u00e9senteront au sein du Comit\u00e9 de Coordination pour les deux ans \u00e0 venir.<\/p>\n<p class=\"bodytext\" lang=\"fr-FR\" style=\"margin-bottom: 0in;\">\n<p class=\"bodytext\" lang=\"fr-FR\" style=\"margin-bottom: 0in;\">La cr\u00e9ation du R\u00e9seau Europ\u00e9en RIPESS est l\u2019occasion de rappeler que nous avons derri\u00e8re nous un long chemin de luttes et d\u2019exp\u00e9riences qui ont marqu\u00e9 l\u2019histoire sociale et politique europ\u00e9enne. Chaque fois que, dans le plus petit village du vieux continent, les hommes et les femmes se sont regroup\u00e9s, et ont donn\u00e9 une r\u00e9ponse collective et \u00e9mancipatrice pour faire face \u00e0 leurs besoins, ils ont fait avancer l\u2019\u00e9conomie sociale et solidaire. Les coop\u00e9ratives, soci\u00e9t\u00e9s d\u2019aide mutuelle, caisses de cr\u00e9dit et de r\u00e9sistance, associations, mutuelles et syndicats, mais \u00e9galement les cercles et universit\u00e9s populaires, les centres encyclop\u00e9diques, les biblioth\u00e8ques ouvri\u00e8res, les chorales et troupes de th\u00e9\u00e2tre, &#8230; ont peu \u00e0 peu constitu\u00e9 un patrimoine social et culturel dont nous sommes les enfants tout \u00e0 la fois que nous nous sentons les continuateurs de leurs id\u00e9aux.<\/p>\n<p class=\"bodytext\" lang=\"fr-FR\" style=\"margin-bottom: 0in;\">\n<p class=\"bodytext\" lang=\"fr-FR\" style=\"margin-bottom: 0in;\">La cr\u00e9ation du R\u00e9seau RIPESS EUROPE est l\u2019occasion de mettre en \u00e9vidence que le mod\u00e8le d\u2019organisation politique, \u00e9conomique et social actuel est caract\u00e9ris\u00e9 par la cupidit\u00e9, la concurrence et l\u2019individualisme, et la violence contre les personnes. L\u2019ESS souhaite au contraire surmonter les effets de la crise actuelle et promouvoir des modes d\u2019organisation et ceci du local au global qui favorisent la libert\u00e9. Nous refusons (rejetons) les causes et les cons\u00e9quences de la crise actuelle. Elle est bas\u00e9e sur la sp\u00e9culation de flux financiers incontr\u00f4l\u00e9s et un mod\u00e8le \u00e9conomique sauvage qui appauvrit et exclut un nombre toujours plus grand de personnes et de territoires, en d\u00e9truisant le patrimoine naturel et culturel du monde entier.<\/p>\n<p class=\"bodytext\" lang=\"fr-FR\" style=\"margin-bottom: 0in;\">\n<p class=\"bodytext\" lang=\"fr-FR\" style=\"margin-bottom: 0in;\">Parall\u00e8lement, nous voyons na\u00eetre et cro\u00eetre, en Europe et partout ailleurs, des milliers d\u2019exp\u00e9riences concr\u00e8tes qui se r\u00e9clament de l\u2019\u00e9conomie solidaire. Des coop\u00e9ratives productives autogestionnaires, des march\u00e9s solidaires, consommation responsable et souverainet\u00e9 alimentaire, des formes alternatives de financement, des banques du temps, des services de proximit\u00e9, des initiatives environnementales et \u00e9cologiques, d\u2019\u00e9galit\u00e9 des sexes et p\u00e9dagogiques, le commerce \u00e9quitable, des associations de d\u00e9veloppement local, des entreprises sociales durables,&#8230;Dans toutes les sph\u00e8res de la vie \u00e9conomique, de la production, de la commercialisation, de la consommation et des finances, ne cessent d\u2019appara\u00eetre de nouvelles organisations qui ouvrent des voies et veulent d\u00e9passer la logique du b\u00e9n\u00e9fice individuel et du capital de l\u2019\u00e9conomie mercantile, de la bureaucratisation et la hi\u00e9rarchisation du secteur public. La volont\u00e9 et les pratiques d\u2019articulation et de coordination de l\u2019ensemble de ces initiatives grandissent, et se cr\u00e9ent des plateformes, consortiums, f\u00e9d\u00e9rations et r\u00e9seaux qui les repr\u00e9sentent. La cr\u00e9ation aujourd\u2019hui du R\u00e9seau Europ\u00e9en RIPESS s\u2019inscrit dans cette perspective.\u00a0C\u2019est sur ces valeurs et ces exp\u00e9riences que nous pouvons et souhaitons construire une \u00e9conomie et une soci\u00e9t\u00e9 plus justes, moins d\u00e9pr\u00e9datrices et qui n\u2019excluent personne.<\/p>\n<p class=\"bodytext\" lang=\"fr-FR\" style=\"margin-bottom: 0in;\">\n<p class=\"bodytext\" lang=\"fr-FR\" style=\"margin-bottom: 0in;\">Nous savons que ce n\u2019est pas facile. Les d\u00e9fis du futur sont complexes et importants. La d\u00e9mocratie doit rentrer dans la vie \u00e9conomique, nous devons nous renforcer et \u00e9tendre nos exp\u00e9riences pour sortir de la marge et \u00eatre visibles, int\u00e9grer, territorialement et verticalement, les multiples initiatives \u00e9conomiques, sociales et environnementales, approfondir la critique des axiomes de l\u2019\u00e9conomie traditionnelle ainsi que la th\u00e9orie de l\u2019\u00e9conomie solidaire, nous devons lutter contre la pauvret\u00e9, l\u2019exclusion et l\u2019in\u00e9galit\u00e9, am\u00e9liorer la qualit\u00e9 de la vie, respecter et faire respecter la nature, d\u00e9fendre la culture des peuples et leur droit \u00e0 l\u2019autod\u00e9termination, briser les logiques corporatives et promouvoir l\u2019int\u00e9r\u00eat g\u00e9n\u00e9ral et citoyen, interpeller et mobiliser le secteur public, construire des alliances et des r\u00e9seaux avec les autres acteurs des mouvements sociaux, il nous faut affirmer notre l\u00e9gitimit\u00e9 et gagner notre reconnaissance, \u00eatre des interlocuteurs des instances politiques locales, r\u00e9gionales, nationales et europ\u00e9ennes, et enfin, nous ne voulons pas nous enfermer dans les fronti\u00e8res europ\u00e9ennes, mais au contraire nous souhaitons participer activement \u00e0 la globalisation de la solidarit\u00e9.<\/p>\n<p class=\"bodytext\" lang=\"fr-FR\" style=\"margin-bottom: 0in;\">Encore au del\u00e0, la cr\u00e9ation du R\u00e9seau RIPESS EUROPE est enfin l\u2019occasion d\u2019affirmer un futur, hors du chemin tout trac\u00e9 de ce mod\u00e8le \u00e9conomique sauvage, car c\u2019est un autre monde que nous voulons construire.<\/p>\n<p class=\"bodytext\" lang=\"fr-FR\" style=\"margin-bottom: 0in;\">Nous sommes fermement convaincus, non seulement qu\u2019un autre monde est possible, mais qu\u2019il est aussi chaque jour plus n\u00e9cessaire.<\/p>\n<p class=\"bodytext\" lang=\"fr-FR\" style=\"margin-bottom: 0in;\">\n<p class=\"bodytext\" lang=\"fr-FR\" style=\"margin-bottom: 0in;\"><b>Que le feu de la rose illumine le futur de l\u2019\u00e9conomie solidaire. Depuis Barcelona: \u00abLongue vie \u00e0 l\u2019\u00e9conomie solidaire du monde entier!\u00bb<\/b><\/p>\n<p>&nbsp;<\/p>\n","protected":false},"excerpt":{"rendered":"<p>\u00a0\u00a0\u00a0\u00a0\u00a0\u00a0\u00a0\u00a0\u00a0\u00a0\u00a0\u00a0\u00a0\u00a0\u00a0\u00a0\u00a0\u00a0\u00a0\u00a0\u00a0\u00a0\u00a0\u00a0\u00a0\u00a0\u00a0\u00a0\u00a0\u00a0\u00a0\u00a0\u00a0\u00a0\u00a0\u00a0\u00a0\u00a0\u00a0\u00a0\u00a0\u00a0\u00a0\u00a0 MANIFESTE DU R\u00c9SEAU EUROP\u00c9EN D\u2019\u00c9CONOMIE SOCIALE ET SOLIDAIRE \u00a0\u00a0\u00a0\u00a0\u00a0\u00a0\u00a0\u00a0\u00a0\u00a0\u00a0\u00a0\u00a0\u00a0\u00a0\u00a0\u00a0\u00a0\u00a0\u00a0\u00a0\u00a0\u00a0\u00a0\u00a0\u00a0\u00a0\u00a0\u00a0\u00a0\u00a0\u00a0\u00a0\u00a0\u00a0\u00a0\u00a0\u00a0\u00a0\u00a0\u00a0\u00a0\u00a0\u00a0\u00a0\u00a0\u00a0\u00a0\u00a0\u00a0\u00a0\u00a0\u00a0\u00a0\u00a0\u00a0\u00a0\u00a0\u00a0\u00a0\u00a0\u00a0\u00a0\u00a0\u00a0\u00a0\u00a0\u00a0\u00a0\u00a0 \u00a0 \u00a0\u00a0\u00a0\u00a0\u00a0\u00a0\u00a0\u00a0\u00a0\u00a0 \u00a0 \u00a0BARCELONE 2011 \u00a0\u00a0\u00a0\u00a0\u00a0\u00a0\u00a0\u00a0\u00a0\u00a0\u00a0\u00a0\u00a0\u00a0\u00a0\u00a0\u00a0\u00a0\u00a0 \u00a0 \u00a0 \u00a0\u00a0\u00a0\u00a0\u00a0\u00a0\u00a0\u00a0\u00a0\u00a0\u00a0\u00a0\u00a0\u00a0\u00a0\u00a0\u00a0\u00a0\u00a0\u00a0\u00a0\u00a0\u00a0\u00a0\u00a0\u00a0\u00a0\u00a0\u00a0\u00a0\u00a0\u00a0\u00a0\u00a0\u00a0\u00a0\u00a0\u00a0\u00a0\u00a0\u00a0\u00a0\u00a0 LA GLOBALISATION DE LA SOLIDARIT\u00c9 LIMA 1997, QU\u00c9BEC 2001, DAKAR 2005, [&hellip;]<\/p>\n","protected":false},"author":2,"featured_media":0,"parent":570,"menu_order":0,"comment_status":"closed","ping_status":"closed","template":"","meta":{"_et_pb_use_builder":"","_et_pb_old_content":"","_et_gb_content_width":"","footnotes":""},"class_list":["post-580","page","type-page","status-publish","hentry"],"_links":{"self":[{"href":"https:\/\/ripess.eu\/fr\/wp-json\/wp\/v2\/pages\/580","targetHints":{"allow":["GET"]}}],"collection":[{"href":"https:\/\/ripess.eu\/fr\/wp-json\/wp\/v2\/pages"}],"about":[{"href":"https:\/\/ripess.eu\/fr\/wp-json\/wp\/v2\/types\/page"}],"author":[{"embeddable":true,"href":"https:\/\/ripess.eu\/fr\/wp-json\/wp\/v2\/users\/2"}],"replies":[{"embeddable":true,"href":"https:\/\/ripess.eu\/fr\/wp-json\/wp\/v2\/comments?post=580"}],"version-history":[{"count":0,"href":"https:\/\/ripess.eu\/fr\/wp-json\/wp\/v2\/pages\/580\/revisions"}],"up":[{"embeddable":true,"href":"https:\/\/ripess.eu\/fr\/wp-json\/wp\/v2\/pages\/570"}],"wp:attachment":[{"href":"https:\/\/ripess.eu\/fr\/wp-json\/wp\/v2\/media?parent=580"}],"curies":[{"name":"wp","href":"https:\/\/api.w.org\/{rel}","templated":true}]}}