{"id":578,"date":"2014-06-19T10:39:49","date_gmt":"2014-06-19T08:39:49","guid":{"rendered":"http:\/\/ripess.eu\/?page_id=578"},"modified":"2023-11-03T14:27:29","modified_gmt":"2023-11-03T13:27:29","slug":"devenir-un-membre","status":"publish","type":"page","link":"https:\/\/ripess.eu\/fr\/gouvernance\/devenir-un-membre\/","title":{"rendered":"Devenir membre"},"content":{"rendered":"<p><strong>RIPESS Europe \u2013 Economy Solidarity Europe<\/strong>, a pour but d\u2019\u00e9changer les pratiques et de s\u2019engager dans des actions communes qui peuvent \u00e9largir et am\u00e9liorer la visibilit\u00e9 de l\u2019\u00e9conomie Sociale et Solidaire.<\/p>\n<p>Ce r\u00e9seau vise \u00e0 f\u00e9d\u00e9rer les acteurs et organisations de l\u2019\u00e9conomie sociale et solidaire au niveau europ\u00e9en pour promouvoir d\u2019autres modes de production, de consommation, d\u2019\u00e9pargne et d\u2019\u00e9change pour la construction de r\u00e9gulations \u00e9conomiques plus justes et d\u2019un d\u00e9veloppement plus solidaire.<\/p>\n<p>Votre adh\u00e9sion renforcera la visibilit\u00e9 de votre structure au niveau europ\u00e9en et vous permettra de partager avec d\u2019autres vos exp\u00e9riences et pratiques de terrain. Plus encore, elle vous permettra de construire des projets communs, de d\u00e9velopper une intelligence collective et de construire d\u2019une voix commune l\u2019Economie solidaire en Europe.<\/p>\n<p><strong>DEVENIR MEMBRE DU RIPESS EUROPE<\/strong><\/p>\n<p>La qualit\u00e9 de membre est ouverte \u00e0 toute personne individuelle ou morale qui souhaite rejoindre le r\u00e9seau. Il vous suffit de remplir la <span style=\"color: #0000ff\"><a style=\"color: #0000ff\" href=\"https:\/\/ripess.eu\/en\/eforms\/membership\/8\/\" target=\"_blank\" rel=\"noopener\"><strong>fiche d\u2019inscription<\/strong><\/a><\/span> en ligne et d\u2019approuver la <strong><a href=\"http:\/\/ripess.eu\/fr\/gouvernance\/manifeste\/\"><span style=\"color: #0000ff\">Charte du r\u00e9seau<\/span><\/a><\/strong>. Cette adh\u00e9sion sera valid\u00e9e par l\u2019Assembl\u00e9e g\u00e9n\u00e9rale suivant la candidature (voir <span style=\"color: #0000ff\"><strong><a style=\"color: #0000ff\" href=\"http:\/\/ripess.eu\/fr\/gouvernance\/statute\/\">les statuts<\/a><\/strong> <\/span>et notamment l\u2019article 7). Il faut aussi s\u2019acquitter d&rsquo;un montant annuel d&rsquo;adh\u00e9sion de 100,00 euro avant l&rsquo;Assembl\u00e9e G\u00e9n\u00e9rale.<\/p>\n<p>Vous \u00eates les bienvenu(e)s!<\/p>\n","protected":false},"excerpt":{"rendered":"<p>RIPESS Europe \u2013 Economy Solidarity Europe, a pour but d\u2019\u00e9changer les pratiques et de s\u2019engager dans des actions communes qui peuvent \u00e9largir et am\u00e9liorer la visibilit\u00e9 de l\u2019\u00e9conomie Sociale et [&hellip;]<\/p>\n","protected":false},"author":1,"featured_media":0,"parent":570,"menu_order":0,"comment_status":"closed","ping_status":"closed","template":"","meta":{"_et_pb_use_builder":"","_et_pb_old_content":"","_et_gb_content_width":"","footnotes":""},"class_list":["post-578","page","type-page","status-publish","hentry"],"_links":{"self":[{"href":"https:\/\/ripess.eu\/fr\/wp-json\/wp\/v2\/pages\/578","targetHints":{"allow":["GET"]}}],"collection":[{"href":"https:\/\/ripess.eu\/fr\/wp-json\/wp\/v2\/pages"}],"about":[{"href":"https:\/\/ripess.eu\/fr\/wp-json\/wp\/v2\/types\/page"}],"author":[{"embeddable":true,"href":"https:\/\/ripess.eu\/fr\/wp-json\/wp\/v2\/users\/1"}],"replies":[{"embeddable":true,"href":"https:\/\/ripess.eu\/fr\/wp-json\/wp\/v2\/comments?post=578"}],"version-history":[{"count":0,"href":"https:\/\/ripess.eu\/fr\/wp-json\/wp\/v2\/pages\/578\/revisions"}],"up":[{"embeddable":true,"href":"https:\/\/ripess.eu\/fr\/wp-json\/wp\/v2\/pages\/570"}],"wp:attachment":[{"href":"https:\/\/ripess.eu\/fr\/wp-json\/wp\/v2\/media?parent=578"}],"curies":[{"name":"wp","href":"https:\/\/api.w.org\/{rel}","templated":true}]}}