{"id":572,"date":"2014-06-19T10:10:26","date_gmt":"2014-06-19T08:10:26","guid":{"rendered":"http:\/\/ripess.eu\/?page_id=572"},"modified":"2022-05-18T16:26:48","modified_gmt":"2022-05-18T15:26:48","slug":"comite-scientifique","status":"publish","type":"page","link":"https:\/\/ripess.eu\/fr\/gouvernance\/comite-scientifique\/","title":{"rendered":"Comit\u00e9 Scientifique"},"content":{"rendered":"<p>Au cours de l\u2019Assembl\u00e9e g\u00e9n\u00e9rale de Lille (2012) la constitution d\u2019un conseil consultatif a \u00e9t\u00e9 adopt\u00e9e. Il s\u2019est ensuite intitul\u00e9 Conseil Scientifique, avec les fonctions suivantes :<\/p>\n<p>\u2013 Aider \u00e1 constituer le patrimoine historique et th\u00e9orique du r\u00e9seau<br \/>\n\u2013 Contribuer \u00e1 \u00e9laborer les axes strat\u00e9giques du r\u00e9seau<br \/>\n\u2013 Elaborer des dossiers qui puissent aider \u00e0 formuler les prises de position du COCO (COmit\u00e9 de COordination)<br \/>\n\u2013\u00a0 R\u00e9pondre aux demandes du COCO, selon un agenda<br \/>\n\u2013 Aider les groupes de travail, le cas \u00e9ch\u00e9ant<br \/>\n\u2013 Diffuser aupr\u00e8s des membres du r\u00e9seau les connaissances et les informations acquises.<\/p>\n<p>Le Comit\u00e9 Scientifique (CS) d\u00e9veloppe des travaux scientifiques d\u00e9di\u00e9s \u00e0 l\u2019\u00e9conomie sociale et solidaire, sur la base et en coop\u00e9ration avec les initiatives des membres du RIPESS Europe. Il renforce ainsi la visibilit\u00e9 du r\u00e9seau, la cr\u00e9dibilit\u00e9 de ses travaux et\u00a0 facilite les coop\u00e9rations avec le monde de l\u2019\u00e9ducation et de l\u2019universit\u00e9.<\/p>\n<h3>Actions et participation du Comit\u00e9 Scientifique au RIPESS Europe<\/h3>\n<p><strong>Diffusion du Manifeste international pour l\u2019\u00e9conomie solidaire<\/strong><\/p>\n<p>Des universitaires et chercheurs de diff\u00e9rents continents (Afrique, Am\u00e9rique, Asie, Europe) qui travaillent depuis longtemps avec des praticien.nes de l\u2019\u00e9conomie solidaire ont r\u00e9dig\u00e9 et travaillent \u00e0 la diffusion du Manifeste pour interpeller les pouvoirs publics sur leur soutien \u00e0 cette \u00e9conomie \u00e9mergente. Il s\u2019agit \u00e9galement d\u2019un outil permettant de rassembler plus d\u2019universitaires, doctorant.es et non universitaires sur la base d\u2019un besoin commun de production de connaissances d\u00e9di\u00e9es \u00e0 l\u2019\u00e9conomie solidaire.<\/p>\n<p>Ce Manifeste affirme ce qui suit :<br \/>\n\u00ab\u00a0L\u2019\u00e9conomie solidaire assume des finalit\u00e9s sociales, \u00e9cologiques, culturelles, contre l\u2019accroissement des in\u00e9galit\u00e9s et pour la justice, contre le changement climatique et pour un partage \u00e9quitable des ressources, contre l\u2019uniformisation des comportements et pour l\u2019expression des diversit\u00e9s. Nous avons besoin de cette \u00e9conomie pour demain, au moment m\u00eame o\u00f9 l\u2019\u00e9puisement du syst\u00e8me dominant est \u00e9vident. La science \u00e9conomique s\u2019est d\u00e9velopp\u00e9e \u00e0 partir d\u2019une base \u00e9pist\u00e9mologique qui n\u00e9glige les ressources naturelles en les consid\u00e9rant comme in\u00e9puisables et privil\u00e9gie l\u2019int\u00e9r\u00eat mat\u00e9riel comme unique motivation. [\u2026] Des ajustements au syst\u00e8me existant sont n\u00e9cessaires mais ils ne seront pas suffisants. Les exp\u00e9riences initi\u00e9es par l\u2019\u00e9conomie solidaire sont vectrices de nouvelles relations entre l\u2019\u00e9conomie et la soci\u00e9t\u00e9 dans ses dimensions humaines et non humaines. Les acteurs et actrices impliqu\u00e9.es dans l\u2019\u00e9conomie solidaire doivent \u00eatre entendus. L\u2019\u00e9conomie dont nous avons besoin pour demain est d\u00e9j\u00e0 l\u00e0. Sa croissance d\u00e9pend de l\u2019av\u00e8nement d\u2019une nouvelle g\u00e9n\u00e9ration d\u2019action publique\u00a0\u00bb.<\/p>\n<p>Le Manifeste est diffus\u00e9 au sein de l\u2019Universit\u00e9 par les membres du Comit\u00e9 Scientifique (principalement dans le cadre d\u2019ateliers), et dans des webinaires d\u00e9di\u00e9s du RIPESS Europe. Les r\u00e9seaux membres assurent \u00e9galement sa publication dans les m\u00e9dias nationaux.<br \/>\nLe Manifeste est accessible en ligne en permanence sur <a href=\"http:\/\/www.socioeco.org\/bdf_fiche-document-7249_fr.html\">socioeco.org.<\/a><\/p>\n<p><strong>S\u00e9rie de webinaires<\/strong><\/p>\n<p>Le comit\u00e9 scientifique organise des s\u00e9minaires ouverts en ligne organis\u00e9s selon des th\u00e9matiques mises en d\u00e9bat.<\/p>\n<p>Exemples d\u2019objectifs :<\/p>\n<ul>\n<li>Fertiliser le champ d\u2019investigation et d\u2019exploration des membres du RIPESS Europe avec des th\u00e9matiques encore en \u00e9mergence dans le mouvement de l\u2019ESS, en particulier la perspective f\u00e9ministe et d\u00e9coloniale. Ouvrir de nouvelles pistes de recherche pour les croiser avec la litt\u00e9rature plus \u00ab\u00a0traditionnelle\u00a0\u00bb sur l\u2019ESS ;<\/li>\n<li>Proposer des recherches et des d\u00e9bats sur des notions et des concepts sp\u00e9cifiques couramment utilis\u00e9s en introduisant des analyses renouvel\u00e9es.<\/li>\n<\/ul>\n<p><strong>Bulletin d\u2019information du RIPESS Europe<\/strong><\/p>\n<p>Les membres du Comit\u00e9 Scientifique publient r\u00e9guli\u00e8rement des articles dans le bulletin d\u2019information du RIPESS Europe. Il peut s\u2019agir des activit\u00e9s du comit\u00e9 scientifique, du travail publi\u00e9 par l\u2019un des membres, d\u2019un livre ou d\u2019un article int\u00e9ressant de partager.<\/p>\n<p>Les membres du Comit\u00e9 scientifique: Laura Aufr\u00e8re, Jean-Louis Laville, Luciane Lucas.<\/p>\n","protected":false},"excerpt":{"rendered":"<p>Au cours de l\u2019Assembl\u00e9e g\u00e9n\u00e9rale de Lille (2012) la constitution d\u2019un conseil consultatif a \u00e9t\u00e9 adopt\u00e9e. Il s\u2019est ensuite intitul\u00e9 Conseil Scientifique, avec les fonctions suivantes : \u2013 Aider \u00e1 [&hellip;]<\/p>\n","protected":false},"author":4,"featured_media":23237,"parent":570,"menu_order":0,"comment_status":"closed","ping_status":"closed","template":"","meta":{"_et_pb_use_builder":"on","_et_pb_old_content":"","_et_gb_content_width":"","footnotes":""},"class_list":["post-572","page","type-page","status-publish","has-post-thumbnail","hentry"],"_links":{"self":[{"href":"https:\/\/ripess.eu\/fr\/wp-json\/wp\/v2\/pages\/572","targetHints":{"allow":["GET"]}}],"collection":[{"href":"https:\/\/ripess.eu\/fr\/wp-json\/wp\/v2\/pages"}],"about":[{"href":"https:\/\/ripess.eu\/fr\/wp-json\/wp\/v2\/types\/page"}],"author":[{"embeddable":true,"href":"https:\/\/ripess.eu\/fr\/wp-json\/wp\/v2\/users\/4"}],"replies":[{"embeddable":true,"href":"https:\/\/ripess.eu\/fr\/wp-json\/wp\/v2\/comments?post=572"}],"version-history":[{"count":0,"href":"https:\/\/ripess.eu\/fr\/wp-json\/wp\/v2\/pages\/572\/revisions"}],"up":[{"embeddable":true,"href":"https:\/\/ripess.eu\/fr\/wp-json\/wp\/v2\/pages\/570"}],"wp:featuredmedia":[{"embeddable":true,"href":"https:\/\/ripess.eu\/fr\/wp-json\/wp\/v2\/media\/23237"}],"wp:attachment":[{"href":"https:\/\/ripess.eu\/fr\/wp-json\/wp\/v2\/media?parent=572"}],"curies":[{"name":"wp","href":"https:\/\/api.w.org\/{rel}","templated":true}]}}