{"id":568,"date":"2014-06-13T07:35:50","date_gmt":"2014-06-13T07:35:50","guid":{"rendered":"http:\/\/ripess.eu\/?page_id=568"},"modified":"2014-07-07T13:42:38","modified_gmt":"2014-07-07T13:42:38","slug":"presentation","status":"publish","type":"page","link":"https:\/\/ripess.eu\/fr\/villarceaux-paris-2014\/presentation\/","title":{"rendered":"Presentation"},"content":{"rendered":"<div class=\"page\">\n<div id=\"post-202\" class=\"post-202 page type-page status-publish hentry\">\n<div class=\"text\">\n<div class=\"entry\"><span lang=\"fr-FR\"><span lang=\"fr-FR\">Le RIPESS Europe a tenu sa derni\u00e8re assembl\u00e9e g\u00e9n\u00e9rale \u00e0 la Bergerie les 6 et 7 juin 2014, avec le soutien de la Fondation pour le Progr\u00e8s de l\u2019Homme.<br \/>\n<\/span><\/span><\/div>\n<div class=\"entry\"><span lang=\"fr-FR\">L&rsquo;\u00e9v\u00e9nement de deux jours a \u00e9t\u00e9 l&rsquo;occasion de discuter sur le r\u00f4le et les strat\u00e9gies du r\u00e9seau europ\u00e9en apr\u00e8s les \u00e9lections au Parlement europ\u00e9en. De nouveaux participants au r\u00e9seau, venus de Gr\u00e8ce et de Pologne, ont pr\u00e9sent\u00e9 la situation de l\u2019Economie Sociale et Solidaire (ESS) dans leur pays.<\/span><\/div>\n<div class=\"entry\">Les ateliers ont permis de faire avancer les travaux en cours sur l\u2019Etat de l\u2019Art et le p\u00e9rim\u00e8tre de l\u2019ESS et l\u2019assembl\u00e9e g\u00e9n\u00e9rale s\u2019est fix\u00e9e un calendrier de travail en d\u00e9cidant que la tenue du Comit\u00e9 de Coordination \u00e0 l\u2019invitation de pays membres, serait l\u2019occasion de rencontres avec les acteurs de l\u2019ESS du pays pour faire progresser les travaux engag\u00e9s.<\/div>\n<div class=\"entry\">\n<strong>Programme<\/strong><\/p>\n<p><a href=\"http:\/\/ripess.eu\/wp-content\/uploads\/2014\/06\/Program-Villarceaux-2014-fr.jpg\"><img loading=\"lazy\" decoding=\"async\" class=\"alignleft  wp-image-869\" src=\"http:\/\/ripess.eu\/wp-content\/uploads\/2014\/06\/Program-Villarceaux-2014-fr.jpg\" alt=\"Program Villarceaux 2014 fr\" width=\"788\" height=\"858\" \/><\/a><\/p>\n<\/div>\n<\/div>\n<\/div>\n<\/div>\n","protected":false},"excerpt":{"rendered":"<p>Le RIPESS Europe a tenu sa derni\u00e8re assembl\u00e9e g\u00e9n\u00e9rale \u00e0 la Bergerie les 6 et 7 juin 2014, avec le soutien de la Fondation pour le Progr\u00e8s de l\u2019Homme. L&rsquo;\u00e9v\u00e9nement [&hellip;]<\/p>\n","protected":false},"author":2,"featured_media":0,"parent":562,"menu_order":0,"comment_status":"closed","ping_status":"closed","template":"","meta":{"_et_pb_use_builder":"","_et_pb_old_content":"","_et_gb_content_width":"","footnotes":""},"class_list":["post-568","page","type-page","status-publish","hentry"],"_links":{"self":[{"href":"https:\/\/ripess.eu\/fr\/wp-json\/wp\/v2\/pages\/568","targetHints":{"allow":["GET"]}}],"collection":[{"href":"https:\/\/ripess.eu\/fr\/wp-json\/wp\/v2\/pages"}],"about":[{"href":"https:\/\/ripess.eu\/fr\/wp-json\/wp\/v2\/types\/page"}],"author":[{"embeddable":true,"href":"https:\/\/ripess.eu\/fr\/wp-json\/wp\/v2\/users\/2"}],"replies":[{"embeddable":true,"href":"https:\/\/ripess.eu\/fr\/wp-json\/wp\/v2\/comments?post=568"}],"version-history":[{"count":0,"href":"https:\/\/ripess.eu\/fr\/wp-json\/wp\/v2\/pages\/568\/revisions"}],"up":[{"embeddable":true,"href":"https:\/\/ripess.eu\/fr\/wp-json\/wp\/v2\/pages\/562"}],"wp:attachment":[{"href":"https:\/\/ripess.eu\/fr\/wp-json\/wp\/v2\/media?parent=568"}],"curies":[{"name":"wp","href":"https:\/\/api.w.org\/{rel}","templated":true}]}}