{"id":566,"date":"2014-06-13T07:36:10","date_gmt":"2014-06-13T05:36:10","guid":{"rendered":"http:\/\/ripess.eu\/?page_id=566"},"modified":"2015-11-02T18:32:47","modified_gmt":"2015-11-02T16:32:47","slug":"medias-et-documents","status":"publish","type":"page","link":"https:\/\/ripess.eu\/fr\/villarceaux-paris-2014\/medias-et-documents\/","title":{"rendered":"M\u00e9dias et Documents"},"content":{"rendered":"<p><strong><span class=\"hps\">RIPESS Europe<\/span> <span class=\"hps\">Assembl\u00e9e g\u00e9n\u00e9rale<\/span> <span class=\"hps\">2014<\/span><\/strong><\/p>\n<p><span id=\"result_box\" lang=\"fr\"><span class=\"hps\">L&rsquo;Assembl\u00e9e<\/span> <span class=\"hps\">a \u00e9t\u00e9 l&rsquo;occasion<\/span> <span class=\"hps\">de produire des documents<\/span> <span class=\"hps\">et des propositions<\/span> <span class=\"hps\">strat\u00e9giques<\/span> <span class=\"hps\">et<\/span> <span class=\"hps\">orient\u00e9s vers l&rsquo;action<\/span>, <span class=\"hps atn\">dans le but d&rsquo;<\/span>avancer sur <span class=\"hps\">l&rsquo;organisation interne<\/span> <span class=\"hps\">du r\u00e9seau<\/span>, <span class=\"hps\">mais aussi<\/span> <span class=\"hps\">dans pour <\/span><span class=\"hps\">travailler <\/span>au fin d&rsquo;acqu\u00e9rir plus de visibilit\u00e9 en Europe.<\/span><\/p>\n<p><span class=\"hps\">Vous pouvez via<\/span> <span class=\"hps\">les liens suivants<\/span> <span class=\"hps\">acc\u00e9der<\/span> <span class=\"hps\">\u00e0 la documentation<\/span> <span class=\"hps\">pr\u00e9paratoire<\/span> <span class=\"hps\">ainsi que \u00e0<\/span> <span class=\"hps\">les <\/span><span class=\"hps\">r\u00e9sultats<\/span> <span class=\"hps\">de l&rsquo;Assembl\u00e9e<\/span>.<\/p>\n<p><strong><span id=\"result_box\" lang=\"fr\"><span class=\"hps\">Documents<\/span> <span class=\"hps\">pr\u00e9paratoires<\/span>:<\/span><\/strong><\/p>\n<ul>\n<li><strong><a href=\"http:\/\/ripess.eu\/wp-content\/uploads\/2014\/06\/RIPESSEU-diagnostic_et_propositions_2014_FR.pdf\">RIPESSEU-Diagnostic_et_propositions_2014<\/a><\/strong><\/li>\n<li><strong><a href=\"http:\/\/ripess.eu\/wp-content\/uploads\/2014\/06\/RIPESSEU_Propositions_et_orientations_FR.pdf\">RIPESSEU_Propositions_et_orientations_2014<\/a><\/strong><\/li>\n<li><strong><a href=\"http:\/\/ripess.eu\/wp-content\/uploads\/2014\/06\/RIPESSEU_Conseil_consultatif_proposition_FR.pdf\">RIPESSEU_Conseil_consultatif_proposition<\/a><\/strong><\/li>\n<li><strong><a href=\"http:\/\/ripess.eu\/wp-content\/uploads\/2014\/06\/RIPESSEU_Presentation_GTs_AG2014_FR.pdf\">RIPESSEU_Presentation Groupes de Travail<\/a><\/strong><\/li>\n<\/ul>\n<p><strong><span id=\"result_box\" class=\"short_text\" lang=\"fr\"><span class=\"hps\">Assembl\u00e9e<\/span> <span class=\"hps\">g\u00e9n\u00e9rale<\/span> <span class=\"hps\">RIPESS Europe<\/span> <span class=\"hps\">2014<\/span> <span class=\"hps\">&#8211; R\u00e9sultats<\/span>:<\/span><\/strong><\/p>\n<p><strong>Ateliers Groupes des Travail:<\/strong><br \/>\n<strong><a href=\"http:\/\/ripess.eu\/wp-content\/uploads\/2014\/06\/Decisions-Groupes-des-Travail-et-points-communes-.pdf\">Decisions Groupes des Travail et points communes<\/a><em><br \/>\n<\/em><\/strong><\/p>\n<p><em><strong>S\u00e9ance Pl\u00e9ni\u00e8re:<\/strong><\/em><br \/>\n<strong><a href=\"http:\/\/ripess.eu\/wp-content\/uploads\/2014\/06\/S\u00e9ance-pl\u00e9ni\u00e8re-D\u00e9cisions-finales.pdf\">S\u00e9ance pl\u00e9ni\u00e8re &#8211; D\u00e9cisions finales<\/a><\/strong><br \/>\n<strong><a href=\"http:\/\/ripess.eu\/wp-content\/uploads\/2014\/06\/Letter-to-RIPESS-Intercontinental-from-RIPESS-Europe.pdf\">Letter to RIPESS Intercontinental from RIPESS Europe<\/a><\/strong><\/p>\n<p><strong>Photos<\/strong><br \/>\n<a href=\"http:\/\/ripess.eu\/wp-content\/uploads\/2014\/06\/Photos-Assembly-20141.jpg\"><img loading=\"lazy\" decoding=\"async\" class=\"alignleft wp-image-505\" src=\"http:\/\/ripess.eu\/wp-content\/uploads\/2014\/06\/Photos-Assembly-20141.jpg\" alt=\"Photos-Assembly-2014\" width=\"824\" height=\"130\" \/><\/a><\/p>\n<p>&nbsp;<\/p>\n<p>&nbsp;<\/p>\n","protected":false},"excerpt":{"rendered":"<p>RIPESS Europe Assembl\u00e9e g\u00e9n\u00e9rale 2014 L&rsquo;Assembl\u00e9e a \u00e9t\u00e9 l&rsquo;occasion de produire des documents et des propositions strat\u00e9giques et orient\u00e9s vers l&rsquo;action, dans le but d&rsquo;avancer sur l&rsquo;organisation interne du r\u00e9seau, [&hellip;]<\/p>\n","protected":false},"author":2,"featured_media":0,"parent":562,"menu_order":0,"comment_status":"closed","ping_status":"closed","template":"","meta":{"_et_pb_use_builder":"","_et_pb_old_content":"","_et_gb_content_width":"","footnotes":""},"class_list":["post-566","page","type-page","status-publish","hentry"],"_links":{"self":[{"href":"https:\/\/ripess.eu\/fr\/wp-json\/wp\/v2\/pages\/566","targetHints":{"allow":["GET"]}}],"collection":[{"href":"https:\/\/ripess.eu\/fr\/wp-json\/wp\/v2\/pages"}],"about":[{"href":"https:\/\/ripess.eu\/fr\/wp-json\/wp\/v2\/types\/page"}],"author":[{"embeddable":true,"href":"https:\/\/ripess.eu\/fr\/wp-json\/wp\/v2\/users\/2"}],"replies":[{"embeddable":true,"href":"https:\/\/ripess.eu\/fr\/wp-json\/wp\/v2\/comments?post=566"}],"version-history":[{"count":0,"href":"https:\/\/ripess.eu\/fr\/wp-json\/wp\/v2\/pages\/566\/revisions"}],"up":[{"embeddable":true,"href":"https:\/\/ripess.eu\/fr\/wp-json\/wp\/v2\/pages\/562"}],"wp:attachment":[{"href":"https:\/\/ripess.eu\/fr\/wp-json\/wp\/v2\/media?parent=566"}],"curies":[{"name":"wp","href":"https:\/\/api.w.org\/{rel}","templated":true}]}}