{"id":562,"date":"2014-06-12T11:21:51","date_gmt":"2014-06-12T09:21:51","guid":{"rendered":"http:\/\/ripess.eu\/?page_id=562"},"modified":"2015-11-02T18:25:59","modified_gmt":"2015-11-02T16:25:59","slug":"villarceaux-paris-2014","status":"publish","type":"page","link":"https:\/\/ripess.eu\/fr\/villarceaux-paris-2014\/","title":{"rendered":"Villarceaux (Paris) 2014"},"content":{"rendered":"<p><span id=\"result_box\" lang=\"fr\"><span class=\"hps atn\">Le\u00a0<span class=\"gt-card-ttl-txt\" style=\"direction: ltr;\">r\u00e9seau<\/span> d&rsquo;<\/span>\u00e9conomie solidaire <span class=\"hps\">RIPESS Europe<\/span> <span class=\"hps\">a tenu sa derni\u00e8re<\/span> <span class=\"hps\">Assembl\u00e9e g\u00e9n\u00e9rale<\/span> <span class=\"hps\">en<\/span> <span class=\"hps\">Villarceaux<\/span> <span class=\"hps atn\">(<\/span>Paris), <span class=\"hps\">les 6-7<\/span> <span class=\"hps\">Juin<\/span> <span class=\"hps\">2014.<\/span><\/span><\/p>\n<p><span class=\"hps\">H\u00e9berg\u00e9<\/span> <span class=\"hps\">dans<\/span> <span class=\"hps\">une ferme biologique<\/span> <span class=\"hps\">de la fondation<\/span> <span class=\"hps\">FPH<\/span>, l&rsquo;\u00e9v\u00e9nement <span class=\"hps\">de deux jours<\/span> <span class=\"hps\">a \u00e9t\u00e9 l&rsquo;occasion<\/span> <span class=\"hps\">de discuter davantage<\/span> <span class=\"hps\">sur le r\u00f4le<\/span> <span class=\"hps\">et les strat\u00e9gies<\/span> <span class=\"hps\">du r\u00e9seau europ\u00e9en<\/span> <span class=\"hps\">apr\u00e8s<\/span> <span class=\"hps\">les<\/span> <span class=\"hps\">\u00e9lections au Parlement europ\u00e9en<\/span> <span class=\"hps\">et<\/span>\u00a0 d&rsquo;<span class=\"hps\">introduire de nouveaux<\/span> <span class=\"hps\">participants<\/span> <span class=\"hps\">de la Gr\u00e8ce<\/span> <span class=\"hps\">et de la Pologne<\/span>. <span class=\"hps\">Avancement a \u00e9t\u00e9 fait<\/span> <span class=\"hps\">dans les domaines de<\/span> <span class=\"hps\">l&rsquo;identit\u00e9<\/span>, la vision <span class=\"hps\">et le cadre<\/span> <span class=\"hps\">de l&rsquo;\u00e9conomie solidaire<\/span> <span class=\"hps\">et<\/span> <span class=\"hps\">les participants ont travaill\u00e9 ensemble vers le projet d&rsquo;un \u00ab\u00a0panorama\u00a0\u00bb de<\/span><span class=\"hps\">s<\/span> <span class=\"hps\">acteurs<\/span> <span class=\"hps\">et des initiatives<\/span> d&rsquo;\u00e9conomie solidaire <span class=\"hps\">en Europe<\/span>. <span class=\"hps\">Un nouveau membre<\/span>, <span class=\"hps\">APES<\/span>, <span class=\"hps\">a \u00e9t\u00e9 accept\u00e9e et<\/span> <span class=\"hps\">le comit\u00e9<\/span> <span class=\"hps\">de coordination<\/span> <span class=\"hps\">a \u00e9t\u00e9 r\u00e9\u00e9lu<\/span>.<\/p>\n<p><span class=\"hps\">Pour de plus amples<\/span> <span class=\"hps\">informations sur l&rsquo;Assembl\u00e9e<\/span> <span class=\"hps\">et<\/span> <span class=\"hps\">pour avoir acc\u00e8s \u00e0<\/span> <span class=\"hps\">certains documents<\/span>, cliquez sur les <span class=\"hps\">liens ci-dessous<\/span>:<\/p>\n<ul>\n<li><a href=\"http:\/\/ripess.eu\/fr\/assemblees-generales\/villarceaux-paris-2014\/presentation\/\">Presentation<\/a><\/li>\n<li><a href=\"http:\/\/ripess.eu\/fr\/assemblees-generales\/villarceaux-paris-2014\/medias-et-documents\/\">Media et documents<\/a><\/li>\n<\/ul>\n","protected":false},"excerpt":{"rendered":"<p>Le\u00a0r\u00e9seau d&rsquo;\u00e9conomie solidaire RIPESS Europe a tenu sa derni\u00e8re Assembl\u00e9e g\u00e9n\u00e9rale en Villarceaux (Paris), les 6-7 Juin 2014. H\u00e9berg\u00e9 dans une ferme biologique de la fondation FPH, l&rsquo;\u00e9v\u00e9nement de deux [&hellip;]<\/p>\n","protected":false},"author":2,"featured_media":0,"parent":0,"menu_order":0,"comment_status":"closed","ping_status":"closed","template":"","meta":{"_et_pb_use_builder":"on","_et_pb_old_content":"","_et_gb_content_width":"","footnotes":""},"class_list":["post-562","page","type-page","status-publish","hentry"],"_links":{"self":[{"href":"https:\/\/ripess.eu\/fr\/wp-json\/wp\/v2\/pages\/562","targetHints":{"allow":["GET"]}}],"collection":[{"href":"https:\/\/ripess.eu\/fr\/wp-json\/wp\/v2\/pages"}],"about":[{"href":"https:\/\/ripess.eu\/fr\/wp-json\/wp\/v2\/types\/page"}],"author":[{"embeddable":true,"href":"https:\/\/ripess.eu\/fr\/wp-json\/wp\/v2\/users\/2"}],"replies":[{"embeddable":true,"href":"https:\/\/ripess.eu\/fr\/wp-json\/wp\/v2\/comments?post=562"}],"version-history":[{"count":0,"href":"https:\/\/ripess.eu\/fr\/wp-json\/wp\/v2\/pages\/562\/revisions"}],"wp:attachment":[{"href":"https:\/\/ripess.eu\/fr\/wp-json\/wp\/v2\/media?parent=562"}],"curies":[{"name":"wp","href":"https:\/\/api.w.org\/{rel}","templated":true}]}}