{"id":560,"date":"2014-06-12T12:59:13","date_gmt":"2014-06-12T12:59:13","guid":{"rendered":"http:\/\/ripess.eu\/?page_id=560"},"modified":"2014-07-01T14:31:19","modified_gmt":"2014-07-01T14:31:19","slug":"presentation","status":"publish","type":"page","link":"https:\/\/ripess.eu\/fr\/lille-2013\/presentation\/","title":{"rendered":"Presentation"},"content":{"rendered":"<p class=\"bodytext\">Apr\u00e8s avoir tenu son Congr\u00e8s de fondation \u00e0 Barcelone en septembre 2011, les 5 et 6 juillet 2013 a eu lieu \u00e0 Lille le deuxi\u00e8me Congr\u00e8s du r\u00e9seau europ\u00e9en de promotion de l&rsquo;\u00e9conomie sociale et solidaire (RIPESS-Europe). Le Congr\u00e8s a reuni des personnes venues de toute l\u2019Europe. Des repr\u00e9sentants des organisations de l&rsquo;\u00e9conomie sociale et solidaire europ\u00e9enne ainsi que des repr\u00e9sentants politiques de diff\u00e9rents pays ont abord\u00e9 dans de sessions pl\u00e9ni\u00e8res des questions cl\u00e9 telles que les politiques publiques de soutien \u00e0 l&rsquo;ESS et l&rsquo;avenir de l&rsquo;ESS en Europe. Des ateliers\u00a0ont abord\u00e9 des sujets d\u2019actualit\u00e9 tels que la consommation responsable, l&rsquo;\u00e9ducation populaire selon le mod\u00e8le de Paulo Freire, l&rsquo;\u00e9change de bonnes pratiques dans l&rsquo;ESS, l&rsquo;\u00e9tat de l\u2019art de l&rsquo;\u00e9conomie solidaire, l&#8217;emploi et l\u2019\u00e9conomie solidaire ou le p\u00e9rim\u00e8tre identitaire de l&rsquo;ESS.<\/p>\n<p><strong>Program<br \/>\n<\/strong><\/p>\n<p><a href=\"http:\/\/ripess.eu\/wp-content\/uploads\/2014\/06\/Program-Lille-2013-fr.jpg\"><img loading=\"lazy\" decoding=\"async\" class=\"alignleft  wp-image-840\" src=\"http:\/\/ripess.eu\/wp-content\/uploads\/2014\/06\/Program-Lille-2013-fr.jpg\" alt=\"Program Lille 2013 fr\" width=\"787\" height=\"879\" \/><\/a><\/p>\n","protected":false},"excerpt":{"rendered":"<p>Apr\u00e8s avoir tenu son Congr\u00e8s de fondation \u00e0 Barcelone en septembre 2011, les 5 et 6 juillet 2013 a eu lieu \u00e0 Lille le deuxi\u00e8me Congr\u00e8s du r\u00e9seau europ\u00e9en de [&hellip;]<\/p>\n","protected":false},"author":2,"featured_media":0,"parent":554,"menu_order":0,"comment_status":"closed","ping_status":"closed","template":"","meta":{"_et_pb_use_builder":"","_et_pb_old_content":"","_et_gb_content_width":"","footnotes":""},"class_list":["post-560","page","type-page","status-publish","hentry"],"_links":{"self":[{"href":"https:\/\/ripess.eu\/fr\/wp-json\/wp\/v2\/pages\/560","targetHints":{"allow":["GET"]}}],"collection":[{"href":"https:\/\/ripess.eu\/fr\/wp-json\/wp\/v2\/pages"}],"about":[{"href":"https:\/\/ripess.eu\/fr\/wp-json\/wp\/v2\/types\/page"}],"author":[{"embeddable":true,"href":"https:\/\/ripess.eu\/fr\/wp-json\/wp\/v2\/users\/2"}],"replies":[{"embeddable":true,"href":"https:\/\/ripess.eu\/fr\/wp-json\/wp\/v2\/comments?post=560"}],"version-history":[{"count":0,"href":"https:\/\/ripess.eu\/fr\/wp-json\/wp\/v2\/pages\/560\/revisions"}],"up":[{"embeddable":true,"href":"https:\/\/ripess.eu\/fr\/wp-json\/wp\/v2\/pages\/554"}],"wp:attachment":[{"href":"https:\/\/ripess.eu\/fr\/wp-json\/wp\/v2\/media?parent=560"}],"curies":[{"name":"wp","href":"https:\/\/api.w.org\/{rel}","templated":true}]}}