{"id":554,"date":"2014-06-12T11:21:25","date_gmt":"2014-06-12T09:21:25","guid":{"rendered":"http:\/\/ripess.eu\/?page_id=554"},"modified":"2014-07-02T10:16:58","modified_gmt":"2014-07-02T10:16:58","slug":"lille-2013","status":"publish","type":"page","link":"https:\/\/ripess.eu\/fr\/lille-2013\/","title":{"rendered":"Lille 2013"},"content":{"rendered":"<p><span class=\"hps\">Le deuxi\u00e8me Congr\u00e8s<\/span> <span class=\"hps\">g\u00e9n\u00e9ral du<\/span> <span class=\"hps\">RIPESS Europe<\/span>, <span class=\"hps\">apr\u00e8s le Congr\u00e8s de fondation<\/span> <span class=\"hps\">en<\/span> <span class=\"hps\">Barcelone,<\/span> <span class=\"hps\">a eu lieu<\/span> <span class=\"hps\">\u00e0 Lille<\/span> <span class=\"hps\">en 2013<\/span>.<\/p>\n<div id=\"gt-res-content\" class=\"almost_half_cell\">\n<div dir=\"ltr\" style=\"zoom: 1;\"><span id=\"result_box\" lang=\"fr\"><span class=\"hps\">L&rsquo;Assembl\u00e9e a r\u00e9uni<\/span> <span class=\"hps\">des repr\u00e9sentants d&rsquo;organisations<\/span> <span class=\"hps\">de l&rsquo;\u00e9conomie sociale<\/span> <span class=\"hps\">et la solidarit\u00e9 europ\u00e9enne<\/span> <span class=\"hps\">ainsi que des repr\u00e9sentants<\/span> <span class=\"hps\">politiques<\/span> <span class=\"hps\">de divers pays<\/span>.<\/p>\n<p><span class=\"hps\">Parmi<\/span> <span class=\"hps\">les autres r\u00e9sultats<\/span>, <span class=\"hps\">l&rsquo;Assembl\u00e9e de Lille<\/span> <span class=\"hps\">\u00e9tait<\/span> <span class=\"hps\">une chance de<\/span> <span class=\"hps\">mettre<\/span> <span class=\"hps\">en evidence <\/span><span class=\"hps\">quelques<\/span> <span class=\"hps\">axes<\/span> <span class=\"hps\">th\u00e9matiques<\/span> <span class=\"hps\">sur lesquels<\/span> <span class=\"hps\">les diff\u00e9rentes \u00e9quipes<\/span> <span class=\"hps\">de<\/span> <span class=\"hps\">RIPESS Europe<\/span> <span class=\"hps\">ont travaill\u00e9<\/span>: <span class=\"hps\">la consommation<\/span> <span class=\"hps\">responsable<\/span>, l&rsquo;\u00e9ducation <span class=\"hps\">populaire<\/span>, l&rsquo;<span class=\"hps\">\u00e9tat \u200b\u200bde l&rsquo;art<\/span> <span class=\"hps\">de l&rsquo;ESS<\/span> <span class=\"hps\">en Europe<\/span>, ESS <span class=\"hps\">et l&#8217;emploi<\/span>, l<span class=\"hps\">e p\u00e9rim\u00e8tre<\/span> <span class=\"hps\">identitaire<\/span> <span class=\"hps\">de l&rsquo;ESS<\/span>. <span class=\"hps\">La plupart de ces<\/span> <span class=\"hps\">th\u00e8mes<\/span> <span class=\"hps\">repr\u00e9sentent<\/span> <span class=\"hps\">des domaines d&rsquo;int\u00e9r\u00eat<\/span> <span class=\"hps\">dans lequel les composants<\/span> <span class=\"hps\">de<\/span> <span class=\"hps\">RIPESS Europe<\/span> <span class=\"hps\">continuent<\/span> <span class=\"hps\">de participer activement<\/span>.<\/p>\n<p><span class=\"hps\">Pour de plus amples<\/span> <span class=\"hps\">informations sur le Congr\u00e8s<\/span> <span class=\"hps\">et<\/span> pour <span class=\"hps\">avoir acc\u00e8s \u00e0<\/span> <span class=\"hps\">les documents<\/span>, cliquez sur <span class=\"hps\">les liens suivants<\/span><span>:<\/span><\/span><\/div>\n<\/div>\n<p>&nbsp;<\/p>\n<p><a href=\"http:\/\/ripess.eu\/fr\/assemblees-generales\/lille-2013\/presentation\/\" target=\"_blank\">http:\/\/ripess.eu\/fr\/assemblees-generales\/lille-2013\/presentation\/<br \/>\n<\/a><a href=\"http:\/\/ripess.eu\/fr\/medias-et-documents-2\/\" target=\"_blank\">http:\/\/ripess.eu\/fr\/medias-et-documents-2\/<\/a><\/p>\n<p class=\"bodytext\">\n","protected":false},"excerpt":{"rendered":"<p>Le deuxi\u00e8me Congr\u00e8s g\u00e9n\u00e9ral du RIPESS Europe, apr\u00e8s le Congr\u00e8s de fondation en Barcelone, a eu lieu \u00e0 Lille en 2013. L&rsquo;Assembl\u00e9e a r\u00e9uni des repr\u00e9sentants d&rsquo;organisations de l&rsquo;\u00e9conomie sociale [&hellip;]<\/p>\n","protected":false},"author":2,"featured_media":0,"parent":0,"menu_order":0,"comment_status":"closed","ping_status":"closed","template":"","meta":{"_et_pb_use_builder":"on","_et_pb_old_content":"","_et_gb_content_width":"","footnotes":""},"class_list":["post-554","page","type-page","status-publish","hentry"],"_links":{"self":[{"href":"https:\/\/ripess.eu\/fr\/wp-json\/wp\/v2\/pages\/554","targetHints":{"allow":["GET"]}}],"collection":[{"href":"https:\/\/ripess.eu\/fr\/wp-json\/wp\/v2\/pages"}],"about":[{"href":"https:\/\/ripess.eu\/fr\/wp-json\/wp\/v2\/types\/page"}],"author":[{"embeddable":true,"href":"https:\/\/ripess.eu\/fr\/wp-json\/wp\/v2\/users\/2"}],"replies":[{"embeddable":true,"href":"https:\/\/ripess.eu\/fr\/wp-json\/wp\/v2\/comments?post=554"}],"version-history":[{"count":0,"href":"https:\/\/ripess.eu\/fr\/wp-json\/wp\/v2\/pages\/554\/revisions"}],"wp:attachment":[{"href":"https:\/\/ripess.eu\/fr\/wp-json\/wp\/v2\/media?parent=554"}],"curies":[{"name":"wp","href":"https:\/\/api.w.org\/{rel}","templated":true}]}}