{"id":552,"date":"2014-06-12T12:58:52","date_gmt":"2014-06-12T11:58:52","guid":{"rendered":"http:\/\/ripess.eu\/?page_id=552"},"modified":"2014-07-02T09:53:54","modified_gmt":"2014-07-02T09:53:54","slug":"presentation","status":"publish","type":"page","link":"https:\/\/ripess.eu\/fr\/barcelona-2011\/presentation\/","title":{"rendered":"Presentation"},"content":{"rendered":"<p><strong><span class=\"hps\">Barcelone 2011<\/span><\/strong> <span class=\"hps\">a \u00e9t\u00e9 le<\/span> <span class=\"hps\">congr\u00e8s fondateur de<\/span> <span class=\"hps\">RIPESS Europe<\/span><span>, en prenant<\/span> <span class=\"hps\">un pas en avant<\/span> <span class=\"hps\">apr\u00e8s<\/span> <span class=\"hps\">Lima<\/span> <span class=\"hps\">1997<\/span><span>,<\/span> <span class=\"hps\">Qu\u00e9bec, 2001<\/span><span>,<\/span> <span class=\"hps\">Dakar 2005<\/span> <span class=\"hps\">et<\/span> <span class=\"hps\">Luxembourg<\/span> <span class=\"hps\">2009.<\/span><\/p>\n<div id=\"gt-res-content\" class=\"almost_half_cell\">\n<div dir=\"ltr\" style=\"zoom: 1;\"><span id=\"result_box\" lang=\"fr\"><span class=\"hps\">Les<\/span> <span class=\"hps\">r\u00e9seaux de<\/span> <span class=\"hps\">l&rsquo;\u00e9conomie solidaire<\/span> <span class=\"hps\">en Europe<\/span> ont attendu<span class=\"hps\"> avec impatience<\/span> <span class=\"hps\">ce moment<\/span><span>, dans le but<\/span> <span class=\"hps\">de partager<\/span> <span class=\"hps\">un moment<\/span> <span class=\"hps\">convivial<\/span><span>,<\/span> <span class=\"hps\">participatif<\/span><span>,<\/span> <span class=\"hps\">d\u00e9mocratique<\/span> <span class=\"hps\">et constructif<\/span><span>.<\/span> <\/span><\/div>\n<div dir=\"ltr\" style=\"zoom: 1;\"><span id=\"result_box\" lang=\"fr\"><br \/>\n<span class=\"hps\">Le Congr\u00e8s a \u00e9t\u00e9<\/span> <span class=\"hps\">ouvert \u00e0 tous les<\/span> <span class=\"hps\">r\u00e9seaux de l&rsquo;\u00e9conomie<\/span> <span class=\"hps\">fond\u00e9 sur la solidarit\u00e9<\/span> <span class=\"hps\">&#8211;<\/span> <span class=\"hps\">r\u00e9seaux<\/span> <span class=\"hps\">territoriaux<\/span> <span class=\"hps\">et<\/span> <span class=\"hps\">les plates-formes<\/span> <span class=\"hps\">intersectorielles<\/span> <span class=\"hps\">&#8211;<\/span> <span class=\"hps\">formels et informels<\/span> <span class=\"hps\">&#8211;<\/span> <span class=\"hps\">aux niveaux national<\/span><span>, r\u00e9gional,<\/span> <span class=\"hps atn\">inter-<\/span><span>r\u00e9gional et europ\u00e9en<\/span><span>.<\/span><\/span><\/div>\n<\/div>\n<p>&nbsp;<\/p>\n<p><strong>Programme<br \/>\n<a href=\"http:\/\/ripess.eu\/wp-content\/uploads\/2014\/06\/I-assemblee-program.jpg\"><img loading=\"lazy\" decoding=\"async\" class=\"alignleft  wp-image-857\" src=\"http:\/\/ripess.eu\/wp-content\/uploads\/2014\/06\/I-assemblee-program.jpg\" alt=\"I assemblee program\" width=\"553\" height=\"598\" \/><\/a><\/strong><\/p>\n","protected":false},"excerpt":{"rendered":"<p>Barcelone 2011 a \u00e9t\u00e9 le congr\u00e8s fondateur de RIPESS Europe, en prenant un pas en avant apr\u00e8s Lima 1997, Qu\u00e9bec, 2001, Dakar 2005 et Luxembourg 2009. Les r\u00e9seaux de l&rsquo;\u00e9conomie [&hellip;]<\/p>\n","protected":false},"author":2,"featured_media":0,"parent":550,"menu_order":0,"comment_status":"closed","ping_status":"closed","template":"","meta":{"_et_pb_use_builder":"","_et_pb_old_content":"","_et_gb_content_width":"","footnotes":""},"class_list":["post-552","page","type-page","status-publish","hentry"],"_links":{"self":[{"href":"https:\/\/ripess.eu\/fr\/wp-json\/wp\/v2\/pages\/552","targetHints":{"allow":["GET"]}}],"collection":[{"href":"https:\/\/ripess.eu\/fr\/wp-json\/wp\/v2\/pages"}],"about":[{"href":"https:\/\/ripess.eu\/fr\/wp-json\/wp\/v2\/types\/page"}],"author":[{"embeddable":true,"href":"https:\/\/ripess.eu\/fr\/wp-json\/wp\/v2\/users\/2"}],"replies":[{"embeddable":true,"href":"https:\/\/ripess.eu\/fr\/wp-json\/wp\/v2\/comments?post=552"}],"version-history":[{"count":0,"href":"https:\/\/ripess.eu\/fr\/wp-json\/wp\/v2\/pages\/552\/revisions"}],"up":[{"embeddable":true,"href":"https:\/\/ripess.eu\/fr\/wp-json\/wp\/v2\/pages\/550"}],"wp:attachment":[{"href":"https:\/\/ripess.eu\/fr\/wp-json\/wp\/v2\/media?parent=552"}],"curies":[{"name":"wp","href":"https:\/\/api.w.org\/{rel}","templated":true}]}}