{"id":550,"date":"2014-06-12T11:20:57","date_gmt":"2014-06-12T09:20:57","guid":{"rendered":"http:\/\/ripess.eu\/?page_id=550"},"modified":"2014-07-02T10:11:53","modified_gmt":"2014-07-02T10:11:53","slug":"barcelona-2011","status":"publish","type":"page","link":"https:\/\/ripess.eu\/fr\/barcelona-2011\/","title":{"rendered":"Barcelona 2011"},"content":{"rendered":"<p><span id=\"result_box\" lang=\"fr\"><span class=\"hps\">L&rsquo;Assembl\u00e9e<\/span> de <span class=\"hps\">Fondation<\/span> <span class=\"hps\">de<\/span> <span class=\"hps\">RIPESS Europe<\/span> <span class=\"hps\">a eu lieu<\/span> <span class=\"hps\">\u00e0 Barcelone<\/span> <span class=\"hps\">les 6-7<\/span> <span class=\"hps\">Septembre<\/span> <span class=\"hps\">2011.<\/span><\/span><span id=\"result_box\" lang=\"fr\"><\/p>\n<p><span class=\"hps\">Depuis lors<\/span>, le r\u00e9seau <span class=\"hps\">tient<\/span> <span class=\"hps\">une assembl\u00e9e g\u00e9n\u00e9rale<\/span> <span class=\"hps\">chaque ann\u00e9e<\/span> <span class=\"hps\">et<\/span> <span class=\"hps\">un<\/span> <span class=\"hps\">Congr\u00e8s<\/span> <span class=\"hps\">et<\/span> <span class=\"hps\">de l&rsquo;Assembl\u00e9e g\u00e9n\u00e9rale<\/span> <span class=\"hps\">tous les deux ans<\/span>. <span class=\"hps\">Membres<\/span> <span class=\"hps\">et<\/span> <span class=\"hps\">observateurs \/<\/span> <span class=\"hps\">participants des<\/span> <span class=\"hps\">r\u00e9seaux locaux<\/span>, r\u00e9gionaux, nationaux, <span class=\"hps\">th\u00e9matiques et sectoriels<\/span> <span class=\"hps\">d&rsquo;\u00e9conomie solidaire<\/span> <span class=\"hps\">sont invit\u00e9s<\/span>.<br \/>\n<span class=\"hps\"><br \/>\nPour<\/span> <span class=\"hps\">plus d&rsquo;informations sur<\/span> <span class=\"hps\">l&rsquo;Assembl\u00e9e<\/span> <span class=\"hps\">et<\/span> pour avoir<span class=\"hps\"> acc\u00e8s \u00e0<\/span> <span class=\"hps\">les ressources<\/span>, cliquez sur les <span class=\"hps\">liens suivants<\/span><span>:<\/span><\/span><\/p>\n<p><a href=\"http:\/\/ripess.eu\/fr\/assemblees-generales\/barcelona-2011\/presentation\/\" target=\"_blank\">http:\/\/ripess.eu\/fr\/assemblees-generales\/barcelona-2011\/presentation\/<br \/>\n<\/a><a href=\"http:\/\/ripess.eu\/fr\/assemblees-generales\/barcelona-2011\/medias-et-documents\/\" target=\"_blank\">http:\/\/ripess.eu\/fr\/assemblees-generales\/barcelona-2011\/medias-et-documents\/<\/a><\/p>\n","protected":false},"excerpt":{"rendered":"<p>L&rsquo;Assembl\u00e9e de Fondation de RIPESS Europe a eu lieu \u00e0 Barcelone les 6-7 Septembre 2011. Depuis lors, le r\u00e9seau tient une assembl\u00e9e g\u00e9n\u00e9rale chaque ann\u00e9e et un Congr\u00e8s et de [&hellip;]<\/p>\n","protected":false},"author":2,"featured_media":0,"parent":0,"menu_order":0,"comment_status":"closed","ping_status":"closed","template":"","meta":{"_et_pb_use_builder":"on","_et_pb_old_content":"","_et_gb_content_width":"","footnotes":""},"class_list":["post-550","page","type-page","status-publish","hentry"],"_links":{"self":[{"href":"https:\/\/ripess.eu\/fr\/wp-json\/wp\/v2\/pages\/550","targetHints":{"allow":["GET"]}}],"collection":[{"href":"https:\/\/ripess.eu\/fr\/wp-json\/wp\/v2\/pages"}],"about":[{"href":"https:\/\/ripess.eu\/fr\/wp-json\/wp\/v2\/types\/page"}],"author":[{"embeddable":true,"href":"https:\/\/ripess.eu\/fr\/wp-json\/wp\/v2\/users\/2"}],"replies":[{"embeddable":true,"href":"https:\/\/ripess.eu\/fr\/wp-json\/wp\/v2\/comments?post=550"}],"version-history":[{"count":0,"href":"https:\/\/ripess.eu\/fr\/wp-json\/wp\/v2\/pages\/550\/revisions"}],"wp:attachment":[{"href":"https:\/\/ripess.eu\/fr\/wp-json\/wp\/v2\/media?parent=550"}],"curies":[{"name":"wp","href":"https:\/\/api.w.org\/{rel}","templated":true}]}}