{"id":546,"date":"2014-06-12T11:45:30","date_gmt":"2014-06-12T11:45:30","guid":{"rendered":"http:\/\/ripess.eu\/?page_id=546"},"modified":"2014-07-02T10:08:10","modified_gmt":"2014-07-02T10:08:10","slug":"medias-et-documents","status":"publish","type":"page","link":"https:\/\/ripess.eu\/fr\/barcelona-2011\/medias-et-documents\/","title":{"rendered":"M\u00e9dias et Documents"},"content":{"rendered":"<p><strong><span class=\"hps\">Rapport<\/span> <span class=\"hps\">et documentation du<\/span> <span class=\"hps\">Congr\u00e8s fondateur<\/span>.<\/strong><\/p>\n<div id=\"gt-res-content\" class=\"almost_half_cell\">\n<div dir=\"ltr\" style=\"zoom: 1;\"><span id=\"result_box\" lang=\"fr\"><span class=\"hps\">Ci-dessous,<\/span> <span class=\"hps\">il est possible de<\/span> <span class=\"hps\">t\u00e9l\u00e9charger<\/span> <span class=\"hps\">certains documents<\/span> <span class=\"hps\">du Congr\u00e8s<\/span> <span class=\"hps\">fondateur<\/span><span>.<\/span><\/span><\/div>\n<\/div>\n<p>&nbsp;<\/p>\n<p class=\"bodytext\"><a href=\"http:\/\/ripess.eu\/wp-content\/uploads\/2014\/06\/Memoire-Congres-Fondation-RIPESS-FR.pdf\">Memoire Congres Fondation RIPESS FR<\/a><br \/>\n<a href=\"http:\/\/ripess.eu\/wp-content\/uploads\/2014\/06\/Manifest-fundacional-RIPESS-EU.pdf\">Manifest fundacional RIPESS EU<\/a><br \/>\n<a href=\"http:\/\/ripess.eu\/wp-content\/uploads\/2014\/06\/conclusiones_Groupes-de-Travail.pdf\">conclusiones_Groupes de Travail<\/a><br \/>\n<a href=\"http:\/\/ripess.eu\/wp-content\/uploads\/2014\/06\/Statuts_RIPESS_EU.pdf\">Statuts_RIPESS_EU<\/a><br \/>\n<a href=\"http:\/\/ripess.eu\/wp-content\/uploads\/2014\/06\/ROI_RIPESS_EU.pdf\">ROI_RIPESS_EU<\/a><\/p>\n<p>&nbsp;<\/p>\n","protected":false},"excerpt":{"rendered":"<p>Rapport et documentation du Congr\u00e8s fondateur. Ci-dessous, il est possible de t\u00e9l\u00e9charger certains documents du Congr\u00e8s fondateur. &nbsp; Memoire Congres Fondation RIPESS FR Manifest fundacional RIPESS EU conclusiones_Groupes de Travail [&hellip;]<\/p>\n","protected":false},"author":2,"featured_media":0,"parent":550,"menu_order":0,"comment_status":"closed","ping_status":"closed","template":"","meta":{"_et_pb_use_builder":"","_et_pb_old_content":"","_et_gb_content_width":"","footnotes":""},"class_list":["post-546","page","type-page","status-publish","hentry"],"_links":{"self":[{"href":"https:\/\/ripess.eu\/fr\/wp-json\/wp\/v2\/pages\/546","targetHints":{"allow":["GET"]}}],"collection":[{"href":"https:\/\/ripess.eu\/fr\/wp-json\/wp\/v2\/pages"}],"about":[{"href":"https:\/\/ripess.eu\/fr\/wp-json\/wp\/v2\/types\/page"}],"author":[{"embeddable":true,"href":"https:\/\/ripess.eu\/fr\/wp-json\/wp\/v2\/users\/2"}],"replies":[{"embeddable":true,"href":"https:\/\/ripess.eu\/fr\/wp-json\/wp\/v2\/comments?post=546"}],"version-history":[{"count":0,"href":"https:\/\/ripess.eu\/fr\/wp-json\/wp\/v2\/pages\/546\/revisions"}],"up":[{"embeddable":true,"href":"https:\/\/ripess.eu\/fr\/wp-json\/wp\/v2\/pages\/550"}],"wp:attachment":[{"href":"https:\/\/ripess.eu\/fr\/wp-json\/wp\/v2\/media?parent=546"}],"curies":[{"name":"wp","href":"https:\/\/api.w.org\/{rel}","templated":true}]}}