{"id":5369,"date":"2019-06-12T17:23:28","date_gmt":"2019-06-12T15:23:28","guid":{"rendered":"http:\/\/www.ripess.eu\/ess-efp-2\/"},"modified":"2023-11-03T14:55:50","modified_gmt":"2023-11-03T13:55:50","slug":"ess-efp-2","status":"publish","type":"page","link":"https:\/\/ripess.eu\/fr\/ess-efp-2\/","title":{"rendered":"ESS VET 2 (Enseignement et Formation professionnels)"},"content":{"rendered":"\r\n<h3 class=\"wp-block-heading\" style=\"text-align: center\">Enseignement et Formation professionnels<\/h3>\r\n\r\n\r\n\r\n<p>&nbsp;<\/p>\r\n\r\n\r\n\r\n<p>&nbsp;<\/p>\r\n\r\n\r\n\r\n<p><strong>A propos du projet<\/strong><\/p>\r\n\r\n\r\n\r\n<p>Ce projet vise \u00e0 promouvoir l&rsquo;\u00e9conomie sociale et solidaire (ESS) en Europe, par la formation de formateurs et formatrices dans ce domaine sp\u00e9cifique.<\/p>\r\n\r\n\r\n\r\n<p>En nous effor\u00e7ant d&rsquo;innover dans les programmes d&rsquo;enseignement et de formation professionnels (EFP), nous cherchons \u00e0 contribuer au d\u00e9veloppement civique et professionnel des personnes, par l&rsquo;int\u00e9gration de mod\u00e8les et de pratiques socio-\u00e9conomiques alternatifs \u00e0 l&rsquo;\u00e9conomie de march\u00e9 traditionnelle dans les programmes et les m\u00e9thodes p\u00e9dagogiques.<\/p>\r\n\r\n\r\n\r\n<p>Il s&rsquo;agit d&rsquo;un projet de 3 ans (septembre 2018 &#8211; ao\u00fbt 2021) r\u00e9unissant des organisations de diff\u00e9rents pays europ\u00e9ens et un r\u00e9seau europ\u00e9en (RIPESS Europe). Il est cofinanc\u00e9 par le programme Erasmus + de l&rsquo;UE.<\/p>\r\n\r\n\r\n\r\n<p>Plus d&rsquo;info : <a href=\"https:\/\/europe.ripess.rio20.net\/wp-content\/uploads\/sites\/4\/2017\/10\/Flyer-SSE-VET2_EN.pdf\"><strong>T\u00e9l\u00e9charger le d\u00e9pliant ici<\/strong><\/a><\/p>\r\n\r\n\r\n\r\n<h6 class=\"wp-block-heading\">\u00c9tapes du projet<\/h6>\r\n\r\n\r\n\r\n<p class=\"has-text-color has-text-color has-luminous-vivid-amber-color\" style=\"color: #27c0bb\">\u00c9TAPE 1 <strong>\u00c9VALUATION STRAT\u00c9GIQUE<\/strong><\/p>\r\n\r\n\r\n\r\n<p>Conna\u00eetre les sc\u00e9narios nationaux et europ\u00e9ens concernant les comp\u00e9tences des personnes charg\u00e9es de la formation en ESS.<\/p>\r\n\r\n\r\n\r\n<ul class=\"wp-block-list\">\r\n<li>Cartographie du sc\u00e9nario national et europ\u00e9en<\/li>\r\n<li>Ateliers dans 6 pays europ\u00e9ens<\/li>\r\n<\/ul>\r\n\r\n\r\n\r\n<p class=\"has-text-color\" style=\"color: #27c0bb\">\u00c9TAPE 2 I<strong>NNOVATION CURRICULAIRE<\/strong><\/p>\r\n\r\n\r\n\r\n<p>D\u00e9velopper des contenus et des m\u00e9thodologies pour renforcer les comp\u00e9tences des personnes charg\u00e9es de la formation<\/p>\r\n\r\n\r\n\r\n<ul class=\"wp-block-list\">\r\n<li>Cours de formation en action pour formateurs et formatrices<\/li>\r\n<li>Formations pilotes dans 6 pays europ\u00e9ens<\/li>\r\n<li>Ateliers dans 6 pays europ\u00e9ens<\/li>\r\n<\/ul>\r\n\r\n\r\n\r\n<p class=\"has-text-color\" style=\"color: #27c0bb\">\u00c9TAPE 3 <strong>PLAIDOYER<\/strong><\/p>\r\n\r\n\r\n\r\n<p>Plaider pour l&rsquo;inclusion de l&rsquo;ESS dans la formation des formateurs au niveau national et europ\u00e9en.<\/p>\r\n\r\n\r\n\r\n<ul class=\"wp-block-list\">\r\n<li>Plan d&rsquo;action<\/li>\r\n<li>Outils multim\u00e9dias<\/li>\r\n<li>S\u00e9minaire final au Portugal<\/li>\r\n<\/ul>\r\n","protected":false},"excerpt":{"rendered":"<p>Enseignement et Formation professionnels &nbsp; &nbsp; A propos du projet Ce projet vise \u00e0 promouvoir l&rsquo;\u00e9conomie sociale et solidaire (ESS) en Europe, par la formation de formateurs et formatrices dans [&hellip;]<\/p>\n","protected":false},"author":27,"featured_media":5356,"parent":0,"menu_order":0,"comment_status":"closed","ping_status":"closed","template":"","meta":{"_et_pb_use_builder":"","_et_pb_old_content":"","_et_gb_content_width":"","footnotes":""},"class_list":["post-5369","page","type-page","status-publish","has-post-thumbnail","hentry"],"_links":{"self":[{"href":"https:\/\/ripess.eu\/fr\/wp-json\/wp\/v2\/pages\/5369","targetHints":{"allow":["GET"]}}],"collection":[{"href":"https:\/\/ripess.eu\/fr\/wp-json\/wp\/v2\/pages"}],"about":[{"href":"https:\/\/ripess.eu\/fr\/wp-json\/wp\/v2\/types\/page"}],"author":[{"embeddable":true,"href":"https:\/\/ripess.eu\/fr\/wp-json\/wp\/v2\/users\/27"}],"replies":[{"embeddable":true,"href":"https:\/\/ripess.eu\/fr\/wp-json\/wp\/v2\/comments?post=5369"}],"version-history":[{"count":0,"href":"https:\/\/ripess.eu\/fr\/wp-json\/wp\/v2\/pages\/5369\/revisions"}],"wp:featuredmedia":[{"embeddable":true,"href":"https:\/\/ripess.eu\/fr\/wp-json\/wp\/v2\/media\/5356"}],"wp:attachment":[{"href":"https:\/\/ripess.eu\/fr\/wp-json\/wp\/v2\/media?parent=5369"}],"curies":[{"name":"wp","href":"https:\/\/api.w.org\/{rel}","templated":true}]}}