{"id":535,"date":"2014-05-29T12:01:47","date_gmt":"2014-05-29T10:01:47","guid":{"rendered":"http:\/\/ripess.eu\/?page_id=535"},"modified":"2020-03-22T15:41:41","modified_gmt":"2020-03-22T13:41:41","slug":"rapports-dactivite","status":"publish","type":"page","link":"https:\/\/ripess.eu\/fr\/activites\/rapports-dactivite\/","title":{"rendered":"Rapports d&rsquo;activit\u00e9"},"content":{"rendered":"<p><strong>Ci-dessous vous pouvez t\u00e9l\u00e9charger les rapports d&rsquo;activit\u00e9 du RIPESS Europe \u00e0 partir de 2011.<\/strong><\/p>\n<p><a href=\"http:\/\/ripess.eu\/wp-content\/uploads\/2014\/05\/BILAN-DACTIVITES-RIPESS-EUROPE-2011-2013.pdf\">RIPESSEU &#8211; <\/a><a href=\"http:\/\/ripess.eu\/wp-content\/uploads\/2014\/05\/Rapport-Bilan-2014-RIPESS-EU-final_FR.pdf\">Rapport bilan activit\u00e9s\u00a0<\/a><a href=\"http:\/\/ripess.eu\/wp-content\/uploads\/2014\/05\/BILAN-DACTIVITES-RIPESS-EUROPE-2011-2013.pdf\"> 2011-2012<\/a><\/p>\n<p><a href=\"http:\/\/ripess.eu\/wp-content\/uploads\/2014\/05\/RIPESSEU_Rapport_Bilan_activitees_2013.pdf\">RIPESSEU &#8211; <\/a><a href=\"http:\/\/ripess.eu\/wp-content\/uploads\/2014\/05\/Rapport-Bilan-2014-RIPESS-EU-final_FR.pdf\">Rapport bilan activit\u00e9s\u00a0<\/a><a href=\"http:\/\/ripess.eu\/wp-content\/uploads\/2014\/05\/RIPESSEU_Rapport_Bilan_activitees_2013.pdf\"> 2013<\/a><\/p>\n<p><a href=\"http:\/\/ripess.eu\/wp-content\/uploads\/2014\/05\/Rapport-Bilan-2014-RIPESS-EU-final_FR.pdf\">RIPESSEU &#8211; Rapport bilan activit\u00e9s 2014<\/a><\/p>\n<p><a href=\"https:\/\/europe.ripess.rio20.net\/wp-content\/uploads\/sites\/4\/2020\/03\/RIPESSEU-BILAN_ACTIVITES_2015.pdf\">RIPESSEU-BILAN_ACTIVITES_2015<\/a><\/p>\n<p><a href=\"https:\/\/europe.ripess.rio20.net\/wp-content\/uploads\/sites\/4\/2020\/03\/RIPESSEU-BILAN_ACTIVITES_2016.pdf\">RIPESSEU-BILAN_ACTIVITES_2016<\/a><\/p>\n<p><a href=\"https:\/\/europe.ripess.rio20.net\/wp-content\/uploads\/sites\/4\/2020\/03\/RIPESSEU-BILAN_ACTIVITES_2017.pdf\">RIPESSEU-BILAN_ACTIVITES_2017<\/a><\/p>\n<p><a href=\"https:\/\/europe.ripess.rio20.net\/wp-content\/uploads\/sites\/4\/2020\/03\/RIPESSEU-BILAN_ACTIVITES_2018.pdf\">RIPESSEU-BILAN_ACTIVITES_2018<\/a><\/p>\n","protected":false},"excerpt":{"rendered":"<p>Ci-dessous vous pouvez t\u00e9l\u00e9charger les rapports d&rsquo;activit\u00e9 du RIPESS Europe \u00e0 partir de 2011. RIPESSEU &#8211; Rapport bilan activit\u00e9s\u00a0 2011-2012 RIPESSEU &#8211; Rapport bilan activit\u00e9s\u00a0 2013 RIPESSEU &#8211; Rapport bilan [&hellip;]<\/p>\n","protected":false},"author":2,"featured_media":0,"parent":530,"menu_order":0,"comment_status":"closed","ping_status":"closed","template":"","meta":{"_et_pb_use_builder":"on","_et_pb_old_content":"","_et_gb_content_width":"","footnotes":""},"class_list":["post-535","page","type-page","status-publish","hentry"],"_links":{"self":[{"href":"https:\/\/ripess.eu\/fr\/wp-json\/wp\/v2\/pages\/535","targetHints":{"allow":["GET"]}}],"collection":[{"href":"https:\/\/ripess.eu\/fr\/wp-json\/wp\/v2\/pages"}],"about":[{"href":"https:\/\/ripess.eu\/fr\/wp-json\/wp\/v2\/types\/page"}],"author":[{"embeddable":true,"href":"https:\/\/ripess.eu\/fr\/wp-json\/wp\/v2\/users\/2"}],"replies":[{"embeddable":true,"href":"https:\/\/ripess.eu\/fr\/wp-json\/wp\/v2\/comments?post=535"}],"version-history":[{"count":0,"href":"https:\/\/ripess.eu\/fr\/wp-json\/wp\/v2\/pages\/535\/revisions"}],"up":[{"embeddable":true,"href":"https:\/\/ripess.eu\/fr\/wp-json\/wp\/v2\/pages\/530"}],"wp:attachment":[{"href":"https:\/\/ripess.eu\/fr\/wp-json\/wp\/v2\/media?parent=535"}],"curies":[{"name":"wp","href":"https:\/\/api.w.org\/{rel}","templated":true}]}}