{"id":5250,"date":"2019-05-29T17:43:22","date_gmt":"2019-05-29T16:43:22","guid":{"rendered":"http:\/\/www.ripess.eu\/ag-2019-lyon-documentation\/"},"modified":"2020-10-09T11:01:44","modified_gmt":"2020-10-09T09:01:44","slug":"ag-2019-lyon-documentation","status":"publish","type":"page","link":"https:\/\/ripess.eu\/fr\/ag-2019-lyon-documentation\/","title":{"rendered":"AG 2019 &#8211; Lyon : Documentation"},"content":{"rendered":"\n<h1 class=\"has-text-align-center wp-block-heading\">AG 2019 &#8211; Lyon : Documentation<\/h1>\n\n\n\n<ol class=\"wp-block-list\"><li><a href=\"https:\/\/cloud.ripess.eu\/index.php\/s\/jYKnSdE329TDJBZ\"><strong>Convocation \u00e0 L&rsquo;Assembl\u00e9e G\u00e9n\u00e9rale du RIPESS Europe 2019<\/strong><\/a><\/li><li><strong><a href=\"https:\/\/cloud.ripess.eu\/index.php\/s\/JpAa3gLsp7e38Fz\">Rapport d&rsquo;activit\u00e9 2018<\/a><\/strong><\/li><li><a data-mce-href=\"https:\/\/cloud.ripess.eu\/index.php\/s\/pWWjoJKFDk9C8bF\" href=\"https:\/\/cloud.ripess.eu\/index.php\/s\/pWWjoJKFDk9C8bF\"><strong>Appel \u00e0 candidature au Comit\u00e9 de Coordination<\/strong> <\/a><\/li><li><strong><a href=\"https:\/\/cloud.ripess.eu\/index.php\/s\/xX9PkXNWQYPHii7\">Procuration de vote<\/a><\/strong><\/li><li><strong><a href=\"https:\/\/cloud.ripess.eu\/index.php\/s\/rMNPR4WR4rYaPD7\">Programme et logistique<\/a><\/strong><\/li><li><strong><a href=\"http:\/\/europe.ripess.rio20.net\/?lang=en\/fr\/villes-et-ess-politiques-et-pratiques-pour-transformer-leconomie\/\">D\u00e9tails de la conf\u00e9rence-table ronde du 4 juillet<\/a><\/strong><\/li><li><strong><a href=\"https:\/\/cloud.ripess.eu\/index.php\/s\/Ba64cj48AYDrLBB\">Proposition conseil scientifique <\/a><\/strong><\/li><li><strong><a href=\"https:\/\/cloud.ripess.eu\/index.php\/s\/LdA44raK6LFmndt\">Proposition de modification statutaire<\/a><\/strong><\/li><li><a href=\"https:\/\/europe.ripess.rio20.net\/wp-content\/uploads\/sites\/4\/2020\/10\/Rapport_Financier_2018_Ripess-eu.pdf\"><strong>Rapport financier<\/strong><\/a><\/li><li><a href=\"https:\/\/europe.ripess.rio20.net\/wp-content\/uploads\/sites\/4\/2020\/10\/RIPESSEU_Compte_rendu_AG_2019.pdf\"><strong>Compte rendu AG 2019<\/strong><\/a><\/li><\/ol>\n\n\n\n<p><\/p>\n","protected":false},"excerpt":{"rendered":"<p>AG 2019 &#8211; Lyon : Documentation Convocation \u00e0 L&rsquo;Assembl\u00e9e G\u00e9n\u00e9rale du RIPESS Europe 2019 Rapport d&rsquo;activit\u00e9 2018 Appel \u00e0 candidature au Comit\u00e9 de Coordination Procuration de vote Programme et logistique [&hellip;]<\/p>\n","protected":false},"author":7596,"featured_media":0,"parent":0,"menu_order":0,"comment_status":"closed","ping_status":"closed","template":"","meta":{"_et_pb_use_builder":"","_et_pb_old_content":"","_et_gb_content_width":"","footnotes":""},"class_list":["post-5250","page","type-page","status-publish","hentry"],"_links":{"self":[{"href":"https:\/\/ripess.eu\/fr\/wp-json\/wp\/v2\/pages\/5250","targetHints":{"allow":["GET"]}}],"collection":[{"href":"https:\/\/ripess.eu\/fr\/wp-json\/wp\/v2\/pages"}],"about":[{"href":"https:\/\/ripess.eu\/fr\/wp-json\/wp\/v2\/types\/page"}],"author":[{"embeddable":true,"href":"https:\/\/ripess.eu\/fr\/wp-json\/wp\/v2\/users\/7596"}],"replies":[{"embeddable":true,"href":"https:\/\/ripess.eu\/fr\/wp-json\/wp\/v2\/comments?post=5250"}],"version-history":[{"count":0,"href":"https:\/\/ripess.eu\/fr\/wp-json\/wp\/v2\/pages\/5250\/revisions"}],"wp:attachment":[{"href":"https:\/\/ripess.eu\/fr\/wp-json\/wp\/v2\/media?parent=5250"}],"curies":[{"name":"wp","href":"https:\/\/api.w.org\/{rel}","templated":true}]}}