{"id":5247,"date":"2019-05-29T17:24:21","date_gmt":"2019-05-29T16:24:21","guid":{"rendered":"http:\/\/www.ripess.eu\/ag-2019-lyon-programme\/"},"modified":"2019-07-08T13:43:28","modified_gmt":"2019-07-08T11:43:28","slug":"ag-2019-lyon-programme","status":"publish","type":"page","link":"https:\/\/ripess.eu\/fr\/ag-2019-lyon-programme\/","title":{"rendered":"AG 2019 &#8211; Lyon : Programme"},"content":{"rendered":"\n<h1 class=\"wp-block-heading\" style=\"text-align:center\">AG 2019 &#8211; Lyon : Programme<\/h1>\n\n\n\n<p><\/p>\n\n\n\n<h3 class=\"wp-block-heading\" style=\"text-align:center\">Jeudi 4 juillet<\/h3>\n\n\n\n<p><strong>15 h 00 \u00e0 18 h 00 &#8211;\u00a0<\/strong>  Conf\u00e9rence \/ table ronde sur les \u00ab\u00a0Villes et ESS : politques pratiques pour transformer l&rsquo;\u00e9conomie\u00a0\u00bb <\/p>\n\n\n\n<p><strong>Premi\u00e8re partie : Transformer les villes par les\npratiques de l\u2019ESS et les politiques publiques<\/strong><\/p>\n\n\n\n<ul class=\"wp-block-list\"><li><strong>Dounia Besson<\/strong>, RTES et adjointe au maire de la Ville de Lyon<\/li><\/ul>\n\n\n\n<ul class=\"wp-block-list\"><li><strong>Jeanine Verna<\/strong>, Directrice du centre AROBASE<\/li><\/ul>\n\n\n\n<ul class=\"wp-block-list\"><li><strong>Julie Maisonhaute<\/strong>, Fair trade towns \/ Commerce Equitable France<\/li><\/ul>\n\n\n\n<p>Anim\u00e9 par : Jason Nardi, coordonnateur du RIPESS Europe<\/p>\n\n\n\n<p><strong>Deuxi\u00e8me partie : Mouvements de citoyens &#8211; des villes transformatrices<\/strong><\/p>\n\n\n\n<ul class=\"wp-block-list\"><li><strong>Melissa Koutouzis <\/strong>(ou Sol Trombo), TNI (Trans National Institute) : Prix\ndesvilles transformatrices et Atlas\ndes utopies<\/li><\/ul>\n\n\n\n<ul class=\"wp-block-list\"><li><strong>Genevi\u00e8ve Brichet<\/strong>, Mouvement Utopia et Collectif pour une transitioncitoyenne : Pacte pour la transition<\/li><\/ul>\n\n\n\n<p>Anim\u00e9 par : <strong>Josette Combes<\/strong>, MES<\/p>\n\n\n\n<p><strong>Troisi\u00e8me partie : Convergence entre les\ninitiatives visant \u00e0 transformer l&rsquo;\u00e9conomie et \u00e0 lib\u00e9rer l&rsquo;humanit\u00e9<\/strong><\/p>\n\n\n\n<ul class=\"wp-block-list\"><li><strong>Genevi\u00e8ve Ancel<\/strong>, coordinatrice Dialogues en Humanit\u00e9<\/li><\/ul>\n\n\n\n<ul class=\"wp-block-list\"><li><strong>Elisabeth Voss<\/strong>, NETZ, divergence des mouvements ESS en Allemagne <\/li><\/ul>\n\n\n\n<ul class=\"wp-block-list\"><li><strong>Iris Avinoa<\/strong>, Forum Social Mondial des Economies Transformatrices<\/li><\/ul>\n\n\n\n<ul class=\"wp-block-list\"><li><strong>Jean Rossiaud<\/strong>, APRES-GE, de l&rsquo;Inde \u00e0 Gen\u00e8ve, Initiative Jay Jagat en 2020<\/li><li>Anim\u00e9 par : <strong>Drazen Simlesa<\/strong>, coordonnateur du RIPESS<\/li><\/ul>\n\n\n\n<p>Voir le <a href=\"http:\/\/europe.ripess.rio20.net\/?lang=en\/fr\/villes-et-ess-politiques-et-pratiques-pour-transformer-leconomie\/\" data-wplink-edit=\"true\">programme d\u00e9taill\u00e9 ici<\/a>. <br><\/p>\n\n\n\n<p>Lieu : Mairie de Lyon (1, Place de la Com\u00e9die, 69001 Lyon, France)<\/p>\n\n\n\n<h3 class=\"wp-block-heading\" style=\"text-align:center\">Vendredi 5 juillet<\/h3>\n\n\n\n<p><strong>9h00 \u2013 12h00 <\/strong>: Premi\u00e8re partie de l\u2019Assembl\u00e9e G\u00e9n\u00e9rale du RIPESS Europe<\/p>\n\n\n\n<ul class=\"wp-block-list\"><li>Introduction : ouverture de l\u2019AG 2019 (15m)<\/li><\/ul>\n\n\n\n<ul class=\"wp-block-list\"><li>Le Forum Social Mondial des Economies Transformatrices :\no\u00f9 nous sommes, le r\u00f4le de RIPESS, la participation des membres, ce que nous\nvoulons apporter (1h)<\/li><\/ul>\n\n\n\n<ul class=\"wp-block-list\"><li>Validation de l\u2019agenda et proposition de th\u00e9matiques\nprioritaires \u00e0 discuter (15m)<\/li><\/ul>\n\n\n\n<ul class=\"wp-block-list\"><li>Pr\u00e9sentation des nouveaux membres (30m) et vid\u00e9oconf\u00e9rence\navec la Russie et l\u2019Angleterre (15+15m)<\/li><\/ul>\n\n\n\n<ul class=\"wp-block-list\"><li>Projets, \u00e9v\u00e9nements et activit\u00e9s des membres et dans les territoires: \u00e9change d\u2019information sur les r\u00e9seaux, les partenariats et alliances (30m)<\/li><\/ul>\n\n\n\n<p><strong>&nbsp;12h30 \u2013\n15h30 <\/strong>: D\u00e9jeuner chez \u201cLes Halles de la Martini\u00e8re\u201d et\nvisite de 3initiatives d\u2019ESS de\nLyon<\/p>\n\n\n\n<ul class=\"wp-block-list\"><li>12h30&nbsp;: fin de l&rsquo;AG du RIPESS \u00e0 la Mairie\nd&rsquo;Arrondissement, trajet \u00e0 pied (20 minutes)<\/li><li><strong>12h50-13h30&nbsp;:&nbsp;repas aux Halles de la Martini\u00e8re<\/strong>, \u00e9changes\navec les acteurs du lieu<\/li><li>Trajet \u00e0 pied \u2013 5 minutes<\/li><li><strong>13h35-14h&nbsp;: Visite de l&rsquo;\u00e9picerie sociale et\nsolidaire<\/strong> \u00ab&nbsp;Passerelle d&rsquo;eau de Robec&nbsp;\u00bb<\/li><li>Trajet m\u00e9tro \u2013 30 minutes<\/li><li><strong>14h30 &#8211; 15h30&nbsp;: Pr\u00e9sentation de Locaux Motiv<\/strong><\/li><li>15h30&nbsp;: Passage devant le jardin partag\u00e9 Mazagran +\ntrajet m\u00e9tro (30 minutes)<\/li><\/ul>\n\n\n\n<p><strong>16h00 &#8211; 18h00<\/strong> &#8211; Dialogues en Humanit\u00e9 (<strong><a href=\"https:\/\/dialoguesenhumanite.org\/meetuppage\/563\/vendredi-5-juillet\" data-mce-href=\"https:\/\/dialoguesenhumanite.org\/meetuppage\/563\/vendredi-5-juillet\">voir l&rsquo;Agora au programme ici)<\/a><\/strong><br data-mce-bogus=\"1\"><\/p>\n\n\n\n<p><strong>Soir\u00e9e<\/strong> &#8211; Animations par les Dialogues<\/p>\n\n\n\n<h3 class=\"wp-block-heading\" style=\"text-align:center\">Samedi 6 juillet<\/h3>\n\n\n\n<p><strong>9h00 \u2013 13h00 <\/strong>\u2013 Deuxi\u00e8me partie de l\u2019AG\ndu RIPESS Europe<\/p>\n\n\n\n<ul class=\"wp-block-list\"><li>Rapport\nd\u2019activit\u00e9 (30m)<\/li><\/ul>\n\n\n\n<ul class=\"wp-block-list\"><li>Rapport financier (15m)<\/li><\/ul>\n\n\n\n<ul class=\"wp-block-list\"><li>Discussion et votation (30m) Pause Caf\u00e9 (15\u2019)<\/li><\/ul>\n\n\n\n<ul class=\"wp-block-list\"><li>Amendement de l\u2019article XX du Statut de\nl\u2019association et votation (15\u2019)<\/li><\/ul>\n\n\n\n<ul class=\"wp-block-list\"><li>Pr\u00e9sentation candidature au\nComit\u00e9 de coordination et votation (30\u2019)<\/li><\/ul>\n\n\n\n<ul class=\"wp-block-list\"><li>Groupes de\ntravail (1:30h)<\/li><\/ul>\n\n\n\n<p>13<strong>h00 \u2013\n14h30<\/strong> \u2013 D\u00e9jeuner<\/p>\n\n\n\n<p><strong>14h30 \u2013 17h30 <\/strong>\u2013 Troisi\u00e8me partie de l\u2019AG\ndu RIPESS Europe<\/p>\n\n\n\n<ul class=\"wp-block-list\"><li>Groupes de travail &#8211;\nconclusions (30m)<\/li><\/ul>\n\n\n\n<ul class=\"wp-block-list\"><li>Rapports des groupes de\ntravail et propositions pour le plan d\u2019action 2020 (1h)<\/li><\/ul>\n\n\n\n<ul class=\"wp-block-list\"><li>Cartographie collective des\nalliances et partenariats (30m)<\/li><\/ul>\n\n\n\n<ul class=\"wp-block-list\"><li>Vers une strat\u00e9gie 2020-2030\u2026 (30m)<\/li><\/ul>\n\n\n\n<ul class=\"wp-block-list\"><li>Cloture\n(30m)<\/li><\/ul>\n\n\n\n<p><\/p>\n","protected":false},"excerpt":{"rendered":"<p>AG 2019 &#8211; Lyon : Programme Jeudi 4 juillet 15 h 00 \u00e0 18 h 00 &#8211;\u00a0 Conf\u00e9rence \/ table ronde sur les \u00ab\u00a0Villes et ESS : politques pratiques pour [&hellip;]<\/p>\n","protected":false},"author":7596,"featured_media":5242,"parent":0,"menu_order":0,"comment_status":"closed","ping_status":"closed","template":"","meta":{"_et_pb_use_builder":"","_et_pb_old_content":"","_et_gb_content_width":"","footnotes":""},"class_list":["post-5247","page","type-page","status-publish","has-post-thumbnail","hentry"],"_links":{"self":[{"href":"https:\/\/ripess.eu\/fr\/wp-json\/wp\/v2\/pages\/5247","targetHints":{"allow":["GET"]}}],"collection":[{"href":"https:\/\/ripess.eu\/fr\/wp-json\/wp\/v2\/pages"}],"about":[{"href":"https:\/\/ripess.eu\/fr\/wp-json\/wp\/v2\/types\/page"}],"author":[{"embeddable":true,"href":"https:\/\/ripess.eu\/fr\/wp-json\/wp\/v2\/users\/7596"}],"replies":[{"embeddable":true,"href":"https:\/\/ripess.eu\/fr\/wp-json\/wp\/v2\/comments?post=5247"}],"version-history":[{"count":0,"href":"https:\/\/ripess.eu\/fr\/wp-json\/wp\/v2\/pages\/5247\/revisions"}],"wp:featuredmedia":[{"embeddable":true,"href":"https:\/\/ripess.eu\/fr\/wp-json\/wp\/v2\/media\/5242"}],"wp:attachment":[{"href":"https:\/\/ripess.eu\/fr\/wp-json\/wp\/v2\/media?parent=5247"}],"curies":[{"name":"wp","href":"https:\/\/api.w.org\/{rel}","templated":true}]}}