{"id":524,"date":"2014-05-29T08:05:29","date_gmt":"2014-05-29T06:05:29","guid":{"rendered":"http:\/\/ripess.eu\/?page_id=524"},"modified":"2023-11-07T13:29:02","modified_gmt":"2023-11-07T12:29:02","slug":"histoire","status":"publish","type":"page","link":"https:\/\/ripess.eu\/fr\/histoire\/","title":{"rendered":"Historique"},"content":{"rendered":"<p>[et_pb_section fb_built=\u00a0\u00bb1&Prime; _builder_version=\u00a0\u00bb4.19.4&Prime; _module_preset=\u00a0\u00bbdefault\u00a0\u00bb global_colors_info=\u00a0\u00bb{}\u00a0\u00bb][et_pb_row _builder_version=\u00a0\u00bb4.19.4&Prime; _module_preset=\u00a0\u00bbdefault\u00a0\u00bb global_colors_info=\u00a0\u00bb{}\u00a0\u00bb][et_pb_column type=\u00a0\u00bb4_4&Prime; _builder_version=\u00a0\u00bb4.19.4&Prime; _module_preset=\u00a0\u00bbdefault\u00a0\u00bb global_colors_info=\u00a0\u00bb{}\u00a0\u00bb][et_pb_image src=\u00a0\u00bbhttps:\/\/ripess.eu\/wp-content\/uploads\/sites\/4\/2023\/01\/Ripess_europe_10-years_banner-scaled.jpg\u00a0\u00bb title_text=\u00a0\u00bbRipess_europe_10 years_banner\u00a0\u00bb _builder_version=\u00a0\u00bb4.19.4&Prime; _module_preset=\u00a0\u00bbdefault\u00a0\u00bb global_colors_info=\u00a0\u00bb{}\u00a0\u00bb][\/et_pb_image][et_pb_text _builder_version=\u00a0\u00bb4.23.1&Prime; _module_preset=\u00a0\u00bbdefault\u00a0\u00bb text_font_size=\u00a0\u00bb17px\u00a0\u00bb hover_enabled=\u00a0\u00bb0&Prime; global_colors_info=\u00a0\u00bb{}\u00a0\u00bb sticky_enabled=\u00a0\u00bb0&Prime;]<\/p>\n<p><strong>Le R\u00e9seau intercontinental pour la promotion de l&rsquo;\u00e9conomie sociale et solidaire est un r\u00e9seau compos\u00e9 d&rsquo;une organisation par continent. Il rassemble des associations continentales d&rsquo;acteurs et de r\u00e9seaux visant \u00e0 construire une vision commune de l&rsquo;ESS \u00e0 partir de leurs exp\u00e9riences socio-\u00e9conomiques sur le terrain : un mod\u00e8le politique qui garantit les droits humains fondamentaux, la d\u00e9mocratie et un espace de transformation sociale, \u00e9conomique et \u00e9cologique.<\/strong><\/p>\n<p><strong>RIPESS Europe &#8211; Solidarity Economy Europe<\/strong>, est n\u00e9 de la synergie produite par les rencontres de la Globalisation de la Solidarit\u00e9 organis\u00e9es par le RIPESS Intercontinental, dont la premi\u00e8re a eu lieu \u00e0 Lima en 1997. Le 4\u00e8me Forum International de la \u00ab\u00a0Globalisation de la Solidarit\u00e9\u00a0\u00bb, Lux&rsquo;09, qui s&rsquo;est d\u00e9roul\u00e9 \u00e0 Schifflange en avril 2009, a permis de lancer une dynamique en \u00e9tablissant la confiance et la connaissance partag\u00e9e entre les r\u00e9seaux de l&rsquo;\u00e9conomie sociale et solidaire (ESS) au niveau continental et intercontinental. Lors de cette rencontre, Eric Lavilluni\u00e8re (INEES) et Christine Gent (WFTO) ont initi\u00e9 la structuration d&rsquo;une plateforme europ\u00e9enne RIPESS.<\/p>\n<p>C&rsquo;est \u00e0 Barcelone, en 2011, qu&rsquo;est n\u00e9 RIPESS Europe. Il regroupait des repr\u00e9sentants de r\u00e9seaux de Belgique, Catalogne, France, Espagne, Hongrie, Italie, Luxembourg, Portugal, Roumanie et Allemagne.<\/p>\n<p>[\/et_pb_text][\/et_pb_column][\/et_pb_row][\/et_pb_section]<\/p>\n","protected":false},"excerpt":{"rendered":"<p>Le R\u00e9seau intercontinental pour la promotion de l&rsquo;\u00e9conomie sociale et solidaire est un r\u00e9seau compos\u00e9 d&rsquo;une organisation par continent. Il rassemble des associations continentales d&rsquo;acteurs et de r\u00e9seaux visant \u00e0 [&hellip;]<\/p>\n","protected":false},"author":4,"featured_media":0,"parent":0,"menu_order":0,"comment_status":"closed","ping_status":"closed","template":"","meta":{"_et_pb_use_builder":"on","_et_pb_old_content":"","_et_gb_content_width":"","footnotes":""},"class_list":["post-524","page","type-page","status-publish","hentry"],"_links":{"self":[{"href":"https:\/\/ripess.eu\/fr\/wp-json\/wp\/v2\/pages\/524","targetHints":{"allow":["GET"]}}],"collection":[{"href":"https:\/\/ripess.eu\/fr\/wp-json\/wp\/v2\/pages"}],"about":[{"href":"https:\/\/ripess.eu\/fr\/wp-json\/wp\/v2\/types\/page"}],"author":[{"embeddable":true,"href":"https:\/\/ripess.eu\/fr\/wp-json\/wp\/v2\/users\/4"}],"replies":[{"embeddable":true,"href":"https:\/\/ripess.eu\/fr\/wp-json\/wp\/v2\/comments?post=524"}],"version-history":[{"count":0,"href":"https:\/\/ripess.eu\/fr\/wp-json\/wp\/v2\/pages\/524\/revisions"}],"wp:attachment":[{"href":"https:\/\/ripess.eu\/fr\/wp-json\/wp\/v2\/media?parent=524"}],"curies":[{"name":"wp","href":"https:\/\/api.w.org\/{rel}","templated":true}]}}