{"id":520,"date":"2014-05-28T15:28:14","date_gmt":"2014-05-28T14:28:14","guid":{"rendered":"http:\/\/ripess.eu\/?page_id=520"},"modified":"2022-05-18T11:24:29","modified_gmt":"2022-05-18T10:24:29","slug":"objectifs","status":"publish","type":"page","link":"https:\/\/ripess.eu\/fr\/objectifs\/","title":{"rendered":"Objectifs"},"content":{"rendered":"<p><strong>RIPESS Europe \u2013 Economy Solidarity Europe, a pour but de relier praticien.nes, th\u00e9oricien.nes et responsables politiques de l\u2019\u00e9conomie solidaire pour promouvoir et d\u00e9velopper l\u2019ESS gr\u00e2ce aux <\/strong>\u00e9changes de pratiques et l\u2019engagement dans des actions communes.<\/p>\n<p>Le r\u00e9seau vise \u00e0 promouvoir d\u2019autres modes de production, de consommation, d\u2019\u00e9pargne et d\u2019\u00e9change pour la construction de r\u00e9gulations \u00e9conomiques plus justes et d\u2019un d\u00e9veloppement plus solidaire.<\/p>\n<p>Le RIPESS organise une r\u00e9union annuelle d\u00e9di\u00e9e \u00e0 la revue de sa strat\u00e9gie qui est fix\u00e9e tous les trois ans et \u00e9volue en fonction du contexte europ\u00e9en et international.<\/p>\n<p>Les objectifs peuvent se r\u00e9sumer selon trois cat\u00e9gories\u00a0:<\/p>\n<p><strong>Promouvoir les \u00e9cosyst\u00e8mes territoriaux et l\u2019appui \u00e0 l\u2019\u00e9mergence de nouveaux r\u00e9seaux en organisant leur inter-coop\u00e9ration \u00e9conomique.<\/strong><\/p>\n<p>1.1 Soutenir la cartographie des initiatives pour permettre aux membres de mieux se conna\u00eetre; \u00e9changer des biens, des services, des comp\u00e9tences; et valoriser leurs activit\u00e9s et favoriser leur essaimage<\/p>\n<p>1.2 Am\u00e9liorer de fa\u00e7on continue les outils de communication en utilisant et en proposant des outils num\u00e9riques collaboratifs<\/p>\n<p>1.3 Renforcer la recherche en lien avec le Comit\u00e9 scientifique (voir gouvernance)<\/p>\n<p><strong>Poursuivre l\u2019effort de d\u00e9veloppement et de reconnaissance de l\u2019\u00e9conomie solidaire en co-construction avec les acteurs des politiques publiques<\/strong><\/p>\n<p>2.1 Susciter l\u2019implication des membres dans leurs contextes pour co-construire les politiques publiques et des outils d\u2019\u00e9valuation pertinents bas\u00e9s sur l\u2019\u00e9laboration collective et la participation des acteurs<\/p>\n<p>2.2 Syst\u00e9matiser la collecte de ce que chaque pays met en place en lien avec les acteurs pour favoriser le d\u00e9veloppement de l\u2019ESS<\/p>\n<p>2.3 Organiser une veille technologique sur les mouvements des instances politiques et intervenir chaque fois que n\u00e9cessaire en d\u00e9fense des int\u00e9r\u00eats des acteurs de l\u2019ESS en publiant des articles et \/ ou en interpellant les responsables politiques.<\/p>\n<p>2.4 S\u2019associer aux r\u00e9seaux et aux centres de recherche europ\u00e9ens pour une d\u00e9fense collective de l\u2019ESS<\/p>\n<p>2.5 D\u00e9velopper la coop\u00e9ration territoriale dans la perspective des \u00e9cosyst\u00e8mes de l\u2019\u00e9conomie solidaire.<\/p>\n<p>2.6 Renforcer les liens avec la presse alternative et autres m\u00e9dias<\/p>\n<p><strong>La cr\u00e9ation et le renforcement d\u2019alliances<\/strong><\/p>\n<p>3.1 Associer la tenue de l\u2019Assembl\u00e9e G\u00e9n\u00e9rale du RIPESS EU \u00e0 un \u00e9v\u00e9nement national port\u00e9 par un de ses membres<\/p>\n<p>3.2 Construire un agenda collectif rassemblant les \u00e9v\u00e9nements port\u00e9s par les diff\u00e9rentes organisations qui \u0153uvrent \u00e0 la transformation \u00e9conomique<\/p>\n<p>3.3 Promouvoir la participation d\u00e9mocratique des citoyens et l\u2019auto-organisation comme principaux moteurs du changement syst\u00e9mique<\/p>\n<p>3.4 Elaborer des modules de formation destin\u00e9s \u00e0 un public\u00a0large et diversifi\u00e9<\/p>\n<p>3.5 Multiplier les opportunit\u00e9s d\u2019exp\u00e9riences, de collaborations et de participation active des jeunes comme base d\u2019un engagement en r\u00e9seau et de cr\u00e9ation d\u2019une plateforme Jeun\u2019ESS<\/p>\n<p>3.6 Cr\u00e9er des webinaires pour soutenir l\u2019ensemble de ces objectifs<\/p>\n","protected":false},"excerpt":{"rendered":"<p>RIPESS Europe \u2013 Economy Solidarity Europe, a pour but de relier praticien.nes, th\u00e9oricien.nes et responsables politiques de l\u2019\u00e9conomie solidaire pour promouvoir et d\u00e9velopper l\u2019ESS gr\u00e2ce aux \u00e9changes de pratiques et [&hellip;]<\/p>\n","protected":false},"author":4,"featured_media":0,"parent":0,"menu_order":0,"comment_status":"closed","ping_status":"closed","template":"","meta":{"_et_pb_use_builder":"","_et_pb_old_content":"","_et_gb_content_width":"","footnotes":""},"class_list":["post-520","page","type-page","status-publish","hentry"],"_links":{"self":[{"href":"https:\/\/ripess.eu\/fr\/wp-json\/wp\/v2\/pages\/520","targetHints":{"allow":["GET"]}}],"collection":[{"href":"https:\/\/ripess.eu\/fr\/wp-json\/wp\/v2\/pages"}],"about":[{"href":"https:\/\/ripess.eu\/fr\/wp-json\/wp\/v2\/types\/page"}],"author":[{"embeddable":true,"href":"https:\/\/ripess.eu\/fr\/wp-json\/wp\/v2\/users\/4"}],"replies":[{"embeddable":true,"href":"https:\/\/ripess.eu\/fr\/wp-json\/wp\/v2\/comments?post=520"}],"version-history":[{"count":0,"href":"https:\/\/ripess.eu\/fr\/wp-json\/wp\/v2\/pages\/520\/revisions"}],"wp:attachment":[{"href":"https:\/\/ripess.eu\/fr\/wp-json\/wp\/v2\/media?parent=520"}],"curies":[{"name":"wp","href":"https:\/\/api.w.org\/{rel}","templated":true}]}}