{"id":5199,"date":"2019-05-27T19:30:17","date_gmt":"2019-05-27T17:30:17","guid":{"rendered":"http:\/\/www.ripess.eu\/?page_id=5199"},"modified":"2019-06-25T10:10:59","modified_gmt":"2019-06-25T08:10:59","slug":"8eme-assemblee-generale-lyon-2019","status":"publish","type":"page","link":"https:\/\/ripess.eu\/fr\/8eme-assemblee-generale-lyon-2019\/","title":{"rendered":"8\u00e8me Assembl\u00e9e G\u00e9n\u00e9rale \u2013 Lyon 2019"},"content":{"rendered":"\n<h1 class=\"wp-block-heading\" style=\"text-align:center\">8\u00e8me Assembl\u00e9e G\u00e9n\u00e9rale \u2013 Lyon 2019<\/h1>\n\n\n\n<p>Cette ann\u00e9e l&rsquo;AG de RIPESS Europe se tiendra en lien avec une rencontre sur  <strong>les Villes et l&rsquo;ESS<\/strong> (4 Juillet) co-organis\u00e9e avec la Ville de Lyon et le RTES, suivi par une soir\u00e9e du <a href=\"https:\/\/www.lyon.fr\/node\/3395\"><strong>Label Lyon \u00ab\u00a0Ville \u00e9quitable et durable<\/strong>\u00ab\u00a0<\/a> et les <a href=\"https:\/\/www.dialoguesenhumanite.org\"><strong>Dialogues en Humanit\u00e9<\/strong><\/a> (du 5 au 7 Juillet).<\/p>\n\n\n\n<p>L\u2019Assembl\u00e9e G\u00e9n\u00e9rale du RIPESS Europe aura lieu entre le <strong>5 et le 6 Juillet<\/strong> dans des salles de la Mairie du 4e arrondissement.  Les membres auront aussi la possibilit\u00e9 de <strong>visiter des initiatives locales de l&rsquo;ESS dans des quartiers de Lyon<\/strong> et de participer aux \u00e9changes et animations des Dialogues en Humanit\u00e9.<\/p>\n\n\n\n<p>Au regard de divers activit\u00e9s men\u00e9es par nos membres dans le cadre de la promotion de l&rsquo;Economie Solidaire, il sera question de mutualiser nos efforts pour le renforcement  de l\u2019Economie Solidaire en Europe.<\/p>\n\n\n\n<p><strong>Confirmez votre particpation en vous inscrivant <\/strong><a href=\"http:\/\/europe.ripess.rio20.net\/?lang=en\/eforms\/ga2018-registration\/14\/\"><strong>ici<\/strong><\/a><strong>.<\/strong><\/p>\n\n\n\n<p>Si vous n&rsquo;\u00eates pas en mesure d&rsquo;y assister personnellement, vous pouvez d\u00e9l\u00e9guer un autre membre pour vous repr\u00e9senter, en remplissant et en nous envoyant la procuration de vote.<\/p>\n\n\n\n<p>Voir le <strong><a href=\"http:\/\/europe.ripess.rio20.net\/?lang=en\/fr\/ag-2019-lyon-programme\/\">programme<\/a><\/strong> et la <strong><a href=\"http:\/\/europe.ripess.rio20.net\/?lang=en\/fr\/ag-2019-lyon-documentation\/\">documentation<\/a><\/strong> de l&rsquo;AG.<\/p>\n\n\n\n<p>Pour toute question ou inqui\u00e9tude n&rsquo;h\u00e9sitez pas \u00e0 nous contacter via : <strong>info@ripess.eu <\/strong><\/p>\n","protected":false},"excerpt":{"rendered":"<p>8\u00e8me Assembl\u00e9e G\u00e9n\u00e9rale \u2013 Lyon 2019 Cette ann\u00e9e l&rsquo;AG de RIPESS Europe se tiendra en lien avec une rencontre sur les Villes et l&rsquo;ESS (4 Juillet) co-organis\u00e9e avec la Ville [&hellip;]<\/p>\n","protected":false},"author":1,"featured_media":5213,"parent":0,"menu_order":0,"comment_status":"closed","ping_status":"closed","template":"","meta":{"_et_pb_use_builder":"","_et_pb_old_content":"","_et_gb_content_width":"","footnotes":""},"class_list":["post-5199","page","type-page","status-publish","has-post-thumbnail","hentry"],"_links":{"self":[{"href":"https:\/\/ripess.eu\/fr\/wp-json\/wp\/v2\/pages\/5199","targetHints":{"allow":["GET"]}}],"collection":[{"href":"https:\/\/ripess.eu\/fr\/wp-json\/wp\/v2\/pages"}],"about":[{"href":"https:\/\/ripess.eu\/fr\/wp-json\/wp\/v2\/types\/page"}],"author":[{"embeddable":true,"href":"https:\/\/ripess.eu\/fr\/wp-json\/wp\/v2\/users\/1"}],"replies":[{"embeddable":true,"href":"https:\/\/ripess.eu\/fr\/wp-json\/wp\/v2\/comments?post=5199"}],"version-history":[{"count":0,"href":"https:\/\/ripess.eu\/fr\/wp-json\/wp\/v2\/pages\/5199\/revisions"}],"wp:featuredmedia":[{"embeddable":true,"href":"https:\/\/ripess.eu\/fr\/wp-json\/wp\/v2\/media\/5213"}],"wp:attachment":[{"href":"https:\/\/ripess.eu\/fr\/wp-json\/wp\/v2\/media?parent=5199"}],"curies":[{"name":"wp","href":"https:\/\/api.w.org\/{rel}","templated":true}]}}