{"id":3843,"date":"2018-05-15T17:40:32","date_gmt":"2018-05-15T15:40:32","guid":{"rendered":"http:\/\/www.ripess.eu\/?page_id=3843"},"modified":"2018-06-04T17:47:21","modified_gmt":"2018-06-04T15:47:21","slug":"programme-de-la-7eme-assemblee-generale-zagreb","status":"publish","type":"page","link":"https:\/\/ripess.eu\/fr\/7eme-assemblee-generale-zagreb-2018\/programme-de-la-7eme-assemblee-generale-zagreb\/","title":{"rendered":"Programme de la 7\u00e8me Assembl\u00e9e G\u00e9n\u00e9rale &#8211; Zagreb"},"content":{"rendered":"<h2 style=\"text-align: center;\"><strong>PROGRAMME<\/strong><\/h2>\n<p style=\"text-align: center;\"><em>Retrouvez les informations compl\u00e9mentaires concernant la logistique sur <a href=\"https:\/\/europe.ripess.rio20.net\/wp-content\/uploads\/sites\/4\/2017\/10\/GA2018-LOGISTIC-FR.pdf\"><strong>ce document<\/strong><\/a>.\u00a0<\/em><\/p>\n<h4><strong>VENDREDI 15 JUIN\u00a0<\/strong><\/h4>\n<p>La <a href=\"https:\/\/www.zmag.hr\/5kde\">Conf\u00e9rence Good Economy<\/a> aura lieu \u00e0\u00a0<strong><span lang=\"fr-BE\">l\u2019ancien cin\u00e9ma\u00a0Kino Tuskanac <\/span><\/strong>et tous les membres du RIPESS Europe sont invit\u00e9s \u00e0 y participer.<\/p>\n<p><strong>Lieu<\/strong> :\u00a0<a href=\"https:\/\/www.google.com\/maps\/place\/Tu%C5%A1kanac\/@45.8156877,15.9670435,16z\/data=!4m8!1m2!2m1!1sTu%C5%A1kanac+1,+10000+Zagreb+kino!3m4!1s0x0:0xed7bf57ce44697e8!8m2!3d45.8154784!4d15.9694675\">Tu\u0161kanac 1, 10000 Zagreb<\/a>\u00a0\u00e0<strong>\u00a0Kino Tuskanac<\/strong><\/p>\n<p>09:00 &#8211; 09:30 Inscriptions<br \/>\n09:30 &#8211; 10:00 Ouverture et mots de bienvenue<br \/>\nRIPESS pour d\u00e9butants<\/p>\n<p>10:00 &#8211; 11:00 <em><strong>Les entreprises d\u00e9tenues et contr\u00f4l\u00e9es par les travailleurs:<\/strong> Une histoire plan\u00e9taire<\/em><br \/>\n<strong>\u00a0 \u00a0 \u00a0 \u00a0 \u00a0 \u00a0 \u00a0 \u00a0 \u00a0 \u00a0 \u00a0 Bob Cannell<\/strong>, Fondateur de la coop\u00e9rative de travailleurs SUMA, actuellement Consultant en affaires coop\u00e9ratives<\/p>\n<p>11:00 &#8211; 12:10<strong> Session th\u00e9matique 1<\/strong><br \/>\n<em><strong>\u00a0 \u00a0 \u00a0 \u00a0 \u00a0 \u00a0 \u00a0 \u00a0 \u00a0 \u00a0 \u00a0 Mise en place d&rsquo;un \u00e9cosyst\u00e8me favorable \u00e0 l&rsquo;ESS<\/strong><\/em><br \/>\n<strong>\u00a0 \u00a0 \u00a0 \u00a0 \u00a0 \u00a0 \u00a0 \u00a0 \u00a0 \u00a0 \u00a0 Dounia Besson<\/strong>, Adjointe au Maire de Lyon, en charge de l\u2019\u00c9conomie Sociale et Solidaire et du D\u00e9veloppement Durable, Vice-Pr\u00e9sidente de <strong>\u00a0 \u00a0 \u00a0 \u00a0 \u00a0 \u00a0 \u00a0 \u00a0 \u00a0 \u00a0 \u00a0 <\/strong>RTES \u2013 r\u00e9seau de collectivit\u00e9s locales pour le soutien des politiques publiques ESS en France<br \/>\n<strong> \u00a0 \u00a0 \u00a0 \u00a0 \u00a0 \u00a0 \u00a0 \u00a0 \u00a0 \u00a0 \u00a0 Pascal Duforestel<\/strong>, D\u00e9l\u00e9gu\u00e9 r\u00e9gional de l\u2019ESS en Nouvelle-Aquitaine, membre du conseil d&rsquo;administration de RTES<br \/>\n<strong>\u00a0 \u00a0 \u00a0 \u00a0 \u00a0 \u00a0 \u00a0 \u00a0 \u00a0 \u00a0 \u00a0 Xavier Artigas<\/strong>, R\u00e9seau d\u2019\u00c9conomie Solidaire en Catalogne<br \/>\n<strong>\u00a0 \u00a0 \u00a0 \u00a0 \u00a0 \u00a0 \u00a0 \u00a0 \u00a0 \u00a0 \u00a0 Mario Rajn<\/strong>, Maire de Kri\u017eevci<\/p>\n<p>12:10 &#8211; 12:30 Paus\u00e9 Caf\u00e9<\/p>\n<p>12: 30 &#8211; 13:30 <strong>Session th\u00e9matique 2<\/strong><br \/>\n<em><strong>\u00a0 \u00a0 \u00a0 \u00a0 \u00a0 \u00a0 \u00a0 \u00a0 \u00a0 \u00a0 \u00a0 \u00a0Souverainet\u00e9 alimentaire et ESS<\/strong> <\/em><br \/>\n<strong>\u00a0 \u00a0 \u00a0 \u00a0 \u00a0 \u00a0 \u00a0 \u00a0 \u00a0 \u00a0 \u00a0 \u00a0Judith Hitchman<\/strong>, Pr\u00e9sidente d\u2019Urgenci \u2013 r\u00e9seau International de mod\u00e8les d\u2019agriculture soutenus par la Communaut\u00e9 <strong>\u00a0 \u00a0 \u00a0 \u00a0 \u00a0 \u00a0 \u00a0 \u00a0 \u00a0 \u00a0 \u00a0 <\/strong><br \/>\n<strong>\u00a0 \u00a0 \u00a0 \u00a0 \u00a0 \u00a0 \u00a0 \u00a0 \u00a0 \u00a0 \u00a0 \u00a0<\/strong><strong>Maria Britzolaki<\/strong>, DOCK \u2013 Zone d\u2019Economie Sociale et Solidaire, Gr\u00e8ce<br \/>\n<strong>\u00a0 \u00a0 \u00a0 \u00a0 \u00a0 \u00a0 \u00a0 \u00a0 \u00a0 \u00a0 \u00a0 \u00a0Biljana Kostovska<\/strong>, Coop\u00e9rative alimentaire Good Earth, Mac\u00e9doine<br \/>\n<strong>\u00a0 \u00a0 \u00a0 \u00a0 \u00a0 \u00a0 \u00a0 \u00a0 \u00a0 \u00a0 \u00a0 \u00a0Luca Asperius<\/strong>, Forum Economie Solidaire, Allemagne<br \/>\n<strong>\u00a0 \u00a0 \u00a0 \u00a0 \u00a0 \u00a0 \u00a0 \u00a0 \u00a0 \u00a0 \u00a0 \u00a0Zoran Grozdanov<\/strong>, R\u00e9seau alimentaire, Rijeka<strong><br \/>\nKatarina Milenkovi\u0107<\/strong>, AMA Centar et Ba\u0161tali\u0161te \u2013 jardin partag\u00e9, Belgrade<\/p>\n<p>13:30 \u2013 14:15 Repas<\/p>\n<p>14:15 \u2013 15:15 Conf\u00e9rence principale<br \/>\n<strong>\u00a0 \u00a0 \u00a0 \u00a0 \u00a0 \u00a0 \u00a0 \u00a0 \u00a0 \u00a0 \u00a0 \u00a0Mesurer notre bon sens commun<\/strong><br \/>\n<strong>\u00a0 \u00a0 \u00a0 \u00a0 \u00a0 \u00a0 \u00a0 \u00a0 \u00a0 \u00a0 \u00a0 \u00a0Nils Witke<\/strong>, Consultant, Auditeur principal et consultant-formateur international de l&rsquo;\u00e9conomie pour le bien commun (ECG)<\/p>\n<p>15:15 &#8211; 15:30 Pause<\/p>\n<p>15:30 \u2013 16:30 <strong>Session th\u00e9matique 3<\/strong><br \/>\n<strong><em>\u00a0 \u00a0 \u00a0 \u00a0 \u00a0 \u00a0 \u00a0 \u00a0 \u00a0 \u00a0 \u00a0 \u00a0D\u00e9mocratie \u00e9conomique en Europe du (Sud) Est<\/em> <\/strong><br \/>\n<strong><em>\u00a0 \u00a0 \u00a0 \u00a0 \u00a0 \u00a0 \u00a0 \u00a0 \u00a0 \u00a0 \u00a0 \u00a0<\/em>Olga Polyakova<\/strong>, Trava Education, Sankt Petersburg &#8211; Russie<br \/>\n<strong><em>\u00a0 \u00a0 \u00a0 \u00a0 \u00a0 \u00a0 \u00a0 \u00a0 \u00a0 \u00a0 \u00a0 \u00a0<\/em>Marketa Vinkelhoferova<\/strong>, Ekumenik Academy de Prague, coordinatrice du projet europ\u00e9en SUSY \u2013 Economie Solidaire et Durable<br \/>\n<strong><em>\u00a0 \u00a0 \u00a0 \u00a0 \u00a0 \u00a0 \u00a0 \u00a0 \u00a0 \u00a0 \u00a0 \u00a0<\/em>Monika Onyszkiewicz<\/strong>, \u00e9ducation des jeunes \u00e0 EkoCentrum Wroc\u0142aw<br \/>\n<strong><em>\u00a0 \u00a0 \u00a0 \u00a0 \u00a0 \u00a0 \u00a0 \u00a0 \u00a0 \u00a0 \u00a0 \u00a0<\/em>Marina Ivandi\u0107<\/strong>, Base pour les initiatives des travailleurs et la d\u00e9mocratisation, Zagreb<\/p>\n<p>16:30 &#8211; 17:30 <strong><em>Nos bonnes histoires<\/em><\/strong><br \/>\n<strong><em>\u00a0 \u00a0 \u00a0 \u00a0 \u00a0 \u00a0 \u00a0 \u00a0 \u00a0 \u00a0 \u00a0 \u00a0<\/em>Marko Vukovi\u0107<\/strong>, Free Domain \u2013 Coop\u00e9rative pour l\u2019Open Code et le design<br \/>\n<strong><em>\u00a0 \u00a0 \u00a0 \u00a0 \u00a0 \u00a0 \u00a0 \u00a0 \u00a0 \u00a0 \u00a0 \u00a0<\/em>Janko Gredelj<\/strong>, Service J\u00e9suite des R\u00e9fugi\u00e9s en Croatie<br \/>\n<strong><em>\u00a0 \u00a0 \u00a0 \u00a0 \u00a0 \u00a0 \u00a0 \u00a0 \u00a0 \u00a0 \u00a0 \u00a0<\/em>\u0110ur\u0111a Grozaj<\/strong>, Kamensko Association des travailleuses<\/p>\n<p>17:30 &#8211; 17:45 Pause<\/p>\n<p>17:45 &#8211; 18:45 <em><strong>Monnaies locales et monnaies alternatives<\/strong> <\/em><br \/>\n<strong><em>\u00a0 \u00a0 \u00a0 \u00a0 \u00a0 \u00a0 \u00a0 \u00a0 \u00a0 \u00a0 \u00a0 \u00a0<\/em>Jean Rossiaud<\/strong>, monnaie locale L\u00e9man, Gen\u00e8ve<br \/>\n<strong><em>\u00a0 \u00a0 \u00a0 \u00a0 \u00a0 \u00a0 \u00a0 \u00a0 \u00a0 \u00a0 \u00a0 \u00a0<\/em>Goran Jeras<\/strong>, Pr\u00e9sident de la Coop\u00e9rative pour la Finance Ethique<\/p>\n<p>Au cours de la Conf\u00e9rence Good Economy, les membres et les partenaires de <strong>Little Market<\/strong> mettront en place un espace avec des produits directement issus de \u00abla source\u00bb. Ce sera l&rsquo;occasion de les rencontrer et de soutenir les producteurs locaux.<\/p>\n<p>19:00 \u2013 Transfert \u00e0 la ferme Zmag \u00e0 Vukomeric pour une visite, le d\u00eener et la soir\u00e9e sur place !<\/p>\n<h4><b>SAMEDI 16 JUIN<\/b><\/h4>\n<p>L\u2019Assembl\u00e9e G\u00e9n\u00e9rale du RIPESS Europe se tiendra dans les locaux de l&rsquo;<strong>\u00c9cole\u00a0Titu\u0161a Brezova\u010dkog<\/strong> de Zagreb les <strong>16 et 17 juin 2018<\/strong>.<\/p>\n<p><strong>Lieu<\/strong> :\u00a0<a href=\"https:\/\/www.google.fr\/maps\/place\/Habdeli%C4%87eva\/@45.815905,15.9709626,16z\/data=!4m5!3m4!1s0x4765d70294ba431d:0x52d7475386cfac55!8m2!3d45.815905!4d15.97534\">Habdeli\u0107eva 1, 10000 Zagreb<\/a>. au <strong>Gimnazija Titu\u0161a Brezova\u010dkog<\/strong>.<\/p>\n<p class=\"x_MsoNormal\">9h\u00a0: D\u00e9part pour l\u2019Assembl\u00e9e G\u00e9n\u00e9rale<br \/>\n9h30\u00a0: Ouverture de l\u2019Assembl\u00e9e G\u00e9n\u00e9rale<br \/>\n10h\u00a0: Pr\u00e9sentation du Rapport d&rsquo;activit\u00e9s, discussion sur le Plan d&rsquo;action<br \/>\n11h : Pause-caf\u00e9<br \/>\n11h30 : Premi\u00e8re session \/ Groupes de travail sur la strat\u00e9gie du RIPESS<br \/>\n13h\u00a0: Repas<br \/>\n14h30\u00a0: Deuxi\u00e8me session \/ Groupes de travail sur les activit\u00e9s inter-coop\u00e9ratives<br \/>\n16h : Pause-caf\u00e9<br \/>\n16h30-18h : Elections statutaires, pr\u00e9sentation et validation du Rapport financier et du budget pr\u00e9visionnel<br \/>\n18h15-19h30 : R\u00e9union du Comit\u00e9 de Coordination renouvel\u00e9<br \/>\n20h30 : D\u00eener<br \/>\n22h\u00a0: Activit\u00e9s conviviales<\/p>\n<h4><strong>DIMANCHE 17 JUIN<\/strong><\/h4>\n<p>2\u00e8me journ\u00e9e de l&rsquo;Assembl\u00e9e G\u00e9n\u00e9rale du RIPESS Europe.<\/p>\n<p><strong>Lieu<\/strong> :\u00a0<a href=\"https:\/\/www.google.fr\/maps\/place\/Habdeli%C4%87eva\/@45.815905,15.9709626,16z\/data=!4m5!3m4!1s0x4765d70294ba431d:0x52d7475386cfac55!8m2!3d45.815905!4d15.97534\">Habdeli\u0107eva 1, 10000 Zagreb<\/a>. au <strong>Gimnazija Titu\u0161a Brezova\u010dkog<\/strong>.<\/p>\n<p class=\"x_MsoNormal\">9h\u00a0: D\u00e9part pour l\u2019Assembl\u00e9e G\u00e9n\u00e9rale<br \/>\n9h30-11h30 : cartographier nos nouvelles actions, mettre en r\u00e9seau notre futur<\/p>\n<p class=\"x_MsoNormal\">\n","protected":false},"excerpt":{"rendered":"<p>PROGRAMME Retrouvez les informations compl\u00e9mentaires concernant la logistique sur ce document.\u00a0 VENDREDI 15 JUIN\u00a0 La Conf\u00e9rence Good Economy aura lieu \u00e0\u00a0l\u2019ancien cin\u00e9ma\u00a0Kino Tuskanac et tous les membres du RIPESS Europe [&hellip;]<\/p>\n","protected":false},"author":7577,"featured_media":3844,"parent":3790,"menu_order":0,"comment_status":"closed","ping_status":"closed","template":"","meta":{"_et_pb_use_builder":"","_et_pb_old_content":"","_et_gb_content_width":"","footnotes":""},"class_list":["post-3843","page","type-page","status-publish","has-post-thumbnail","hentry"],"_links":{"self":[{"href":"https:\/\/ripess.eu\/fr\/wp-json\/wp\/v2\/pages\/3843","targetHints":{"allow":["GET"]}}],"collection":[{"href":"https:\/\/ripess.eu\/fr\/wp-json\/wp\/v2\/pages"}],"about":[{"href":"https:\/\/ripess.eu\/fr\/wp-json\/wp\/v2\/types\/page"}],"author":[{"embeddable":true,"href":"https:\/\/ripess.eu\/fr\/wp-json\/wp\/v2\/users\/7577"}],"replies":[{"embeddable":true,"href":"https:\/\/ripess.eu\/fr\/wp-json\/wp\/v2\/comments?post=3843"}],"version-history":[{"count":0,"href":"https:\/\/ripess.eu\/fr\/wp-json\/wp\/v2\/pages\/3843\/revisions"}],"up":[{"embeddable":true,"href":"https:\/\/ripess.eu\/fr\/wp-json\/wp\/v2\/pages\/3790"}],"wp:featuredmedia":[{"embeddable":true,"href":"https:\/\/ripess.eu\/fr\/wp-json\/wp\/v2\/media\/3844"}],"wp:attachment":[{"href":"https:\/\/ripess.eu\/fr\/wp-json\/wp\/v2\/media?parent=3843"}],"curies":[{"name":"wp","href":"https:\/\/api.w.org\/{rel}","templated":true}]}}