{"id":3800,"date":"2018-05-02T17:57:55","date_gmt":"2018-05-02T15:57:55","guid":{"rendered":"http:\/\/www.ripess.eu\/gouvernance\/membres\/cotisation-des-adherents\/"},"modified":"2023-08-03T15:43:51","modified_gmt":"2023-08-03T13:43:51","slug":"cotisation-des-adherents","status":"publish","type":"page","link":"https:\/\/ripess.eu\/fr\/gouvernance\/cotisation-des-adherents\/","title":{"rendered":"Paiement de la cotisation"},"content":{"rendered":"<p>En tant que membre du r\u00e9seau europ\u00e9en, les organisations sont cens\u00e9es contribuer \u00e0 soutenir les activit\u00e9s du r\u00e9seau avec une cotisation annuelle d\u2019au moins 100,00 euro. Les grandes organisations ou r\u00e9seaux sont encourag\u00e9s \u00e0 contribuer davantage.<\/p>\n<p>Vous pouvez payer les frais par virement bancaire \u00e0 l\u2019adresse suivante :<\/p>\n<p><strong>RIPESS Europe asbl<\/strong><br \/>\nBanque: <strong>Banca Etica \u2013 Italie<\/strong><br \/>\nIBAN: <strong>IT77S0501802800000011664091<\/strong><br \/>\nBIC\/SWIFT: <strong>ETICIT22XXX<\/strong><\/p>\n","protected":false},"excerpt":{"rendered":"<p>En tant que membre du r\u00e9seau europ\u00e9en, les organisations sont cens\u00e9es contribuer \u00e0 soutenir les activit\u00e9s du r\u00e9seau avec une cotisation annuelle d\u2019au moins 100,00 euro. Les grandes organisations ou [&hellip;]<\/p>\n","protected":false},"author":1,"featured_media":0,"parent":570,"menu_order":0,"comment_status":"closed","ping_status":"closed","template":"","meta":{"_et_pb_use_builder":"","_et_pb_old_content":"","_et_gb_content_width":"","footnotes":""},"class_list":["post-3800","page","type-page","status-publish","hentry"],"_links":{"self":[{"href":"https:\/\/ripess.eu\/fr\/wp-json\/wp\/v2\/pages\/3800","targetHints":{"allow":["GET"]}}],"collection":[{"href":"https:\/\/ripess.eu\/fr\/wp-json\/wp\/v2\/pages"}],"about":[{"href":"https:\/\/ripess.eu\/fr\/wp-json\/wp\/v2\/types\/page"}],"author":[{"embeddable":true,"href":"https:\/\/ripess.eu\/fr\/wp-json\/wp\/v2\/users\/1"}],"replies":[{"embeddable":true,"href":"https:\/\/ripess.eu\/fr\/wp-json\/wp\/v2\/comments?post=3800"}],"version-history":[{"count":0,"href":"https:\/\/ripess.eu\/fr\/wp-json\/wp\/v2\/pages\/3800\/revisions"}],"up":[{"embeddable":true,"href":"https:\/\/ripess.eu\/fr\/wp-json\/wp\/v2\/pages\/570"}],"wp:attachment":[{"href":"https:\/\/ripess.eu\/fr\/wp-json\/wp\/v2\/media?parent=3800"}],"curies":[{"name":"wp","href":"https:\/\/api.w.org\/{rel}","templated":true}]}}