{"id":3790,"date":"2018-05-02T11:35:15","date_gmt":"2018-05-02T09:35:15","guid":{"rendered":"http:\/\/www.ripess.eu\/?page_id=3790"},"modified":"2018-05-22T12:37:05","modified_gmt":"2018-05-22T10:37:05","slug":"7eme-assemblee-generale-zagreb-2018","status":"publish","type":"page","link":"https:\/\/ripess.eu\/fr\/7eme-assemblee-generale-zagreb-2018\/","title":{"rendered":"7\u00e8me Assembl\u00e9e G\u00e9n\u00e9rale &#8211; Zagreb 2018"},"content":{"rendered":"<div class=\"entry\">\n<h2 lang=\"es-AR\" style=\"text-align: center;\" align=\"justify\">7\u00e8me Assembl\u00e9e G\u00e9n\u00e9rale &#8211; Zagreb 2018<\/h2>\n<p>La <a href=\"https:\/\/www.zmag.hr\/5kde\">Conf\u00e9rence Good Economy<\/a> aura lieu \u00e0\u00a0<strong><span lang=\"fr-BE\">l\u2019ancien cin\u00e9ma\u00a0Kino Tuskanac\u00a0<\/span><\/strong><span lang=\"fr-BE\">(Zagreb, Croatie) le 1<strong>5 Juin 2018\u00a0<\/strong><\/span>et tous les membres du RIPESS Europe sont invit\u00e9s \u00e0 y participer.<\/p>\n<p>L\u2019Assembl\u00e9e G\u00e9n\u00e9rale du RIPESS Europe aura lieu le lendemain; et se tiendra dans les locaux de l\u2019<strong>\u00c9cole\u00a0Titu\u0161a Brezova\u010dkog<\/strong>de Zagreb les\u00a0<strong>16 et 17 juin 2018<\/strong>.<\/p>\n<p lang=\"es-AR\" align=\"justify\"><span lang=\"fr-BE\">Cette AG sera l\u2019occasion de faire le point sur l\u2019actualit\u00e9 de chacun de nos membres et d\u2019organiser nos forces pour faire progresser la dynamique de l\u2019Economie Solidaire en Europe.<\/span><\/p>\n<\/div>\n<div class=\"entry\">\n<h5 align=\"center\"><b><br \/>\nSamedi 16 et Dimanche 17 Juin 2018<\/b><\/h5>\n<h5 align=\"center\"><b>de 9h00 \u00e0 16<\/b><b>h30<\/b><\/h5>\n<\/div>\n<div class=\"entry\"><\/div>\n<p>Le rencontre se\u00a0concentrera sur\u00a0le r\u00f4le et les strat\u00e9gies du R\u00e9seau europ\u00e9en 7 ans apr\u00e8s sa fondation. De nouveaux membres du r\u00e9seau, venant de diff\u00e9rents pays europ\u00e9ens sont attendus, ainsi que\u00a0des invit\u00e9s d\u2019autres r\u00e9seaux et organisations.<\/p>\n<p>Voir <a href=\"http:\/\/europe.ripess.rio20.net\/?lang=en\/fr\/7eme-assemblee-generale-zagreb-2018\/programme-de-la-7eme-assemblee-generale-zagreb\/\">ici le programme<\/a>.<\/p>\n<div class=\"entry\">\n<p>Pour participer, merci de vous\u00a0<strong><a href=\"http:\/\/europe.ripess.rio20.net\/?lang=en\/eforms\/ga2018-registration\/13\/\">enregistrer en ligne ici<\/a><\/strong>. (Le nombre de place en auberge est limit\u00e9).<\/p>\n<\/div>\n<div class=\"entry\"><\/div>\n<div class=\"entry\">Dans le cas o\u00f9 vous ne seriez pas en mesure d\u2019assister \u00e0 l&rsquo;AG en personne, vous avez la possibilit\u00e9 de d\u00e9l\u00e9guer votre vote \u00e0 un autre membre, en remplissant et en nous envoyant cette procuration (<a href=\"https:\/\/europe.ripess.rio20.net\/wp-content\/uploads\/sites\/4\/2018\/05\/GA2018-PROCURATION_FR.pdf\">procuration \u00e0 t\u00e9l\u00e9charger en PDF<\/a>).<\/div>\n<div class=\"entry\"><\/div>\n<div>Pour plus d&rsquo;informations, veuillez nous contacter \u00e0 l&rsquo;adresse suivante :\u00a0\u00a0<a href=\"mailto:info@ripess.eu\" target=\"_blank\" rel=\"noopener noreferrer\">info@ripess.eu<\/a><\/div>\n","protected":false},"excerpt":{"rendered":"<p>7\u00e8me Assembl\u00e9e G\u00e9n\u00e9rale &#8211; Zagreb 2018 La Conf\u00e9rence Good Economy aura lieu \u00e0\u00a0l\u2019ancien cin\u00e9ma\u00a0Kino Tuskanac\u00a0(Zagreb, Croatie) le 15 Juin 2018\u00a0et tous les membres du RIPESS Europe sont invit\u00e9s \u00e0 y [&hellip;]<\/p>\n","protected":false},"author":7577,"featured_media":340524,"parent":0,"menu_order":0,"comment_status":"closed","ping_status":"closed","template":"","meta":{"_et_pb_use_builder":"on","_et_pb_old_content":"","_et_gb_content_width":"","footnotes":""},"class_list":["post-3790","page","type-page","status-publish","has-post-thumbnail","hentry"],"_links":{"self":[{"href":"https:\/\/ripess.eu\/fr\/wp-json\/wp\/v2\/pages\/3790","targetHints":{"allow":["GET"]}}],"collection":[{"href":"https:\/\/ripess.eu\/fr\/wp-json\/wp\/v2\/pages"}],"about":[{"href":"https:\/\/ripess.eu\/fr\/wp-json\/wp\/v2\/types\/page"}],"author":[{"embeddable":true,"href":"https:\/\/ripess.eu\/fr\/wp-json\/wp\/v2\/users\/7577"}],"replies":[{"embeddable":true,"href":"https:\/\/ripess.eu\/fr\/wp-json\/wp\/v2\/comments?post=3790"}],"version-history":[{"count":0,"href":"https:\/\/ripess.eu\/fr\/wp-json\/wp\/v2\/pages\/3790\/revisions"}],"wp:featuredmedia":[{"embeddable":true,"href":"https:\/\/ripess.eu\/fr\/wp-json\/wp\/v2\/media\/340524"}],"wp:attachment":[{"href":"https:\/\/ripess.eu\/fr\/wp-json\/wp\/v2\/media?parent=3790"}],"curies":[{"name":"wp","href":"https:\/\/api.w.org\/{rel}","templated":true}]}}