{"id":3493,"date":"2018-01-25T11:07:53","date_gmt":"2018-01-25T09:07:53","guid":{"rendered":"http:\/\/www.ripess.eu\/medias-alternatifs-et-ess\/2eme-rencontre-des-medias-independants-cooperatifs-et-alternatifs-et-less-paris-9-11-fevrier-2018\/agenda-de-la-2eme-rencontre-medias-independants-et-ess\/"},"modified":"2018-01-26T11:59:25","modified_gmt":"2018-01-26T09:59:25","slug":"agenda-de-la-2eme-rencontre-medias-independants-et-ess","status":"publish","type":"page","link":"https:\/\/ripess.eu\/fr\/medias-alternatifs-et-ess\/2eme-rencontre-des-medias-independants-cooperatifs-et-alternatifs-et-less-paris-9-11-fevrier-2018\/agenda-de-la-2eme-rencontre-medias-independants-et-ess\/","title":{"rendered":"Agenda de la 2\u00e8me rencontre M\u00e9dias ind\u00e9pendants et ESS"},"content":{"rendered":"<p>(version provisoire)<\/p>\n<h4><strong>Quand : 9 au 11 f\u00e9vrier 2018<\/strong><\/h4>\n<h4><strong>O\u00f9 : <a href=\"http:\/\/www.bergerie-villarceaux.org\/\">La Bergerie de Villarceaux<\/a> (pr\u00e8s de Paris)<\/strong><\/h4>\n<h3 style=\"text-align: center;\"><span style=\"color: #800080;\">Information logistique<\/span><\/h3>\n<p><strong>Arriv\u00e9e<\/strong> :<\/p>\n<p>Arriver \u00e0 la Bergerie : http:\/\/www.bergerie-villarceaux.org\/index.php?page=se-rendre-a-la-bergerie]<\/p>\n<p>De l&rsquo;a\u00e9roport : https:\/\/www.about-paris.com\/paris-airports.htm<\/p>\n<p>@ 14:00 se retrouver \u00e0 Paris o\u00f9 nous prendrons le RER A jusqu&rsquo;\u00e0 la derni\u00e8re station: Cergy-le-Haut (plan du RER A: <img decoding=\"async\" src=\"http:\/\/www.paris-metro-map.info\/wp-content\/uploads\/RER-A.png\" \/>)<\/p>\n<p>@ 15:30 se retrouver \u00e0 la station du RER A \u00e0 Cergy-le-Haut<\/p>\n<p>@ 15:45 Bus pour Villarceaux<\/p>\n<p>L&rsquo;arriv\u00e9e \u00e0 la Bergerie est pr\u00e9vue pour 16:30, vous aurez un peu de temps pour vous installer avant de d\u00e9marrer la r\u00e9union<\/p>\n<p><strong>D\u00e9part<\/strong>:<\/p>\n<ul>\n<li>Nous quitterons la Bergerie en bus, puis en train RER jusqu&rsquo;\u00e0 Paris le <strong>dimanche 11 f\u00e9vrier \u00e0 14:00. Vous serez \u00e0 paris Centre vers 16 heures au plus tard.<\/strong><\/li>\n<\/ul>\n<p>&nbsp;<\/p>\n<h3 style=\"text-align: center;\"><span style=\"color: #800080;\">Programme<\/span><\/h3>\n<h4><em><strong>Vendredi 9 f\u00e9vrier<\/strong><\/em><\/h4>\n<h4><em><strong>O\u00f9 nous en sommes et o\u00f9 nous allons<\/strong><\/em><\/h4>\n<div id=\"magicdomid47\" style=\"padding-left: 60px;\"><strong>17:00 \u00e0 19:15<\/strong><\/div>\n<div id=\"magicdomid49\" style=\"padding-left: 60px;\"><\/div>\n<div id=\"magicdomid50\" style=\"padding-left: 60px;\">Ouverture<\/div>\n<div id=\"magicdomid51\" style=\"padding-left: 60px;\"><\/div>\n<div id=\"magicdomid52\" style=\"padding-left: 60px;\">&gt; Introduction (15m)<\/div>\n<div id=\"magicdomid53\" style=\"padding-left: 60px;\"><\/div>\n<div id=\"magicdomid54\" style=\"padding-left: 60px;\">&gt;O\u00f9 nous en sommes:\u00a0 positionner notre initiative (45m)<\/div>\n<div id=\"magicdomid55\" style=\"padding-left: 60px;\"><\/div>\n<div id=\"magicdomid56\" style=\"padding-left: 60px;\">\n<p style=\"padding-left: 60px;\">Comment nous travaillons<\/p>\n<\/div>\n<div id=\"magicdomid58\" style=\"padding-left: 60px;\">\n<p style=\"padding-left: 60px;\">Avec qui<\/p>\n<\/div>\n<div id=\"magicdomid60\" style=\"padding-left: 60px;\">\n<p style=\"padding-left: 60px;\">Qui est notre public \/ stakeholders<\/p>\n<\/div>\n<div id=\"magicdomid62\" style=\"padding-left: 60px;\">\n<p style=\"padding-left: 60px;\">Quel est notre mod\u00e8le \u00e9conomique \/ business model<\/p>\n<\/div>\n<div id=\"magicdomid64\" style=\"padding-left: 60px;\">\n<p style=\"padding-left: 60px;\">Avons-nous une perspective europ\u00e9enne<\/p>\n<\/div>\n<div id=\"magicdomid65\" style=\"padding-left: 60px;\"><\/div>\n<div id=\"magicdomid67\" style=\"padding-left: 60px;\">&gt; Division en 3 groupes (30m)<\/div>\n<p style=\"padding-left: 60px;\">Ce que nous voulons partager \/ faire ensemble<br \/>\nCe dont nous avons besoin \/ ce que nous attendons\u00a0 de cette mise en r\u00e9seau<\/p>\n<div id=\"magicdomid73\" style=\"padding-left: 60px;\">&gt; Compte-rendu (30m)<\/div>\n<div id=\"magicdomid74\" style=\"padding-left: 60px;\"><\/div>\n<div id=\"magicdomid76\" style=\"padding-left: 60px;\"><strong>19:30 D\u00eener<\/strong><\/div>\n<div id=\"magicdomid77\" style=\"padding-left: 60px;\"><\/div>\n<div style=\"padding-left: 60px;\">Des pr\u00e9sentations de 10 min pendant le d\u00eener<\/div>\n<div id=\"magicdomid79\" style=\"padding-left: 60px;\"><\/div>\n<div id=\"magicdomid81\" style=\"padding-left: 60px;\">21:00. Activit\u00e9s sociales et mur de r\u00e9seautage<\/div>\n<div><\/div>\n<div>\n<h4><em><b style=\"margin: 0px; padding: 0px;\">Samedi 10 f\u00e9vrier<\/b><\/em><\/h4>\n<p><strong>8:00 \u00e0 9:00 Petit d\u00e9jeuner<\/strong><\/p>\n<h4>Id\u00e9es concr\u00e8tes pour d\u00e9marrer le travail en commun. Comment atteindre nos objectifs?<\/h4>\n<p style=\"padding-left: 90px;\"><strong>9:00 \u00e0 10:30 D\u00e9finir les objectifs communs<\/strong><\/p>\n<div id=\"magicdomid95\">\n<p style=\"padding-left: 90px;\">Construire \/ confirmer l&rsquo;agenda ensemble<br \/>\nAnalyser les diff\u00e9rents besoins et perspectives qui ont \u00e9merg\u00e9<br \/>\nD\u00e9cider des objectifs g\u00e9n\u00e9raux et sp\u00e9cifiques pour l&rsquo;espace de r\u00e9seautage<br \/>\nDiscussion et objectifs finaux<br \/>\nComment atteindre ces objectifs? Travail en 3 groupes<\/p>\n<p style=\"padding-left: 90px;\"><b style=\"margin: 0px; padding: 0px;\">10:30 Pause caf\u00e9<\/b><\/p>\n<p style=\"padding-left: 90px;\"><strong>11:00 \u00e0 12:00<\/strong>\u00a0 <strong>D\u00e9cider des priorit\u00e9s et de la liste des choses \u00e0 faire sur des collaborations concr\u00e8tes.<\/strong><\/p>\n<p style=\"padding-left: 90px;\"><strong>12:00 \u00e0 12:30<\/strong>\u00a0 <strong>Propositions des groupes. Mise en commun.<\/strong><\/p>\n<p style=\"padding-left: 90px;\"><b style=\"margin: 0px; padding: 0px;\">12:30 \u00e0 14:00 D\u00e9jeuner<\/b><\/p>\n<p style=\"padding-left: 90px;\"><b style=\"margin: 0px; padding: 0px;\">14:00 \u00e0 16:00 Aller en profondeur<\/b><\/p>\n<p style=\"padding-left: 90px;\">Travail en groupe sur les th\u00e8mes sp\u00e9cifiques qui \u00e9mergent<br \/>\nAnalyser les possibilit\u00e9s en temps r\u00e9el des membres et comment obtenir des budgets pour la mise en oeuvre.<br \/>\nEg. mod\u00e8les financiers \/ business models; connections avec les r\u00e9seaux locaux \/ nationaux d&rsquo;ESS; partage de contenus, \u00e9ducation aux m\u00e9dias, plaidoyer, etc.<\/p>\n<p style=\"padding-left: 90px;\"><b style=\"margin: 0px; padding: 0px;\">16:00 Pause caf\u00e9<\/b><\/p>\n<p style=\"padding-left: 90px;\"><b style=\"margin: 0px; padding: 0px;\">16:30 \u00e0 18:00 Unir les points &#8211; mise en commun<\/b><\/p>\n<p style=\"padding-left: 90px;\">D\u00e9finir des responsabilit\u00e9s et le travail \u00e0 faire \u00e0 partir de maintenant<br \/>\nPr\u00e9sentations des groupes et discussion sur un agenda commun.<\/p>\n<p style=\"padding-left: 90px;\"><b style=\"margin: 0px; padding: 0px;\">19:30 D\u00eener<br \/>\n<\/b>Des pr\u00e9sentations de 10\u2019 pendant le d\u00eener<\/p>\n<p style=\"padding-left: 90px;\"><b style=\"margin: 0px; padding: 0px;\">21:00 Activit\u00e9s sociales<\/b><\/p>\n<\/div>\n<div><\/div>\n<h4><em><br \/>\nDimanche 11 f\u00e9vrier<\/em><\/h4>\n<p><strong>8:00 \u00e0 9:00 Petit d\u00e9jeuner<\/strong><\/p>\n<h4>R\u00e9seautage<\/h4>\n<div id=\"magicdomid144\" style=\"padding-left: 90px;\"><strong>9:00 L&rsquo;espace r\u00e9seautage: comment le construire, comment le faire fonctionner<\/strong><\/div>\n<div id=\"magicdomid145\" style=\"padding-left: 90px;\"><\/div>\n<div id=\"magicdomid146\" style=\"padding-left: 90px;\">Outils existants \/ ressources<\/div>\n<div id=\"magicdomid147\" style=\"padding-left: 90px;\"><\/div>\n<div id=\"magicdomid148\" style=\"padding-left: 90px;\">Outils n\u00e9cessaires \/ ressources<\/div>\n<div id=\"magicdomid149\" style=\"padding-left: 90px;\"><\/div>\n<div id=\"magicdomid150\" style=\"padding-left: 90px;\">Espaces de travail<\/div>\n<div id=\"magicdomid151\" style=\"padding-left: 90px;\"><\/div>\n<div id=\"magicdomid152\" style=\"padding-left: 90px;\"><strong>10:30 Pause caf\u00e9<br \/>\n<\/strong><\/div>\n<div id=\"magicdomid153\" style=\"padding-left: 90px;\"><\/div>\n<div id=\"magicdomid154\" style=\"padding-left: 90px;\"><strong>11:00 Finaliser &#8211; prochaines rencontres, webinaires et projets<\/strong><\/div>\n<div id=\"magicdomid155\" style=\"padding-left: 90px;\"><\/div>\n<div id=\"magicdomid156\" style=\"padding-left: 90px;\"><strong>12:00 Cl\u00f4ture<\/strong><\/div>\n<div><\/div>\n<div style=\"padding-left: 90px;\"><b style=\"margin: 0px; padding: 0px;\">12:30 \u00e0 14:00 D\u00e9jeuner<\/b><\/div>\n<\/div>\n<div><\/div>\n","protected":false},"excerpt":{"rendered":"<p>(version provisoire) Quand : 9 au 11 f\u00e9vrier 2018 O\u00f9 : La Bergerie de Villarceaux (pr\u00e8s de Paris) Information logistique Arriv\u00e9e : Arriver \u00e0 la Bergerie : http:\/\/www.bergerie-villarceaux.org\/index.php?page=se-rendre-a-la-bergerie] De l&rsquo;a\u00e9roport [&hellip;]<\/p>\n","protected":false},"author":1,"featured_media":0,"parent":3491,"menu_order":0,"comment_status":"closed","ping_status":"closed","template":"","meta":{"_et_pb_use_builder":"","_et_pb_old_content":"","_et_gb_content_width":"","footnotes":""},"class_list":["post-3493","page","type-page","status-publish","hentry"],"_links":{"self":[{"href":"https:\/\/ripess.eu\/fr\/wp-json\/wp\/v2\/pages\/3493","targetHints":{"allow":["GET"]}}],"collection":[{"href":"https:\/\/ripess.eu\/fr\/wp-json\/wp\/v2\/pages"}],"about":[{"href":"https:\/\/ripess.eu\/fr\/wp-json\/wp\/v2\/types\/page"}],"author":[{"embeddable":true,"href":"https:\/\/ripess.eu\/fr\/wp-json\/wp\/v2\/users\/1"}],"replies":[{"embeddable":true,"href":"https:\/\/ripess.eu\/fr\/wp-json\/wp\/v2\/comments?post=3493"}],"version-history":[{"count":0,"href":"https:\/\/ripess.eu\/fr\/wp-json\/wp\/v2\/pages\/3493\/revisions"}],"up":[{"embeddable":true,"href":"https:\/\/ripess.eu\/fr\/wp-json\/wp\/v2\/pages\/3491"}],"wp:attachment":[{"href":"https:\/\/ripess.eu\/fr\/wp-json\/wp\/v2\/media?parent=3493"}],"curies":[{"name":"wp","href":"https:\/\/api.w.org\/{rel}","templated":true}]}}