{"id":3382,"date":"2017-11-24T11:47:27","date_gmt":"2017-11-24T09:47:27","guid":{"rendered":"http:\/\/www.ripess.eu\/webinaire-politiques-publiques\/"},"modified":"2017-12-05T12:30:28","modified_gmt":"2017-12-05T10:30:28","slug":"webinaire-politiques-publiques","status":"publish","type":"page","link":"https:\/\/ripess.eu\/fr\/webinaire-politiques-publiques\/","title":{"rendered":"Webinaire : Politiques publiques"},"content":{"rendered":"<h3>Webinaire : Politiques publiques &#8211; les enjeux de l&rsquo;\u00e9conomie sociale solidaire<\/h3>\n<p>Le RIPESS Europe et ses membres investissent activement l\u2019enjeu de co-construction des politiques publiques, au niveau national et europ\u00e9en, poursuivant un objectif d\u2019int\u00e9r\u00eat g\u00e9n\u00e9ral et de d\u00e9veloppement de l\u2019ESS.<\/p>\n<p>Compte tenu de la diversit\u00e9 des cadres de l\u2019action publique sur les territoires, et des diff\u00e9rents niveaux de prise en compte de l\u2019ESS en fonction du cadre national, nous vous proposons un temps de travail, \u00e0 distance, sur le th\u00e8me \u00ab\u00a0Politiques publiques : les enjeux de l\u2019\u00e9conomie sociale solidaire\u00a0\u00bb. L&rsquo;objectif est d&rsquo;animer notre travail conjoint, partager des analyses, des concepts et un vocabulaire commun.<\/p>\n<p>L\u2019objectif est de faciliter nos travaux communs, de partager les analyses et les concepts. Le webinaire est organis\u00e9 autour de contributions th\u00e9oriques et d&rsquo;exp\u00e9riences pratiques, des \u00e9changes et des t\u00e9moignages entre participants, de mani\u00e8re \u00e0 am\u00e9liorer l&rsquo;interconnaissance entre les participant.es et de forger des r\u00e9f\u00e9rences communes sur les enjeux li\u00e9s aux politiques publiques.<\/p>\n<h4>Intervenant\/es<\/h4>\n<p><img loading=\"lazy\" decoding=\"async\" class=\"alignleft size-thumbnail wp-image-3375\" src=\"https:\/\/europe.ripess.rio20.net\/wp-content\/uploads\/sites\/4\/2017\/11\/Carlos-Askunze-90x90.jpg\" alt=\"\" width=\"90\" height=\"90\" srcset=\"https:\/\/ripess.eu\/wp-content\/uploads\/sites\/4\/2017\/11\/Carlos-Askunze-90x90.jpg 90w, https:\/\/ripess.eu\/wp-content\/uploads\/sites\/4\/2017\/11\/Carlos-Askunze.jpg 150w\" sizes=\"(max-width: 90px) 100vw, 90px\" \/>Carlos Askinze Elizaga travaille comme coordinateur du REAS Euskadi (r\u00e9seau d&rsquo;\u00e9conomie alternative et solidaire du Pays Basque) depuis 2005 et est membre du comit\u00e9 de coordination du REAS-RdR, le R\u00e9seau Espagnol de R\u00e9seaux d&rsquo;\u00e9conomies alternatives. Ant\u00e9rieurement, il a travaill\u00e9 pendant 10 ans dans le domaine de la sensibilisation aupr\u00e8s du public de Hegoa (Institut d&rsquo;\u00e9tudes sur le d\u00e9veloppement et la coop\u00e9ration internationale). Carlos participe dans des structures coop\u00e9ratives et associatives telles que Fiare Banca Etica. C&rsquo;est un membre actif de plusieurs mouvements sociaux, en particulier dans le quartier de San fFancisco de Bilbao o\u00f9 il r\u00e9side.<\/p>\n<p><strong><img loading=\"lazy\" decoding=\"async\" class=\"alignleft size-thumbnail wp-image-3152\" src=\"https:\/\/europe.ripess.rio20.net\/wp-content\/uploads\/sites\/4\/2014\/05\/Patricia-Coler-90x90.jpg\" alt=\"Patricia Coler\" width=\"90\" height=\"90\" \/>Patricia COLER\u00a0 <\/strong>est la D\u00e9l\u00e9gu\u00e9e G\u00e9n\u00e9rale de l\u2019UFISC<strong> (Union F\u00e9d\u00e9rale d\u2019Intervention des Structures Culturelles)<\/strong> et pr\u00e9sidente du MES \u2013 Mouvement de l\u2019Economie Solidaire,France. Elle fait partie du Comit\u00e9 de Coordination du RIPESS Europe.<\/p>\n<p><img loading=\"lazy\" decoding=\"async\" class=\"alignleft size-thumbnail wp-image-3150\" src=\"https:\/\/europe.ripess.rio20.net\/wp-content\/uploads\/sites\/4\/2014\/05\/bruno_lasnier-90x90.jpg\" alt=\"Bruno Lasnier (Le MES)\" width=\"90\" height=\"90\" srcset=\"https:\/\/ripess.eu\/wp-content\/uploads\/sites\/4\/2014\/05\/bruno_lasnier-90x90.jpg 90w, https:\/\/ripess.eu\/wp-content\/uploads\/sites\/4\/2014\/05\/bruno_lasnier-288x290.jpg 288w\" sizes=\"(max-width: 90px) 100vw, 90px\" \/>Bruno<strong> LASNIER<\/strong> est le coordinateur g\u00e9n\u00e9ral national du mouvement national de l\u2019\u00e9conomie solidaire, <a title=\"Pour visiter le site du MES\" href=\"http:\/\/www.le-mes.org\/\">le <abbr title=\"Mouvement pour l'\u00e9conomie solidaire\">MES<\/abbr> <\/a>, qu&rsquo;il repr\u00e9sente dans le comit\u00e9 de coordination fran\u00e7ais d&rsquo;ESS.\u00a0 Il a \u00e9t\u00e9 ant\u00e9rieurement directeur de l&rsquo;APEAS (Agence Proven\u00e7ale pour une Economie Altenative et Solidaire) et a travaill\u00e9 de nombreuses ann\u00e9es pour M\u00e9decins sans Fronti\u00e8res.<abbr><\/abbr><abbr title=\"\u00c9conomie sociale et solidaire\"><\/abbr><\/p>\n<p><strong><img loading=\"lazy\" decoding=\"async\" class=\"alignleft size-thumbnail wp-image-2075\" src=\"https:\/\/europe.ripess.rio20.net\/wp-content\/uploads\/sites\/4\/2014\/05\/FOT549-90x90.jpg\" alt=\"\" width=\"90\" height=\"90\" \/><\/strong><\/p>\n<p><strong>Laura AUFRERE\u00a0 est pr\u00e9sente en tant qu\u2019expert au Comit\u00e9 de Coordination du RIPESS EU. <\/strong>Laura a \u00e9tudi\u00e9 les sciences politiques et \u00e0 travaill\u00e9 pendant dix dans le secteur culturel, dont cinq ans en tant que coordinatrice de l\u2019union repr\u00e9sentant, en France, les initiatives de spectacle vivant\/enregistr\u00e9 et des arts visuels se reconnaissant de l\u2019\u00e9conomie sociale et solidaire (UFISC). Elle est maintenant doctorante (CEPN \u2013 Paris 13), et travaille sur les dynamiques d\u2019\u00e9conomie sociale et solidaire et des communs dans le secteur culturel (collectifs et initiatives en communs, processus de coop\u00e9ration, gouvernance, protection sociale, mod\u00e8les sociaux de solidarit\u00e9, mod\u00e8les \u00e9conomiques, etc).<\/p>\n<h4><\/h4>\n<h4><\/h4>\n<h4>DOCUMENTATION<\/h4>\n<ul>\n<li><strong><a href=\"https:\/\/europe.ripess.rio20.net\/wp-content\/uploads\/sites\/4\/2017\/12\/RIPESSEU_webinar_pol_pub_Askunze_241117_ES.pdf\">Presentation par Carlos Askunze<\/a><\/strong> (en \u00a0epagnol)<\/li>\n<li><strong><a href=\"https:\/\/europe.ripess.rio20.net\/wp-content\/uploads\/sites\/4\/2017\/12\/RIPESSEU_pol_pub_webinar_Coler_Lasnier_241117_FR.pdf\">Presentation par Patricia Coler and Bruno Lasnier<\/a><\/strong> (en Fran\u00e7ais)<\/li>\n<li><strong><a href=\"https:\/\/europe.ripess.rio20.net\/wp-content\/uploads\/sites\/4\/2017\/12\/RIPESSEU_pol_pub_webinar_Aufrere_241117_EN.pdf\">Presentation par Laura Aufrere<\/a>\u00a0<\/strong>(en anglais)<\/li>\n<\/ul>\n<p>Le RIPESS Intercontinental poss\u00e8de une <a href=\"http:\/\/www.ripess.org\/axes-de-travail\/lois-et-politiques-publiques\/\">section sur les Politiques Publiques et l&rsquo;ESS<\/a>.<\/p>\n<p>Le site ressource <a href=\"http:\/\/socioeco.org\">socioeco.org<\/a> poss\u00e8de aussi une <a href=\"http:\/\/www.socioeco.org\/bdf_axe-8_fr.html\">section d\u00e9di\u00e9e aux Politiques Publiques et l&rsquo;Economie Solidaire.<\/a><\/p>\n<p>Voici quelques <strong>documents ressources<\/strong> :<\/p>\n<ul>\n<li lang=\"fr\"><strong><a href=\"http:\/\/www.socioeco.org\/bdf_fiche-document-3291_fr.html\">\u00c9conomie sociale solidaire et concepts apparent\u00e9s Les origines et les d\u00e9finitions\u00a0: une perspective internationale, Yvon Poirier, juillet 2014<\/a><\/strong><\/li>\n<li><strong><a href=\"http:\/\/www.socioeco.org\/bdf_fiche-document-4443_fr.html\">Reconnaissance juridique et politique de l\u2019\u00e9conomie sociale solidaire (ESS). Un aper\u00e7u de l\u2019\u00e9tat des lieux et \u00e9l\u00e9ments d\u2019orientation<\/a>.<a href=\"http:\/\/www.socioeco.org\/bdf_fiche-document-4443_fr.html\">, Yvon Poiriier, juillet 2014<\/a><\/strong><\/li>\n<li><strong><a href=\"http:\/\/www.socioeco.org\/bdf_fiche-document-4853_fr.html\">Public policy in the social and solidarity economy: Towards a favourable environment. The case of Europe<\/a>,\u00a0<a href=\"http:\/\/www.socioeco.org\/bdf_auteur-1106_fr.html%22%20%5Ct%20%22_blank\">Giulia Galera<\/a>, 2015<\/strong><\/li>\n<li><strong><a title=\"Fixed link Co-building of public policy: a perspective for European SSE\" href=\"http:\/\/europe.ripess.rio20.net\/?lang=en\/fr\/co-construire-les-politiques-publiques-une-perspective-pour-les-acteurs-europeens-de-less\/\" rel=\"bookmark\">Co-construction of public policy: a perspective for European SSE<\/a> note conceptuelle pr\u00e9par\u00e9e pour le <a href=\"http:\/\/efsse.org\/contributions\/co-building-co-designing-public-policy-a-perspective-for-european-sse-stakeholders\/\">EFSSE 2017<\/a>, septembre 2017<\/strong><\/li>\n<\/ul>\n","protected":false},"excerpt":{"rendered":"<p>Webinaire : Politiques publiques &#8211; les enjeux de l&rsquo;\u00e9conomie sociale solidaire Le RIPESS Europe et ses membres investissent activement l\u2019enjeu de co-construction des politiques publiques, au niveau national et europ\u00e9en, [&hellip;]<\/p>\n","protected":false},"author":1,"featured_media":3264,"parent":0,"menu_order":0,"comment_status":"closed","ping_status":"closed","template":"","meta":{"_et_pb_use_builder":"","_et_pb_old_content":"","_et_gb_content_width":"","footnotes":""},"class_list":["post-3382","page","type-page","status-publish","has-post-thumbnail","hentry"],"_links":{"self":[{"href":"https:\/\/ripess.eu\/fr\/wp-json\/wp\/v2\/pages\/3382","targetHints":{"allow":["GET"]}}],"collection":[{"href":"https:\/\/ripess.eu\/fr\/wp-json\/wp\/v2\/pages"}],"about":[{"href":"https:\/\/ripess.eu\/fr\/wp-json\/wp\/v2\/types\/page"}],"author":[{"embeddable":true,"href":"https:\/\/ripess.eu\/fr\/wp-json\/wp\/v2\/users\/1"}],"replies":[{"embeddable":true,"href":"https:\/\/ripess.eu\/fr\/wp-json\/wp\/v2\/comments?post=3382"}],"version-history":[{"count":0,"href":"https:\/\/ripess.eu\/fr\/wp-json\/wp\/v2\/pages\/3382\/revisions"}],"wp:featuredmedia":[{"embeddable":true,"href":"https:\/\/ripess.eu\/fr\/wp-json\/wp\/v2\/media\/3264"}],"wp:attachment":[{"href":"https:\/\/ripess.eu\/fr\/wp-json\/wp\/v2\/media?parent=3382"}],"curies":[{"name":"wp","href":"https:\/\/api.w.org\/{rel}","templated":true}]}}