{"id":3378,"date":"2017-10-17T22:01:54","date_gmt":"2017-10-17T20:01:54","guid":{"rendered":"http:\/\/www.ripess.eu\/medias-alternatifs-et-ess\/cartographie-des-medias-alternatifs\/"},"modified":"2017-10-17T22:01:54","modified_gmt":"2017-10-17T20:01:54","slug":"cartographie-des-medias-alternatifs","status":"publish","type":"page","link":"https:\/\/ripess.eu\/fr\/medias-alternatifs-et-ess\/cartographie-des-medias-alternatifs\/","title":{"rendered":"Cartographie des m\u00e9dias alternatifs"},"content":{"rendered":"<h4><strong>Les m\u00e9dias alternatifs, ind\u00e9pendants et coop\u00e9ratifs en Europe et dans le monde<\/strong><\/h4>\n<p>Cette cartographie est publi\u00e9e par socioeco.org.  Si vous voulez y apporter des contributions, veuillez \u00e9crire \u00e0 info@ripess.eu.<\/p>\n<p><iframe loading=\"lazy\" src=\"http:\/\/www.socioeco.org\/solutions_fr.html?hide_intro=1&#038;hide_list=1&#038;zoom=4&#038;lat=51&#038;lon=12&#038;maxzoom=8&#038;minzoom=0&#038;families=organismes&#038;categories=2\" width=\"800px\" height=\"500px\"><\/iframe><\/p>\n","protected":false},"excerpt":{"rendered":"<p>Les m\u00e9dias alternatifs, ind\u00e9pendants et coop\u00e9ratifs en Europe et dans le monde Cette cartographie est publi\u00e9e par socioeco.org. Si vous voulez y apporter des contributions, veuillez \u00e9crire \u00e0 info@ripess.eu.<\/p>\n","protected":false},"author":1,"featured_media":0,"parent":3099,"menu_order":0,"comment_status":"closed","ping_status":"closed","template":"","meta":{"_et_pb_use_builder":"","_et_pb_old_content":"","_et_gb_content_width":"","footnotes":""},"class_list":["post-3378","page","type-page","status-publish","hentry"],"_links":{"self":[{"href":"https:\/\/ripess.eu\/fr\/wp-json\/wp\/v2\/pages\/3378","targetHints":{"allow":["GET"]}}],"collection":[{"href":"https:\/\/ripess.eu\/fr\/wp-json\/wp\/v2\/pages"}],"about":[{"href":"https:\/\/ripess.eu\/fr\/wp-json\/wp\/v2\/types\/page"}],"author":[{"embeddable":true,"href":"https:\/\/ripess.eu\/fr\/wp-json\/wp\/v2\/users\/1"}],"replies":[{"embeddable":true,"href":"https:\/\/ripess.eu\/fr\/wp-json\/wp\/v2\/comments?post=3378"}],"version-history":[{"count":0,"href":"https:\/\/ripess.eu\/fr\/wp-json\/wp\/v2\/pages\/3378\/revisions"}],"up":[{"embeddable":true,"href":"https:\/\/ripess.eu\/fr\/wp-json\/wp\/v2\/pages\/3099"}],"wp:attachment":[{"href":"https:\/\/ripess.eu\/fr\/wp-json\/wp\/v2\/media?parent=3378"}],"curies":[{"name":"wp","href":"https:\/\/api.w.org\/{rel}","templated":true}]}}