{"id":332690,"date":"2023-06-07T11:43:48","date_gmt":"2023-06-07T09:43:48","guid":{"rendered":"https:\/\/ripess.eu\/12eme-assemblee-generale-villarceaux-paris-2023\/"},"modified":"2023-08-24T10:41:19","modified_gmt":"2023-08-24T08:41:19","slug":"12eme-assemblee-generale-villarceaux-paris-2023","status":"publish","type":"page","link":"https:\/\/ripess.eu\/fr\/12eme-assemblee-generale-villarceaux-paris-2023\/","title":{"rendered":"12\u00e8me Assembl\u00e9e G\u00e9n\u00e9rale &#8211; Villarceaux (Paris) 2023"},"content":{"rendered":"<div class=\"entry\">\n<p lang=\"es-AR\" align=\"justify\"><img loading=\"lazy\" decoding=\"async\" class=\"size-full wp-image-30807 alignright\" src=\"https:\/\/ripess.eu\/wp-content\/uploads\/sites\/4\/2022\/05\/GA-Villarceaux-2021.png\" alt=\"\" width=\"418\" height=\"274\" \/>Le 12e Congr\u00e8s et <strong>Assembl\u00e9e G\u00e9n\u00e9rale (AG) de RIPESS Europe \u2013 Solidarity Economy Europe <\/strong>aura lieu du<strong> 19 au 21 septembre 2023 \u00e0 <span style=\"color: #0000ff\"><a style=\"color: #0000ff\" href=\"https:\/\/www.bergerie-villarceaux.org\/\" target=\"_blank\" rel=\"noopener\">La Bergerie de Villarceaux<\/a><\/span> (Paris, France)<\/strong>, avec l\u2019appui de la <span style=\"color: #0000ff\"><strong><a style=\"color: #0000ff\" href=\"http:\/\/www.fph.ch\/\" target=\"_blank\" rel=\"noopener\">FPH (<span style=\"color: #0000ff\">Fondation<\/span> pour le progr\u00e8s de l&rsquo;Homme).<\/a><\/strong><\/span> Cette AG est l\u2019occasion de se retrouver et de c\u00e9l\u00e9brer le <strong>12e anniversaire du r\u00e9seau<\/strong> dans une ambiance conviviale et de continuer \u00e0 planifier ensemble suivant les orientations strat\u00e9giques approuv\u00e9es en septembre 2022.<\/p>\n<p lang=\"es-AR\" align=\"justify\">Comme les <strong>questions climatique et \u00e9cologique<\/strong> sont de plus en plus centrales dans nos choix de destination, nous avons pens\u00e9 \u00e0 tenir l&rsquo;<strong><span class=\"il\">AG<\/span> tous les deux ans \u00e0 Villarceaux<\/strong> : en raison de son emplacement &#8211; facile d\u2019acc\u00e8s depuis la plupart des pays europ\u00e9ens &#8211; relativement central ainsi que la possibilit\u00e9 d\u2019arriver \u00e0 <strong>PARIS<\/strong> en train \/ bus \/ avion (si n\u00e9cessaire) depuis la plupart des villes europ\u00e9ennes.<\/p>\n<p lang=\"es-AR\" align=\"justify\">La r\u00e9union se concentre sur le d\u00e9veloppement du r\u00e9seau europ\u00e9en 12 ans apr\u00e8s sa fondation. De nouveaux membres sont attendus de diff\u00e9rents pays europ\u00e9ens et des invit\u00e9s d\u2019autres r\u00e9seaux et organisations. Comme il s\u2019agit d\u2019une r\u00e9union en pr\u00e9sentiel, les participants sont cens\u00e9s rester toute la dur\u00e9e du s\u00e9jour. Les places sont limit\u00e9es.<\/p>\n<h3><span style=\"color: #808080\">Pour confirmer votre participation, vous devez<\/span><span style=\"color: #0000ff\"> <a style=\"color: #0000ff\" href=\"https:\/\/ripess.eu\/en\/eforms\/ga2023-registration-form-villarceaux\/42\/\" target=\"_blank\" rel=\"noopener\"><strong>vous inscrire en ligne ici<\/strong><\/a>. <\/span><\/h3>\n<p>&nbsp;<\/p>\n<h4><span style=\"color: #808080\"><img loading=\"lazy\" decoding=\"async\" class=\"wp-image-32720 alignleft\" src=\"https:\/\/ripess.eu\/wp-content\/uploads\/sites\/4\/2022\/09\/field-notes-ga-2022-evaluation-illustration.jpg\" alt=\"\" width=\"314\" height=\"248\" \/>Pr\u00e9paration de l\u2019Assembl\u00e9e g\u00e9n\u00e9rale<\/span><\/h4>\n<p>Vous pouvez acc\u00e9der aux documents et forums pour la pr\u00e9paration de l\u2019AG via les liens suivants.<\/p>\n<p>Si vous devez donner un <span style=\"color: #0000ff\"><a style=\"color: #0000ff\" href=\"https:\/\/nextcloud.ripess.eu\/s\/C3ywtKDPxWdQq7e\" target=\"_blank\" rel=\"noopener\">vote par <strong>procuration<\/strong><\/a><\/span> \u00e0 un autre membre, veuillez compiler et <strong>envoyer ce formulaire.<\/strong><\/p>\n<p>Veuillez lire attentivement le document \u00ab <a href=\"https:\/\/nextcloud.ripess.eu\/s\/QmmHGrmHY7Q8NWD\" target=\"_blank\" rel=\"noopener\"><strong><span style=\"color: #0000ff\">Renouvellement du CoCo &#8211; Appel \u00e0 candidatures<\/span><\/strong> <\/a>\u00bb !<\/p>\n<div class=\"entry\">\n<p>\u2013 <strong>Forum pour la pr\u00e9paration de l\u2019Assembl\u00e9e G\u00e9n\u00e9rale : pour<\/strong> aider \u00e0 construire ensemble l\u2019AG, nous avons ouvert un forum de discussion sp\u00e9cifique \u00e0 Framavox <span style=\"color: #0000ff\"><a style=\"color: #0000ff\" href=\"https:\/\/framavox.org\/d\/RUwhrQkL\/program-first-draft\" target=\"_blank\" rel=\"noopener\"><strong>\u00e0 cette adresse<\/strong><\/a><\/span>. Vous devez \u00eatre inscrit(e) pour participer.<\/p>\n<p>&nbsp;<\/p>\n<\/div>\n<p><span style=\"color: #808080\"><strong>Pour les questions logistiques : <\/strong><\/span><\/p>\n<div class=\"entry\">\n<ul>\n<li><span style=\"color: #0000ff\"><strong><a style=\"color: #0000ff\" href=\"https:\/\/ripess.eu\/fr\/assemblees-generales\/10eme-assemblee-generale-villarceaux-paris-2021\/comment-se-rendre-a-la-bergerie\/\" target=\"_blank\" rel=\"noopener\">Comment planifier votre voyage \u00e0 La Bergerie de Villarceaux<\/a><\/strong><\/span><\/li>\n<li><a href=\"https:\/\/ripess.eu\/fr\/assemblees-generales\/10eme-assemblee-generale-villarceaux-paris-2021\/repas-et-hebergement\/\" target=\"_blank\" rel=\"noopener\"><span style=\"color: #0000ff\"><strong>Nourriture et h\u00e9bergement<\/strong><\/span><\/a><\/li>\n<\/ul>\n<\/div>\n<div class=\"entry\">\n<ul>\n<li><strong><span style=\"color: #808080\">Les frais couverts par RIPESS EU<\/span><\/strong>\n<ul>\n<li>Ripess Europe prend en charge<strong> tous<\/strong><b> les h\u00e9bergements et repas.<\/b><\/li>\n<\/ul>\n<\/li>\n<\/ul>\n<p>&nbsp;<\/p>\n<\/div>\n<\/div>\n<div class=\"entry\">\n<p><span style=\"color: #808080\"><strong>Les documents suivants seront t\u00e9l\u00e9charg\u00e9s sur cette page pour votre information avant la r\u00e9union :<\/strong><\/span><\/p>\n<ul>\n<li><span style=\"color: #808080\"><strong>Dossier d\u2019information pour les participants (membres et invit\u00e9(e)s) (en anglais)<br \/>\n<\/strong><\/span><\/li>\n<li><span style=\"color: #808080\"><strong>Programme de l&rsquo;AG<\/strong><\/span><\/li>\n<li><span style=\"color: #808080\"><strong>Documents de r\u00e9f\u00e9rence de l\u2019AG (rapport d\u2019activit\u00e9, rapport financier)<\/strong><\/span><\/li>\n<li><span style=\"color: #0000ff\"> <a style=\"color: #0000ff\" href=\"https:\/\/nextcloud.ripess.eu\/s\/dBNeFHTtDermXmC\" target=\"_blank\" rel=\"noopener\"><strong>Document d\u2019orientation strat\u00e9gique 2023-2025<\/strong><\/a>:<\/span> ce document a \u00e9t\u00e9 pr\u00e9par\u00e9 par le Comit\u00e9 de coordination et le groupe de travail strat\u00e9gique et a \u00e9t\u00e9 discut\u00e9 et r\u00e9vis\u00e9 lors de la r\u00e9union annuelle strat\u00e9gique en janvier 2023.<\/li>\n<\/ul>\n<p>&nbsp;<\/p>\n<h2 style=\"text-align: center\"><span style=\"color: #808080\">RENDEZ-VOUS EN SEPTEMBRE ! <\/span><\/h2>\n<p><img loading=\"lazy\" decoding=\"async\" class=\"size-medium wp-image-332325 aligncenter\" src=\"https:\/\/ripess.eu\/wp-content\/uploads\/sites\/4\/2023\/05\/couverture_photo_groupe_GA22-300x225.jpeg\" alt=\"\" width=\"300\" height=\"225\" \/><\/p>\n<p>&nbsp;<\/p>\n<\/div>\n<hr \/>\n<div class=\"entry\">\n<p>&nbsp;<\/p>\n<\/div>\n","protected":false},"excerpt":{"rendered":"<p>Le 12e Congr\u00e8s et Assembl\u00e9e G\u00e9n\u00e9rale (AG) de RIPESS Europe \u2013 Solidarity Economy Europe aura lieu du 19 au 21 septembre 2023 \u00e0 La Bergerie de Villarceaux (Paris, France), avec [&hellip;]<\/p>\n","protected":false},"author":6,"featured_media":0,"parent":0,"menu_order":0,"comment_status":"closed","ping_status":"closed","template":"","meta":{"_et_pb_use_builder":"","_et_pb_old_content":"","_et_gb_content_width":"","footnotes":""},"class_list":["post-332690","page","type-page","status-publish","hentry"],"_links":{"self":[{"href":"https:\/\/ripess.eu\/fr\/wp-json\/wp\/v2\/pages\/332690","targetHints":{"allow":["GET"]}}],"collection":[{"href":"https:\/\/ripess.eu\/fr\/wp-json\/wp\/v2\/pages"}],"about":[{"href":"https:\/\/ripess.eu\/fr\/wp-json\/wp\/v2\/types\/page"}],"author":[{"embeddable":true,"href":"https:\/\/ripess.eu\/fr\/wp-json\/wp\/v2\/users\/6"}],"replies":[{"embeddable":true,"href":"https:\/\/ripess.eu\/fr\/wp-json\/wp\/v2\/comments?post=332690"}],"version-history":[{"count":0,"href":"https:\/\/ripess.eu\/fr\/wp-json\/wp\/v2\/pages\/332690\/revisions"}],"wp:attachment":[{"href":"https:\/\/ripess.eu\/fr\/wp-json\/wp\/v2\/media?parent=332690"}],"curies":[{"name":"wp","href":"https:\/\/api.w.org\/{rel}","templated":true}]}}