{"id":3319,"date":"2017-06-28T10:07:10","date_gmt":"2017-06-28T08:07:10","guid":{"rendered":"http:\/\/www.ripess.eu\/medias-alternatifs-et-ess\/participants-du-reseau-des-medias-alternatifs\/"},"modified":"2017-06-28T10:07:10","modified_gmt":"2017-06-28T08:07:10","slug":"participants-du-reseau-des-medias-alternatifs","status":"publish","type":"page","link":"https:\/\/ripess.eu\/fr\/medias-alternatifs-et-ess\/participants-du-reseau-des-medias-alternatifs\/","title":{"rendered":"Participants du r\u00e9seau des m\u00e9dias alternatifs"},"content":{"rendered":"<p>Les organisations et initiativesde m\u00e9dias suivants font partie de l\u2019initiative de cr\u00e9er un r\u00e9seau europ\u00e9en de m\u00e9dias alternatifs sur l&rsquo;ESS :<\/p>\n<p><strong>Catalunia<\/strong><\/p>\n<p><a href=\"http:\/\/www.elsetembre.cat\">El Setembre<\/a><\/p>\n<p><a href=\"http:\/\/www.directa.cat\">La directa<\/a><\/p>\n<p><strong>Croatie<\/strong><\/p>\n<p><a href=\"http:\/\/www.zmag.hr\">Zmag<\/a><\/p>\n<p><strong>Republic Tch\u00e8que<\/strong><\/p>\n<p><a href=\"http:\/\/a2larm.cz\">A2larm<\/a><\/p>\n<p><a href=\"http:\/\/sedmagenerace.cz\">Seventh Generation\u00a0<\/a><\/p>\n<p><a href=\"http:\/\/politicalcritique.org\">Political Critique<\/a><\/p>\n<p><strong>France<\/strong><\/p>\n<p><a href=\"http:\/\/www.alliance-editeurs.org\">Alliance internationale des \u00e9diteurs ind\u00e9pendants<\/a><\/p>\n<p><strong>Allemagne<\/strong><\/p>\n<p><a href=\"http:\/\/www.contraste.org\">Contraste<\/a><\/p>\n<p><a href=\"http:\/\/imwandel.net\">Inwandel<\/a><\/p>\n<p><strong>Gr\u00e8ce<\/strong><\/p>\n<p><a href=\"http:\/\/www.efsyn.gr\/\">The Journalists&rsquo; Journal<\/a><\/p>\n<p><a href=\"http:\/\/www.3pointmagazine.gr\">3 point magazine<\/a><\/p>\n<p><a href=\"http:\/\/www.presspublica.gr\">Presspublica<\/a><\/p>\n<p><a href=\"http:\/\/webtv.ert.gr\/category\/ert3\/antidrastirio\/\">Antidrastirio (ERT TV)<\/a><\/p>\n<p><strong>Italie<\/strong><\/p>\n<p><a href=\"http:\/\/www.altreconomia.it\">Altreconomia<\/a><\/p>\n<p><a href=\"http:\/\/italiachecambia.it\">Italia che cambia<\/a><\/p>\n<p><a href=\"http:\/\/comuneinfo.net\">Comuneinfo.net<\/a><\/p>\n<p><strong>Portugal<\/strong><\/p>\n<p><a href=\"http:\/\/www.accesa-atlantico.org\/publicacoes\/revista\">Revista de Economia Solidaria<\/a><\/p>\n<p><strong>Espagne<\/strong><\/p>\n<p><a href=\"http:\/\/elsaltodiario.com\">El Salto<\/a><\/p>\n<p><a href=\"http:\/\/www.alternativaseconomicas.coop\">Alternativas Economicas<\/a><\/p>\n<p><strong>Royaume-Uni<\/strong><\/p>\n<p><a href=\"http:\/\/stirtoaction.com\">Stir to Action<\/a><\/p>\n<p><a href=\"http:\/\/redpepper.org.uk\">Red Pepper<\/a><\/p>\n<p><a href=\"http:\/\/therules.org\">The rules<\/a><\/p>\n","protected":false},"excerpt":{"rendered":"<p>Les organisations et initiativesde m\u00e9dias suivants font partie de l\u2019initiative de cr\u00e9er un r\u00e9seau europ\u00e9en de m\u00e9dias alternatifs sur l&rsquo;ESS : Catalunia El Setembre La directa Croatie Zmag Republic Tch\u00e8que [&hellip;]<\/p>\n","protected":false},"author":1,"featured_media":0,"parent":3099,"menu_order":0,"comment_status":"closed","ping_status":"closed","template":"","meta":{"_et_pb_use_builder":"","_et_pb_old_content":"","_et_gb_content_width":"","footnotes":""},"class_list":["post-3319","page","type-page","status-publish","hentry"],"_links":{"self":[{"href":"https:\/\/ripess.eu\/fr\/wp-json\/wp\/v2\/pages\/3319","targetHints":{"allow":["GET"]}}],"collection":[{"href":"https:\/\/ripess.eu\/fr\/wp-json\/wp\/v2\/pages"}],"about":[{"href":"https:\/\/ripess.eu\/fr\/wp-json\/wp\/v2\/types\/page"}],"author":[{"embeddable":true,"href":"https:\/\/ripess.eu\/fr\/wp-json\/wp\/v2\/users\/1"}],"replies":[{"embeddable":true,"href":"https:\/\/ripess.eu\/fr\/wp-json\/wp\/v2\/comments?post=3319"}],"version-history":[{"count":0,"href":"https:\/\/ripess.eu\/fr\/wp-json\/wp\/v2\/pages\/3319\/revisions"}],"up":[{"embeddable":true,"href":"https:\/\/ripess.eu\/fr\/wp-json\/wp\/v2\/pages\/3099"}],"wp:attachment":[{"href":"https:\/\/ripess.eu\/fr\/wp-json\/wp\/v2\/media?parent=3319"}],"curies":[{"name":"wp","href":"https:\/\/api.w.org\/{rel}","templated":true}]}}