{"id":331844,"date":"2022-10-26T11:04:22","date_gmt":"2022-10-26T09:04:22","guid":{"rendered":"https:\/\/ripess.eu\/projet-devisus\/"},"modified":"2023-05-15T14:47:07","modified_gmt":"2023-05-15T12:47:07","slug":"projet-devisus","status":"publish","type":"page","link":"https:\/\/ripess.eu\/fr\/projet-devisus\/","title":{"rendered":"PROJET DEVISUS"},"content":{"rendered":"<h3><span style=\"color: #ff9900\">Contexte et objectifs du projet<\/span><\/h3>\n<p><img loading=\"lazy\" decoding=\"async\" class=\"size-medium wp-image-331827 alignright\" src=\"https:\/\/ripess.eu\/wp-content\/uploads\/sites\/4\/2023\/04\/DEVISUS_logo-300x195.png\" alt=\"\" width=\"300\" height=\"195\" srcset=\"https:\/\/ripess.eu\/wp-content\/uploads\/sites\/4\/2023\/04\/DEVISUS_logo-300x195.png 300w, https:\/\/ripess.eu\/wp-content\/uploads\/sites\/4\/2023\/04\/DEVISUS_logo-1024x665.png 1024w, https:\/\/ripess.eu\/wp-content\/uploads\/sites\/4\/2023\/04\/DEVISUS_logo-768x499.png 768w, https:\/\/ripess.eu\/wp-content\/uploads\/sites\/4\/2023\/04\/DEVISUS_logo.png 1071w\" sizes=\"(max-width: 300px) 100vw, 300px\" \/>Depuis de nombreuses ann\u00e9es, la question de <strong>l\u2019\u00e9valuation de l\u2019impact <\/strong>et de l\u2019utilit\u00e9 sociale est une pr\u00e9occupation majeure dans l\u2019\u00e9conomie sociale et solidaire. Cependant, malgr\u00e9 l\u2019\u00e9mergence de projets et d\u2019exp\u00e9rimentations sur le sujet, il n\u2019existe pas de v\u00e9ritable vision commune au niveau europ\u00e9en (au-del\u00e0 de la vision plus classique et quantifi\u00e9e de l\u2019\u00e9valuation).<\/p>\n<p>&nbsp;<\/p>\n<p>&nbsp;<\/p>\n<p><strong><img loading=\"lazy\" decoding=\"async\" class=\" wp-image-32307 alignleft\" src=\"https:\/\/ripess.eu\/wp-content\/uploads\/sites\/4\/2022\/09\/DEVISUS2.jpg\" alt=\"\" width=\"414\" height=\"233\" \/><\/strong><\/p>\n<p><strong>Sept organisations, pour la plupart membres du RIPESS Europe (R\u00e9seau europ\u00e9en de l\u2019\u00e9conomie solidaire), ont souhait\u00e9 travailler \u00e0 la co-construction d\u2019une vision partag\u00e9e,<\/strong> en mettant en commun leurs exp\u00e9riences et les le\u00e7ons apprises sur le sujet. C\u2019est ainsi qu\u2019est n\u00e9 le projet DEVISUS (Development of an Ecosystem for Valuing Social Impact and Social Utility), financ\u00e9 dans le cadre du programme ERASMUS+ \u00ab Partenariats simplifi\u00e9s de l\u2019\u00e9ducation des adultes \u00bb.<\/p>\n<p>&nbsp;<\/p>\n<p>\u00c0 travers une s\u00e9rie de temps d\u2019\u00e9change de pratiques, de connaissances, d\u2019exp\u00e9riences, de comp\u00e9tences et de ressources, les ressources, l\u2019objectif du projet est de:<\/p>\n<ul>\n<li><strong>Construire une culture partag\u00e9e entre les partenaires<\/strong>, pour ensuite d\u00e9velopper des rep\u00e8res et des lignes directrices qui peuvent \u00eatre diffus\u00e9s dans toute l\u2019Europe.<\/li>\n<li><strong>Am\u00e9liorer les comp\u00e9tences des formateurs, enseignants et instructeurs<\/strong> qui interviennent dans le domaine de l\u2019ESS<\/li>\n<li><strong>Renforcer les alliances au sein de l\u2019ESS entre les diff\u00e9rents<\/strong> r\u00e9seaux pour promouvoir l\u2019expertise des r\u00e9seaux de l\u2019ESS sur la question de l\u2019impact social et de l\u2019utilit\u00e9.<\/li>\n<\/ul>\n<p>La construction de ce corpus commun devrait permettre, \u00e0 la fin du projet, de <strong>pr\u00e9figurer un second projet, sur<\/strong><br \/>\n<strong>le d\u00e9veloppement et la diffusion de formations \u00e0 l\u2019\u00e9valuation de l\u2019impact social et de l\u2019utilit\u00e9 dans toute l\u2019Europe.<\/strong><\/p>\n<h3><span style=\"color: #ff9900\">Le partenariat<\/span><\/h3>\n<p><strong><img loading=\"lazy\" decoding=\"async\" class=\"size-medium wp-image-331831 alignright\" src=\"https:\/\/ripess.eu\/wp-content\/uploads\/sites\/4\/2023\/04\/DEVISUS-PARTNERS-300x178.png\" alt=\"\" width=\"300\" height=\"178\" srcset=\"https:\/\/ripess.eu\/wp-content\/uploads\/sites\/4\/2023\/04\/DEVISUS-PARTNERS-300x178.png 300w, https:\/\/ripess.eu\/wp-content\/uploads\/sites\/4\/2023\/04\/DEVISUS-PARTNERS-1024x607.png 1024w, https:\/\/ripess.eu\/wp-content\/uploads\/sites\/4\/2023\/04\/DEVISUS-PARTNERS-768x455.png 768w, https:\/\/ripess.eu\/wp-content\/uploads\/sites\/4\/2023\/04\/DEVISUS-PARTNERS.png 1046w\" sizes=\"(max-width: 300px) 100vw, 300px\" \/>Ce projet r\u00e9unit 7 partenaires :<\/strong><\/p>\n<ul>\n<li><a href=\"https:\/\/www.le-mes.org\/\" target=\"_blank\" rel=\"noopener\"><span style=\"color: #0000ff\">MES FRANCE (administrateur)<\/span><\/a><\/li>\n<li><a href=\"https:\/\/mes-occitanie.org\/\" target=\"_blank\" rel=\"noopener\"><span style=\"color: #0000ff\">MES OCCITANIE<\/span> <\/a>(FRANCE)<\/li>\n<li><a href=\"https:\/\/rete-ries.it\/\" target=\"_blank\" rel=\"noopener\"><span style=\"color: #0000ff\">RIES<\/span> <\/a>(Italie)<\/li>\n<li><a href=\"http:\/\/apes-hdf.org\/page-0-0-0.html\" target=\"_blank\" rel=\"noopener\"><span style=\"color: #0000ff\">APES <\/span><\/a>(FRANCE)<\/li>\n<li><a href=\"https:\/\/ripess.eu\/en\/\" target=\"_blank\" rel=\"noopener\"><span style=\"color: #0000ff\">RIPESS EUROPE<\/span><\/a><\/li>\n<li><a href=\"https:\/\/concertes.be\/\" target=\"_blank\" rel=\"noopener\"><span style=\"color: #0000ff\">CONCERTS <\/span><\/a>(BELGIQUE)<\/li>\n<li><a href=\"https:\/\/www.unipso.be\/\" target=\"_blank\" rel=\"noopener\"><span style=\"color: #0000ff\">UNIPSO <\/span><\/a>(BELGIQUE)<\/li>\n<\/ul>\n<p><strong><img loading=\"lazy\" decoding=\"async\" class=\"size-medium wp-image-331834 alignright\" src=\"https:\/\/ripess.eu\/wp-content\/uploads\/sites\/4\/2023\/04\/SUPPORTING_org_DEVISUS-300x103.png\" alt=\"\" width=\"300\" height=\"103\" srcset=\"https:\/\/ripess.eu\/wp-content\/uploads\/sites\/4\/2023\/04\/SUPPORTING_org_DEVISUS-300x103.png 300w, https:\/\/ripess.eu\/wp-content\/uploads\/sites\/4\/2023\/04\/SUPPORTING_org_DEVISUS.png 548w\" sizes=\"(max-width: 300px) 100vw, 300px\" \/>Et 2 organismes de soutien :<\/strong><\/p>\n<ul>\n<li><a href=\"https:\/\/www.iec.marsnet.org\/\" target=\"_blank\" rel=\"noopener\"><span style=\"color: #0000ff\">CEI<\/span><\/a><\/li>\n<li><a href=\"https:\/\/lllplatform.eu\/\" target=\"_blank\" rel=\"noopener\"><span style=\"color: #0000ff\">PLATEFORME POUR L\u2019\u00c9DUCATION ET LA FORMATION TOUT AU LONG DE LA VIE <\/span><\/a>(Soci\u00e9t\u00e9 civile europ\u00e9enne pour l\u2019\u00e9ducation)<\/li>\n<\/ul>\n<h3><span style=\"color: #ff9900\">D\u00e9roulement du projet<\/span><\/h3>\n<p>Le projet se d\u00e9roule d\u2019avril 2022 \u00e0 octobre 2023, et s\u2019articule autour de 5 axes, donnant lieu \u00e0 5 rencontres entre partenaires :<\/p>\n<ul>\n<li><span style=\"color: #ff9900\"><strong>Avril 2022 \u00e0 Paris<\/strong> <\/span>&#8211; organisation globale du consortium et d\u00e9finition du calendrier global, des livrables<\/li>\n<li><span style=\"color: #ff9900\"><strong>Septembre 2022 \u00e0 Lille <\/strong><\/span>&#8211; travail sur une culture commune, partage d\u2019exp\u00e9riences des diff\u00e9rents partenaires, interventions de chercheurs<\/li>\n<li><strong><span style=\"color: #ff9900\">Octobre 2022 \u00e0 Rome <\/span><\/strong>&#8211; travail sur les comp\u00e9tences et savoir-faire n\u00e9cessaires \u00e0 l\u2019accompagnement de l\u2019\u00e9valuation de l\u2019impact social<\/li>\n<li><strong><span style=\"color: #ff9900\">F\u00e9vrier 2023 \u00e0 Namur<\/span><\/strong>&#8211; \u00e9laboration d\u2019un cadre de formation au m\u00e9tier de guide<\/li>\n<li><strong><span style=\"color: #ff9900\">Juin 2023 \u00e0 Bruxelles <\/span><\/strong>&#8211; diffusion des r\u00e9sultats et cl\u00f4ture du projet<\/li>\n<\/ul>\n<p>&nbsp;<\/p>\n<p><em>Projet cofinanc\u00e9 par l\u2019UE <img loading=\"lazy\" decoding=\"async\" class=\"size-full wp-image-2454 alignleft\" src=\"https:\/\/ripess.eu\/wp-content\/uploads\/sites\/4\/2016\/12\/EU.png\" alt=\"\" width=\"109\" height=\"71\" \/><\/em><\/p>\n<p><em>Convention de subvention n\u00b0 2021-2-FR01-KA210-ADU-000051132<\/em><\/p>\n<p>&nbsp;<\/p>\n","protected":false},"excerpt":{"rendered":"<p>Contexte et objectifs du projet Depuis de nombreuses ann\u00e9es, la question de l\u2019\u00e9valuation de l\u2019impact et de l\u2019utilit\u00e9 sociale est une pr\u00e9occupation majeure dans l\u2019\u00e9conomie sociale et solidaire. Cependant, malgr\u00e9 [&hellip;]<\/p>\n","protected":false},"author":18,"featured_media":331828,"parent":0,"menu_order":0,"comment_status":"closed","ping_status":"closed","template":"","meta":{"_et_pb_use_builder":"","_et_pb_old_content":"","_et_gb_content_width":"","footnotes":""},"class_list":["post-331844","page","type-page","status-publish","has-post-thumbnail","hentry"],"_links":{"self":[{"href":"https:\/\/ripess.eu\/fr\/wp-json\/wp\/v2\/pages\/331844","targetHints":{"allow":["GET"]}}],"collection":[{"href":"https:\/\/ripess.eu\/fr\/wp-json\/wp\/v2\/pages"}],"about":[{"href":"https:\/\/ripess.eu\/fr\/wp-json\/wp\/v2\/types\/page"}],"author":[{"embeddable":true,"href":"https:\/\/ripess.eu\/fr\/wp-json\/wp\/v2\/users\/18"}],"replies":[{"embeddable":true,"href":"https:\/\/ripess.eu\/fr\/wp-json\/wp\/v2\/comments?post=331844"}],"version-history":[{"count":0,"href":"https:\/\/ripess.eu\/fr\/wp-json\/wp\/v2\/pages\/331844\/revisions"}],"wp:featuredmedia":[{"embeddable":true,"href":"https:\/\/ripess.eu\/fr\/wp-json\/wp\/v2\/media\/331828"}],"wp:attachment":[{"href":"https:\/\/ripess.eu\/fr\/wp-json\/wp\/v2\/media?parent=331844"}],"curies":[{"name":"wp","href":"https:\/\/api.w.org\/{rel}","templated":true}]}}