{"id":32087,"date":"2022-07-20T14:36:47","date_gmt":"2022-07-20T13:36:47","guid":{"rendered":"https:\/\/ripess.eu\/les-couts-couverts-par-ripess-eu\/"},"modified":"2022-07-20T15:14:43","modified_gmt":"2022-07-20T14:14:43","slug":"les-frais-couverts-par-ripess-eu","status":"publish","type":"page","link":"https:\/\/ripess.eu\/fr\/les-frais-couverts-par-ripess-eu\/","title":{"rendered":"Les frais couverts par RIPESS EUROPE"},"content":{"rendered":"<h2>1. Voyage<\/h2>\n<div>\n<div><img loading=\"lazy\" decoding=\"async\" class=\"size-full wp-image-32079 alignright\" src=\"http:\/\/ripess.eu\/wp-content\/uploads\/sites\/4\/2022\/07\/train_picture_travel.jpg\" alt=\"\" width=\"640\" height=\"480\" \/>Si vous n\u2019avez pas encore r\u00e9serv\u00e9 votre voyage, nous vous conseillons de le faire d\u00e8s que possible.<\/div>\n<div><\/div>\n<div>Merci de nous envoyer votre heure d\u2019arriv\u00e9e et de d\u00e9part et vos d\u00e9tails de vol \/ train \/ bus \u00e0 <a href=\"mailto:info@ripess.eu\" target=\"_blank\" rel=\"noopener\">info@ripess.eu<\/a> .<\/div>\n<\/div>\n<div><\/div>\n<div>\n<p><span style=\"color: #000000\">Ripess Europe prendra en charge tous les <strong>repas et le transport local<\/strong> (\u00e0 l\u2019exclusion des taxis) pour les membres participant \u00e0 l\u2019Assembl\u00e9e g\u00e9n\u00e9rale.<\/span><\/p>\n<div>\n<div>Pour les voyages, nous avons un <strong>fonds de solidarit\u00e9 pour les membres qui en ont besoin &#8211; de sorte qu\u2019une partie peut \u00eatre rembours\u00e9e sur demande pour 1 repr\u00e9sentant<\/strong>, en fonction de la distance (en proportion, afin de mutualiser les d\u00e9penses entre les participants) et du budget disponible. Merci de nous envoyer le co\u00fbt estim\u00e9 de votre voyage \u00e0: <a href=\"mailto:info@ripess.eu\" target=\"_blank\" rel=\"noopener\">info@ripess.eu<\/a><\/div>\n<div><\/div>\n<div><\/div>\n<\/div>\n<div>\n<hr \/>\n<\/div>\n<\/div>\n<h2><\/h2>\n<h2>2. H\u00e9bergement<\/h2>\n<p>&nbsp;<\/p>\n<div>\n<div><img loading=\"lazy\" decoding=\"async\" class=\"size-full wp-image-32082 alignleft\" src=\"http:\/\/ripess.eu\/wp-content\/uploads\/sites\/4\/2022\/07\/hotel_room.jpg\" alt=\"\" width=\"418\" height=\"627\" \/><\/div>\n<div>Pour l\u2019h\u00e9bergement, chaque membre doit payer son propre logement (\u00e0 l\u2019exception des<strong> membres du comit\u00e9 de coordination, 1 par organisation<\/strong>, dans des chambres partag\u00e9es). Si quelqu\u2019un a besoin de soutien financier, nous pourrons peut-\u00eatre vous aider \u00e0 partir du budget disponible. Contactez-nous.<\/div>\n<div><\/div>\n<\/div>\n<div><b><a href=\"https:\/\/ripess.eu\/en\/general-assemblies\/11th-ga-2022-wroclaw\/food-and-accommodation-in-wroclaw-poland\/\" target=\"_blank\" rel=\"noopener\" data-saferedirecturl=\"https:\/\/www.google.com\/url?q=https:\/\/ripess.eu\/en\/general-assemblies\/11th-ga-2022-wroclaw\/food-and-accommodation-in-wroclaw-poland\/&amp;source=gmail&amp;ust=1658407881173000&amp;usg=AOvVaw1TzCzEHkzLOR-OCtHlsf9f\">Voici une liste d\u2019options que vous pouvez envisager.<\/a> <\/b>Nous vous encourageons \u00e0 partager une chambre entre 2-3 avec d\u2019autres.<\/div>\n<div><\/div>\n<div><span style=\"color: #000000\"><b>Mariusz Maslosz<\/b> ( <a href=\"mailto:ess@fairtrade.org.pl\" target=\"_blank\" rel=\"noopener\">ess@fairtrade.org.pl<\/a> ) est la personne d\u00e9di\u00e9e \u00e0 la logistique pour cet \u00e9v\u00e9nement.<\/span> N\u2019h\u00e9sitez pas \u00e0 le joindre si vous avez besoin d\u2019aide pour votre r\u00e9servation. Plus t\u00f4t vous r\u00e9servez, mieux c\u2019est &#8211; alors pensez \u00e0 le faire d\u00e8s que possible.<\/div>\n","protected":false},"excerpt":{"rendered":"<p>1. Voyage Si vous n\u2019avez pas encore r\u00e9serv\u00e9 votre voyage, nous vous conseillons de le faire d\u00e8s que possible. Merci de nous envoyer votre heure d\u2019arriv\u00e9e et de d\u00e9part et [&hellip;]<\/p>\n","protected":false},"author":6,"featured_media":0,"parent":0,"menu_order":0,"comment_status":"closed","ping_status":"closed","template":"","meta":{"_et_pb_use_builder":"","_et_pb_old_content":"","_et_gb_content_width":"","footnotes":""},"class_list":["post-32087","page","type-page","status-publish","hentry"],"_links":{"self":[{"href":"https:\/\/ripess.eu\/fr\/wp-json\/wp\/v2\/pages\/32087","targetHints":{"allow":["GET"]}}],"collection":[{"href":"https:\/\/ripess.eu\/fr\/wp-json\/wp\/v2\/pages"}],"about":[{"href":"https:\/\/ripess.eu\/fr\/wp-json\/wp\/v2\/types\/page"}],"author":[{"embeddable":true,"href":"https:\/\/ripess.eu\/fr\/wp-json\/wp\/v2\/users\/6"}],"replies":[{"embeddable":true,"href":"https:\/\/ripess.eu\/fr\/wp-json\/wp\/v2\/comments?post=32087"}],"version-history":[{"count":0,"href":"https:\/\/ripess.eu\/fr\/wp-json\/wp\/v2\/pages\/32087\/revisions"}],"wp:attachment":[{"href":"https:\/\/ripess.eu\/fr\/wp-json\/wp\/v2\/media?parent=32087"}],"curies":[{"name":"wp","href":"https:\/\/api.w.org\/{rel}","templated":true}]}}