{"id":31854,"date":"2022-07-12T15:00:38","date_gmt":"2022-07-12T14:00:38","guid":{"rendered":"https:\/\/ripess.eu\/assemblees-generales\/11eme-ag-2022-wroclaw-pologne\/restauration-et-hebergement-a-wroclaw-pologne\/"},"modified":"2022-07-13T14:32:36","modified_gmt":"2022-07-13T13:32:36","slug":"restauration-et-hebergement-a-wroclaw-pologne","status":"publish","type":"page","link":"https:\/\/ripess.eu\/fr\/11eme-ag-2022-wroclaw-pologne\/restauration-et-hebergement-a-wroclaw-pologne\/","title":{"rendered":"Repas et h\u00e9bergement \u00e0 Wroclaw (Pologne)"},"content":{"rendered":"<h2>Repas<\/h2>\n<p>Nous aurons des plats d\u00e9licieux, locaux et biologiques avec des options v\u00e9g\u00e9tariennes et v\u00e9g\u00e9taliennes.<\/p>\n<h2>Logement<\/h2>\n<p>Nous avons pr\u00e9s\u00e9lectionn\u00e9 2 h\u00f4tels pr\u00e8s de l\u2019EkoCentrum. Vous pouvez choisir celui o\u00f9 vous souhaitez s\u00e9journer et faire une r\u00e9servation. Si vous avez des questions concernant votre r\u00e9servation, Mariusz Maslosz est l\u00e0 pour vous aider ! N\u2019h\u00e9sitez pas \u00e0 le contacter : ess@fairtrade.org.pl.<\/p>\n<div><strong>1. H\u00f4tel Herbal<\/strong><br \/>\nSite Web : <a href=\"https:\/\/herbalhotel.pl\/\" target=\"_blank\" rel=\"noopener\" data-saferedirecturl=\"https:\/\/www.google.com\/url?q=https:\/\/herbalhotel.pl\/&amp;source=gmail&amp;ust=1657718116330000&amp;usg=AOvVaw0MsJgC4umTGugUk_DX9qeD\">https:\/\/herbalhotel.pl\/<\/a><br \/>\nAdresse: ul. W\u0142odkowica 15-17 Wroc\u0142aw<\/div>\n<div>&#8211; Disponible 6 chambres pour 2 personnes (avec 2 lits s\u00e9par\u00e9s) et 19 chambres pour 1 personne<br \/>\n&#8211; Option petit-d\u00e9jeuner disponible: buffet<\/div>\n<div>&#8211; Arr\u00eats de bus\/tram les plus proches: Narodowe Forum Muzyki; Rynek<\/div>\n<div><\/div>\n<div><b>ENTRE 71\u20ac &#8211; 77\u20ac \/ nuit (petit d\u00e9jeuner inclus)<\/b><\/div>\n<div><\/div>\n<div>\n<hr \/>\n<\/div>\n<div><\/div>\n<div><strong>2. Fitness Hostel<\/strong><br \/>\nSite Web : <a href=\"https:\/\/fitnesshostel.pl\/\" target=\"_blank\" rel=\"noopener\" data-saferedirecturl=\"https:\/\/www.google.com\/url?q=https:\/\/fitnesshostel.pl\/&amp;source=gmail&amp;ust=1657718116330000&amp;usg=AOvVaw1lpWONnjl_RUyEV0jdbCAr\">https:\/\/fitnesshostel.pl\/<\/a><br \/>\nAdresse: ul. So\u0142tysowicka 15b<\/div>\n<div>&#8211; Disponible: 5 chambres pour 2 personnes avec salle de bain mutuelle; 1 chambre pour 3<br \/>\npersonnes avec salle de bain mutuelle; 2 chambres pour 2 personnes avec priv\u00e9<br \/>\nsalle de bain; 1 chambre pour 1 personne avec salle de bain priv\u00e9e. Il y a aussi des<br \/>\nchambres disponibles avec lits superpos\u00e9s si n\u00e9cessaire.<\/div>\n<div><\/div>\n<div>&#8211; Trois options pour le petit-d\u00e9jeuner:<br \/>\n\u2022 \u0152ufs brouill\u00e9s avec oignon, ciboulette et pain;<br \/>\n\u2022 Cr\u00eapes \u00e0 la mousse de framboise et aux fruits;<br \/>\n\u2022 Saucisses et salade de l\u00e9gumes; pain.<\/div>\n<div>&#8211; Arr\u00eat de bus\/tram le plus proche : Koszarowa\/Kromera (Czajkowskiego)<\/div>\n<div><\/div>\n<div><b>ENTRE 42\u20ac &#8211; 50\u20ac \/nuit (+ 5\u20ac suppl\u00e9mentaires pour le petit d\u00e9jeuner)<\/b><\/div>\n<div><\/div>\n<div>\n<hr \/>\n<\/div>\n<div>\n<p><strong>3. Auberge de jeunesse Moon\u00a0<\/strong><br \/>\nSite web : <a href=\"https:\/\/www.moonhostel.pl\/en\/wroclaw\" target=\"_blank\" rel=\"noopener\">www.moonhostel.pl\/en\/wroclaw<\/a><br \/>\nN&rsquo;h\u00e9sitez pas \u00e0 v\u00e9rifier la disponibilit\u00e9 de l&rsquo;auberge Moon qui dispose de diff\u00e9rentes chambres (de 1 \u00e0 8 personnes), d&rsquo;un tr\u00e8s bon emplacement (dans le centre, \u00e0 15 min de bus de l&rsquo;EkoCentrum) et de prix raisonnables. Leur site web est disponible en anglais \/ polonais.<\/p>\n<p>D&rsquo;autres options seront bient\u00f4t ajout\u00e9es&#8230;<\/p>\n<\/div>\n<div><\/div>\n<div><\/div>\n<div><\/div>\n<div><\/div>\n<div><\/div>\n","protected":false},"excerpt":{"rendered":"<p>Repas Nous aurons des plats d\u00e9licieux, locaux et biologiques avec des options v\u00e9g\u00e9tariennes et v\u00e9g\u00e9taliennes. Logement Nous avons pr\u00e9s\u00e9lectionn\u00e9 2 h\u00f4tels pr\u00e8s de l\u2019EkoCentrum. Vous pouvez choisir celui o\u00f9 vous [&hellip;]<\/p>\n","protected":false},"author":6,"featured_media":0,"parent":31559,"menu_order":0,"comment_status":"closed","ping_status":"closed","template":"","meta":{"_et_pb_use_builder":"","_et_pb_old_content":"","_et_gb_content_width":"","footnotes":""},"class_list":["post-31854","page","type-page","status-publish","hentry"],"_links":{"self":[{"href":"https:\/\/ripess.eu\/fr\/wp-json\/wp\/v2\/pages\/31854","targetHints":{"allow":["GET"]}}],"collection":[{"href":"https:\/\/ripess.eu\/fr\/wp-json\/wp\/v2\/pages"}],"about":[{"href":"https:\/\/ripess.eu\/fr\/wp-json\/wp\/v2\/types\/page"}],"author":[{"embeddable":true,"href":"https:\/\/ripess.eu\/fr\/wp-json\/wp\/v2\/users\/6"}],"replies":[{"embeddable":true,"href":"https:\/\/ripess.eu\/fr\/wp-json\/wp\/v2\/comments?post=31854"}],"version-history":[{"count":0,"href":"https:\/\/ripess.eu\/fr\/wp-json\/wp\/v2\/pages\/31854\/revisions"}],"up":[{"embeddable":true,"href":"https:\/\/ripess.eu\/fr\/wp-json\/wp\/v2\/pages\/31559"}],"wp:attachment":[{"href":"https:\/\/ripess.eu\/fr\/wp-json\/wp\/v2\/media?parent=31854"}],"curies":[{"name":"wp","href":"https:\/\/api.w.org\/{rel}","templated":true}]}}