{"id":31648,"date":"2022-06-29T15:50:34","date_gmt":"2022-06-29T14:50:34","guid":{"rendered":"https:\/\/ripess.eu\/assemblees-generales\/11eme-ag-2022-wroclaw-pologne\/pour-voyager-a-wroclaw-pologne\/"},"modified":"2022-07-01T16:18:23","modified_gmt":"2022-07-01T15:18:23","slug":"voyager-a-wroclaw","status":"publish","type":"page","link":"https:\/\/ripess.eu\/fr\/11eme-ag-2022-wroclaw-pologne\/voyager-a-wroclaw\/","title":{"rendered":"Voyager \u00e0 Wroclaw (Pologne)"},"content":{"rendered":"\n\t\t<style type=\"text\/css\">\n\t\t\t#gallery-1 {\n\t\t\t\tmargin: auto;\n\t\t\t}\n\t\t\t#gallery-1 .gallery-item {\n\t\t\t\tfloat: left;\n\t\t\t\tmargin-top: 10px;\n\t\t\t\ttext-align: center;\n\t\t\t\twidth: 50%;\n\t\t\t}\n\t\t\t#gallery-1 img {\n\t\t\t\tborder: 2px solid #cfcfcf;\n\t\t\t}\n\t\t\t#gallery-1 .gallery-caption {\n\t\t\t\tmargin-left: 0;\n\t\t\t}\n\t\t\t\/* see gallery_shortcode() in wp-includes\/media.php *\/\n\t\t<\/style>\n\t\t<div id='gallery-1' class='gallery galleryid-31648 gallery-columns-2 gallery-size-medium'><dl class='gallery-item'>\n\t\t\t<dt class='gallery-icon landscape'>\n\t\t\t\t<a href='https:\/\/ripess.eu\/fr\/11eme-ag-2022-wroclaw-pologne\/voyager-a-wroclaw\/ekocentrum_wroclaw_poland_picture_outside-2-2\/'><img loading=\"lazy\" decoding=\"async\" width=\"300\" height=\"207\" src=\"https:\/\/ripess.eu\/wp-content\/uploads\/sites\/4\/2022\/06\/EkoCentrum_Wroclaw_Poland_picture_outside-1.jpg\" class=\"attachment-medium size-medium\" alt=\"\" \/><\/a>\n\t\t\t<\/dt><\/dl><dl class='gallery-item'>\n\t\t\t<dt class='gallery-icon landscape'>\n\t\t\t\t<a href='https:\/\/ripess.eu\/fr\/11eme-ag-2022-wroclaw-pologne\/voyager-a-wroclaw\/wroclaw_poland_city_view-2\/'><img loading=\"lazy\" decoding=\"async\" width=\"300\" height=\"199\" src=\"https:\/\/ripess.eu\/wp-content\/uploads\/sites\/4\/2022\/06\/wroclaw_poland_city_view.jpg\" class=\"attachment-medium size-medium\" alt=\"\" \/><\/a>\n\t\t\t<\/dt><\/dl><br style=\"clear: both\" \/>\n\t\t<\/div>\n\n<hr \/>\n<h3><\/h3>\n<h3>O\u00f9 la r\u00e9union aura-t-elle lieu?<\/h3>\n<p>Notre lieu de rencontre sera <strong><a href=\"http:\/\/new.eko.wroc.pl\/wynajem-sal\/\" target=\"_blank\" rel=\"noopener\">l\u2019EkoCentrum<\/a><\/strong> qui fait partie de la Fundacja EkoRozwoju \u2013 membre de RIPESS Europe.<\/p>\n<ul>\n<li><strong>Adresse<\/strong>: <a href=\"https:\/\/www.google.com\/maps\/place\/EkoCentrum\/@51.1222713,17.0339669,15z\/data=!4m5!3m4!1s0x0:0xbf3f28282a8b675f!8m2!3d51.1223924!4d17.0340426\" target=\"_blank\" rel=\"noopener\">ul. \u015bw. Wincentego 25AC Wroc\u0142aw<\/a><\/li>\n<li><strong>Arr\u00eats de bus\/tram les plus proches<\/strong> : Pauli\u0144ska ou Dworzec Nadodrze<\/li>\n<\/ul>\n<p>&nbsp;<\/p>\n<hr \/>\n<h3><\/h3>\n<h3>Comment se rendre \u00e0 l\u2019EkoCentrum?<\/h3>\n<p>Pour se rendre \u00e0 l&rsquo;int\u00e9rieur de l&rsquo;EkoCentrum, il faut passer par la cour arri\u00e8re, par l\u2019une des trois entr\u00e9es (avec des fl\u00e8ches bleues), puis vous rencontrerez une porte rouge. Apr\u00e8s l\u2019avoir d\u00e9pass\u00e9, allez dans le b\u00e2timent sur votre gauche et utilisez l\u2019interphone (appuyez sur 1, puis sur #, et attendez que la porte s\u2019ouvre). Cette derni\u00e8re \u00e9tape peut ne pas \u00eatre n\u00e9cessaire si la porte est d\u00e9j\u00e0 ouverte.<\/p>\n<p>&nbsp;<\/p>\n<hr \/>\n<h3><\/h3>\n<h3>Comment venir \u00e0 Wroc\u0142aw?<\/h3>\n<h4>Option 1. En train<\/h4>\n<p>Si vous souhaitez vous rendre \u00e0 Wroc\u0142aw en train, vous arriverez probablement \u00e0 Wroc\u0142aw G\u0142\u00f3wny (Wroc\u0142aw Central Station). Vous pouvez r\u00e9server votre billet de train sur le site Web <a href=\"https:\/\/www.interrail.eu\/en\/plan-your-trip\" target=\"_blank\" rel=\"noopener\">d\u2019Interrail<\/a> ou de <a href=\"https:\/\/www.polishtrains.eu\/?c=9917013567&amp;a=98719745245&amp;e=&amp;t=kwd-12684326&amp;i=&amp;p=9055318&amp;m=b&amp;n=g&amp;d=c&amp;dm=&amp;k=intercity&amp;pc=&amp;ap=&amp;r=16671070116234002874&amp;gclid=Cj0KCQjw8O-VBhCpARIsACMvVLOL4r46jeTzXIRwVXYTUeQU0WWJcIyZA94vrqEOOJxGzQzm4mkxtiwaArVpEALw_wcB\" target=\"_blank\" rel=\"noopener\">Polish Intercity<\/a> (ou autre).<\/p>\n<ul>\n<li><strong>Adresse de la gare principale<\/strong>: ul. Pi\u0142sudskiego 105, Wroc\u0142aw<\/li>\n<li><strong>Arr\u00eats de bus\/tram les plus proches<\/strong>: Dworzec G\u0142\u00f3wny; Dworzec G\u0142\u00f3wny (Dworcowa); Arkady (Capitole)<\/li>\n<\/ul>\n<p>&nbsp;<\/p>\n<h4>Option 2. Bus<\/h4>\n<p>Wroc\u0142aw dispose \u00e9galement d\u2019une gare routi\u00e8re longue distance. Vous pouvez vous rendre \u00e0 Wroc\u0142aw en utilisant <a href=\"https:\/\/global.flixbus.com\/?_sp=a2941481-e74c-41d7-ba04-9eb94bb7ca71.1656591547926&amp;atb_pdid=1d221f94-c20a-464a-9e36-c89107e39e58&amp;noRedirect=true\" target=\"_blank\" rel=\"noopener\"><strong>Flixbus<\/strong><\/a>, par exemple, ou une autre entreprise de voyage en bus long trajet.<\/p>\n<ul>\n<li><strong>Adresse<\/strong>: <a href=\"https:\/\/www.google.com\/maps\/place\/Sucha+1,+50-086+Wroc%C5%82aw,+Pologne\/data=!4m2!3m1!1s0x470fc265f6baab67:0x55a147e88b8614b5?sa=X&amp;ved=2ahUKEwjfoJbIlNX4AhVa0oUKHY3NBM4Q8gF6BAgCEAE\" target=\"_blank\" rel=\"noopener\">ul. Sucha 1, Wroc\u0142aw<\/a><\/li>\n<li><strong>Arr\u00eat de bus\/tram le plus proche<\/strong>: Dworzec Autobusowy<\/li>\n<\/ul>\n<p>&nbsp;<\/p>\n<h4>Option 3. A\u00e9roport<\/h4>\n<p>Si cela vous convient le mieux, il est \u00e9galement possible de se rendre \u00e0 Wroc\u0142aw en avion. Contrairement aux gares ferroviaire et routi\u00e8re, l\u2019a\u00e9roport n\u2019est pas situ\u00e9 dans le centre-ville, mais il est tr\u00e8s bien desservi. Vous devez faire attention, il peut y avoir des embouteillages. Votre trajet de l\u2019a\u00e9roport \u00e0 l\u2019h\u00f4tel peut prendre plus de temps que pr\u00e9vu. Il faut compter environ 30 min, en voiture, ou 1h, en transport en commun, pour se rendre de l&rsquo;a\u00e9roport \u00e0 l&rsquo;EkoCentrum.<\/p>\n<p>Le nom complet de l\u2019a\u00e9roport est \u00bb<strong>Lotnisko Wroc\u0142aw Strachowice im. Miko\u0142aja Kopernika<\/strong>\u00bb (A\u00e9roport de Wroc\u0142aw Strachowice de Nicolaus Copernic).<\/p>\n<p>Nous vous conseillons de consulter le site web de <a href=\"https:\/\/www.lot.com\/fr\/en\" target=\"_blank\" rel=\"noopener\"><strong>LOT Polish Airlines<\/strong> <\/a>pour vos billets d&rsquo;avion.<\/p>\n<ul>\n<li>Adresse: ul. Graniczna 190, Wroc\u0142aw<\/li>\n<li>Arr\u00eat de bus\/tram le plus proche : Port Lotniczy<\/li>\n<\/ul>\n<p>&nbsp;<\/p>\n<hr \/>\n<h3><\/h3>\n<h3>Comment circuler \u00e0 l\u2019int\u00e9rieur de Wroc\u0142aw?<\/h3>\n<p>\u00c0 Wroc\u0142aw, nous vous recommandons d\u2019utiliser les transports en commun. Il existe un r\u00e9seau de bus et de tramways.<br \/>\nVous pouvez v\u00e9rifier vos itin\u00e9raires via le site Web <strong><a href=\"https:\/\/jakdojade.pl\/lista-miast\" target=\"_blank\" rel=\"noopener\">jakdojade.pl <\/a><\/strong>ou l\u2019application mobile JakDojade. Le site Web a \u00e9galement une version anglaise &#8211; vous pouvez changer la langue dans les param\u00e8tres du site Web (coin sup\u00e9rieur droit). \u00c0 c\u00f4t\u00e9 de la description de chaque lieu important pour nous, l\u2019arr\u00eat de bus \/ tram le plus proche est mentionn\u00e9. Cela vous permettra de savoir combien de temps il vous faudra pour vous rendre d\u2019un endroit \u00e0 un autre.<\/p>\n<p>\u00c0 Wroc\u0142aw, il existe \u00e9galement un r\u00e9seau cyclable public. Pour en louer un, il est recommand\u00e9 de t\u00e9l\u00e9charger l\u2019application mobile appropri\u00e9e : <a href=\"https:\/\/wroclawskirower.pl\/en\/\" target=\"_blank\" rel=\"noopener\">https:\/\/wroclawskirower.pl\/en\/<\/a>. Vous devez cr\u00e9er un compte avant de pouvoir l\u2019utiliser.<\/p>\n<p>Si vous d\u00e9cidez de s\u00e9journer au MoHostel, vous serez \u00e0 5 minutes \u00e0 pied de l\u2019EkoCentrum.<br \/>\nVous pouvez \u00e9galement utiliser des scooters \u00e9lectriques, des taxis, des Ubers ou des voitures de location.<\/p>\n<p><strong>Pour plus d\u2019informations, veuillez contacter Mariusz: ess@fairtrade.org.pl.<\/strong><\/p>\n","protected":false},"excerpt":{"rendered":"<p>O\u00f9 la r\u00e9union aura-t-elle lieu? Notre lieu de rencontre sera l\u2019EkoCentrum qui fait partie de la Fundacja EkoRozwoju \u2013 membre de RIPESS Europe. Adresse: ul. \u015bw. Wincentego 25AC Wroc\u0142aw Arr\u00eats [&hellip;]<\/p>\n","protected":false},"author":6,"featured_media":0,"parent":31559,"menu_order":0,"comment_status":"closed","ping_status":"closed","template":"","meta":{"_et_pb_use_builder":"","_et_pb_old_content":"","_et_gb_content_width":"","footnotes":""},"class_list":["post-31648","page","type-page","status-publish","hentry"],"_links":{"self":[{"href":"https:\/\/ripess.eu\/fr\/wp-json\/wp\/v2\/pages\/31648","targetHints":{"allow":["GET"]}}],"collection":[{"href":"https:\/\/ripess.eu\/fr\/wp-json\/wp\/v2\/pages"}],"about":[{"href":"https:\/\/ripess.eu\/fr\/wp-json\/wp\/v2\/types\/page"}],"author":[{"embeddable":true,"href":"https:\/\/ripess.eu\/fr\/wp-json\/wp\/v2\/users\/6"}],"replies":[{"embeddable":true,"href":"https:\/\/ripess.eu\/fr\/wp-json\/wp\/v2\/comments?post=31648"}],"version-history":[{"count":0,"href":"https:\/\/ripess.eu\/fr\/wp-json\/wp\/v2\/pages\/31648\/revisions"}],"up":[{"embeddable":true,"href":"https:\/\/ripess.eu\/fr\/wp-json\/wp\/v2\/pages\/31559"}],"wp:attachment":[{"href":"https:\/\/ripess.eu\/fr\/wp-json\/wp\/v2\/media?parent=31648"}],"curies":[{"name":"wp","href":"https:\/\/api.w.org\/{rel}","templated":true}]}}