{"id":31559,"date":"2022-06-13T15:27:12","date_gmt":"2022-06-13T13:27:12","guid":{"rendered":"https:\/\/ripess.eu\/assemblees-generales\/11eme-ag-2022-wroclaw-pologne\/"},"modified":"2022-11-03T14:59:10","modified_gmt":"2022-11-03T13:59:10","slug":"11eme-ag-2022-wroclaw-pologne","status":"publish","type":"page","link":"https:\/\/ripess.eu\/fr\/11eme-ag-2022-wroclaw-pologne\/","title":{"rendered":"11\u00e8me AG 2022 &#8211; Wroclaw, Pologne"},"content":{"rendered":"<h2 style=\"text-align: center\"><span style=\"color: #3366ff\">A vos agendas : 17 au 20 septembre 2022 !<\/span><\/h2>\n\n\t\t<style type=\"text\/css\">\n\t\t\t#gallery-1 {\n\t\t\t\tmargin: auto;\n\t\t\t}\n\t\t\t#gallery-1 .gallery-item {\n\t\t\t\tfloat: left;\n\t\t\t\tmargin-top: 10px;\n\t\t\t\ttext-align: center;\n\t\t\t\twidth: 50%;\n\t\t\t}\n\t\t\t#gallery-1 img {\n\t\t\t\tborder: 2px solid #cfcfcf;\n\t\t\t}\n\t\t\t#gallery-1 .gallery-caption {\n\t\t\t\tmargin-left: 0;\n\t\t\t}\n\t\t\t\/* see gallery_shortcode() in wp-includes\/media.php *\/\n\t\t<\/style>\n\t\t<div id='gallery-1' class='gallery galleryid-31559 gallery-columns-2 gallery-size-large'><dl class='gallery-item'>\n\t\t\t<dt class='gallery-icon landscape'>\n\t\t\t\t<a href='https:\/\/ripess.eu\/fr\/11eme-ag-2022-wroclaw-pologne\/voyager-a-wroclaw\/wroclaw_poland_city_view-2\/'><img loading=\"lazy\" decoding=\"async\" width=\"640\" height=\"425\" src=\"https:\/\/ripess.eu\/wp-content\/uploads\/sites\/4\/2022\/06\/wroclaw_poland_city_view.jpg\" class=\"attachment-large size-large\" alt=\"\" \/><\/a>\n\t\t\t<\/dt><\/dl><dl class='gallery-item'>\n\t\t\t<dt class='gallery-icon landscape'>\n\t\t\t\t<a href='https:\/\/ripess.eu\/fr\/11eme-ag-2022-wroclaw-pologne\/voyager-a-wroclaw\/ekocentrum_wroclaw_poland_picture_outside-2-2\/'><img loading=\"lazy\" decoding=\"async\" width=\"944\" height=\"651\" src=\"https:\/\/ripess.eu\/wp-content\/uploads\/sites\/4\/2022\/06\/EkoCentrum_Wroclaw_Poland_picture_outside-1.jpg\" class=\"attachment-large size-large\" alt=\"\" \/><\/a>\n\t\t\t<\/dt><\/dl><br style=\"clear: both\" \/>\n\t\t<\/div>\n\n<hr \/>\n<p><span style=\"color: #000000\">Cette ann\u00e9e, l\u2019Assembl\u00e9e g\u00e9n\u00e9rale du r\u00e9seau aura lieu \u00e0 <strong><span style=\"color: #0000ff\">Wroclaw (Pologne)<\/span>,<\/strong> accueillie pour la premi\u00e8re fois par nos <span style=\"color: #0000ff\"><strong>membres polonais<\/strong><\/span>. Nous entrons dans notre deuxi\u00e8me d\u00e9cennie, apr\u00e8s deux ans de crise du Covid, la guerre en Ukraine et le changement climatique de plus en plus \u00e9vident, et un environnement politique et \u00e9conomique qui change rapidement. N<strong>otre triple objectif<\/strong> de promouvoir les \u00e9cosyst\u00e8mes de l\u2019\u00e9conomie sociale et solidaire sur tout le continent et au-del\u00e0, de rendre l\u2019ESS plus visible et reconnue \u2013 tant sur le plan institutionnel que dans l\u2019opinion publique \u2013 et de contribuer au renforcement d\u2019un mouvement social pluriel d\u2019\u00e9conomies transformatrices <strong>est devenu encore plus <\/strong><strong><b>complexe.<\/b><\/strong><\/span><\/p>\n<p><span style=\"color: #000000\">Apr\u00e8s plusieurs ann\u00e9es \u00e0 essayer de <strong>nous concentrer davantage sur l\u2019Europe centrale et orientale<\/strong>, nous nous r\u00e9unissons enfin dans la r\u00e9gion et consacrerons du temps et des efforts \u00e0 \u00e9changer avec les membres et d\u2019autres r\u00e9seaux et organisations et \u00e0 <strong>en savoir plus sur le d\u00e9veloppement de l\u2019ESS<\/strong> et sur les formes d\u2019inter-coop\u00e9ration qui peuvent \u00eatre davantage encourag\u00e9es.<\/span><\/p>\n<p><span style=\"color: #000000\">Alors que nous <strong>consolidons le r\u00e9seau<\/strong> d\u00e9sormais pr\u00e9sent dans 22 pays cette <strong>Assembl\u00e9e annuelle <\/strong><strong>est <\/strong><strong> tr\u00e8s importante<\/strong>. C\u2019est un moment crucial pour <strong>r\u00e9\u00e9valuer nos fondamentaux,<\/strong> entamer un processus pour une charte europ\u00e9enne renouvel\u00e9e ou un manifeste de l\u2019\u00e9conomie solidaire, <strong>renforcer notre gouvernance et notre r\u00e9seautage, <\/strong>introduire de nouvelles personnes dans la coordination, <strong>r\u00e9orienter notre strat\u00e9gie et nos objectifs pour les prochaines ann\u00e9es<\/strong>, \u00e0 la lumi\u00e8re des nouvelles politiques europ\u00e9ennes, des relations avec les alli\u00e9.e.s et les partenaires,<\/span><\/p>\n<p><span style=\"color: #000000\">L\u2019Assembl\u00e9e g\u00e9n\u00e9rale est un <strong>espace de renforcement de la communaut\u00e9<\/strong>, pour \u00e9changer des connaissances et des exp\u00e9riences et \u00e9tablir des <strong>partenariats crois\u00e9s<\/strong> avec d\u2019autres membres de la communaut\u00e9 RIPESS Europe. C\u2019est pourquoi nous insistons pour le faire en personne et esp\u00e9rons que le plus grand nombre possible de nos membres pourront s\u2019y joindre. Bien entendu, les sessions principales seront \u00e9galement accessibles en ligne.<\/span><\/p>\n<p><span style=\"color: #000000\">Sur cette page, vous trouverez toutes les informations cl\u00e9s pour participer \u00e0 la r\u00e9union de l\u2019Assembl\u00e9e g\u00e9n\u00e9rale.<\/span><\/p>\n<p><span style=\"color: #000000\">Tout d\u2019abord, si vous souhaitez venir \u00e0 l\u2019AG, vous devez vous inscrire ci-dessous:<\/span><\/p>\n<p><span style=\"color: #000000\"><a href='https:\/\/ripess.eu\/en\/eforms\/ga2022-registration-form\/36\/' class='big-button bigred' target=\"_blank\">Inscrivez-vous ici<\/a><\/span><\/p>\n<h2><span style=\"color: #0000ff\">Informations principales sur l\u2019AG 2022<\/span><\/h2>\n<p><span style=\"color: #000000\"><strong>Qui est l\u2019h\u00f4te ? <a href=\"https:\/\/www.fairtrade.org.pl\/about-us\/\" target=\"_blank\" rel=\"noopener\">FairTrade Pologne<\/a><\/strong> !<\/span><\/p>\n<p><span style=\"color: #000000\"><strong>O\u00f9 allons-nous travailler ?<\/strong> \u00c0 <strong><a href=\"http:\/\/new.eko.wroc.pl\/wynajem-sal\/\" target=\"_blank\" rel=\"noopener\">l\u2019Ekocentrum<\/a><\/strong> de Wroclaw. <\/span><\/p>\n<p><span style=\"color: #000000\">Pour<strong> les questions logistiques (d\u00e9placement, h\u00e9bergement, etc.),<\/strong> n\u2019h\u00e9sitez pas \u00e0 contacter : <strong>Marius <\/strong>(ess@fairtrade.org.pl)<\/span><\/p>\n<p><span style=\"color: #000000\">Pour toute autre question, veuillez contacter : info@ripess.eu <\/span><\/p>\n<div class=\"entry\">\n<p>Vous trouverez ici plus d\u2019informations sur :<\/p>\n<ul>\n<li><span style=\"color: #0000ff\"><strong><a style=\"color: #0000ff\" href=\"https:\/\/nextcloud.ripess.eu\/s\/Gi3SqPjjpL5C4r2\" target=\"_blank\" rel=\"noopener\">Programme de l\u2019AG (\u00e9bauche)<\/a><\/strong><\/span><\/li>\n<li><span style=\"color: #0000ff\"><strong><a style=\"color: #0000ff\" href=\"https:\/\/ripess.eu\/fr\/assemblees-generales\/11eme-ag-2022-wroclaw-pologne\/voyager-a-wroclaw\/\" target=\"_blank\" rel=\"noopener\"><em>Comment planifier votre voyage \u00e0 Wroclaw<\/em><\/a><\/strong><\/span><\/li>\n<li><span style=\"color: #0000ff\"><strong><a style=\"color: #0000ff\" href=\"https:\/\/ripess.eu\/fr\/assemblees-generales\/11eme-ag-2022-wroclaw-pologne\/restauration-et-hebergement-a-wroclaw-pologne\/\" target=\"_blank\" rel=\"noopener\"><em>Repas et h\u00e9bergement<\/em><\/a><\/strong><\/span><\/li>\n<li><span style=\"color: #0000ff\"><strong><a style=\"color: #0000ff\" href=\"https:\/\/ripess.eu\/fr\/les-frais-couverts-par-ripess-eu\/\" target=\"_blank\" rel=\"noopener\"><em>Quels sont les frais couverts par RIPESS EUROPE<\/em><\/a><\/strong><\/span><\/li>\n<li><strong><span style=\"color: #0000ff\"><a style=\"color: #0000ff\" href=\"https:\/\/nextcloud.ripess.eu\/s\/5eagkWcmD4WGK9f\" target=\"_blank\" rel=\"noopener\"><em>Infopack participant.e.s (membres et invit\u00e9.e.s)<\/em><\/a><\/span><\/strong><\/li>\n<li><a href=\"https:\/\/nextcloud.ripess.eu\/s\/R7xcCazWDiDqNPB\" target=\"_blank\" rel=\"noopener\"><span style=\"color: #ff0000\"><strong><em>COMPTE RENDU DE L ASSEMBLEE GENERALE <\/em><\/strong><\/span><\/a><\/li>\n<\/ul>\n<h2><span style=\"color: #0000ff\"><strong>PR\u00c9PARATION DE L\u2019ASSEMBL\u00c9E G\u00c9N\u00c9RALE<\/strong><\/span><\/h2>\n<\/div>\n<p><span style=\"color: #000000\">Si vous devez donner un <strong>vote par procuration<\/strong> \u00e0 un autre membre, veuillez <strong>compiler et envoyer <a style=\"color: #000000\" href=\"https:\/\/nextcloud.ripess.eu\/s\/BzQRqyYN2DcYgDA\" target=\"_blank\" rel=\"noopener\">ce formulaire<\/a><\/strong>.<\/span><\/p>\n<p><span style=\"color: #000000\">Veuillez lire attentivement le document\u00a0 <a href=\"https:\/\/nextcloud.ripess.eu\/s\/QmmHGrmHY7Q8NWD\" target=\"_blank\" rel=\"noopener\"><br \/>\n<strong>Renouvellement du CoCo \u2013 Appel aux candidats<\/strong><br \/>\n<\/a><br \/>\n<\/span><\/p>\n<div class=\"entry\">\n<p><span style=\"color: #000000\">\u2013 <a style=\"color: #000000\" href=\"https:\/\/cloud.ripess.eu\/index.php\/s\/xTBcnWm76a65Yy7\"><strong>Document d\u2019orientation strat\u00e9gique 2021-2023<\/strong><br \/>\n<\/a>: ce document a \u00e9t\u00e9 pr\u00e9par\u00e9 par le Comit\u00e9 de coordination et le groupe de travail sur la strat\u00e9gie et a \u00e9t\u00e9 discut\u00e9 et r\u00e9vis\u00e9 lors de l\u2019Assembl\u00e9e g\u00e9n\u00e9rale en septembre 2021.<\/span><\/p>\n<p><span style=\"color: #000000\">\u2013 <strong>Forum pour la pr\u00e9paration de l\u2019Assembl\u00e9e G\u00e9n\u00e9rale<\/strong>: pour aider \u00e0 construire l\u2019AG ensemble, nous avons ouvert une discussion de forum sp\u00e9cifique \u00e0 Framavox <a href='https:\/\/framavox.org\/ripesseu-ga-2022-see-you-in-wroclaw-poland-_-17-to-20-sept22\/' class='small-button smallred' target=\"_blank\">\u00c0 TRAVERS CE LIEN<\/a> Vous devez \u00eatre inscrit.e pour y participer.<\/span><\/p>\n<\/div>\n","protected":false},"excerpt":{"rendered":"<p>A vos agendas : 17 au 20 septembre 2022 ! \n\t\t<style type=\"text\/css\">\n\t\t\t#gallery-2 {\n\t\t\t\tmargin: auto;\n\t\t\t}\n\t\t\t#gallery-2 .gallery-item {\n\t\t\t\tfloat: left;\n\t\t\t\tmargin-top: 10px;\n\t\t\t\ttext-align: center;\n\t\t\t\twidth: 50%;\n\t\t\t}\n\t\t\t#gallery-2 img {\n\t\t\t\tborder: 2px solid #cfcfcf;\n\t\t\t}\n\t\t\t#gallery-2 .gallery-caption {\n\t\t\t\tmargin-left: 0;\n\t\t\t}\n\t\t\t\/* see gallery_shortcode() in wp-includes\/media.php *\/\n\t\t<\/style>\n\t\t<div id='gallery-2' class='gallery galleryid-31559 gallery-columns-2 gallery-size-large'><dl class='gallery-item'>\n\t\t\t<dt class='gallery-icon landscape'>\n\t\t\t\t<a href='https:\/\/ripess.eu\/fr\/11eme-ag-2022-wroclaw-pologne\/voyager-a-wroclaw\/wroclaw_poland_city_view-2\/'><img width=\"640\" height=\"425\" src=\"https:\/\/ripess.eu\/wp-content\/uploads\/sites\/4\/2022\/06\/wroclaw_poland_city_view.jpg\" class=\"attachment-large size-large\" alt=\"\" decoding=\"async\" loading=\"lazy\" \/><\/a>\n\t\t\t<\/dt><\/dl><dl class='gallery-item'>\n\t\t\t<dt class='gallery-icon landscape'>\n\t\t\t\t<a href='https:\/\/ripess.eu\/fr\/11eme-ag-2022-wroclaw-pologne\/voyager-a-wroclaw\/ekocentrum_wroclaw_poland_picture_outside-2-2\/'><img width=\"944\" height=\"651\" src=\"https:\/\/ripess.eu\/wp-content\/uploads\/sites\/4\/2022\/06\/EkoCentrum_Wroclaw_Poland_picture_outside-1.jpg\" class=\"attachment-large size-large\" alt=\"\" decoding=\"async\" loading=\"lazy\" \/><\/a>\n\t\t\t<\/dt><\/dl><br style=\"clear: both\" \/>\n\t\t<\/div>\n Cette ann\u00e9e, l\u2019Assembl\u00e9e g\u00e9n\u00e9rale du r\u00e9seau aura lieu \u00e0 Wroclaw (Pologne), accueillie pour la premi\u00e8re fois [&hellip;]<\/p>\n","protected":false},"author":6,"featured_media":334535,"parent":0,"menu_order":0,"comment_status":"closed","ping_status":"closed","template":"","meta":{"_et_pb_use_builder":"on","_et_pb_old_content":"","_et_gb_content_width":"","footnotes":""},"class_list":["post-31559","page","type-page","status-publish","has-post-thumbnail","hentry"],"_links":{"self":[{"href":"https:\/\/ripess.eu\/fr\/wp-json\/wp\/v2\/pages\/31559","targetHints":{"allow":["GET"]}}],"collection":[{"href":"https:\/\/ripess.eu\/fr\/wp-json\/wp\/v2\/pages"}],"about":[{"href":"https:\/\/ripess.eu\/fr\/wp-json\/wp\/v2\/types\/page"}],"author":[{"embeddable":true,"href":"https:\/\/ripess.eu\/fr\/wp-json\/wp\/v2\/users\/6"}],"replies":[{"embeddable":true,"href":"https:\/\/ripess.eu\/fr\/wp-json\/wp\/v2\/comments?post=31559"}],"version-history":[{"count":0,"href":"https:\/\/ripess.eu\/fr\/wp-json\/wp\/v2\/pages\/31559\/revisions"}],"wp:featuredmedia":[{"embeddable":true,"href":"https:\/\/ripess.eu\/fr\/wp-json\/wp\/v2\/media\/334535"}],"wp:attachment":[{"href":"https:\/\/ripess.eu\/fr\/wp-json\/wp\/v2\/media?parent=31559"}],"curies":[{"name":"wp","href":"https:\/\/api.w.org\/{rel}","templated":true}]}}