{"id":3099,"date":"2017-07-01T09:54:45","date_gmt":"2017-07-01T07:54:45","guid":{"rendered":"http:\/\/www.ripess.eu\/medias-alternatifs-et-ess\/"},"modified":"2017-10-12T11:23:57","modified_gmt":"2017-10-12T09:23:57","slug":"medias-alternatifs-et-ess","status":"publish","type":"page","link":"https:\/\/ripess.eu\/fr\/medias-alternatifs-et-ess\/","title":{"rendered":"Medias alternatifs et ESS"},"content":{"rendered":"<p>Au cours de l&rsquo;UNIVERSSE 2017 &#8211; 4\u00e8me congr\u00e8s de l&rsquo;\u00c9conomie sociale europ\u00e9enne (SSE) \u00e0 Ath\u00e8nes (9-11 juin), a eu lieu la premi\u00e8re rencontre europ\u00e9enne des m\u00e9dias alternatifs, ind\u00e9pendants, coop\u00e9ratifs et de l&rsquo;ESS.\u00a0 Elle a r\u00e9uni des repr\u00e9sentants d&rsquo;une vingtaine d&rsquo;initiatives m\u00e9diatiques de 10 \u00a0pays europ\u00e9ens diff\u00e9rents (de la Gr\u00e8ce au Portugal) et des personnes travaillant dans des organisations et des r\u00e9seaux de l&rsquo;ESS.<\/p>\n<p>L&rsquo;\u00e9change d&rsquo;exp\u00e9riences et de discussions qui a eu lieu a montr\u00e9 que toutes les initiatives des m\u00e9dias participants &#8211; bien que diff\u00e9rentes dans le mod\u00e8le et l&rsquo;approche \u00e9conomique (des m\u00e9dias imprim\u00e9s et en ligne, aux collectifs de journalistes et \u00a0m\u00e9dias militants)- partagent les valeurs promues par l&rsquo;\u00e9conomie solidaire et souhaitent offrir une narration du monde diff\u00e9rente des m\u00e9dias d&rsquo;entreprise. De plus, ils sont en capacit\u00e9 de montrer comment des solutions positives \u00e0 la crise \u00e9conomique, financi\u00e8re et \u00e9cologique, men\u00e9es par des citoyens et des entreprises collectives ou coop\u00e9ratives, sont en train d&rsquo;\u00e9merger partout en Europe et dans le monde.<\/p>\n<p>Les participants ont convenu de travailler sur des collaborations concr\u00e8tes, ayant un int\u00e9r\u00eat commun \u00e0 travailler ensemble pour se renforcer mutuellement, au-del\u00e0 de la dimension locale et nationale, et pour, dans la mesure du possible, mettre en place un r\u00e9seau avec l&rsquo;\u00e9conomie solidaire.<\/p>\n<p>Parmi les formes de collaboration discut\u00e9es, il y avait les \u00e9l\u00e9ments suivants:<\/p>\n<p>&#8211; Trouver des opportunit\u00e9s et des espaces pour se conna\u00eetre (et partager des informations sur la gouvernance, le mode de travail, etc.)<\/p>\n<p>&#8211; Partage de contenu et coproduction [une premi\u00e8re proposition de th\u00e8mes a \u00e9t\u00e9 faite]<\/p>\n<p>&#8211; Le crowdfunding commun et le cofinancement<\/p>\n<p>&#8211; Initiatives de formation par les pairs (\u00e0 partir des webinares)<\/p>\n<p>&#8211; Faire face aux mod\u00e8les et solutions d&rsquo;affaires<\/p>\n<p>&#8211; Education m\u00e9diatique<\/p>\n<p>&#8211; Partenariat avec les r\u00e9seaux ESS et autres \u00e9v\u00e9nements<\/p>\n<p>&#8211; Alliances avec des \u00e9diteurs ind\u00e9pendants<\/p>\n<p>&#8211; Rencontres p\u00e9riodiques pour travailler sur des projets concrets et des collaborations<\/p>\n<p>&#8211; RIPESS Europe sera pr\u00e9sent pour faciliter la mise en r\u00e9seau et la promotion des m\u00e9dias<\/p>\n<p>&#8211; Socioeco.org aura pour mission de regrouper des articles de diff\u00e9rents m\u00e9dias dans la carte des journalistes de solutions<\/p>\n<p>&#8211; Outils de communication et espaces de partage et de coordination (sur une base rotative) \u00a0\u00bb<\/p>\n<p>Ath\u00e8nes, le 11 juillet 2017<\/p>\n<p>Voici la liste <a href=\"https:\/\/europe.ripess.rio20.net\/fr\/medias-alternatifs-et-ess\/participants-du-reseau-des-medias-alternatifs\/\">des organisations et initiatives m\u00e9diatiques qui sont int\u00e9ress\u00e9es par la construction du r\u00e9seau. \u00a0<\/a><\/p>\n","protected":false},"excerpt":{"rendered":"<p>Au cours de l&rsquo;UNIVERSSE 2017 &#8211; 4\u00e8me congr\u00e8s de l&rsquo;\u00c9conomie sociale europ\u00e9enne (SSE) \u00e0 Ath\u00e8nes (9-11 juin), a eu lieu la premi\u00e8re rencontre europ\u00e9enne des m\u00e9dias alternatifs, ind\u00e9pendants, coop\u00e9ratifs et [&hellip;]<\/p>\n","protected":false},"author":1,"featured_media":3091,"parent":0,"menu_order":0,"comment_status":"closed","ping_status":"closed","template":"","meta":{"_et_pb_use_builder":"","_et_pb_old_content":"","_et_gb_content_width":"","footnotes":""},"class_list":["post-3099","page","type-page","status-publish","has-post-thumbnail","hentry"],"_links":{"self":[{"href":"https:\/\/ripess.eu\/fr\/wp-json\/wp\/v2\/pages\/3099","targetHints":{"allow":["GET"]}}],"collection":[{"href":"https:\/\/ripess.eu\/fr\/wp-json\/wp\/v2\/pages"}],"about":[{"href":"https:\/\/ripess.eu\/fr\/wp-json\/wp\/v2\/types\/page"}],"author":[{"embeddable":true,"href":"https:\/\/ripess.eu\/fr\/wp-json\/wp\/v2\/users\/1"}],"replies":[{"embeddable":true,"href":"https:\/\/ripess.eu\/fr\/wp-json\/wp\/v2\/comments?post=3099"}],"version-history":[{"count":0,"href":"https:\/\/ripess.eu\/fr\/wp-json\/wp\/v2\/pages\/3099\/revisions"}],"wp:featuredmedia":[{"embeddable":true,"href":"https:\/\/ripess.eu\/fr\/wp-json\/wp\/v2\/media\/3091"}],"wp:attachment":[{"href":"https:\/\/ripess.eu\/fr\/wp-json\/wp\/v2\/media?parent=3099"}],"curies":[{"name":"wp","href":"https:\/\/api.w.org\/{rel}","templated":true}]}}