{"id":2953,"date":"2017-05-16T15:34:32","date_gmt":"2017-05-16T13:34:32","guid":{"rendered":"http:\/\/www.ripess.eu\/?page_id=2953\/"},"modified":"2017-05-16T15:34:32","modified_gmt":"2017-05-16T13:34:32","slug":"programme-de-la-6eme-assemblee-generale","status":"publish","type":"page","link":"https:\/\/ripess.eu\/fr\/programme-de-la-6eme-assemblee-generale\/","title":{"rendered":"Programme de la 6\u00e8me Assembl\u00e9e G\u00e9n\u00e9rale"},"content":{"rendered":"<p>L\u2019Assembl\u00e9e G\u00e9n\u00e9rale statutaire du RIPESS-Europe se tiendra dans les locaux de la facult\u00e9\u00a0 d\u2019Agriculture de l\u2019Universit\u00e9\u00a0 d\u2019Ath\u00e8nes le 9 juin 2017.<\/p>\n<h3 style=\"text-align: center;\"><strong>\u00a0<\/strong><strong>PROGRAMME<\/strong><\/h3>\n<p>&nbsp;<\/p>\n<h4><strong>Jeudi 8 juin<\/strong><\/h4>\n<p>_____________________________________________________________________________________________________________<\/p>\n<p>16h00\u00a0:\u00a0 R\u00e9union du Comit\u00e9 de Coordination<\/p>\n<p><strong>Rendez-vous\u00a0 \u00e0 19h30<\/strong><\/p>\n<p><strong>LIE<\/strong><strong>U <\/strong><strong>: <\/strong><a href=\"https:\/\/www.google.fr\/maps\/place\/\u039a\u03a1\u0399\u039a\u039f\u03a3\/@37.9652051,23.7150041,20z\/data=!4m8!1m2!2m1!1s+%09+Place\"><strong>Pl. <\/strong><strong>Filopappou, Athens 117 41, Greece<\/strong><\/a><\/p>\n<p><strong>METRO<\/strong> : PETRALONE (M1)\u00a0 OR\u00a0 \u03a3\u03a4.\u03a3\u03a5\u0393\u0393\u03a1\u039f\u03a5-\u03a6\u0399\u039e \/ F. SYNGROU-FIX (M2)<\/p>\n<p><strong>BUS<\/strong> : Filopappou<\/p>\n<p><strong><em>20h00 Diner sous forme de buffet <\/em><\/strong><a href=\"http:\/\/www.kafeneiokrikos.gr\/\"><strong><em>Kafeneiokrikos \/ \u039a\u03b1\u03c6\u03b5\u03bd\u03b5\u03af\u03bf \u039a\u03c1\u03af\u03ba\u03bf\u03c2 <\/em><\/strong><\/a><a href=\"http:\/\/www.kafeneiokrikos.gr\/\"><strong><em>caf\u00e9 <\/em><\/strong><\/a><a href=\"http:\/\/www.kafeneiokrikos.gr\/\"><strong><em>cooperati<\/em><\/strong><\/a><strong><em>f<\/em><\/strong><\/p>\n<ul>\n<li>Pr\u00e9sentation des membres et des nouveaux membres<\/li>\n<li>Temps pour le networking<\/li>\n<\/ul>\n<h4><strong>Vendredi 9 Juin<\/strong><strong><br \/>\n__________________________________________________________________________<\/strong><\/h4>\n<p><strong>Rendez-vous \u00e0 9h \u00e0 l\u2019Auditorium d\u00e9di\u00e9 aux conf\u00e9rences AUA \/<\/strong><strong>\u03a3\u03c5\u03bd\u03b5\u03b4\u03c1\u03b9\u03b1\u03ba\u03cc<\/strong> <strong>\u0391\u03bc\u03c6\u03b9\u03b8\u03ad\u03b1\u03c4\u03c1\u03bf<\/strong> <strong>\u0393\u03a0\u0391<\/strong><\/p>\n<p><strong>LIEU<\/strong> : <a href=\"https:\/\/www.google.fr\/maps\/place\/Iera+Odos+75,+Athina+118+55,+Gr\u00e8ce\/@37.9824116,23.7048676,17z\/data=!3m1!4b1!4m5!3m4!1s0x1\">Iera Odos 75, Athina 118 55, Greece<\/a><\/p>\n<p><strong><br \/>\nMETRO<\/strong> : \u03a3\u03a0\u03a5\u03a1\u039f\u03a5 \u03a0\u0391\u03a4\u03a3\u0397 \/ SPIROU PATSI &#8211; KERAMIKOS (M3)<br \/>\nOU\u00a0 \u03a3\u03a4.\u039c\u0395\u03a4\u0391\u039e\u039f\u03a5\u03a1\u0393\u0395\u0399\u039f\u03a5 \/ F. METAXOYRGEIOY (M2)<br \/>\n<strong>BUS<\/strong>: \u0393\u0395\u03a9\u03a0\u039f\u039d\u0399\u039a\u0397 \u03a3\u03a7\u039f\u039b\u0397: 836, 856, A16<\/p>\n<p>(\u03a4\u0395\u03a1\u039c\u0391) \u0391\u039c\u0391\u039e\/\u03a3\u0399\u039f \u0392\u039f\u03a4\u0391\u039d\u0399\u039a\u039f\u03a5:\u00a0 026<\/p>\n<p><strong>Assembl\u00e9e g\u00e9n\u00e9rale:\u00a0 <\/strong><br \/>\n<em>9h00-10h00: Accueil et enregistrement<\/em><\/p>\n<p><em>10h00-13h30\u00a0: Assembl\u00e9e<\/em><\/p>\n<p>Introduction: Eric LAVILLUNIERE, coordinateur g\u00e9n\u00e9ral<\/p>\n<ul>\n<li>Pr\u00e9sentation du Rapport d&rsquo;activit\u00e9s 2016<\/li>\n<li>Retour des groupes de travail<\/li>\n<li>Discussion sur strat\u00e9gie et le plan d\u2019action 2017-2019<\/li>\n<li>Pr\u00e9sentation et vote pour l&rsquo;adh\u00e9sion de nouveaux membres<\/li>\n<li>Pr\u00e9sentation et validation du Rapport financier 2016 et du budget pr\u00e9visionnel 2017<\/li>\n<li>Elections pour le renouvellement du comit\u00e9 de coordination<\/li>\n<\/ul>\n<p><em>13h30<\/em>\u00a0 Repas<\/p>\n<p><em>14h30-16h30<\/em>\u00a0 Orientation et Strat\u00e9gie\u00a0: d\u00e9bat et perspectives<\/p>\n<p>Il y a deux ans, nous avions opt\u00e9 pour deux objectifs g\u00e9n\u00e9raux:<\/p>\n<ul>\n<li>Le renforcement et l\u2019\u00e9largissement du r\u00e9seau \u00e0 un niveau europ\u00e9en pour un changement syst\u00e9mique des mod\u00e8les socio-\u00e9conomiques actuels<\/li>\n<li>La convergence des forces de changements incarn\u00e9es par de nombreux mouvements qui contribuent \u00e0 la recherche d\u2019une soci\u00e9t\u00e9 d\u00e9mocratique \u00e9quitable et \u0153uvrant pour la pr\u00e9servation de la plan\u00e8te.<\/li>\n<\/ul>\n<p>Durant cette session, sera abord\u00e9e la co-construction d\u2019une perspective partag\u00e9e sur les politiques publiques que nous souhaitons promouvoir \u00e0 toutes les \u00e9chelles\u00a0 ainsi que les priorit\u00e9s strat\u00e9giques des trois prochaines ann\u00e9es\u00a0 bas\u00e9es sur les exp\u00e9riences des r\u00e9seaux membres.<\/p>\n<p><em>16h30<\/em> Cl\u00f4ture<\/p>\n<p>Les membres qui sont repr\u00e9sent\u00e9s par un homme et une femme ont deux votes au total.\u00a0 Les membres ne pouvant pas participer \u00e0 l\u2019AG peuvent se faire repr\u00e9senter par un autre membre par procuration \u00e9crite (une seule voix en ce cas). Le nombre de procuration par porteur est limit\u00e9 \u00e0 1 seul.<\/p>\n","protected":false},"excerpt":{"rendered":"<p>L\u2019Assembl\u00e9e G\u00e9n\u00e9rale statutaire du RIPESS-Europe se tiendra dans les locaux de la facult\u00e9\u00a0 d\u2019Agriculture de l\u2019Universit\u00e9\u00a0 d\u2019Ath\u00e8nes le 9 juin 2017. \u00a0PROGRAMME &nbsp; Jeudi 8 juin _____________________________________________________________________________________________________________ 16h00\u00a0:\u00a0 R\u00e9union du [&hellip;]<\/p>\n","protected":false},"author":7538,"featured_media":0,"parent":0,"menu_order":0,"comment_status":"closed","ping_status":"closed","template":"","meta":{"_et_pb_use_builder":"","_et_pb_old_content":"","_et_gb_content_width":"","footnotes":""},"class_list":["post-2953","page","type-page","status-publish","hentry"],"_links":{"self":[{"href":"https:\/\/ripess.eu\/fr\/wp-json\/wp\/v2\/pages\/2953","targetHints":{"allow":["GET"]}}],"collection":[{"href":"https:\/\/ripess.eu\/fr\/wp-json\/wp\/v2\/pages"}],"about":[{"href":"https:\/\/ripess.eu\/fr\/wp-json\/wp\/v2\/types\/page"}],"author":[{"embeddable":true,"href":"https:\/\/ripess.eu\/fr\/wp-json\/wp\/v2\/users\/7538"}],"replies":[{"embeddable":true,"href":"https:\/\/ripess.eu\/fr\/wp-json\/wp\/v2\/comments?post=2953"}],"version-history":[{"count":0,"href":"https:\/\/ripess.eu\/fr\/wp-json\/wp\/v2\/pages\/2953\/revisions"}],"wp:attachment":[{"href":"https:\/\/ripess.eu\/fr\/wp-json\/wp\/v2\/media?parent=2953"}],"curies":[{"name":"wp","href":"https:\/\/api.w.org\/{rel}","templated":true}]}}