{"id":2908,"date":"2017-05-08T18:27:58","date_gmt":"2017-05-08T16:27:58","guid":{"rendered":"http:\/\/www.ripess.eu\/?page_id=2908\/"},"modified":"2017-10-13T11:09:46","modified_gmt":"2017-10-13T09:09:46","slug":"6eme-assemblee-generale-athenes-2017","status":"publish","type":"page","link":"https:\/\/ripess.eu\/fr\/assemblees-generales\/6eme-assemblee-generale-athenes-2017\/","title":{"rendered":"6\u00e8me Assembl\u00e9e G\u00e9n\u00e9rale &#8211; Ath\u00e8nes 2017"},"content":{"rendered":"<div class=\"entry\">\n<p lang=\"es-AR\" style=\"text-align: left;\" align=\"justify\"><span lang=\"fr-BE\">La sixi\u00e8me <strong>Assembl\u00e9e G\u00e9n\u00e9rale (AG) du <\/strong><\/span><strong><span lang=\"fr-BE\">RIPESS Europe<\/span><\/strong><span lang=\"fr-BE\"><strong>\u00a0&#8211; Solidarity Economy Europe<\/strong> se tiendra le<strong>\u00a0<\/strong><\/span><strong><span lang=\"fr-BE\">9 juin <\/span><span lang=\"fr-BE\">\u00e0 <\/span><\/strong><span lang=\"fr-BE\"><strong>L&rsquo;Universit\u00e9 d&rsquo;Ath\u00e8nes (Facult\u00e9 de Agriculture\u00a0(Ath\u00e8nes, Gr\u00e8ce)<\/strong>, dand le quadre du 4\u00e8me Congres Europ\u00e8en de l&rsquo;Economie Sociale Solidaire, <a href=\"http:\/\/www.universee2017.org\"><strong>UNIVERSSE 2017<\/strong><\/a>.<\/span><span lang=\"fr-BE\">\u00a0Cette AG est l\u2019occasion de faire le point sur l\u2019actualit\u00e9 de chacun de nos membres et d\u2019organiser nos forces pour faire progresser la dynamique de l\u2019Economie Solidaire en Europe.<\/span><\/p>\n<\/div>\n<div class=\"entry\">\n<h5 align=\"center\"><b><br \/>\n<span style=\"color: #993300;\">Vendredi 9 juin 2016 <\/span><\/b><\/h5>\n<h5 align=\"center\"><b>de 9h00 \u00e0 16<\/b><b>h30<\/b><\/h5>\n<\/div>\n<div class=\"entry\"><\/div>\n<p>Le rencontre se\u00a0concentre sur\u00a0le r\u00f4le et les strat\u00e9gies du R\u00e9seau europ\u00e9en \u00e0 6 ans de sa fondation. De nouveaux participants au r\u00e9seau\u00a0sont pr\u00e9vus en provenance de diff\u00e9rents pays europ\u00e9ens, ainsi que\u00a0des invit\u00e9s d&rsquo;autres r\u00e9seaux et organisations.<\/p>\n<div class=\"entry\">Pour participer, vous devez vous <span style=\"text-decoration: underline;\"><strong><a href=\"http:\/\/europe.ripess.rio20.net\/?lang=en\/eforms\/ga2017-registration\/10\/\">enregistrer en ligne ici<\/a><\/strong><\/span>.<\/div>\n<div class=\"entry\"><\/div>\n<div class=\"entry\">Voir ici le\u00a0<span style=\"text-decoration: underline;\"><strong><a href=\"http:\/\/europe.ripess.rio20.net\/?lang=en\/fr\/programme-de-la-6eme-assemblee-generale\/\">Programme de l&rsquo;AG<\/a><\/strong><\/span>\u00a0(ou t\u00e9l\u00e8charger en <strong><a href=\"https:\/\/europe.ripess.rio20.net\/wp-content\/uploads\/sites\/4\/2017\/05\/GA2017-Agenda_assemblee_generale_FR-1.pdf\">pdf<\/a><\/strong>)<\/div>\n<div class=\"entry\"><\/div>\n<p>Voir ici pour info sur <a href=\"https:\/\/universse2017.org\/en\/accomodation-location\/\"><strong>h\u00e9bergements et comment se rendre \u00e0 l&rsquo;Universit\u00e9 d&rsquo;Athenes<\/strong><\/a><\/p>\n<h4 class=\"entry\">Pr\u00e9paration de l&rsquo;Assembl\u00e9e G\u00e9n\u00e9rale<\/h4>\n<div class=\"entry\">Vous pouvez via les liens suivants acc\u00e9der aux documents et forums de pr\u00e9paration de l&rsquo;AG. Pour acc\u00e9der aux forums existants, il faut d\u00e9j\u00e0 \u00eatre membre du RIPESS EU et des forums respectifs (demander \u00e0 info@ripess.eu).<\/div>\n<div class=\"entry\"><\/div>\n<ul>\n<li class=\"entry\">L&rsquo;ordre du jour de l<a href=\"https:\/\/europe.ripess.rio20.net\/wp-content\/uploads\/sites\/4\/2017\/05\/GA2017-Agenda_assemblee_generale_FR-1.pdf\">&lsquo;<strong>Assembl\u00e9e statutaire est ici (pdf)<\/strong><\/a><\/li>\n<li class=\"entry\">Si vous avez besoin de\u00a0<strong>donner une procuration<\/strong> \u00e0 un autre membre, veuillez <strong><a href=\"https:\/\/europe.ripess.rio20.net\/wp-content\/uploads\/sites\/4\/2017\/05\/PROCURATION2017-FR.pdf\">compl\u00e9ter et envoyer ce formulaire<\/a><\/strong> (pdf).<\/li>\n<li class=\"entry\">T\u00e8l\u00e8charger ici le <strong><a href=\"https:\/\/europe.ripess.rio20.net\/wp-content\/uploads\/sites\/4\/2017\/05\/RIPESSEU-rapport-activites-2016_FR.pdf\">Rapport d&rsquo;activit\u00e8s 2016<\/a><\/strong><\/li>\n<li class=\"entry\"><strong><a href=\"https:\/\/europe.ripess.rio20.net\/wp-content\/uploads\/sites\/4\/2017\/05\/RIPESSEU_action_plan_2016-2018.pdf\">Plan d&rsquo;Action 2016-2018<\/a>\u00a0<\/strong>(mis \u00e0 jour en Mai 2017): ce document a \u00e9t\u00e9 r\u00e9dig\u00e9 par le Comit\u00e9 de Coordination de RIPESS EU et discut\u00e9 et r\u00e9vis\u00e9 lors de l\u2019Assembl\u00e9e G\u00e9n\u00e9rale \u00e0 Villarceaux, Juin 2016.<\/li>\n<li>Le <strong><a href=\"https:\/\/europe.ripess.rio20.net\/wp-content\/uploads\/sites\/4\/2017\/05\/RIPESSEU_bilan_et_cr_2016_FR.pdf\">Bilan et cr au 31\/12\/2016<\/a><\/strong><\/li>\n<li class=\"entry\"><strong>Forum de pr\u00e9paration de l&rsquo;Assembl\u00e9e G\u00e9n\u00e9rale<\/strong>: pour aider \u00e0 construire ensemble\u00a0l&rsquo;AG, nous avons ouvert un forum sp\u00e9cifique <span style=\"text-decoration: underline;\"><strong><a href=\"http:\/\/europe.ripess.rio20.net\/?lang=en\/forums\/topic\/athens-2017-preparing-the-general-assembly\/\">\u00e0 cette adresse<\/a><\/strong><\/span>\u00a0(il faut\u00a0\u00eatre inscrit au groupe Membres pour pouvoir participer).<\/li>\n<\/ul>\n<div class=\"entry\"><\/div>\n","protected":false},"excerpt":{"rendered":"<p>La sixi\u00e8me Assembl\u00e9e G\u00e9n\u00e9rale (AG) du RIPESS Europe\u00a0&#8211; Solidarity Economy Europe se tiendra le\u00a09 juin \u00e0 L&rsquo;Universit\u00e9 d&rsquo;Ath\u00e8nes (Facult\u00e9 de Agriculture\u00a0(Ath\u00e8nes, Gr\u00e8ce), dand le quadre du 4\u00e8me Congres Europ\u00e8en de [&hellip;]<\/p>\n","protected":false},"author":1,"featured_media":2959,"parent":532,"menu_order":0,"comment_status":"closed","ping_status":"closed","template":"","meta":{"_et_pb_use_builder":"","_et_pb_old_content":"","_et_gb_content_width":"","footnotes":""},"class_list":["post-2908","page","type-page","status-publish","has-post-thumbnail","hentry"],"_links":{"self":[{"href":"https:\/\/ripess.eu\/fr\/wp-json\/wp\/v2\/pages\/2908","targetHints":{"allow":["GET"]}}],"collection":[{"href":"https:\/\/ripess.eu\/fr\/wp-json\/wp\/v2\/pages"}],"about":[{"href":"https:\/\/ripess.eu\/fr\/wp-json\/wp\/v2\/types\/page"}],"author":[{"embeddable":true,"href":"https:\/\/ripess.eu\/fr\/wp-json\/wp\/v2\/users\/1"}],"replies":[{"embeddable":true,"href":"https:\/\/ripess.eu\/fr\/wp-json\/wp\/v2\/comments?post=2908"}],"version-history":[{"count":0,"href":"https:\/\/ripess.eu\/fr\/wp-json\/wp\/v2\/pages\/2908\/revisions"}],"up":[{"embeddable":true,"href":"https:\/\/ripess.eu\/fr\/wp-json\/wp\/v2\/pages\/532"}],"wp:featuredmedia":[{"embeddable":true,"href":"https:\/\/ripess.eu\/fr\/wp-json\/wp\/v2\/media\/2959"}],"wp:attachment":[{"href":"https:\/\/ripess.eu\/fr\/wp-json\/wp\/v2\/media?parent=2908"}],"curies":[{"name":"wp","href":"https:\/\/api.w.org\/{rel}","templated":true}]}}