{"id":26111,"date":"2021-09-05T11:03:29","date_gmt":"2021-09-05T09:03:29","guid":{"rendered":"https:\/\/ripess.eu\/ag2021-documents-de-reference\/"},"modified":"2021-09-05T11:54:27","modified_gmt":"2021-09-05T10:54:27","slug":"ag2021-documents-de-reference","status":"publish","type":"page","link":"https:\/\/ripess.eu\/fr\/ag2021-documents-de-reference\/","title":{"rendered":"AG2021 Documents de r\u00e9f\u00e9rence"},"content":{"rendered":"<p>Au cours de la r\u00e9union de l&rsquo;Assembl\u00e9e G\u00e9n\u00e9rale, nous pr\u00e9senterons, discuterons et si n\u00e9cessaire validerons, d\u00e9ciderons ou approuverons plusieurs questions concernant les activit\u00e9s pass\u00e9es et futures du r\u00e9seau RIPESS Europe.<\/p>\n<p>Voici les documents de r\u00e9f\u00e9rence (cliquez pour t\u00e9l\u00e9charger le pdf) :<\/p>\n<ul>\n<li><strong><a href=\"https:\/\/cloud.ripess.eu\/index.php\/s\/JJ8Gzn8dTQyqHmx\">Guide du participant \u00e0 l&rsquo;AG 2021<\/a><\/strong><\/li>\n<li><strong><a href=\"https:\/\/cloud.ripess.eu\/index.php\/s\/r5wg6GMbdA7wgTJ\">Bilan d&rsquo;activit\u00e9 2020<\/a><\/strong><\/li>\n<li><strong><a href=\"https:\/\/cloud.ripess.eu\/index.php\/s\/P8Rkw7YWTnd4LJi\">Rapport financier 2020<\/a><\/strong><\/li>\n<li><strong><a href=\"https:\/\/cloud.ripess.eu\/index.php\/s\/STTKsp4rKCTPmdc\">Objectifs strat\u00e9giques du RIPESS Europe 2021-2023<\/a><\/strong><\/li>\n<li><strong><a href=\"https:\/\/cloud.ripess.eu\/index.php\/s\/QAfLkC225a4JwAc\">RIPESS Int. Plan strat\u00e9gique 2021-2023<\/a><\/strong><\/li>\n<\/ul>\n","protected":false},"excerpt":{"rendered":"<p>Au cours de la r\u00e9union de l&rsquo;Assembl\u00e9e G\u00e9n\u00e9rale, nous pr\u00e9senterons, discuterons et si n\u00e9cessaire validerons, d\u00e9ciderons ou approuverons plusieurs questions concernant les activit\u00e9s pass\u00e9es et futures du r\u00e9seau RIPESS Europe. [&hellip;]<\/p>\n","protected":false},"author":4,"featured_media":0,"parent":0,"menu_order":0,"comment_status":"closed","ping_status":"closed","template":"","meta":{"_et_pb_use_builder":"","_et_pb_old_content":"","_et_gb_content_width":"","footnotes":""},"class_list":["post-26111","page","type-page","status-publish","hentry"],"_links":{"self":[{"href":"https:\/\/ripess.eu\/fr\/wp-json\/wp\/v2\/pages\/26111","targetHints":{"allow":["GET"]}}],"collection":[{"href":"https:\/\/ripess.eu\/fr\/wp-json\/wp\/v2\/pages"}],"about":[{"href":"https:\/\/ripess.eu\/fr\/wp-json\/wp\/v2\/types\/page"}],"author":[{"embeddable":true,"href":"https:\/\/ripess.eu\/fr\/wp-json\/wp\/v2\/users\/4"}],"replies":[{"embeddable":true,"href":"https:\/\/ripess.eu\/fr\/wp-json\/wp\/v2\/comments?post=26111"}],"version-history":[{"count":0,"href":"https:\/\/ripess.eu\/fr\/wp-json\/wp\/v2\/pages\/26111\/revisions"}],"wp:attachment":[{"href":"https:\/\/ripess.eu\/fr\/wp-json\/wp\/v2\/media?parent=26111"}],"curies":[{"name":"wp","href":"https:\/\/api.w.org\/{rel}","templated":true}]}}