{"id":25441,"date":"2021-06-15T15:39:49","date_gmt":"2021-06-15T14:39:49","guid":{"rendered":"https:\/\/ripess.eu\/assemblees-generales\/10eme-assemblee-generale-villarceaux-paris-2021\/frais-couverts-par-ripess-eu\/"},"modified":"2021-06-15T15:39:49","modified_gmt":"2021-06-15T14:39:49","slug":"frais-couverts-par-ripess-eu","status":"publish","type":"page","link":"https:\/\/ripess.eu\/fr\/assemblees-generales\/10eme-assemblee-generale-villarceaux-paris-2021\/frais-couverts-par-ripess-eu\/","title":{"rendered":"Frais couverts par Ripess Eu"},"content":{"rendered":"<h2>Co\u00fbt et frais de s\u00e9jour<\/h2>\n<p>Ripess Europe prend en charge la\u00a0<b>globalit\u00e9 des frais d&rsquo;h\u00e9bergement et les repas<\/b>\u00a0&#8211;\u00a0<b>pour le transport, une partie pourra \u00eatre rembours\u00e9e\u00a0<\/b>(\u00e0 hauteur maximale de 150\u20ac). Ceci est une estimation, merci de nous envoyer votre co\u00fbt estim\u00e9 du voyage \u00e0\u00a0<a href=\"mailto:info@ripess.eu\" target=\"_blank\">info@ripess.eu<\/a>\u00a0pour la confirmation de la partie prise en charge par Ripess Eu. Si vous d\u00e9sirez venir \u00e0 deux repr\u00e9sentant(e)s, Ripess Eu ne pourra prendre en charge qu&rsquo;un d\u00e9placement sur les deux.<\/p>\n","protected":false},"excerpt":{"rendered":"<p>Co\u00fbt et frais de s\u00e9jour Ripess Europe prend en charge la\u00a0globalit\u00e9 des frais d&rsquo;h\u00e9bergement et les repas\u00a0&#8211;\u00a0pour le transport, une partie pourra \u00eatre rembours\u00e9e\u00a0(\u00e0 hauteur maximale de 150\u20ac). Ceci est [&hellip;]<\/p>\n","protected":false},"author":6,"featured_media":25311,"parent":25375,"menu_order":0,"comment_status":"closed","ping_status":"closed","template":"","meta":{"_et_pb_use_builder":"","_et_pb_old_content":"","_et_gb_content_width":"","footnotes":""},"class_list":["post-25441","page","type-page","status-publish","has-post-thumbnail","hentry"],"_links":{"self":[{"href":"https:\/\/ripess.eu\/fr\/wp-json\/wp\/v2\/pages\/25441","targetHints":{"allow":["GET"]}}],"collection":[{"href":"https:\/\/ripess.eu\/fr\/wp-json\/wp\/v2\/pages"}],"about":[{"href":"https:\/\/ripess.eu\/fr\/wp-json\/wp\/v2\/types\/page"}],"author":[{"embeddable":true,"href":"https:\/\/ripess.eu\/fr\/wp-json\/wp\/v2\/users\/6"}],"replies":[{"embeddable":true,"href":"https:\/\/ripess.eu\/fr\/wp-json\/wp\/v2\/comments?post=25441"}],"version-history":[{"count":0,"href":"https:\/\/ripess.eu\/fr\/wp-json\/wp\/v2\/pages\/25441\/revisions"}],"up":[{"embeddable":true,"href":"https:\/\/ripess.eu\/fr\/wp-json\/wp\/v2\/pages\/25375"}],"wp:featuredmedia":[{"embeddable":true,"href":"https:\/\/ripess.eu\/fr\/wp-json\/wp\/v2\/media\/25311"}],"wp:attachment":[{"href":"https:\/\/ripess.eu\/fr\/wp-json\/wp\/v2\/media?parent=25441"}],"curies":[{"name":"wp","href":"https:\/\/api.w.org\/{rel}","templated":true}]}}