{"id":25436,"date":"2021-06-15T15:20:02","date_gmt":"2021-06-15T13:20:02","guid":{"rendered":"https:\/\/ripess.eu\/assemblees-generales\/10eme-assemblee-generale-villarceaux-paris-2021\/repas-et-hebergement-et-securite-sanitaire\/"},"modified":"2023-06-07T12:25:21","modified_gmt":"2023-06-07T10:25:21","slug":"repas-et-hebergement","status":"publish","type":"page","link":"https:\/\/ripess.eu\/fr\/assemblees-generales\/10eme-assemblee-generale-villarceaux-paris-2021\/repas-et-hebergement\/","title":{"rendered":"Repas et h\u00e9bergement"},"content":{"rendered":"<h3 style=\"text-align: center\">Votre s\u00e9jour \u00e0 la bergerie de Villarceaux<\/h3>\n<p>L&rsquo;ancienne ferme du domaine a \u00e9t\u00e9 r\u00e9cemment r\u00e9am\u00e9nag\u00e9e pour la mettre en conformit\u00e9 avec les normes environnementales et durables : utilisation de mat\u00e9riaux isolants naturels, chauffage au bois, panneaux solaires, r\u00e9cup\u00e9ration des eaux de pluie, \u00e9puration naturelle par lagunage, etc.<\/p>\n<p><img loading=\"lazy\" decoding=\"async\" width=\"520\" height=\"286\" class=\"size-full wp-image-25384 aligncenter\" src=\"http:\/\/ripess.eu\/wp-content\/uploads\/sites\/4\/2021\/06\/oecocentr-villarceaux.jpg\" alt=\"\" \/><\/p>\n<p>L&rsquo;Ecocentre de la Bergerie comprend des g\u00eetes ruraux, des g\u00eetes de groupe, des salles de r\u00e9union et de formation pouvant accueillir de 16 \u00e0 110 personnes, et un restaurant bio.<\/p>\n<ul>\n<li><strong>Les membres et les invit\u00e9(e)s de Ripess Eu seront 2 par chambre avec une salle de bain commune par chambre : plus de d\u00e9tails sur les types de chambres (g\u00eete, chambre double, etc) seront ajout\u00e9s ici d\u00e8s que nous aurons le nombre d\u00e9finitif d&rsquo;invit\u00e9s.<\/strong><\/li>\n<\/ul>\n<p>&nbsp;<\/p>\n<p>&nbsp;<\/p>\n<p><strong>Nourriture<\/strong><\/p>\n<p>Les repas seront pr\u00e9par\u00e9s par le chef de la Bergerie qui pr\u00e9parera des menus \u00e0 base de produits biologiques et frais, avec une tendance v\u00e9g\u00e9tarienne.<br \/>\nLes repas sont en pension compl\u00e8te (petit-d\u00e9jeuner, d\u00e9jeuner, d\u00eener) et sont enti\u00e8rement pris en charge par Ripess eu. Faites-nous part de vos besoins alimentaires lors de votre <strong><span style=\"color: #0000ff\"><a style=\"color: #0000ff\" href=\"https:\/\/ripess.eu\/en\/eforms\/ga2023-registration-form-villarceaux\/42\/\" target=\"_blank\" rel=\"noopener\">inscription<\/a><\/span><\/strong>.<\/p>\n","protected":false},"excerpt":{"rendered":"<p>Votre s\u00e9jour \u00e0 la bergerie de Villarceaux L&rsquo;ancienne ferme du domaine a \u00e9t\u00e9 r\u00e9cemment r\u00e9am\u00e9nag\u00e9e pour la mettre en conformit\u00e9 avec les normes environnementales et durables : utilisation de mat\u00e9riaux [&hellip;]<\/p>\n","protected":false},"author":6,"featured_media":25311,"parent":25375,"menu_order":0,"comment_status":"closed","ping_status":"closed","template":"","meta":{"_et_pb_use_builder":"","_et_pb_old_content":"","_et_gb_content_width":"","footnotes":""},"class_list":["post-25436","page","type-page","status-publish","has-post-thumbnail","hentry"],"_links":{"self":[{"href":"https:\/\/ripess.eu\/fr\/wp-json\/wp\/v2\/pages\/25436","targetHints":{"allow":["GET"]}}],"collection":[{"href":"https:\/\/ripess.eu\/fr\/wp-json\/wp\/v2\/pages"}],"about":[{"href":"https:\/\/ripess.eu\/fr\/wp-json\/wp\/v2\/types\/page"}],"author":[{"embeddable":true,"href":"https:\/\/ripess.eu\/fr\/wp-json\/wp\/v2\/users\/6"}],"replies":[{"embeddable":true,"href":"https:\/\/ripess.eu\/fr\/wp-json\/wp\/v2\/comments?post=25436"}],"version-history":[{"count":0,"href":"https:\/\/ripess.eu\/fr\/wp-json\/wp\/v2\/pages\/25436\/revisions"}],"up":[{"embeddable":true,"href":"https:\/\/ripess.eu\/fr\/wp-json\/wp\/v2\/pages\/25375"}],"wp:featuredmedia":[{"embeddable":true,"href":"https:\/\/ripess.eu\/fr\/wp-json\/wp\/v2\/media\/25311"}],"wp:attachment":[{"href":"https:\/\/ripess.eu\/fr\/wp-json\/wp\/v2\/media?parent=25436"}],"curies":[{"name":"wp","href":"https:\/\/api.w.org\/{rel}","templated":true}]}}