{"id":25429,"date":"2021-06-15T15:07:24","date_gmt":"2021-06-15T13:07:24","guid":{"rendered":"https:\/\/ripess.eu\/assemblees-generales\/10eme-assemblee-generale-villarceaux-paris-2021\/comment-se-rendre-a-la-bergerie\/"},"modified":"2023-06-07T12:23:44","modified_gmt":"2023-06-07T10:23:44","slug":"comment-se-rendre-a-la-bergerie","status":"publish","type":"page","link":"https:\/\/ripess.eu\/fr\/assemblees-generales\/10eme-assemblee-generale-villarceaux-paris-2021\/comment-se-rendre-a-la-bergerie\/","title":{"rendered":"Comment se rendre \u00e0 La Bergerie"},"content":{"rendered":"<p>La Bergerie de Villarceaux est situ\u00e9e dans le parc naturel r\u00e9gional du Vexin Fran\u00e7ais dans un cadre rural. Elle est situ\u00e9e \u00e0 Chaussy, commune du Val d&rsquo;Oise (code postal &#8211; 95710). Il n&rsquo;y a pas de nom de rue puisque l&rsquo;ensemble du lieu s&rsquo;appelle \u00ab\u00a0la Bergerie\u00a0\u00bb. Le GPS reconna\u00eet g\u00e9n\u00e9ralement l&#8217;emplacement \u00ab\u00a0<strong>La Bergerie &#8211; 95710 Chaussy<\/strong>\u00ab\u00a0.<\/p>\n<p>La <strong>Bergerie de Villarceaux<\/strong> regroupe des organismes sociaux et \u00e9conomiques \u0153uvrant pour le d\u00e9veloppement durable de Villarceaux. Le territoire de la Bergerie (400 hectares) et son paysage ont \u00e9t\u00e9 convertis \u00e0 l&rsquo;agriculture biologique au d\u00e9but du 21\u00e8me si\u00e8cle. L&rsquo;objectif des transitions \u00e9tait d&rsquo;exp\u00e9rimenter un syst\u00e8me d&rsquo;exploitation plus autonome, bas\u00e9 sur une meilleure compl\u00e9mentarit\u00e9 entre \u00e9levage et culture.<\/p>\n<p style=\"text-align: center\"><a href=\"https:\/\/www.bergerie-villarceaux.org\/\" target=\"_blank\" rel=\"noopener\"><strong><span style=\"color: #0000ff\">_ Vous trouverez plus d&rsquo;informations ICI _<\/span><\/strong><\/a><\/p>\n<p><strong><img loading=\"lazy\" decoding=\"async\" width=\"500\" height=\"338\" class=\"size-full wp-image-25430 aligncenter\" src=\"http:\/\/ripess.eu\/wp-content\/uploads\/sites\/4\/2021\/06\/plan-acces-bergerie.jpg\" alt=\"\" \/>Depuis les a\u00e9roports<\/strong><\/p>\n<p>Depuis <strong><a href=\"https:\/\/www.aeroportparisbeauvais.com\/passagers\/\" target=\"_blank\" rel=\"noopener\">l&rsquo;a\u00e9roport de Beauvais<\/a><\/strong>, il existe une navette vers Paris-Porte Maillot. Ensuite, \u00e0 Paris, il faut prendre le RER A jusqu&rsquo;au dernier arr\u00eat de la ligne \u00ab\u00a0<strong>Cergy le Haut<\/strong>\u00ab\u00a0. De l\u00e0, vous pouvez prendre la navette (l&rsquo;horaire exact sera communiqu\u00e9 prochainement) ou un taxi.<\/p>\n<p>Depuis les a\u00e9roports de <strong><a href=\"https:\/\/www.parisaeroport.fr\/passagers\/acces\/paris-charles-de-gaulle?&amp;xtor=SEC-4-GOO-%5BRoissy_Exact%5D-%5Bsearch_classique%5D-S-%5Baeroport%20de%20roissy%5D&amp;gclid=CjwKCAjwn6GGBhADEiwAruUcKmda-Etr2YqFYRGwGKk5kD81aOz4wrUkIArpKYDz4dG8NH4p94rbDBoC3pUQAvD_BwE&amp;gclsrc=aw.ds\" target=\"_blank\" rel=\"noopener\">Roissy CDG<\/a><\/strong> et d&rsquo;<strong><a href=\"https:\/\/www.parisaeroport.fr\/orly\" target=\"_blank\" rel=\"noopener\">Orly,<\/a><\/strong> vous avez le syst\u00e8me de bus des grandes lignes SNCF de Paris ou le <strong><a href=\"https:\/\/www.ratp.fr\/plans-lignes\/rer\/b\" target=\"_blank\" rel=\"noopener\">RER B<\/a><\/strong>. Vous pouvez changer au centre de Paris pour prendre le RER A, jusqu&rsquo;au dernier arr\u00eat de la ligne \u00ab\u00a0<strong>Cergy le Haut<\/strong>\u00ab\u00a0. De l\u00e0, vous pouvez prendre la navette (l&rsquo;horaire exact sera communiqu\u00e9 prochainement) ou un taxi.<\/p>\n<p><strong>Depuis les gares<\/strong><\/p>\n<p>Vous pouvez prendre le RER A depuis la Gare de Lyon, ou depuis les <a href=\"https:\/\/www.ratp.fr\/itineraires#no-back\" target=\"_blank\" rel=\"noopener\">autres stations de m\u00e9tro du centre-ville.<\/a><\/p>\n<p><strong>RER A vers Cergy le Haut<\/strong><\/p>\n<p>Voici les informations sur le <a href=\"https:\/\/www.horaires-de-trains.fr\/horaires_rera-Cergy_le_Haut-.html\" target=\"_blank\" rel=\"noopener\">RER A<\/a> et le plan du <a href=\"https:\/\/www.ratp.fr\/en\/plans-lignes\/rer\/a\" target=\"_blank\" rel=\"noopener\">RER A<\/a>. Le trajet entre le centre-ville de Paris (Chatelet-Les Halles) et Cergy le Haut dure environ 45 minutes. De Cergy \u00e0 La Bergerie, il faut encore 20\/30 minutes.<\/p>\n<p><strong>TAXI<\/strong><\/p>\n<p>Vous pouvez appeler Pascal Caron &#8211; taxi \u00e0 Chaussy 06 09 37 36 35 (<a href=\"https:\/\/ripess.eu\/wp-content\/uploads\/sites\/4\/2016\/06\/Tarifs-2015-Chaussy-Taxi-M.-Pascal-CARON.pdf\" target=\"_blank\" rel=\"noopener\">Tarifs<\/a> &#8211; Chaussy Taxi &#8211; M. Pascal CARON &#8211; nous attendons une version actualis\u00e9e)<\/p>\n","protected":false},"excerpt":{"rendered":"<p>La Bergerie de Villarceaux est situ\u00e9e dans le parc naturel r\u00e9gional du Vexin Fran\u00e7ais dans un cadre rural. Elle est situ\u00e9e \u00e0 Chaussy, commune du Val d&rsquo;Oise (code postal &#8211; [&hellip;]<\/p>\n","protected":false},"author":6,"featured_media":25311,"parent":25375,"menu_order":0,"comment_status":"closed","ping_status":"closed","template":"","meta":{"_et_pb_use_builder":"","_et_pb_old_content":"","_et_gb_content_width":"","footnotes":""},"class_list":["post-25429","page","type-page","status-publish","has-post-thumbnail","hentry"],"_links":{"self":[{"href":"https:\/\/ripess.eu\/fr\/wp-json\/wp\/v2\/pages\/25429","targetHints":{"allow":["GET"]}}],"collection":[{"href":"https:\/\/ripess.eu\/fr\/wp-json\/wp\/v2\/pages"}],"about":[{"href":"https:\/\/ripess.eu\/fr\/wp-json\/wp\/v2\/types\/page"}],"author":[{"embeddable":true,"href":"https:\/\/ripess.eu\/fr\/wp-json\/wp\/v2\/users\/6"}],"replies":[{"embeddable":true,"href":"https:\/\/ripess.eu\/fr\/wp-json\/wp\/v2\/comments?post=25429"}],"version-history":[{"count":0,"href":"https:\/\/ripess.eu\/fr\/wp-json\/wp\/v2\/pages\/25429\/revisions"}],"up":[{"embeddable":true,"href":"https:\/\/ripess.eu\/fr\/wp-json\/wp\/v2\/pages\/25375"}],"wp:featuredmedia":[{"embeddable":true,"href":"https:\/\/ripess.eu\/fr\/wp-json\/wp\/v2\/media\/25311"}],"wp:attachment":[{"href":"https:\/\/ripess.eu\/fr\/wp-json\/wp\/v2\/media?parent=25429"}],"curies":[{"name":"wp","href":"https:\/\/api.w.org\/{rel}","templated":true}]}}