{"id":22541,"date":"2021-02-23T11:27:30","date_gmt":"2021-02-23T10:27:30","guid":{"rendered":"https:\/\/ripess.eu\/?page_id=22541"},"modified":"2021-03-31T10:00:28","modified_gmt":"2021-03-31T09:00:28","slug":"tourisme-solidaire-des-synergies-pour-une-mobilite-responsable-menee-par-les-jeunes","status":"publish","type":"page","link":"https:\/\/ripess.eu\/fr\/tourisme-solidaire-des-synergies-pour-une-mobilite-responsable-menee-par-les-jeunes\/","title":{"rendered":"Tourisme solidaire : des synergies pour une mobilit\u00e9 responsable men\u00e9e par les jeunes"},"content":{"rendered":"<p><strong>Le tourisme solidaire est un projet Erasmus qui vise \u00e0 construire d&rsquo;autres formes de mobilit\u00e9, en particulier, chez les jeunes.<\/strong><\/p>\n<p>Au cours des derni\u00e8res d\u00e9cennies, les politiques europ\u00e9ennes ont r\u00e9ussi \u00e0 accro\u00eetre la coh\u00e9sion entre les pays de l&rsquo;UE, tandis que les asym\u00e9tries internes sont de plus en plus \u00e9videntes. Les jeunes sont au centre du processus : globalement, leurs choix en mati\u00e8re de mobilit\u00e9 se traduisent par un ph\u00e9nom\u00e8ne connu sous le nom de \u00ab\u00a0fuite des cerveaux\u00a0\u00bb, en raison de l&rsquo;attractivit\u00e9 des zones urbaines\/m\u00e9tropolitaines par rapport aux zones int\u00e9rieures en termes d&rsquo;acc\u00e8s aux services, de qualit\u00e9 de vie et d&rsquo;opportunit\u00e9s d&#8217;emploi.<\/p>\n<p>Notre objectif est de <strong>r\u00e9imaginer la mobilit\u00e9 pour passer d&rsquo;une fuite des cerveaux \u00e0 une exp\u00e9rience de connexion et d&rsquo;\u00e9change<\/strong>, en promouvant la valeur de la solidarit\u00e9 comme moteur de nos actions et en favorisant le passage de l&rsquo;individualisme \u00e0 la coop\u00e9ration. La solution que nous proposons est le tourisme solidaire (TS), capable de fusionner l&rsquo;attrait exp\u00e9rientiel de la mobilit\u00e9 avec la responsabilit\u00e9 int\u00e9rieure envers notre foyer commun, o\u00f9 personne n&rsquo;est laiss\u00e9 pour compte.<\/p>\n<p>&nbsp;<\/p>\n<p><strong>OBJECTIF :<\/strong><\/p>\n<p>L&rsquo;objectif principal est de contribuer \u00e0 la <strong>cr\u00e9ation de synergies et \u00e0 l&rsquo;\u00e9change de bonnes pratiques dans le domaine de la jeunesse<\/strong> afin de promouvoir les possibilit\u00e9s d&rsquo;initiatives responsables des jeunes dans les zones \u00e0 faible densit\u00e9.<\/p>\n<ul>\n<li>Promotion des valeurs de l&rsquo;UE, de l&rsquo;engagement civique et du sens de l&rsquo;initiative<\/li>\n<li>Promotion de l&rsquo;Agenda 2030<\/li>\n<li>Promotion de la participation active des jeunes<br \/>\nEngager, connecter et responsabiliser<\/li>\n<li>Promotion des opportunit\u00e9s dans les zones \u00e0 faible densit\u00e9 (politique de coh\u00e9sion)<\/li>\n<\/ul>\n<p><strong>PARTENAIRES :<\/strong><\/p>\n<p><a href=\"https:\/\/www.animar-dl.pt\/\">ANIMAR Associa\u00e7ao Portuguesa para o Desenvolvimiento Local<\/a><\/p>\n<p><a href=\"https:\/\/www.tourismesolidaire.org\/reseau-ates\/qui-sommes-nous\">ATES association tourisme \u00e9quitable solidaire<\/a><\/p>\n<p><a href=\"http:\/\/www.coopnazareth.net\/\">Societ\u00e0 Cooperativa Sociale Nazareth<\/a><\/p>\n<p><a href=\"http:\/\/www.koanconsulting.com\/\">KOAN Consulting S.L.<\/a><\/p>\n<p><a href=\"http:\/\/www.ripess.org\/reseaux-continentaux\/europe\/\">RIPESS EU (R\u00e9seau europ\u00e9en de l&rsquo;\u00e9conomie sociale et solidaire)<\/a><\/p>\n","protected":false},"excerpt":{"rendered":"<p>Le tourisme solidaire est un projet Erasmus qui vise \u00e0 construire d&rsquo;autres formes de mobilit\u00e9, en particulier, chez les jeunes. Au cours des derni\u00e8res d\u00e9cennies, les politiques europ\u00e9ennes ont r\u00e9ussi [&hellip;]<\/p>\n","protected":false},"author":4,"featured_media":22552,"parent":0,"menu_order":0,"comment_status":"closed","ping_status":"closed","template":"","meta":{"_et_pb_use_builder":"on","_et_pb_old_content":"<strong>Le tourisme solidaire est un projet Erasmus qui vise \u00e0 construire d'autres formes de mobilit\u00e9, en particulier, chez les jeunes.<\/strong>\r\n\r\nAu cours des derni\u00e8res d\u00e9cennies, les politiques europ\u00e9ennes ont r\u00e9ussi \u00e0 accro\u00eetre la coh\u00e9sion entre les pays de l'UE, tandis que les asym\u00e9tries internes sont de plus en plus \u00e9videntes. Les jeunes sont au centre du processus : globalement, leurs choix en mati\u00e8re de mobilit\u00e9 se traduisent par un ph\u00e9nom\u00e8ne connu sous le nom de \"fuite des cerveaux\", en raison de l'attractivit\u00e9 des zones urbaines\/m\u00e9tropolitaines par rapport aux zones int\u00e9rieures en termes d'acc\u00e8s aux services, de qualit\u00e9 de vie et d'opportunit\u00e9s d'emploi.\r\n\r\nNotre objectif est de <strong>r\u00e9imaginer la mobilit\u00e9 pour passer d'une fuite des cerveaux \u00e0 une exp\u00e9rience de connexion et d'\u00e9change<\/strong>, en promouvant la valeur de la solidarit\u00e9 comme moteur de nos actions et en favorisant le passage de l'individualisme \u00e0 la coop\u00e9ration. La solution que nous proposons est le tourisme solidaire (TS), capable de fusionner l'attrait exp\u00e9rientiel de la mobilit\u00e9 avec la responsabilit\u00e9 int\u00e9rieure envers notre foyer commun, o\u00f9 personne n'est laiss\u00e9 pour compte.\r\n\r\n&nbsp;\r\n\r\n<strong>OBJECTIF :<\/strong>\r\n\r\nL'objectif principal est de contribuer \u00e0 la <strong>cr\u00e9ation de synergies et \u00e0 l'\u00e9change de bonnes pratiques dans le domaine de la jeunesse<\/strong> afin de promouvoir les possibilit\u00e9s d'initiatives responsables des jeunes dans les zones \u00e0 faible densit\u00e9.\r\n<ul>\r\n \t<li>Promotion des valeurs de l'UE, de l'engagement civique et du sens de l'initiative<\/li>\r\n \t<li>Promotion de l'Agenda 2030<\/li>\r\n \t<li>Promotion de la participation active des jeunes\r\nEngager, connecter et responsabiliser<\/li>\r\n \t<li>Promotion des opportunit\u00e9s dans les zones \u00e0 faible densit\u00e9 (politique de coh\u00e9sion)<\/li>\r\n<\/ul>\r\n<strong>PARTENAIRES :<\/strong>\r\n\r\n<a href=\"https:\/\/www.animar-dl.pt\/\">ANIMAR Associa\u00e7ao Portuguesa para o Desenvolvimiento Local<\/a>\r\n\r\n<a href=\"https:\/\/www.tourismesolidaire.org\/reseau-ates\/qui-sommes-nous\">ATES association tourisme \u00e9quitable solidaire<\/a>\r\n\r\n<a href=\"http:\/\/www.coopnazareth.net\/\">Societ\u00e0 Cooperativa Sociale Nazareth<\/a>\r\n\r\n<a href=\"http:\/\/www.koanconsulting.com\/\">KOAN Consulting S.L.<\/a>\r\n\r\n<a href=\"http:\/\/www.ripess.org\/reseaux-continentaux\/europe\/\">RIPESS EU (R\u00e9seau europ\u00e9en de l'\u00e9conomie sociale et solidaire)<\/a>","_et_gb_content_width":"","footnotes":""},"class_list":["post-22541","page","type-page","status-publish","has-post-thumbnail","hentry"],"_links":{"self":[{"href":"https:\/\/ripess.eu\/fr\/wp-json\/wp\/v2\/pages\/22541","targetHints":{"allow":["GET"]}}],"collection":[{"href":"https:\/\/ripess.eu\/fr\/wp-json\/wp\/v2\/pages"}],"about":[{"href":"https:\/\/ripess.eu\/fr\/wp-json\/wp\/v2\/types\/page"}],"author":[{"embeddable":true,"href":"https:\/\/ripess.eu\/fr\/wp-json\/wp\/v2\/users\/4"}],"replies":[{"embeddable":true,"href":"https:\/\/ripess.eu\/fr\/wp-json\/wp\/v2\/comments?post=22541"}],"version-history":[{"count":0,"href":"https:\/\/ripess.eu\/fr\/wp-json\/wp\/v2\/pages\/22541\/revisions"}],"wp:featuredmedia":[{"embeddable":true,"href":"https:\/\/ripess.eu\/fr\/wp-json\/wp\/v2\/media\/22552"}],"wp:attachment":[{"href":"https:\/\/ripess.eu\/fr\/wp-json\/wp\/v2\/media?parent=22541"}],"curies":[{"name":"wp","href":"https:\/\/api.w.org\/{rel}","templated":true}]}}